{"id":6145,"date":"2024-10-30T13:48:37","date_gmt":"2024-10-30T13:48:37","guid":{"rendered":"https:\/\/easytable.com\/allmanna-villkor-och-bestammelser\/"},"modified":"2024-10-30T15:27:48","modified_gmt":"2024-10-30T15:27:48","slug":"allmanna-villkor-och-bestammelser","status":"publish","type":"page","link":"https:\/\/easytable.com\/sv\/allmanna-villkor-och-bestammelser\/","title":{"rendered":"Allm\u00e4nna villkor och best\u00e4mmelser"},"content":{"rendered":"\t\t<div data-elementor-type=\"wp-page\" data-elementor-id=\"6145\" class=\"elementor elementor-6145 elementor-6101\" data-elementor-post-type=\"page\">\n\t\t\t\t<div class=\"elementor-element elementor-element-22a02c1 e-flex e-con-boxed e-con e-parent\" data-id=\"22a02c1\" data-element_type=\"container\" data-e-type=\"container\">\n\t\t\t\t\t<div class=\"e-con-inner\">\n\t\t\t\t<div class=\"elementor-element elementor-element-2661661 elementor-widget elementor-widget-heading\" data-id=\"2661661\" data-element_type=\"widget\" data-e-type=\"widget\" data-widget_type=\"heading.default\">\n\t\t\t\t<div class=\"elementor-widget-container\">\n\t\t\t\t\t<h2 class=\"elementor-heading-title elementor-size-default\">Allm\u00e4nna villkor och best\u00e4mmelser<\/h2>\t\t\t\t<\/div>\n\t\t\t\t<\/div>\n\t\t\t\t<div class=\"elementor-element elementor-element-61cff11 elementor-widget elementor-widget-text-editor\" data-id=\"61cff11\" data-element_type=\"widget\" data-e-type=\"widget\" data-widget_type=\"text-editor.default\">\n\t\t\t\t<div class=\"elementor-widget-container\">\n\t\t\t\t\t\t\t\t\t<p>Version 3.0 (2024-10-30)<\/p>\n<p>Om du har n\u00e5gra fr\u00e5gor ang\u00e5ende villkoren nedan, v\u00e4nligen kontakta oss p\u00e5 <a style=\"color: #bf2b1f; text-decoration: underline;\" href=\"mailto:info@easytable.com\">info@easytable.com.<\/a><\/p>\n\t\t\t\t\t\t\t\t<\/div>\n\t\t\t\t<\/div>\n\t\t\t\t<div class=\"elementor-element elementor-element-de0c8fb elementor-widget elementor-widget-heading\" data-id=\"de0c8fb\" data-element_type=\"widget\" data-e-type=\"widget\" data-widget_type=\"heading.default\">\n\t\t\t\t<div class=\"elementor-widget-container\">\n\t\t\t\t\t<h3 class=\"elementor-heading-title elementor-size-default\">1. Teckning av abonnemang<\/h3>\t\t\t\t<\/div>\n\t\t\t\t<\/div>\n\t\t\t\t<div class=\"elementor-element elementor-element-e7246dc elementor-widget elementor-widget-text-editor\" data-id=\"e7246dc\" data-element_type=\"widget\" data-e-type=\"widget\" data-widget_type=\"text-editor.default\">\n\t\t\t\t<div class=\"elementor-widget-container\">\n\t\t\t\t\t\t\t\t\t<ol>\n<li>easyTableBooking ApS (nedan kallat ETB) \u00e4r ett f\u00f6retag som erbjuder &#8221;easyTable&#8221; till andra f\u00f6retag (nedan kallat Kunden), vilket \u00e4r ett abonnemangsbaserat system f\u00f6r hantering av onlinebokningar.<\/li>\n<li>Efter den kostnadsfria testperioden kan prenumerationen f\u00f6rl\u00e4ngas genom att slutf\u00f6ra steg 1, 2 och 3 i easyTable under &#8221;Inst\u00e4llningar&#8221; &gt; &#8221;Abonnemang&#8221;.<\/li>\n<li>Prenumerationen f\u00f6rnyas automatiskt i slutet av den aktuella perioden om den inte har sagts upp i f\u00f6rv\u00e4g.<\/li>\n<li>Om dessa Allm\u00e4nna Villkor \u00e4ndras kommer Kunden att informeras om detta p\u00e5 den e-postadress som anges under &#8221;Inst\u00e4llningar&#8221; &gt; &#8221;Generellt&#8221;.<\/li>\n<li>Priserna \u00e4r alltid de som anges p\u00e5 www.easytable.com.<\/li>\n<li>Kreditkortsinformation och betalningar hanteras av Stripe.com.<\/li>\n<li>Fakturor kommer att skickas via e-post. Det \u00e4r Kundens ansvar att se till att e-postadressen \u00e4r funktionell och korrekt angiven under &#8221;Inst\u00e4llningar&#8221; &gt; &#8221;Abonnemang&#8221; &gt; &#8221;Faktureringsinformation&#8221;. <\/li>\n<li>Om Kunden har en upps\u00e4gningstid f\u00f6r motsvarande bokningssystem vid byte till easyTable, \u00e4r Kunden befriad fr\u00e5n att betala abonnemangsavgift till ETB under denna period. F\u00f6r att dra nytta av detta m\u00e5ste Kunden omedelbart s\u00e4ga upp sitt befintliga abonnemang om det inte redan har sagts upp, och senast 7 dagar f\u00f6re utg\u00e5ngen av sin kostnadsfria provperiod hos ETB m\u00e5ste Kunden \n<ol>\n<li>Fyll i steg 1, 2 och 3 i easyTable under &#8221;Inst\u00e4llningar&#8221; &gt; &#8221;Abonnemang&#8221;.<\/li>\n<li>Skicka dokumentation till&nbsp;<a style=\"color: #bf2b1f; text-decoration: underline;\" href=\"mailto:info@easytable.com\">info@easytable.com<\/a> bekr\u00e4ftar sin skyldighet att betala f\u00f6r det befintliga bokningssystemet och anger slutdatum f\u00f6r bindningstiden. ETB avg\u00f6r om dokumentationen \u00e4r giltig och tillr\u00e4cklig. <\/li>\n<\/ol>\n<\/li>\n<\/ol>\t\t\t\t\t\t\t\t<\/div>\n\t\t\t\t<\/div>\n\t\t\t\t<div class=\"elementor-element elementor-element-abcb069 elementor-widget elementor-widget-heading\" data-id=\"abcb069\" data-element_type=\"widget\" data-e-type=\"widget\" data-widget_type=\"heading.default\">\n\t\t\t\t<div class=\"elementor-widget-container\">\n\t\t\t\t\t<h3 class=\"elementor-heading-title elementor-size-default\">2. SMS p\u00e5fyllning<\/h3>\t\t\t\t<\/div>\n\t\t\t\t<\/div>\n\t\t\t\t<div class=\"elementor-element elementor-element-cbfcfb2 elementor-widget elementor-widget-text-editor\" data-id=\"cbfcfb2\" data-element_type=\"widget\" data-e-type=\"widget\" data-widget_type=\"text-editor.default\">\n\t\t\t\t<div class=\"elementor-widget-container\">\n\t\t\t\t\t\t\t\t\t<ol>\n<li>P\u00e5fyllning av SMS-saldot sker med hj\u00e4lp av det tilldelade kreditkortet.<\/li>\n<li>Manuell eller automatisk p\u00e5fyllning kan g\u00f6ras innan saldot n\u00e5r noll.<\/li>\n<li>SMS-aviseringar skickas endast om det finns tillr\u00e4ckligt med SMS-saldo.<\/li>\n<\/ol>\n\t\t\t\t\t\t\t\t<\/div>\n\t\t\t\t<\/div>\n\t\t\t\t<div class=\"elementor-element elementor-element-2ad85a4 elementor-widget elementor-widget-heading\" data-id=\"2ad85a4\" data-element_type=\"widget\" data-e-type=\"widget\" data-widget_type=\"heading.default\">\n\t\t\t\t<div class=\"elementor-widget-container\">\n\t\t\t\t\t<h3 class=\"elementor-heading-title elementor-size-default\">3. F\u00f6rskottsbetalningar<\/h3>\t\t\t\t<\/div>\n\t\t\t\t<\/div>\n\t\t\t\t<div class=\"elementor-element elementor-element-60c419b elementor-widget elementor-widget-text-editor\" data-id=\"60c419b\" data-element_type=\"widget\" data-e-type=\"widget\" data-widget_type=\"text-editor.default\">\n\t\t\t\t<div class=\"elementor-widget-container\">\n\t\t\t\t\t\t\t\t\t<ol>\n<li>ETB agerar som mellanhand f\u00f6r inl\u00f6senavtal i samband med f\u00f6rskottsbetalningar. Detta inneb\u00e4r att ETB tillhandah\u00e5ller en plattform d\u00e4r kunden kan hantera sina f\u00f6rskottsbetalningar och bokningar, medan betalningarna hanteras genom kundens eget inl\u00f6senavtal. <\/li>\n<li>En serviceavgift p\u00e5 1,6% tas ut p\u00e5 alla f\u00f6rskottsbetalningar.<\/li>\n<li>Det \u00e4r Kundens ansvar att s\u00e4kerst\u00e4lla att alla f\u00f6rskottsbetalningar \u00e4r korrekt genomf\u00f6rda och att de har mottagit betalning fr\u00e5n sina g\u00e4ster innan g\u00e4sterna l\u00f6ser in betalningen. ETB tillhandah\u00e5ller verktyg och st\u00f6d f\u00f6r att underl\u00e4tta denna process men kan inte h\u00e5llas ansvarig f\u00f6r eventuella fel eller f\u00f6rsummelser i samband med betalningarna. ETB tar d\u00e4rf\u00f6r inte ansvar f\u00f6r det faktiska genomf\u00f6randet av betalningarna.  <\/li>\n<\/ol>\n\t\t\t\t\t\t\t\t<\/div>\n\t\t\t\t<\/div>\n\t\t\t\t<div class=\"elementor-element elementor-element-2a8f96d elementor-widget elementor-widget-heading\" data-id=\"2a8f96d\" data-element_type=\"widget\" data-e-type=\"widget\" data-widget_type=\"heading.default\">\n\t\t\t\t<div class=\"elementor-widget-container\">\n\t\t\t\t\t<h3 class=\"elementor-heading-title elementor-size-default\">4. Upps\u00e4gning<\/h3>\t\t\t\t<\/div>\n\t\t\t\t<\/div>\n\t\t\t\t<div class=\"elementor-element elementor-element-76ce07e elementor-widget elementor-widget-text-editor\" data-id=\"76ce07e\" data-element_type=\"widget\" data-e-type=\"widget\" data-widget_type=\"text-editor.default\">\n\t\t\t\t<div class=\"elementor-widget-container\">\n\t\t\t\t\t\t\t\t\t<ol>\n<li>Prenumerationen kan s\u00e4gas upp n\u00e4r som helst till slutet av den aktuella prenumerationsperioden. Detta kan g\u00f6ras genom att klicka p\u00e5 &#8221;Avsluta abonnemang&#8221; under &#8221;Inst\u00e4llningar&#8221; &gt; &#8221;Abonnemang&#8221;. <\/li>\n<li>SMS-balansen \u00e5terbetalas inte.<\/li>\n<\/ol>\n\t\t\t\t\t\t\t\t<\/div>\n\t\t\t\t<\/div>\n\t\t\t\t<div class=\"elementor-element elementor-element-eafbbf2 elementor-widget elementor-widget-heading\" data-id=\"eafbbf2\" data-element_type=\"widget\" data-e-type=\"widget\" data-widget_type=\"heading.default\">\n\t\t\t\t<div class=\"elementor-widget-container\">\n\t\t\t\t\t<h3 class=\"elementor-heading-title elementor-size-default\">5. Drift, s\u00e4kerhetskopiering och ansvarsfriskrivning<\/h3>\t\t\t\t<\/div>\n\t\t\t\t<\/div>\n\t\t\t\t<div class=\"elementor-element elementor-element-2b6ef21 elementor-widget elementor-widget-text-editor\" data-id=\"2b6ef21\" data-element_type=\"widget\" data-e-type=\"widget\" data-widget_type=\"text-editor.default\">\n\t\t\t\t<div class=\"elementor-widget-container\">\n\t\t\t\t\t\t\t\t\t<ol>\n<li>Dagliga s\u00e4kerhetskopior av all data g\u00f6rs till en extern server f\u00f6r att \u00e5terst\u00e4lla bokningar och annan data fram till den senaste s\u00e4kerhetskopian. Servrarna \u00e4r placerade i ett topps\u00e4kert serverrum f\u00f6r att s\u00e4kerst\u00e4lla h\u00f6g drifts\u00e4kerhet och upptid. <\/li>\n<li>ETB kan inte h\u00e5llas ekonomiskt ansvarig f\u00f6r dataf\u00f6rlust, driftstopp eller annan indirekt f\u00f6rlust som orsakas av server- eller n\u00e4tverksfel etc.<\/li>\n<li>ETB fr\u00e5ns\u00e4ger sig allt ansvar f\u00f6r eventuella fel eller f\u00f6rsummelser vid genomf\u00f6randet av f\u00f6rskottsbetalningar. Det \u00e4r alltid kundens ansvar att se till att f\u00f6rskottsbetalningar genomf\u00f6rs korrekt och att de har mottagit betalning fr\u00e5n sina g\u00e4ster innan g\u00e4sterna l\u00f6ser in betalningen. Se \u00e4ven avsnitt 3.3.  <\/li>\n<li>ETB kan inte h\u00e5llas ansvarigt f\u00f6r f\u00f6rlust eller skada som uppst\u00e5r till f\u00f6ljd av obeh\u00f6rig \u00e5tkomst till eller anv\u00e4ndning av kundens data.<\/li>\n<li>ETB ansvarar inte f\u00f6r f\u00f6rlust eller skada som uppst\u00e5r p\u00e5 grund av att kunden inte f\u00f6ljer till\u00e4mpliga lagar eller f\u00f6rordningar.<\/li>\n<li>ETB fr\u00e5ns\u00e4ger sig allt ansvar f\u00f6r f\u00f6rlust eller skada som uppst\u00e5r till f\u00f6ljd av force majeure-h\u00e4ndelser, inklusive men inte begr\u00e4nsat till naturkatastrofer, krig, terroristhandlingar, strejker, pandemier eller andra h\u00e4ndelser som ligger utanf\u00f6r ETB:s rimliga kontroll.<\/li>\n<li>ETB kan inte h\u00e5llas ansvarigt f\u00f6r f\u00f6rlust eller skada som uppst\u00e5r p\u00e5 grund av fel eller utel\u00e4mnanden i programvara eller tj\u00e4nster fr\u00e5n tredje part som ETB anv\u00e4nder i samband med driften av easyTable.<\/li>\n<li>ETB ansvarar inte f\u00f6r indirekta f\u00f6rluster, f\u00f6ljdskador, uteblivna int\u00e4kter, f\u00f6rlust av data eller andra former av ekonomisk f\u00f6rlust som kunden kan drabbas av till f\u00f6ljd av att anv\u00e4nda easyTable.<\/li>\n<li>Kunden ansvarar f\u00f6r att alla anv\u00e4ndare av easyTable f\u00f6ljer g\u00e4llande villkor och ETB fr\u00e5ns\u00e4ger sig allt ansvar f\u00f6r f\u00f6rlust eller skada som uppkommer p\u00e5 grund av anv\u00e4ndarens agerande eller underl\u00e5tenhet.<\/li>\n<\/ol>\n\t\t\t\t\t\t\t\t<\/div>\n\t\t\t\t<\/div>\n\t\t\t\t<div class=\"elementor-element elementor-element-f01f013 elementor-widget elementor-widget-heading\" data-id=\"f01f013\" data-element_type=\"widget\" data-e-type=\"widget\" data-widget_type=\"heading.default\">\n\t\t\t\t<div class=\"elementor-widget-container\">\n\t\t\t\t\t<h3 class=\"elementor-heading-title elementor-size-default\">6. Personuppgifter<\/h3>\t\t\t\t<\/div>\n\t\t\t\t<\/div>\n\t\t\t\t<div class=\"elementor-element elementor-element-dc2f857 elementor-widget elementor-widget-text-editor\" data-id=\"dc2f857\" data-element_type=\"widget\" data-e-type=\"widget\" data-widget_type=\"text-editor.default\">\n\t\t\t\t<div class=\"elementor-widget-container\">\n\t\t\t\t\t\t\t\t\t<ol>\n<li>Med anledning av kravet p\u00e5 personuppgiftsbitr\u00e4desavtal i f\u00f6rordning (EU) 2016\/679 av den 27 april 2016 (&#8221;Dataskyddsf\u00f6rordningen&#8221; \/ &#8221;GDPR&#8221;) utg\u00f6r l\u00e4nken nedan ett till\u00e4ggsavtal, &#8221;Personuppgiftsbitr\u00e4desavtalet&#8221;, i f\u00f6rh\u00e5llande till dessa allm\u00e4nna villkor. Databehandlingsavtal: <a style=\"color: #bf2b1f; text-decoration: underline;\" href=\"https:\/\/book.easytable.com\/easyTable-DPA.pdf\">easyTable-DPA.pdf<\/a> <\/li>\n<\/ol>\n\t\t\t\t\t\t\t\t<\/div>\n\t\t\t\t<\/div>\n\t\t\t\t<div class=\"elementor-element elementor-element-eb6069a elementor-widget elementor-widget-heading\" data-id=\"eb6069a\" data-element_type=\"widget\" data-e-type=\"widget\" data-widget_type=\"heading.default\">\n\t\t\t\t<div class=\"elementor-widget-container\">\n\t\t\t\t\t<h3 class=\"elementor-heading-title elementor-size-default\">7. Lagval och jurisdiktion<\/h3>\t\t\t\t<\/div>\n\t\t\t\t<\/div>\n\t\t\t\t<div class=\"elementor-element elementor-element-f9aa552 elementor-widget elementor-widget-text-editor\" data-id=\"f9aa552\" data-element_type=\"widget\" data-e-type=\"widget\" data-widget_type=\"text-editor.default\">\n\t\t\t\t<div class=\"elementor-widget-container\">\n\t\t\t\t\t\t\t\t\t<ol>\n<li>Alla r\u00e4ttsliga \u00e5tg\u00e4rder, st\u00e4mningar eller andra tvister mot ETB m\u00e5ste l\u00e4mnas in till K\u00f6penhamns tingsr\u00e4tt i Danmark enligt dansk lag.<\/li>\n<\/ol>\n\t\t\t\t\t\t\t\t<\/div>\n\t\t\t\t<\/div>\n\t\t\t\t\t<\/div>\n\t\t\t\t<\/div>\n\t\t\t\t<\/div>\n\t\t","protected":false},"excerpt":{"rendered":"<p>Allm\u00e4nna villkor och best\u00e4mmelser Version 3.0 (2024-10-30) Om du har n\u00e5gra fr\u00e5gor ang\u00e5ende villkoren nedan, v\u00e4nligen kontakta oss p\u00e5 info@easytable.com. 1. Teckning av abonnemang easyTableBooking ApS (nedan kallat ETB) \u00e4r ett f\u00f6retag som erbjuder &#8221;easyTable&#8221; till andra f\u00f6retag (nedan kallat Kunden), vilket \u00e4r ett abonnemangsbaserat system f\u00f6r hantering av onlinebokningar. Efter den kostnadsfria testperioden kan [&hellip;]<\/p>\n","protected":false},"author":1,"featured_media":0,"parent":0,"menu_order":0,"comment_status":"closed","ping_status":"closed","template":"","meta":{"inline_featured_image":false,"footnotes":""},"class_list":["post-6145","page","type-page","status-publish","hentry"],"yoast_head":"<!-- This site is optimized with the Yoast SEO plugin v27.5 - https:\/\/yoast.com\/product\/yoast-seo-wordpress\/ -->\n<title>Allm\u00e4nna villkor och best\u00e4mmelser - easyTable<\/title>\n<meta name=\"robots\" content=\"index, follow, max-snippet:-1, max-image-preview:large, max-video-preview:-1\" \/>\n<link rel=\"canonical\" href=\"https:\/\/easytable.com\/sv\/allmanna-villkor-och-bestammelser\/\" \/>\n<meta property=\"og:locale\" content=\"sv_SE\" \/>\n<meta property=\"og:type\" content=\"article\" \/>\n<meta property=\"og:title\" content=\"Allm\u00e4nna villkor och best\u00e4mmelser - easyTable\" \/>\n<meta property=\"og:description\" content=\"Allm\u00e4nna villkor och best\u00e4mmelser Version 3.0 (2024-10-30) Om du har n\u00e5gra fr\u00e5gor ang\u00e5ende villkoren nedan, v\u00e4nligen kontakta oss p\u00e5 info@easytable.com. 1. Teckning av abonnemang easyTableBooking ApS (nedan kallat ETB) \u00e4r ett f\u00f6retag som erbjuder &#8221;easyTable&#8221; till andra f\u00f6retag (nedan kallat Kunden), vilket \u00e4r ett abonnemangsbaserat system f\u00f6r hantering av onlinebokningar. Efter den kostnadsfria testperioden kan [&hellip;]\" \/>\n<meta property=\"og:url\" content=\"https:\/\/easytable.com\/sv\/allmanna-villkor-och-bestammelser\/\" \/>\n<meta property=\"og:site_name\" content=\"easyTable\" \/>\n<meta property=\"article:modified_time\" content=\"2024-10-30T15:27:48+00:00\" \/>\n<meta name=\"twitter:card\" content=\"summary_large_image\" \/>\n<meta name=\"twitter:label1\" content=\"Ber\u00e4knad l\u00e4stid\" \/>\n\t<meta name=\"twitter:data1\" content=\"5 minuter\" \/>\n<script type=\"application\/ld+json\" class=\"yoast-schema-graph\">{\"@context\":\"https:\\\/\\\/schema.org\",\"@graph\":[{\"@type\":\"WebPage\",\"@id\":\"https:\\\/\\\/easytable.com\\\/sv\\\/allmanna-villkor-och-bestammelser\\\/\",\"url\":\"https:\\\/\\\/easytable.com\\\/sv\\\/allmanna-villkor-och-bestammelser\\\/\",\"name\":\"Allm\u00e4nna villkor och best\u00e4mmelser - easyTable\",\"isPartOf\":{\"@id\":\"https:\\\/\\\/easytable.com\\\/sv\\\/#website\"},\"datePublished\":\"2024-10-30T13:48:37+00:00\",\"dateModified\":\"2024-10-30T15:27:48+00:00\",\"breadcrumb\":{\"@id\":\"https:\\\/\\\/easytable.com\\\/sv\\\/allmanna-villkor-och-bestammelser\\\/#breadcrumb\"},\"inLanguage\":\"sv-SE\",\"potentialAction\":[{\"@type\":\"ReadAction\",\"target\":[\"https:\\\/\\\/easytable.com\\\/sv\\\/allmanna-villkor-och-bestammelser\\\/\"]}]},{\"@type\":\"BreadcrumbList\",\"@id\":\"https:\\\/\\\/easytable.com\\\/sv\\\/allmanna-villkor-och-bestammelser\\\/#breadcrumb\",\"itemListElement\":[{\"@type\":\"ListItem\",\"position\":1,\"name\":\"Home\",\"item\":\"https:\\\/\\\/easytable.com\\\/sv\\\/framsida\\\/\"},{\"@type\":\"ListItem\",\"position\":2,\"name\":\"Allm\u00e4nna villkor och best\u00e4mmelser\"}]},{\"@type\":\"WebSite\",\"@id\":\"https:\\\/\\\/easytable.com\\\/sv\\\/#website\",\"url\":\"https:\\\/\\\/easytable.com\\\/sv\\\/\",\"name\":\"easyTable.com\",\"description\":\"\",\"publisher\":{\"@id\":\"https:\\\/\\\/easytable.com\\\/sv\\\/#organization\"},\"potentialAction\":[{\"@type\":\"SearchAction\",\"target\":{\"@type\":\"EntryPoint\",\"urlTemplate\":\"https:\\\/\\\/easytable.com\\\/sv\\\/?s={search_term_string}\"},\"query-input\":{\"@type\":\"PropertyValueSpecification\",\"valueRequired\":true,\"valueName\":\"search_term_string\"}}],\"inLanguage\":\"sv-SE\"},{\"@type\":\"Organization\",\"@id\":\"https:\\\/\\\/easytable.com\\\/sv\\\/#organization\",\"name\":\"easyTable\",\"url\":\"https:\\\/\\\/easytable.com\\\/sv\\\/\",\"logo\":{\"@type\":\"ImageObject\",\"inLanguage\":\"sv-SE\",\"@id\":\"https:\\\/\\\/easytable.com\\\/sv\\\/#\\\/schema\\\/logo\\\/image\\\/\",\"url\":\"https:\\\/\\\/easytable.com\\\/wp-content\\\/uploads\\\/2024\\\/02\\\/Logo-ETB.svg\",\"contentUrl\":\"https:\\\/\\\/easytable.com\\\/wp-content\\\/uploads\\\/2024\\\/02\\\/Logo-ETB.svg\",\"width\":153,\"height\":34,\"caption\":\"easyTable\"},\"image\":{\"@id\":\"https:\\\/\\\/easytable.com\\\/sv\\\/#\\\/schema\\\/logo\\\/image\\\/\"}}]}<\/script>\n<!-- \/ Yoast SEO plugin. -->","yoast_head_json":{"title":"Allm\u00e4nna villkor och best\u00e4mmelser - easyTable","robots":{"index":"index","follow":"follow","max-snippet":"max-snippet:-1","max-image-preview":"max-image-preview:large","max-video-preview":"max-video-preview:-1"},"canonical":"https:\/\/easytable.com\/sv\/allmanna-villkor-och-bestammelser\/","og_locale":"sv_SE","og_type":"article","og_title":"Allm\u00e4nna villkor och best\u00e4mmelser - easyTable","og_description":"Allm\u00e4nna villkor och best\u00e4mmelser Version 3.0 (2024-10-30) Om du har n\u00e5gra fr\u00e5gor ang\u00e5ende villkoren nedan, v\u00e4nligen kontakta oss p\u00e5 info@easytable.com. 1. Teckning av abonnemang easyTableBooking ApS (nedan kallat ETB) \u00e4r ett f\u00f6retag som erbjuder &#8221;easyTable&#8221; till andra f\u00f6retag (nedan kallat Kunden), vilket \u00e4r ett abonnemangsbaserat system f\u00f6r hantering av onlinebokningar. Efter den kostnadsfria testperioden kan [&hellip;]","og_url":"https:\/\/easytable.com\/sv\/allmanna-villkor-och-bestammelser\/","og_site_name":"easyTable","article_modified_time":"2024-10-30T15:27:48+00:00","twitter_card":"summary_large_image","twitter_misc":{"Ber\u00e4knad l\u00e4stid":"5 minuter"},"schema":{"@context":"https:\/\/schema.org","@graph":[{"@type":"WebPage","@id":"https:\/\/easytable.com\/sv\/allmanna-villkor-och-bestammelser\/","url":"https:\/\/easytable.com\/sv\/allmanna-villkor-och-bestammelser\/","name":"Allm\u00e4nna villkor och best\u00e4mmelser - easyTable","isPartOf":{"@id":"https:\/\/easytable.com\/sv\/#website"},"datePublished":"2024-10-30T13:48:37+00:00","dateModified":"2024-10-30T15:27:48+00:00","breadcrumb":{"@id":"https:\/\/easytable.com\/sv\/allmanna-villkor-och-bestammelser\/#breadcrumb"},"inLanguage":"sv-SE","potentialAction":[{"@type":"ReadAction","target":["https:\/\/easytable.com\/sv\/allmanna-villkor-och-bestammelser\/"]}]},{"@type":"BreadcrumbList","@id":"https:\/\/easytable.com\/sv\/allmanna-villkor-och-bestammelser\/#breadcrumb","itemListElement":[{"@type":"ListItem","position":1,"name":"Home","item":"https:\/\/easytable.com\/sv\/framsida\/"},{"@type":"ListItem","position":2,"name":"Allm\u00e4nna villkor och best\u00e4mmelser"}]},{"@type":"WebSite","@id":"https:\/\/easytable.com\/sv\/#website","url":"https:\/\/easytable.com\/sv\/","name":"easyTable.com","description":"","publisher":{"@id":"https:\/\/easytable.com\/sv\/#organization"},"potentialAction":[{"@type":"SearchAction","target":{"@type":"EntryPoint","urlTemplate":"https:\/\/easytable.com\/sv\/?s={search_term_string}"},"query-input":{"@type":"PropertyValueSpecification","valueRequired":true,"valueName":"search_term_string"}}],"inLanguage":"sv-SE"},{"@type":"Organization","@id":"https:\/\/easytable.com\/sv\/#organization","name":"easyTable","url":"https:\/\/easytable.com\/sv\/","logo":{"@type":"ImageObject","inLanguage":"sv-SE","@id":"https:\/\/easytable.com\/sv\/#\/schema\/logo\/image\/","url":"https:\/\/easytable.com\/wp-content\/uploads\/2024\/02\/Logo-ETB.svg","contentUrl":"https:\/\/easytable.com\/wp-content\/uploads\/2024\/02\/Logo-ETB.svg","width":153,"height":34,"caption":"easyTable"},"image":{"@id":"https:\/\/easytable.com\/sv\/#\/schema\/logo\/image\/"}}]}},"_links":{"self":[{"href":"https:\/\/easytable.com\/sv\/wp-json\/wp\/v2\/pages\/6145","targetHints":{"allow":["GET"]}}],"collection":[{"href":"https:\/\/easytable.com\/sv\/wp-json\/wp\/v2\/pages"}],"about":[{"href":"https:\/\/easytable.com\/sv\/wp-json\/wp\/v2\/types\/page"}],"author":[{"embeddable":true,"href":"https:\/\/easytable.com\/sv\/wp-json\/wp\/v2\/users\/1"}],"replies":[{"embeddable":true,"href":"https:\/\/easytable.com\/sv\/wp-json\/wp\/v2\/comments?post=6145"}],"version-history":[{"count":1,"href":"https:\/\/easytable.com\/sv\/wp-json\/wp\/v2\/pages\/6145\/revisions"}],"predecessor-version":[{"id":6146,"href":"https:\/\/easytable.com\/sv\/wp-json\/wp\/v2\/pages\/6145\/revisions\/6146"}],"wp:attachment":[{"href":"https:\/\/easytable.com\/sv\/wp-json\/wp\/v2\/media?parent=6145"}],"curies":[{"name":"wp","href":"https:\/\/api.w.org\/{rel}","templated":true}]}}