{"id":3418,"date":"2024-05-29T11:04:00","date_gmt":"2024-05-29T11:04:00","guid":{"rendered":"https:\/\/easytable.com\/karriar\/"},"modified":"2025-06-25T11:47:22","modified_gmt":"2025-06-25T11:47:22","slug":"karriar","status":"publish","type":"page","link":"https:\/\/easytable.com\/sv\/karriar\/","title":{"rendered":"Karri\u00e4r"},"content":{"rendered":"\t\t<div data-elementor-type=\"wp-page\" data-elementor-id=\"3418\" class=\"elementor elementor-3418 elementor-2675\" data-elementor-post-type=\"page\">\n\t\t\t\t<div class=\"elementor-element elementor-element-389eb12 e-flex e-con-boxed e-con e-parent\" data-id=\"389eb12\" data-element_type=\"container\" data-e-type=\"container\">\n\t\t\t\t\t<div class=\"e-con-inner\">\n\t\t\t\t<div class=\"elementor-element elementor-element-d393e96 elementor-widget elementor-widget-heading\" data-id=\"d393e96\" data-element_type=\"widget\" data-e-type=\"widget\" data-widget_type=\"heading.default\">\n\t\t\t\t<div class=\"elementor-widget-container\">\n\t\t\t\t\t<h2 class=\"elementor-heading-title elementor-size-default\">Utforska aktuella jobbm\u00f6jligheter<\/h2>\t\t\t\t<\/div>\n\t\t\t\t<\/div>\n\t\t\t\t<div class=\"elementor-element elementor-element-1531420 elementor-widget elementor-widget-text-editor\" data-id=\"1531420\" data-element_type=\"widget\" data-e-type=\"widget\" data-widget_type=\"text-editor.default\">\n\t\t\t\t<div class=\"elementor-widget-container\">\n\t\t\t\t\t\t\t\t\t<p>H\u00e4r kan du se v\u00e5ra lediga tj\u00e4nster f\u00f6r n\u00e4rvarande. Uppt\u00e4ck de senaste lediga jobben och hitta din n\u00e4sta karri\u00e4rm\u00f6jlighet med easyTable.<\/p>\t\t\t\t\t\t\t\t<\/div>\n\t\t\t\t<\/div>\n\t\t\t\t<div class=\"elementor-element elementor-element-a7169c3 elementor-align-start elementor-widget__width-initial elementor-icon-list--layout-traditional elementor-list-item-link-full_width elementor-widget elementor-widget-icon-list\" data-id=\"a7169c3\" data-element_type=\"widget\" data-e-type=\"widget\" data-widget_type=\"icon-list.default\">\n\t\t\t\t<div class=\"elementor-widget-container\">\n\t\t\t\t\t\t\t<ul class=\"elementor-icon-list-items\">\n\t\t\t\t\t\t\t<li class=\"elementor-icon-list-item\">\n\t\t\t\t\t\t\t\t\t\t\t<a href=\"https:\/\/easytable.com\/wp-content\/uploads\/2024\/12\/AGENTUR-JOB.pdf\" target=\"_blank\" rel=\"nofollow\">\n\n\t\t\t\t\t\t\t\t\t\t\t\t<span class=\"elementor-icon-list-icon\">\n\t\t\t\t\t\t\t<svg aria-hidden=\"true\" class=\"e-font-icon-svg e-far-bookmark\" viewBox=\"0 0 384 512\" xmlns=\"http:\/\/www.w3.org\/2000\/svg\"><path d=\"M336 0H48C21.49 0 0 21.49 0 48v464l192-112 192 112V48c0-26.51-21.49-48-48-48zm0 428.43l-144-84-144 84V54a6 6 0 0 1 6-6h276c3.314 0 6 2.683 6 5.996V428.43z\"><\/path><\/svg>\t\t\t\t\t\t<\/span>\n\t\t\t\t\t\t\t\t\t\t<span class=\"elementor-icon-list-text\">Byr\u00e5\u00e4gare - Direktf\u00f6rs\u00e4ljning<\/span>\n\t\t\t\t\t\t\t\t\t\t\t<\/a>\n\t\t\t\t\t\t\t\t\t<\/li>\n\t\t\t\t\t\t<\/ul>\n\t\t\t\t\t\t<\/div>\n\t\t\t\t<\/div>\n\t\t\t\t\t<\/div>\n\t\t\t\t<\/div>\n\t\t<div class=\"elementor-element elementor-element-c874e80 e-con-full e-flex e-con e-parent\" data-id=\"c874e80\" data-element_type=\"container\" data-e-type=\"container\">\n\t\t\t\t<div class=\"elementor-element elementor-element-4086a13 elementor-widget elementor-widget-template\" data-id=\"4086a13\" data-element_type=\"widget\" data-e-type=\"widget\" data-widget_type=\"template.default\">\n\t\t\t\t<div class=\"elementor-widget-container\">\n\t\t\t\t\t\t\t<div class=\"elementor-template\">\n\t\t\t\t\t<div data-elementor-type=\"container\" data-elementor-id=\"4233\" class=\"elementor elementor-4233 elementor-2687 elementor-2687\" data-elementor-post-type=\"elementor_library\">\n\t\t\t\t<div class=\"elementor-element elementor-element-44d7ef75 e-flex e-con-boxed e-con e-parent\" data-id=\"44d7ef75\" data-element_type=\"container\" data-e-type=\"container\">\n\t\t\t\t\t<div class=\"e-con-inner\">\n\t\t<div class=\"elementor-element elementor-element-5a7d21f6 e-con-full e-flex e-con e-child\" data-id=\"5a7d21f6\" data-element_type=\"container\" data-e-type=\"container\" data-settings=\"{&quot;background_background&quot;:&quot;classic&quot;}\">\n\t\t<div class=\"elementor-element elementor-element-646e3781 e-flex e-con-boxed e-con e-child\" data-id=\"646e3781\" data-element_type=\"container\" data-e-type=\"container\">\n\t\t\t\t\t<div class=\"e-con-inner\">\n\t\t<div class=\"elementor-element elementor-element-1625a2c2 e-flex e-con-boxed e-con e-child\" data-id=\"1625a2c2\" data-element_type=\"container\" data-e-type=\"container\">\n\t\t\t\t\t<div class=\"e-con-inner\">\n\t\t\t\t<div class=\"elementor-element elementor-element-37278ee9 elementor-widget elementor-widget-heading\" data-id=\"37278ee9\" data-element_type=\"widget\" data-e-type=\"widget\" data-widget_type=\"heading.default\">\n\t\t\t\t<div class=\"elementor-widget-container\">\n\t\t\t\t\t<p class=\"elementor-heading-title elementor-size-default\"><a href=\"https:\/\/fatdaves.se\/\" target=\"_blank\" rel=\"nofollow\">Fat Dave's<\/a><\/p>\t\t\t\t<\/div>\n\t\t\t\t<\/div>\n\t\t\t\t<div class=\"elementor-element elementor-element-615e2b7d elementor-widget elementor-widget-heading\" data-id=\"615e2b7d\" data-element_type=\"widget\" data-e-type=\"widget\" data-widget_type=\"heading.default\">\n\t\t\t\t<div class=\"elementor-widget-container\">\n\t\t\t\t\t<p class=\"elementor-heading-title elementor-size-default\">Malm\u00f6, Sverige<\/p>\t\t\t\t<\/div>\n\t\t\t\t<\/div>\n\t\t\t\t\t<\/div>\n\t\t\t\t<\/div>\n\t\t\t\t<div class=\"elementor-element elementor-element-7ad0ecb7 elementor-widget elementor-widget-image\" data-id=\"7ad0ecb7\" data-element_type=\"widget\" data-e-type=\"widget\" data-widget_type=\"image.default\">\n\t\t\t\t<div class=\"elementor-widget-container\">\n\t\t\t\t\t\t\t\t\t\t\t\t\t\t\t<img fetchpriority=\"high\" decoding=\"async\" width=\"794\" height=\"1024\" src=\"https:\/\/easytable.com\/wp-content\/uploads\/2024\/02\/Vector.svg\" class=\"attachment-large size-large wp-image-45\" alt=\"\" \/>\t\t\t\t\t\t\t\t\t\t\t\t\t\t\t<\/div>\n\t\t\t\t<\/div>\n\t\t\t\t\t<\/div>\n\t\t\t\t<\/div>\n\t\t\t\t<\/div>\n\t\t<div class=\"elementor-element elementor-element-74ba2c52 e-con-full e-flex e-con e-child\" data-id=\"74ba2c52\" data-element_type=\"container\" data-e-type=\"container\">\n\t\t<div class=\"elementor-element elementor-element-75bae392 e-flex e-con-boxed e-con e-child\" data-id=\"75bae392\" data-element_type=\"container\" data-e-type=\"container\">\n\t\t\t\t\t<div class=\"e-con-inner\">\n\t\t\t\t<div class=\"elementor-element elementor-element-7150556e elementor-widget elementor-widget-heading\" data-id=\"7150556e\" data-element_type=\"widget\" data-e-type=\"widget\" data-widget_type=\"heading.default\">\n\t\t\t\t<div class=\"elementor-widget-container\">\n\t\t\t\t\t<h2 class=\"elementor-heading-title elementor-size-default\">easyTable uppdraget<\/h2>\t\t\t\t<\/div>\n\t\t\t\t<\/div>\n\t\t\t\t<div class=\"elementor-element elementor-element-1a0ea9fb elementor-widget elementor-widget-text-editor\" data-id=\"1a0ea9fb\" data-element_type=\"widget\" data-e-type=\"widget\" data-widget_type=\"text-editor.default\">\n\t\t\t\t<div class=\"elementor-widget-container\">\n\t\t\t\t\t\t\t\t\t<p>Fr\u00e5n b\u00f6rjan har v\u00e5r filosofi varit att erbjuda ett bokningssystem som \u00e4r enkelt att anv\u00e4nda och prisv\u00e4rt. I takt med att vi har vuxit har v\u00e5rt engagemang f\u00f6r att tillhandah\u00e5lla marknadens b\u00e4sta bokningsl\u00f6sning bara blivit starkare. Vi tror p\u00e5 att leverera en direkt och transparent l\u00f6sning som eliminerar l\u00e5nga bindningstider, dolda avgifter och provisioner &#8211; ett bokningssystem till ett fast och r\u00e4ttvist pris.<\/p>\n<p>Men att erbjuda det b\u00e4sta bokningssystemet p\u00e5 marknaden \u00e4r mer \u00e4n bara en produkt. F\u00f6r att verkligen vara b\u00e4st m\u00e5ste du kunna erbjuda omfattande kundsupport under hela din resa. Fr\u00e5n den f\u00f6rsta konfigurationen till integration och personalutbildning s\u00e4kerst\u00e4ller vi en smidig \u00f6verg\u00e5ng utan extra kostnader. Och om du f\u00e5r ett problem l\u00e4ngre fram kan du vara s\u00e4ker p\u00e5 att det alltid finns n\u00e5gon som \u00e4r redo att hj\u00e4lpa dig, oavsett var du befinner dig.<\/p>\n<p>Kombinationen av en holistisk servicestrategi och ett robust system g\u00f6r att vi kan fullf\u00f6lja v\u00e5rt uppdrag &#8211; b\u00e4ttre bokningar f\u00f6r b\u00e4ttre aff\u00e4rer.<\/p>\n\t\t\t\t\t\t\t\t<\/div>\n\t\t\t\t<\/div>\n\t\t\t\t\t<\/div>\n\t\t\t\t<\/div>\n\t\t\t\t<\/div>\n\t\t\t\t\t<\/div>\n\t\t\t\t<\/div>\n\t\t\t\t<\/div>\n\t\t\t\t<\/div>\n\t\t\t\t\t\t<\/div>\n\t\t\t\t<\/div>\n\t\t\t\t<\/div>\n\t\t\t\t<\/div>\n\t\t","protected":false},"excerpt":{"rendered":"<p>Utforska aktuella jobbm\u00f6jligheter H\u00e4r kan du se v\u00e5ra lediga tj\u00e4nster f\u00f6r n\u00e4rvarande. Uppt\u00e4ck de senaste lediga jobben och hitta din n\u00e4sta karri\u00e4rm\u00f6jlighet med easyTable. Byr\u00e5\u00e4gare &#8211; Direktf\u00f6rs\u00e4ljning<\/p>\n","protected":false},"author":1,"featured_media":0,"parent":0,"menu_order":0,"comment_status":"closed","ping_status":"closed","template":"","meta":{"inline_featured_image":false,"footnotes":""},"class_list":["post-3418","page","type-page","status-publish","hentry"],"yoast_head":"<!-- This site is optimized with the Yoast SEO plugin v27.5 - https:\/\/yoast.com\/product\/yoast-seo-wordpress\/ -->\n<title>Karri\u00e4r - easyTable<\/title>\n<meta name=\"robots\" content=\"index, follow, max-snippet:-1, max-image-preview:large, max-video-preview:-1\" \/>\n<link rel=\"canonical\" href=\"https:\/\/easytable.com\/sv\/karriar\/\" \/>\n<meta property=\"og:locale\" content=\"sv_SE\" \/>\n<meta property=\"og:type\" content=\"article\" \/>\n<meta property=\"og:title\" content=\"Karri\u00e4r - easyTable\" \/>\n<meta property=\"og:description\" content=\"Utforska aktuella jobbm\u00f6jligheter H\u00e4r kan du se v\u00e5ra lediga tj\u00e4nster f\u00f6r n\u00e4rvarande. Uppt\u00e4ck de senaste lediga jobben och hitta din n\u00e4sta karri\u00e4rm\u00f6jlighet med easyTable. Byr\u00e5\u00e4gare &#8211; Direktf\u00f6rs\u00e4ljning\" \/>\n<meta property=\"og:url\" content=\"https:\/\/easytable.com\/sv\/karriar\/\" \/>\n<meta property=\"og:site_name\" content=\"easyTable\" \/>\n<meta property=\"article:modified_time\" content=\"2025-06-25T11:47:22+00:00\" \/>\n<meta name=\"twitter:card\" content=\"summary_large_image\" \/>\n<script type=\"application\/ld+json\" class=\"yoast-schema-graph\">{\"@context\":\"https:\\\/\\\/schema.org\",\"@graph\":[{\"@type\":\"WebPage\",\"@id\":\"https:\\\/\\\/easytable.com\\\/sv\\\/karriar\\\/\",\"url\":\"https:\\\/\\\/easytable.com\\\/sv\\\/karriar\\\/\",\"name\":\"Karri\u00e4r - easyTable\",\"isPartOf\":{\"@id\":\"https:\\\/\\\/easytable.com\\\/sv\\\/#website\"},\"datePublished\":\"2024-05-29T11:04:00+00:00\",\"dateModified\":\"2025-06-25T11:47:22+00:00\",\"breadcrumb\":{\"@id\":\"https:\\\/\\\/easytable.com\\\/sv\\\/karriar\\\/#breadcrumb\"},\"inLanguage\":\"sv-SE\",\"potentialAction\":[{\"@type\":\"ReadAction\",\"target\":[\"https:\\\/\\\/easytable.com\\\/sv\\\/karriar\\\/\"]}]},{\"@type\":\"BreadcrumbList\",\"@id\":\"https:\\\/\\\/easytable.com\\\/sv\\\/karriar\\\/#breadcrumb\",\"itemListElement\":[{\"@type\":\"ListItem\",\"position\":1,\"name\":\"Home\",\"item\":\"https:\\\/\\\/easytable.com\\\/sv\\\/framsida\\\/\"},{\"@type\":\"ListItem\",\"position\":2,\"name\":\"Karri\u00e4r\"}]},{\"@type\":\"WebSite\",\"@id\":\"https:\\\/\\\/easytable.com\\\/sv\\\/#website\",\"url\":\"https:\\\/\\\/easytable.com\\\/sv\\\/\",\"name\":\"easyTable.com\",\"description\":\"\",\"publisher\":{\"@id\":\"https:\\\/\\\/easytable.com\\\/sv\\\/#organization\"},\"potentialAction\":[{\"@type\":\"SearchAction\",\"target\":{\"@type\":\"EntryPoint\",\"urlTemplate\":\"https:\\\/\\\/easytable.com\\\/sv\\\/?s={search_term_string}\"},\"query-input\":{\"@type\":\"PropertyValueSpecification\",\"valueRequired\":true,\"valueName\":\"search_term_string\"}}],\"inLanguage\":\"sv-SE\"},{\"@type\":\"Organization\",\"@id\":\"https:\\\/\\\/easytable.com\\\/sv\\\/#organization\",\"name\":\"easyTable\",\"url\":\"https:\\\/\\\/easytable.com\\\/sv\\\/\",\"logo\":{\"@type\":\"ImageObject\",\"inLanguage\":\"sv-SE\",\"@id\":\"https:\\\/\\\/easytable.com\\\/sv\\\/#\\\/schema\\\/logo\\\/image\\\/\",\"url\":\"https:\\\/\\\/easytable.com\\\/wp-content\\\/uploads\\\/2024\\\/02\\\/Logo-ETB.svg\",\"contentUrl\":\"https:\\\/\\\/easytable.com\\\/wp-content\\\/uploads\\\/2024\\\/02\\\/Logo-ETB.svg\",\"width\":153,\"height\":34,\"caption\":\"easyTable\"},\"image\":{\"@id\":\"https:\\\/\\\/easytable.com\\\/sv\\\/#\\\/schema\\\/logo\\\/image\\\/\"}}]}<\/script>\n<!-- \/ Yoast SEO plugin. -->","yoast_head_json":{"title":"Karri\u00e4r - easyTable","robots":{"index":"index","follow":"follow","max-snippet":"max-snippet:-1","max-image-preview":"max-image-preview:large","max-video-preview":"max-video-preview:-1"},"canonical":"https:\/\/easytable.com\/sv\/karriar\/","og_locale":"sv_SE","og_type":"article","og_title":"Karri\u00e4r - easyTable","og_description":"Utforska aktuella jobbm\u00f6jligheter H\u00e4r kan du se v\u00e5ra lediga tj\u00e4nster f\u00f6r n\u00e4rvarande. Uppt\u00e4ck de senaste lediga jobben och hitta din n\u00e4sta karri\u00e4rm\u00f6jlighet med easyTable. Byr\u00e5\u00e4gare &#8211; Direktf\u00f6rs\u00e4ljning","og_url":"https:\/\/easytable.com\/sv\/karriar\/","og_site_name":"easyTable","article_modified_time":"2025-06-25T11:47:22+00:00","twitter_card":"summary_large_image","schema":{"@context":"https:\/\/schema.org","@graph":[{"@type":"WebPage","@id":"https:\/\/easytable.com\/sv\/karriar\/","url":"https:\/\/easytable.com\/sv\/karriar\/","name":"Karri\u00e4r - easyTable","isPartOf":{"@id":"https:\/\/easytable.com\/sv\/#website"},"datePublished":"2024-05-29T11:04:00+00:00","dateModified":"2025-06-25T11:47:22+00:00","breadcrumb":{"@id":"https:\/\/easytable.com\/sv\/karriar\/#breadcrumb"},"inLanguage":"sv-SE","potentialAction":[{"@type":"ReadAction","target":["https:\/\/easytable.com\/sv\/karriar\/"]}]},{"@type":"BreadcrumbList","@id":"https:\/\/easytable.com\/sv\/karriar\/#breadcrumb","itemListElement":[{"@type":"ListItem","position":1,"name":"Home","item":"https:\/\/easytable.com\/sv\/framsida\/"},{"@type":"ListItem","position":2,"name":"Karri\u00e4r"}]},{"@type":"WebSite","@id":"https:\/\/easytable.com\/sv\/#website","url":"https:\/\/easytable.com\/sv\/","name":"easyTable.com","description":"","publisher":{"@id":"https:\/\/easytable.com\/sv\/#organization"},"potentialAction":[{"@type":"SearchAction","target":{"@type":"EntryPoint","urlTemplate":"https:\/\/easytable.com\/sv\/?s={search_term_string}"},"query-input":{"@type":"PropertyValueSpecification","valueRequired":true,"valueName":"search_term_string"}}],"inLanguage":"sv-SE"},{"@type":"Organization","@id":"https:\/\/easytable.com\/sv\/#organization","name":"easyTable","url":"https:\/\/easytable.com\/sv\/","logo":{"@type":"ImageObject","inLanguage":"sv-SE","@id":"https:\/\/easytable.com\/sv\/#\/schema\/logo\/image\/","url":"https:\/\/easytable.com\/wp-content\/uploads\/2024\/02\/Logo-ETB.svg","contentUrl":"https:\/\/easytable.com\/wp-content\/uploads\/2024\/02\/Logo-ETB.svg","width":153,"height":34,"caption":"easyTable"},"image":{"@id":"https:\/\/easytable.com\/sv\/#\/schema\/logo\/image\/"}}]}},"_links":{"self":[{"href":"https:\/\/easytable.com\/sv\/wp-json\/wp\/v2\/pages\/3418","targetHints":{"allow":["GET"]}}],"collection":[{"href":"https:\/\/easytable.com\/sv\/wp-json\/wp\/v2\/pages"}],"about":[{"href":"https:\/\/easytable.com\/sv\/wp-json\/wp\/v2\/types\/page"}],"author":[{"embeddable":true,"href":"https:\/\/easytable.com\/sv\/wp-json\/wp\/v2\/users\/1"}],"replies":[{"embeddable":true,"href":"https:\/\/easytable.com\/sv\/wp-json\/wp\/v2\/comments?post=3418"}],"version-history":[{"count":3,"href":"https:\/\/easytable.com\/sv\/wp-json\/wp\/v2\/pages\/3418\/revisions"}],"predecessor-version":[{"id":8188,"href":"https:\/\/easytable.com\/sv\/wp-json\/wp\/v2\/pages\/3418\/revisions\/8188"}],"wp:attachment":[{"href":"https:\/\/easytable.com\/sv\/wp-json\/wp\/v2\/media?parent=3418"}],"curies":[{"name":"wp","href":"https:\/\/api.w.org\/{rel}","templated":true}]}}