{"id":3393,"date":"2024-03-13T12:01:23","date_gmt":"2024-03-13T12:01:23","guid":{"rendered":"https:\/\/easytable.com\/loddon-bryggeri-tap-yard-referens\/"},"modified":"2026-03-26T09:08:51","modified_gmt":"2026-03-26T09:08:51","slug":"loddon-bryggeri-tap-yard-referens","status":"publish","type":"page","link":"https:\/\/easytable.com\/sv\/loddon-bryggeri-tap-yard-referens\/","title":{"rendered":"Loddon bryggeri Tap Yard &#8211; Referens"},"content":{"rendered":"\t\t<div data-elementor-type=\"wp-page\" data-elementor-id=\"3393\" class=\"elementor elementor-3393 elementor-1122\" data-elementor-post-type=\"page\">\n\t\t\t\t<div class=\"elementor-element elementor-element-2fa5857 e-flex e-con-boxed e-con e-parent\" data-id=\"2fa5857\" data-element_type=\"container\" data-e-type=\"container\" data-settings=\"{&quot;background_background&quot;:&quot;classic&quot;}\">\n\t\t\t\t\t<div class=\"e-con-inner\">\n\t\t<div class=\"elementor-element elementor-element-f905fd0 e-con-full e-flex e-con e-child\" data-id=\"f905fd0\" data-element_type=\"container\" data-e-type=\"container\" data-settings=\"{&quot;background_background&quot;:&quot;classic&quot;}\">\n\t\t<div class=\"elementor-element elementor-element-4257086 e-flex e-con-boxed e-con e-child\" data-id=\"4257086\" data-element_type=\"container\" data-e-type=\"container\">\n\t\t\t\t\t<div class=\"e-con-inner\">\n\t\t<div class=\"elementor-element elementor-element-6abc216 e-flex e-con-boxed e-con e-child\" data-id=\"6abc216\" data-element_type=\"container\" data-e-type=\"container\">\n\t\t\t\t\t<div class=\"e-con-inner\">\n\t\t\t\t<div class=\"elementor-element elementor-element-e7cb231 elementor-widget elementor-widget-heading\" data-id=\"e7cb231\" data-element_type=\"widget\" data-e-type=\"widget\" data-widget_type=\"heading.default\">\n\t\t\t\t<div class=\"elementor-widget-container\">\n\t\t\t\t\t<p class=\"elementor-heading-title elementor-size-default\"><a href=\"https:\/\/loddonbrewery.com\/\" target=\"_blank\" rel=\"nofollow\">Loddon Brewery Tap Yard<\/a><\/p>\t\t\t\t<\/div>\n\t\t\t\t<\/div>\n\t\t\t\t<div class=\"elementor-element elementor-element-f4066c8 elementor-widget elementor-widget-heading\" data-id=\"f4066c8\" data-element_type=\"widget\" data-e-type=\"widget\" data-widget_type=\"heading.default\">\n\t\t\t\t<div class=\"elementor-widget-container\">\n\t\t\t\t\t<p class=\"elementor-heading-title elementor-size-default\">Reading, Storbritannien<\/p>\t\t\t\t<\/div>\n\t\t\t\t<\/div>\n\t\t\t\t\t<\/div>\n\t\t\t\t<\/div>\n\t\t\t\t<div class=\"elementor-element elementor-element-d033dcd elementor-widget elementor-widget-image\" data-id=\"d033dcd\" data-element_type=\"widget\" data-e-type=\"widget\" data-widget_type=\"image.default\">\n\t\t\t\t<div class=\"elementor-widget-container\">\n\t\t\t\t\t\t\t\t\t\t\t\t\t\t\t<img fetchpriority=\"high\" decoding=\"async\" width=\"794\" height=\"1024\" src=\"https:\/\/easytable.com\/wp-content\/uploads\/2024\/02\/Vector.svg\" class=\"attachment-large size-large wp-image-45\" alt=\"\" \/>\t\t\t\t\t\t\t\t\t\t\t\t\t\t\t<\/div>\n\t\t\t\t<\/div>\n\t\t\t\t\t<\/div>\n\t\t\t\t<\/div>\n\t\t<div class=\"elementor-element elementor-element-161d991 e-flex e-con-boxed e-con e-child\" data-id=\"161d991\" data-element_type=\"container\" data-e-type=\"container\">\n\t\t\t\t\t<div class=\"e-con-inner\">\n\t\t\t\t<div class=\"elementor-element elementor-element-d754436 elementor-widget elementor-widget-heading\" data-id=\"d754436\" data-element_type=\"widget\" data-e-type=\"widget\" data-widget_type=\"heading.default\">\n\t\t\t\t<div class=\"elementor-widget-container\">\n\t\t\t\t\t<h1 class=\"elementor-heading-title elementor-size-default\">Loddon Brewery <br>Tap Yard<\/h1>\t\t\t\t<\/div>\n\t\t\t\t<\/div>\n\t\t<div class=\"elementor-element elementor-element-ecfcc14 e-con-full e-flex e-con e-child\" data-id=\"ecfcc14\" data-element_type=\"container\" data-e-type=\"container\">\n\t\t\t\t<div class=\"elementor-element elementor-element-7595ac4 elementor-widget elementor-widget-text-editor\" data-id=\"7595ac4\" data-element_type=\"widget\" data-e-type=\"widget\" data-widget_type=\"text-editor.default\">\n\t\t\t\t<div class=\"elementor-widget-container\">\n\t\t\t\t\t\t\t\t\t<p>En f\u00f6r\u00e4nderlig bokningskultur kr\u00e4ver onlinebokning<\/p>\t\t\t\t\t\t\t\t<\/div>\n\t\t\t\t<\/div>\n\t\t\t\t<\/div>\n\t\t<div class=\"elementor-element elementor-element-e31ceb6 e-flex e-con-boxed e-con e-child\" data-id=\"e31ceb6\" data-element_type=\"container\" data-e-type=\"container\">\n\t\t\t\t\t<div class=\"e-con-inner\">\n\t\t\t\t<div class=\"elementor-element elementor-element-6eedf99 hero-btn btn-white elementor-mobile-align-justify elementor-widget-mobile__width-inherit elementor-widget elementor-widget-global elementor-global-4338 elementor-global-73 elementor-widget-button\" data-id=\"6eedf99\" data-element_type=\"widget\" data-e-type=\"widget\" id=\"btn-white\" data-widget_type=\"button.default\">\n\t\t\t\t<div class=\"elementor-widget-container\">\n\t\t\t\t\t\t\t\t\t<div class=\"elementor-button-wrapper\">\n\t\t\t\t\t<a class=\"elementor-button elementor-button-link elementor-size-sm\" href=\"#elementor-action%3Aaction%3Dpopup%3Aopen%26settings%3DeyJpZCI6NDUzMywidG9nZ2xlIjpmYWxzZX0%3D\">\n\t\t\t\t\t\t<span class=\"elementor-button-content-wrapper\">\n\t\t\t\t\t\t\t\t\t<span class=\"elementor-button-text\">Starta gratis provperiod<\/span>\n\t\t\t\t\t<\/span>\n\t\t\t\t\t<\/a>\n\t\t\t\t<\/div>\n\t\t\t\t\t\t\t\t<\/div>\n\t\t\t\t<\/div>\n\t\t\t\t<div class=\"elementor-element elementor-element-44570c5 hero-btn btn-white bookdemo elementor-mobile-align-justify elementor-widget-mobile__width-inherit elementor-widget elementor-widget-global elementor-global-4388 elementor-global-70 elementor-widget-button\" data-id=\"44570c5\" data-element_type=\"widget\" data-e-type=\"widget\" id=\"btn-white\" data-widget_type=\"button.default\">\n\t\t\t\t<div class=\"elementor-widget-container\">\n\t\t\t\t\t\t\t\t\t<div class=\"elementor-button-wrapper\">\n\t\t\t\t\t<a class=\"elementor-button elementor-button-link elementor-size-sm\" href=\"#elementor-action%3Aaction%3Dpopup%3Aopen%26settings%3DeyJpZCI6NTE0MCwidG9nZ2xlIjpmYWxzZX0%3D\">\n\t\t\t\t\t\t<span class=\"elementor-button-content-wrapper\">\n\t\t\t\t\t\t\t\t\t<span class=\"elementor-button-text\">Boka en gratis demo<\/span>\n\t\t\t\t\t<\/span>\n\t\t\t\t\t<\/a>\n\t\t\t\t<\/div>\n\t\t\t\t\t\t\t\t<\/div>\n\t\t\t\t<\/div>\n\t\t\t\t\t<\/div>\n\t\t\t\t<\/div>\n\t\t\t\t\t<\/div>\n\t\t\t\t<\/div>\n\t\t\t\t<\/div>\n\t\t\t\t\t<\/div>\n\t\t\t\t<\/div>\n\t\t<div class=\"elementor-element elementor-element-874fe52 e-flex e-con-boxed e-con e-parent\" data-id=\"874fe52\" data-element_type=\"container\" data-e-type=\"container\">\n\t\t\t\t\t<div class=\"e-con-inner\">\n\t\t<div class=\"elementor-element elementor-element-ed3afe5 e-con-full e-flex e-con e-child\" data-id=\"ed3afe5\" data-element_type=\"container\" data-e-type=\"container\">\n\t\t<div class=\"elementor-element elementor-element-91423e6 e-flex e-con-boxed e-con e-child\" data-id=\"91423e6\" data-element_type=\"container\" data-e-type=\"container\">\n\t\t\t\t\t<div class=\"e-con-inner\">\n\t\t\t\t<div class=\"elementor-element elementor-element-27b04cb elementor-widget elementor-widget-heading\" data-id=\"27b04cb\" data-element_type=\"widget\" data-e-type=\"widget\" data-widget_type=\"heading.default\">\n\t\t\t\t<div class=\"elementor-widget-container\">\n\t\t\t\t\t<h2 class=\"elementor-heading-title elementor-size-default\">Om Loddon Brewery Tap Yard<\/h2>\t\t\t\t<\/div>\n\t\t\t\t<\/div>\n\t\t\t\t<div class=\"elementor-element elementor-element-17ca934 elementor-widget elementor-widget-text-editor\" data-id=\"17ca934\" data-element_type=\"widget\" data-e-type=\"widget\" data-widget_type=\"text-editor.default\">\n\t\t\t\t<div class=\"elementor-widget-container\">\n\t\t\t\t\t\t\t\t\t<p>I Storbritannien, inb\u00e4ddat mot den pittoreska bakgrunden av Readings landsbygd, ligger ett prisbel\u00f6nt bryggeri &#8211; Loddon Brewery Tap Yard. Detta oberoende, familje\u00e4gda f\u00f6retag l\u00e4gger ner sin sj\u00e4l i att tillverka n\u00e5gra av omr\u00e5dets b\u00e4sta \u00f6lsorter. Loddon Brewery Tap Yard \u00e4r utrustat med ett avancerat 20-fatssystem som kan tillverka upp till 30.000 pints i veckan och \u00e4r inte bara ett bryggeri; det \u00e4r en perfekt plats f\u00f6r att njuta av en uppfriskande pint och njuta av enast\u00e5ende street food.<\/p>\t\t\t\t\t\t\t\t<\/div>\n\t\t\t\t<\/div>\n\t\t\t\t\t<\/div>\n\t\t\t\t<\/div>\n\t\t\t\t<\/div>\n\t\t<div class=\"elementor-element elementor-element-5f07d0c e-con-full elementor-hidden-mobile e-flex e-con e-child\" data-id=\"5f07d0c\" data-element_type=\"container\" data-e-type=\"container\" data-settings=\"{&quot;background_background&quot;:&quot;classic&quot;}\">\n\t\t\t\t<\/div>\n\t\t\t\t\t<\/div>\n\t\t\t\t<\/div>\n\t\t<div class=\"elementor-element elementor-element-b0a150e e-flex e-con-boxed e-con e-parent\" data-id=\"b0a150e\" data-element_type=\"container\" data-e-type=\"container\">\n\t\t\t\t\t<div class=\"e-con-inner\">\n\t\t<div class=\"elementor-element elementor-element-9f78aca e-con-full e-flex e-con e-child\" data-id=\"9f78aca\" data-element_type=\"container\" data-e-type=\"container\" data-settings=\"{&quot;background_background&quot;:&quot;classic&quot;}\">\n\t\t\t\t<\/div>\n\t\t<div class=\"elementor-element elementor-element-0f98322 e-con-full e-flex e-con e-child\" data-id=\"0f98322\" data-element_type=\"container\" data-e-type=\"container\">\n\t\t<div class=\"elementor-element elementor-element-2d11d52 e-flex e-con-boxed e-con e-child\" data-id=\"2d11d52\" data-element_type=\"container\" data-e-type=\"container\">\n\t\t\t\t\t<div class=\"e-con-inner\">\n\t\t\t\t<div class=\"elementor-element elementor-element-35d9222 elementor-widget elementor-widget-heading\" data-id=\"35d9222\" data-element_type=\"widget\" data-e-type=\"widget\" data-widget_type=\"heading.default\">\n\t\t\t\t<div class=\"elementor-widget-container\">\n\t\t\t\t\t<h2 class=\"elementor-heading-title elementor-size-default\">Anpassning till en f\u00f6r\u00e4nderlig bokningskultur<\/h2>\t\t\t\t<\/div>\n\t\t\t\t<\/div>\n\t\t\t\t<div class=\"elementor-element elementor-element-f83a7bc elementor-widget elementor-widget-text-editor\" data-id=\"f83a7bc\" data-element_type=\"widget\" data-e-type=\"widget\" data-widget_type=\"text-editor.default\">\n\t\t\t\t<div class=\"elementor-widget-container\">\n\t\t\t\t\t\t\t\t\t<p>Pandemin f\u00f6r\u00e4ndrade Loddon Brewerys s\u00e4tt att hantera sina bokningar. I och med \u00f6verg\u00e5ngen fr\u00e5n en lokal d\u00e4r man kunde komma in p\u00e5 plats till onlinebokningar beh\u00f6vde de ett system som kunde hantera denna kulturella f\u00f6r\u00e4ndring i bokningsarbetet och samtidigt hantera deras omfattande sittplatser.<\/p>\n<p>Shane Willoughby, General Manager, s\u00e4ger att valet av easyTable berodde p\u00e5 mer \u00e4n bara det konkurrenskraftiga priset. Av alla de alternativ som unders\u00f6ktes framstod det som det mest anv\u00e4ndarv\u00e4nliga systemet. Den intuitiva designen g\u00f6r att den enkelt kan integreras i bryggeriets verksamhet. Shane ber\u00f6mmer systemet och s\u00e4ger: &#8220;Jag tycker att systemet \u00e4r bra. Jag har egentligen inte beh\u00f6vt kontakta supportteamet, s\u00e5 enkelt \u00e4r det. Vilket \u00e4r bra.&#8221;<\/p>\n<p>Shane betonade vidare att funktionerna f\u00f6r hantering av sittplatser i systemets backend har varit en verklig &#8220;game changer&#8221; f\u00f6r att f\u00f6rb\u00e4ttra den \u00f6vergripande verksamheten. Loddon Brewery kan ge b\u00e4ttre service och \u00f6ka bokningsvolymerna &#8211; en sann win-win f\u00f6r denna prisbel\u00f6nta tapyard och bryggeri.<\/p>\t\t\t\t\t\t\t\t<\/div>\n\t\t\t\t<\/div>\n\t\t\t\t\t<\/div>\n\t\t\t\t<\/div>\n\t\t\t\t<\/div>\n\t\t\t\t\t<\/div>\n\t\t\t\t<\/div>\n\t\t<div class=\"elementor-element elementor-element-d069857 e-flex e-con-boxed e-con e-parent\" data-id=\"d069857\" data-element_type=\"container\" data-e-type=\"container\">\n\t\t\t\t\t<div class=\"e-con-inner\">\n\t\t<div class=\"elementor-element elementor-element-109a1f5 e-flex e-con-boxed e-con e-child\" data-id=\"109a1f5\" data-element_type=\"container\" data-e-type=\"container\" data-settings=\"{&quot;background_background&quot;:&quot;classic&quot;}\">\n\t\t\t\t\t<div class=\"e-con-inner\">\n\t\t\t\t<div class=\"elementor-element elementor-element-f5f017d elementor-widget__width-initial elementor-widget elementor-widget-text-editor\" data-id=\"f5f017d\" data-element_type=\"widget\" data-e-type=\"widget\" data-widget_type=\"text-editor.default\">\n\t\t\t\t<div class=\"elementor-widget-container\">\n\t\t\t\t\t\t\t\t\t<p>&#8220;Det \u00e4r anv\u00e4ndarv\u00e4nligt och konkurrenskraftigt prissatt. Jag \u00e4lskar att man kan k\u00f6pa ett par \u00e5r i f\u00f6rv\u00e4g och f\u00e5 rabatt. Det \u00e4r helt enkelt ett utm\u00e4rkt system.&#8221;<\/p>\t\t\t\t\t\t\t\t<\/div>\n\t\t\t\t<\/div>\n\t\t\t\t<div class=\"elementor-element elementor-element-38ac404 elementor-widget-divider--view-line elementor-widget elementor-widget-divider\" data-id=\"38ac404\" data-element_type=\"widget\" data-e-type=\"widget\" data-widget_type=\"divider.default\">\n\t\t\t\t<div class=\"elementor-widget-container\">\n\t\t\t\t\t\t\t<div class=\"elementor-divider\">\n\t\t\t<span class=\"elementor-divider-separator\">\n\t\t\t\t\t\t<\/span>\n\t\t<\/div>\n\t\t\t\t\t\t<\/div>\n\t\t\t\t<\/div>\n\t\t<div class=\"elementor-element elementor-element-9715eb3 e-flex e-con-boxed e-con e-child\" data-id=\"9715eb3\" data-element_type=\"container\" data-e-type=\"container\">\n\t\t\t\t\t<div class=\"e-con-inner\">\n\t\t\t\t<div class=\"elementor-element elementor-element-0dd0dd0 elementor-widget elementor-widget-heading\" data-id=\"0dd0dd0\" data-element_type=\"widget\" data-e-type=\"widget\" data-widget_type=\"heading.default\">\n\t\t\t\t<div class=\"elementor-widget-container\">\n\t\t\t\t\t<p class=\"elementor-heading-title elementor-size-default\">Shane Willoughby<\/p>\t\t\t\t<\/div>\n\t\t\t\t<\/div>\n\t\t\t\t<div class=\"elementor-element elementor-element-bc9108d elementor-widget__width-initial elementor-widget elementor-widget-heading\" data-id=\"bc9108d\" data-element_type=\"widget\" data-e-type=\"widget\" data-widget_type=\"heading.default\">\n\t\t\t\t<div class=\"elementor-widget-container\">\n\t\t\t\t\t<p class=\"elementor-heading-title elementor-size-default\">General Manager, Loddon Brewery Tap Yard<\/p>\t\t\t\t<\/div>\n\t\t\t\t<\/div>\n\t\t\t\t\t<\/div>\n\t\t\t\t<\/div>\n\t\t\t\t\t<\/div>\n\t\t\t\t<\/div>\n\t\t\t\t\t<\/div>\n\t\t\t\t<\/div>\n\t\t<div class=\"elementor-element elementor-element-6d81c66 e-flex e-con-boxed e-con e-parent\" data-id=\"6d81c66\" data-element_type=\"container\" data-e-type=\"container\">\n\t\t\t\t\t<div class=\"e-con-inner\">\n\t\t\t\t<div class=\"elementor-element elementor-element-95c57a9 elementor-widget elementor-widget-html\" data-id=\"95c57a9\" data-element_type=\"widget\" data-e-type=\"widget\" data-widget_type=\"html.default\">\n\t\t\t\t<div class=\"elementor-widget-container\">\n\t\t\t\t\t\t\t<div data-elementor-type=\"container\" data-elementor-id=\"4587\" class=\"elementor elementor-4587 elementor-1095\" data-elementor-post-type=\"elementor_library\">\n\t\t\t\t<div class=\"elementor-element elementor-element-600c484d e-flex e-con-boxed e-con e-parent\" data-id=\"600c484d\" data-element_type=\"container\" data-e-type=\"container\">\n\t\t\t\t\t<div class=\"e-con-inner\">\n\t\t<div class=\"elementor-element elementor-element-35f0368b e-flex e-con-boxed e-con e-child\" data-id=\"35f0368b\" data-element_type=\"container\" data-e-type=\"container\" data-settings=\"{&quot;background_background&quot;:&quot;classic&quot;}\">\n\t\t\t\t\t<div class=\"e-con-inner\">\n\t\t\t\t<div class=\"elementor-element elementor-element-4a851dec elementor-widget-mobile__width-initial elementor-widget elementor-widget-heading\" data-id=\"4a851dec\" data-element_type=\"widget\" data-e-type=\"widget\" data-widget_type=\"heading.default\">\n\t\t\t\t<div class=\"elementor-widget-container\">\n\t\t\t\t\t<h2 class=\"elementor-heading-title elementor-size-default\">\u00c4r du intresserad av att komma ig\u00e5ng?<\/h2>\t\t\t\t<\/div>\n\t\t\t\t<\/div>\n\t\t\t\t<div class=\"elementor-element elementor-element-10e1887e elementor-mobile-align-justify btn-black elementor-align-center elementor-widget elementor-widget-button\" data-id=\"10e1887e\" data-element_type=\"widget\" data-e-type=\"widget\" data-widget_type=\"button.default\">\n\t\t\t\t<div class=\"elementor-widget-container\">\n\t\t\t\t\t\t\t\t\t<div class=\"elementor-button-wrapper\">\n\t\t\t\t\t<a class=\"elementor-button elementor-button-link elementor-size-sm\" href=\"#elementor-action%3Aaction%3Dpopup%3Aopen%26settings%3DeyJpZCI6NDUzMywidG9nZ2xlIjpmYWxzZX0%3D\">\n\t\t\t\t\t\t<span class=\"elementor-button-content-wrapper\">\n\t\t\t\t\t\t\t\t\t<span class=\"elementor-button-text\">PROVA EN M\u00c5NAD GRATIS<br>Inget kreditkort kr\u00e4vs<\/span>\n\t\t\t\t\t<\/span>\n\t\t\t\t\t<\/a>\n\t\t\t\t<\/div>\n\t\t\t\t\t\t\t\t<\/div>\n\t\t\t\t<\/div>\n\t\t\t\t<div class=\"elementor-element elementor-element-2a5061c elementor-widget__width-initial elementor-widget-tablet__width-inherit elementor-widget elementor-widget-text-editor\" data-id=\"2a5061c\" data-element_type=\"widget\" data-e-type=\"widget\" data-widget_type=\"text-editor.default\">\n\t\t\t\t<div class=\"elementor-widget-container\">\n\t\t\t\t\t\t\t\t\t<p>Vi erbjuder alltid en kostnadsfri onboarding-session f\u00f6r att hj\u00e4lpa dig att komma ig\u00e5ng p\u00e5 b\u00e4sta m\u00f6jliga s\u00e4tt!<\/p>\n\t\t\t\t\t\t\t\t<\/div>\n\t\t\t\t<\/div>\n\t\t\t\t\t<\/div>\n\t\t\t\t<\/div>\n\t\t\t\t\t<\/div>\n\t\t\t\t<\/div>\n\t\t\t\t<\/div>\n\t\t\t\t\t\t<\/div>\n\t\t\t\t<\/div>\n\t\t\t\t\t<\/div>\n\t\t\t\t<\/div>\n\t\t\t\t<\/div>\n\t\t","protected":false},"excerpt":{"rendered":"<p>Loddon Brewery Tap Yard Reading, Storbritannien Loddon Brewery Tap Yard En f\u00f6r\u00e4nderlig bokningskultur kr\u00e4ver onlinebokning Start free trial Book a free demo Om Loddon Brewery Tap Yard I Storbritannien, inb\u00e4ddat mot den pittoreska bakgrunden av Readings landsbygd, ligger ett prisbel\u00f6nt bryggeri &#8211; Loddon Brewery Tap Yard. Detta oberoende, familje\u00e4gda f\u00f6retag l\u00e4gger ner sin sj\u00e4l i [&hellip;]<\/p>\n","protected":false},"author":1,"featured_media":0,"parent":0,"menu_order":0,"comment_status":"closed","ping_status":"closed","template":"","meta":{"inline_featured_image":false,"footnotes":""},"class_list":["post-3393","page","type-page","status-publish","hentry"],"yoast_head":"<!-- This site is optimized with the Yoast SEO plugin v27.4 - https:\/\/yoast.com\/product\/yoast-seo-wordpress\/ -->\n<title>Loddon bryggeri Tap Yard - Referens - easyTable<\/title>\n<meta name=\"robots\" content=\"index, follow, max-snippet:-1, max-image-preview:large, max-video-preview:-1\" \/>\n<link rel=\"canonical\" href=\"https:\/\/easytable.com\/sv\/loddon-bryggeri-tap-yard-referens\/\" \/>\n<meta property=\"og:locale\" content=\"sv_SE\" \/>\n<meta property=\"og:type\" content=\"article\" \/>\n<meta property=\"og:title\" content=\"Loddon bryggeri Tap Yard - Referens - easyTable\" \/>\n<meta property=\"og:description\" content=\"Loddon Brewery Tap Yard Reading, Storbritannien Loddon Brewery Tap Yard En f\u00f6r\u00e4nderlig bokningskultur kr\u00e4ver onlinebokning Start free trial Book a free demo Om Loddon Brewery Tap Yard I Storbritannien, inb\u00e4ddat mot den pittoreska bakgrunden av Readings landsbygd, ligger ett prisbel\u00f6nt bryggeri &#8211; Loddon Brewery Tap Yard. Detta oberoende, familje\u00e4gda f\u00f6retag l\u00e4gger ner sin sj\u00e4l i [&hellip;]\" \/>\n<meta property=\"og:url\" content=\"https:\/\/easytable.com\/sv\/loddon-bryggeri-tap-yard-referens\/\" \/>\n<meta property=\"og:site_name\" content=\"easyTable\" \/>\n<meta property=\"article:modified_time\" content=\"2026-03-26T09:08:51+00:00\" \/>\n<meta name=\"twitter:card\" content=\"summary_large_image\" \/>\n<meta name=\"twitter:label1\" content=\"Ber\u00e4knad l\u00e4stid\" \/>\n\t<meta name=\"twitter:data1\" content=\"2 minuter\" \/>\n<script type=\"application\/ld+json\" class=\"yoast-schema-graph\">{\"@context\":\"https:\\\/\\\/schema.org\",\"@graph\":[{\"@type\":\"WebPage\",\"@id\":\"https:\\\/\\\/easytable.com\\\/sv\\\/loddon-bryggeri-tap-yard-referens\\\/\",\"url\":\"https:\\\/\\\/easytable.com\\\/sv\\\/loddon-bryggeri-tap-yard-referens\\\/\",\"name\":\"Loddon bryggeri Tap Yard - Referens - easyTable\",\"isPartOf\":{\"@id\":\"https:\\\/\\\/easytable.com\\\/sv\\\/#website\"},\"primaryImageOfPage\":{\"@id\":\"https:\\\/\\\/easytable.com\\\/sv\\\/loddon-bryggeri-tap-yard-referens\\\/#primaryimage\"},\"image\":{\"@id\":\"https:\\\/\\\/easytable.com\\\/sv\\\/loddon-bryggeri-tap-yard-referens\\\/#primaryimage\"},\"thumbnailUrl\":\"https:\\\/\\\/easytable.com\\\/wp-content\\\/uploads\\\/2024\\\/02\\\/Vector.svg\",\"datePublished\":\"2024-03-13T12:01:23+00:00\",\"dateModified\":\"2026-03-26T09:08:51+00:00\",\"breadcrumb\":{\"@id\":\"https:\\\/\\\/easytable.com\\\/sv\\\/loddon-bryggeri-tap-yard-referens\\\/#breadcrumb\"},\"inLanguage\":\"sv-SE\",\"potentialAction\":[{\"@type\":\"ReadAction\",\"target\":[\"https:\\\/\\\/easytable.com\\\/sv\\\/loddon-bryggeri-tap-yard-referens\\\/\"]}]},{\"@type\":\"ImageObject\",\"inLanguage\":\"sv-SE\",\"@id\":\"https:\\\/\\\/easytable.com\\\/sv\\\/loddon-bryggeri-tap-yard-referens\\\/#primaryimage\",\"url\":\"https:\\\/\\\/easytable.com\\\/wp-content\\\/uploads\\\/2024\\\/02\\\/Vector.svg\",\"contentUrl\":\"https:\\\/\\\/easytable.com\\\/wp-content\\\/uploads\\\/2024\\\/02\\\/Vector.svg\"},{\"@type\":\"BreadcrumbList\",\"@id\":\"https:\\\/\\\/easytable.com\\\/sv\\\/loddon-bryggeri-tap-yard-referens\\\/#breadcrumb\",\"itemListElement\":[{\"@type\":\"ListItem\",\"position\":1,\"name\":\"Home\",\"item\":\"https:\\\/\\\/easytable.com\\\/sv\\\/framsida\\\/\"},{\"@type\":\"ListItem\",\"position\":2,\"name\":\"Loddon bryggeri Tap Yard &#8211; Referens\"}]},{\"@type\":\"WebSite\",\"@id\":\"https:\\\/\\\/easytable.com\\\/sv\\\/#website\",\"url\":\"https:\\\/\\\/easytable.com\\\/sv\\\/\",\"name\":\"easyTable.com\",\"description\":\"\",\"publisher\":{\"@id\":\"https:\\\/\\\/easytable.com\\\/sv\\\/#organization\"},\"potentialAction\":[{\"@type\":\"SearchAction\",\"target\":{\"@type\":\"EntryPoint\",\"urlTemplate\":\"https:\\\/\\\/easytable.com\\\/sv\\\/?s={search_term_string}\"},\"query-input\":{\"@type\":\"PropertyValueSpecification\",\"valueRequired\":true,\"valueName\":\"search_term_string\"}}],\"inLanguage\":\"sv-SE\"},{\"@type\":\"Organization\",\"@id\":\"https:\\\/\\\/easytable.com\\\/sv\\\/#organization\",\"name\":\"easyTable\",\"url\":\"https:\\\/\\\/easytable.com\\\/sv\\\/\",\"logo\":{\"@type\":\"ImageObject\",\"inLanguage\":\"sv-SE\",\"@id\":\"https:\\\/\\\/easytable.com\\\/sv\\\/#\\\/schema\\\/logo\\\/image\\\/\",\"url\":\"https:\\\/\\\/easytable.com\\\/wp-content\\\/uploads\\\/2024\\\/02\\\/Logo-ETB.svg\",\"contentUrl\":\"https:\\\/\\\/easytable.com\\\/wp-content\\\/uploads\\\/2024\\\/02\\\/Logo-ETB.svg\",\"width\":153,\"height\":34,\"caption\":\"easyTable\"},\"image\":{\"@id\":\"https:\\\/\\\/easytable.com\\\/sv\\\/#\\\/schema\\\/logo\\\/image\\\/\"}}]}<\/script>\n<!-- \/ Yoast SEO plugin. -->","yoast_head_json":{"title":"Loddon bryggeri Tap Yard - Referens - easyTable","robots":{"index":"index","follow":"follow","max-snippet":"max-snippet:-1","max-image-preview":"max-image-preview:large","max-video-preview":"max-video-preview:-1"},"canonical":"https:\/\/easytable.com\/sv\/loddon-bryggeri-tap-yard-referens\/","og_locale":"sv_SE","og_type":"article","og_title":"Loddon bryggeri Tap Yard - Referens - easyTable","og_description":"Loddon Brewery Tap Yard Reading, Storbritannien Loddon Brewery Tap Yard En f\u00f6r\u00e4nderlig bokningskultur kr\u00e4ver onlinebokning Start free trial Book a free demo Om Loddon Brewery Tap Yard I Storbritannien, inb\u00e4ddat mot den pittoreska bakgrunden av Readings landsbygd, ligger ett prisbel\u00f6nt bryggeri &#8211; Loddon Brewery Tap Yard. Detta oberoende, familje\u00e4gda f\u00f6retag l\u00e4gger ner sin sj\u00e4l i [&hellip;]","og_url":"https:\/\/easytable.com\/sv\/loddon-bryggeri-tap-yard-referens\/","og_site_name":"easyTable","article_modified_time":"2026-03-26T09:08:51+00:00","twitter_card":"summary_large_image","twitter_misc":{"Ber\u00e4knad l\u00e4stid":"2 minuter"},"schema":{"@context":"https:\/\/schema.org","@graph":[{"@type":"WebPage","@id":"https:\/\/easytable.com\/sv\/loddon-bryggeri-tap-yard-referens\/","url":"https:\/\/easytable.com\/sv\/loddon-bryggeri-tap-yard-referens\/","name":"Loddon bryggeri Tap Yard - Referens - easyTable","isPartOf":{"@id":"https:\/\/easytable.com\/sv\/#website"},"primaryImageOfPage":{"@id":"https:\/\/easytable.com\/sv\/loddon-bryggeri-tap-yard-referens\/#primaryimage"},"image":{"@id":"https:\/\/easytable.com\/sv\/loddon-bryggeri-tap-yard-referens\/#primaryimage"},"thumbnailUrl":"https:\/\/easytable.com\/wp-content\/uploads\/2024\/02\/Vector.svg","datePublished":"2024-03-13T12:01:23+00:00","dateModified":"2026-03-26T09:08:51+00:00","breadcrumb":{"@id":"https:\/\/easytable.com\/sv\/loddon-bryggeri-tap-yard-referens\/#breadcrumb"},"inLanguage":"sv-SE","potentialAction":[{"@type":"ReadAction","target":["https:\/\/easytable.com\/sv\/loddon-bryggeri-tap-yard-referens\/"]}]},{"@type":"ImageObject","inLanguage":"sv-SE","@id":"https:\/\/easytable.com\/sv\/loddon-bryggeri-tap-yard-referens\/#primaryimage","url":"https:\/\/easytable.com\/wp-content\/uploads\/2024\/02\/Vector.svg","contentUrl":"https:\/\/easytable.com\/wp-content\/uploads\/2024\/02\/Vector.svg"},{"@type":"BreadcrumbList","@id":"https:\/\/easytable.com\/sv\/loddon-bryggeri-tap-yard-referens\/#breadcrumb","itemListElement":[{"@type":"ListItem","position":1,"name":"Home","item":"https:\/\/easytable.com\/sv\/framsida\/"},{"@type":"ListItem","position":2,"name":"Loddon bryggeri Tap Yard &#8211; Referens"}]},{"@type":"WebSite","@id":"https:\/\/easytable.com\/sv\/#website","url":"https:\/\/easytable.com\/sv\/","name":"easyTable.com","description":"","publisher":{"@id":"https:\/\/easytable.com\/sv\/#organization"},"potentialAction":[{"@type":"SearchAction","target":{"@type":"EntryPoint","urlTemplate":"https:\/\/easytable.com\/sv\/?s={search_term_string}"},"query-input":{"@type":"PropertyValueSpecification","valueRequired":true,"valueName":"search_term_string"}}],"inLanguage":"sv-SE"},{"@type":"Organization","@id":"https:\/\/easytable.com\/sv\/#organization","name":"easyTable","url":"https:\/\/easytable.com\/sv\/","logo":{"@type":"ImageObject","inLanguage":"sv-SE","@id":"https:\/\/easytable.com\/sv\/#\/schema\/logo\/image\/","url":"https:\/\/easytable.com\/wp-content\/uploads\/2024\/02\/Logo-ETB.svg","contentUrl":"https:\/\/easytable.com\/wp-content\/uploads\/2024\/02\/Logo-ETB.svg","width":153,"height":34,"caption":"easyTable"},"image":{"@id":"https:\/\/easytable.com\/sv\/#\/schema\/logo\/image\/"}}]}},"_links":{"self":[{"href":"https:\/\/easytable.com\/sv\/wp-json\/wp\/v2\/pages\/3393","targetHints":{"allow":["GET"]}}],"collection":[{"href":"https:\/\/easytable.com\/sv\/wp-json\/wp\/v2\/pages"}],"about":[{"href":"https:\/\/easytable.com\/sv\/wp-json\/wp\/v2\/types\/page"}],"author":[{"embeddable":true,"href":"https:\/\/easytable.com\/sv\/wp-json\/wp\/v2\/users\/1"}],"replies":[{"embeddable":true,"href":"https:\/\/easytable.com\/sv\/wp-json\/wp\/v2\/comments?post=3393"}],"version-history":[{"count":2,"href":"https:\/\/easytable.com\/sv\/wp-json\/wp\/v2\/pages\/3393\/revisions"}],"predecessor-version":[{"id":9827,"href":"https:\/\/easytable.com\/sv\/wp-json\/wp\/v2\/pages\/3393\/revisions\/9827"}],"wp:attachment":[{"href":"https:\/\/easytable.com\/sv\/wp-json\/wp\/v2\/media?parent=3393"}],"curies":[{"name":"wp","href":"https:\/\/api.w.org\/{rel}","templated":true}]}}