{"id":6141,"date":"2024-10-30T13:48:37","date_gmt":"2024-10-30T13:48:37","guid":{"rendered":"https:\/\/easytable.com\/generelle-vilkar-og-betingelser\/"},"modified":"2024-10-30T15:22:14","modified_gmt":"2024-10-30T15:22:14","slug":"generelle-vilkar-og-betingelser","status":"publish","type":"page","link":"https:\/\/easytable.com\/no\/generelle-vilkar-og-betingelser\/","title":{"rendered":"Generelle vilk\u00e5r og betingelser"},"content":{"rendered":"\t\t<div data-elementor-type=\"wp-page\" data-elementor-id=\"6141\" class=\"elementor elementor-6141 elementor-6101\" data-elementor-post-type=\"page\">\n\t\t\t\t<div class=\"elementor-element elementor-element-22a02c1 e-flex e-con-boxed e-con e-parent\" data-id=\"22a02c1\" data-element_type=\"container\" data-e-type=\"container\">\n\t\t\t\t\t<div class=\"e-con-inner\">\n\t\t\t\t<div class=\"elementor-element elementor-element-2661661 elementor-widget elementor-widget-heading\" data-id=\"2661661\" data-element_type=\"widget\" data-e-type=\"widget\" data-widget_type=\"heading.default\">\n\t\t\t\t<div class=\"elementor-widget-container\">\n\t\t\t\t\t<h2 class=\"elementor-heading-title elementor-size-default\">Generelle vilk\u00e5r og betingelser<\/h2>\t\t\t\t<\/div>\n\t\t\t\t<\/div>\n\t\t\t\t<div class=\"elementor-element elementor-element-61cff11 elementor-widget elementor-widget-text-editor\" data-id=\"61cff11\" data-element_type=\"widget\" data-e-type=\"widget\" data-widget_type=\"text-editor.default\">\n\t\t\t\t<div class=\"elementor-widget-container\">\n\t\t\t\t\t\t\t\t\t<p>Versjon 3.0 (2024-10-30)<\/p>\n<p>Hvis du har sp\u00f8rsm\u00e5l om vilk\u00e5rene nedenfor, kan du kontakte oss p\u00e5 <a style=\"color: #bf2b1f; text-decoration: underline;\" href=\"mailto:info@easytable.com\">info@easytable.com.<\/a><\/p>\n\t\t\t\t\t\t\t\t<\/div>\n\t\t\t\t<\/div>\n\t\t\t\t<div class=\"elementor-element elementor-element-de0c8fb elementor-widget elementor-widget-heading\" data-id=\"de0c8fb\" data-element_type=\"widget\" data-e-type=\"widget\" data-widget_type=\"heading.default\">\n\t\t\t\t<div class=\"elementor-widget-container\">\n\t\t\t\t\t<h3 class=\"elementor-heading-title elementor-size-default\">1. Abonnement<\/h3>\t\t\t\t<\/div>\n\t\t\t\t<\/div>\n\t\t\t\t<div class=\"elementor-element elementor-element-e7246dc elementor-widget elementor-widget-text-editor\" data-id=\"e7246dc\" data-element_type=\"widget\" data-e-type=\"widget\" data-widget_type=\"text-editor.default\">\n\t\t\t\t<div class=\"elementor-widget-container\">\n\t\t\t\t\t\t\t\t\t<ol>\n<li>easyTableBooking ApS (heretter kalt ETB) er et selskap som tilbyr &#8220;easyTable&#8221; til andre virksomheter (heretter kalt Kunden), som er et abonnementsbasert system for h\u00e5ndtering av online reservasjoner.<\/li>\n<li>After the free trial period, the subscription can be extended by completing step 1, 2, and 3 in easyTable under &#8220;Settings&#8221; &gt; &#8220;Subscription&#8221;.<\/li>\n<li>Abonnementet fornyes automatisk ved utl\u00f8pet av innev\u00e6rende periode, med mindre det er sagt opp p\u00e5 forh\u00e5nd.<\/li>\n<li>Hvis disse generelle vilk\u00e5rene endres, vil kunden bli informert p\u00e5 e-postadressen som er angitt under &#8220;Innstillinger&#8221; &gt; &#8220;Generelt&#8221;.<\/li>\n<li>Prisene er alltid som oppgitt p\u00e5 www.easytable.com.<\/li>\n<li>Kredittkortinformasjon og betalinger h\u00e5ndteres av Stripe.com.<\/li>\n<li>Fakturaer vil bli sendt via e-post. Det er kundens ansvar \u00e5 s\u00f8rge for at e-postadressen er funksjonell og korrekt oppgitt under &#8220;Innstillinger&#8221; &gt; &#8220;Abonnement&#8221; &gt; &#8220;Fakturerings detaljer&#8221;. <\/li>\n<li>Dersom Kunden har en oppsigelsestid for et tilsvarende bookingsystem ved bytte til easyTable, vil Kunden v\u00e6re fritatt fra \u00e5 betale abonnementsavgift til ETB i denne perioden. For \u00e5 benytte seg av dette m\u00e5 Kunden umiddelbart si opp sitt eksisterende abonnement dersom det ikke allerede er sagt opp, og senest 7 dager f\u00f8r utl\u00f8pet av den gratis pr\u00f8veperioden hos ETB m\u00e5 Kunden si opp sitt eksisterende abonnement: \n<ol>\n<li>Fullf\u00f8r trinn 1, 2 og 3 i easyTable under &#8220;Innstillinger&#8221; &gt; &#8220;Abonnement&#8221;.<\/li>\n<li>Send dokumentasjon til&nbsp;<a style=\"color: #bf2b1f; text-decoration: underline;\" href=\"mailto:info@easytable.com\">info@easytable.com som<\/a> bekrefter betalingsforpliktelsen for det eksisterende bookingsystemet og angir sluttdato for bindingsperioden. ETB avgj\u00f8r om dokumentasjonen er gyldig og tilstrekkelig. <\/li>\n<\/ol>\n<\/li>\n<\/ol>\t\t\t\t\t\t\t\t<\/div>\n\t\t\t\t<\/div>\n\t\t\t\t<div class=\"elementor-element elementor-element-abcb069 elementor-widget elementor-widget-heading\" data-id=\"abcb069\" data-element_type=\"widget\" data-e-type=\"widget\" data-widget_type=\"heading.default\">\n\t\t\t\t<div class=\"elementor-widget-container\">\n\t\t\t\t\t<h3 class=\"elementor-heading-title elementor-size-default\">2. P\u00e5fylling av SMS<\/h3>\t\t\t\t<\/div>\n\t\t\t\t<\/div>\n\t\t\t\t<div class=\"elementor-element elementor-element-cbfcfb2 elementor-widget elementor-widget-text-editor\" data-id=\"cbfcfb2\" data-element_type=\"widget\" data-e-type=\"widget\" data-widget_type=\"text-editor.default\">\n\t\t\t\t<div class=\"elementor-widget-container\">\n\t\t\t\t\t\t\t\t\t<ol>\n<li>P\u00e5fylling av SMS-saldoen gj\u00f8res ved hjelp av det tildelte kredittkortet.<\/li>\n<li>Manuell eller automatisk p\u00e5fylling kan utf\u00f8res f\u00f8r saldoen n\u00e5r null.<\/li>\n<li>SMS-varsler sendes bare hvis det er tilstrekkelig med SMS-saldo.<\/li>\n<\/ol>\n\t\t\t\t\t\t\t\t<\/div>\n\t\t\t\t<\/div>\n\t\t\t\t<div class=\"elementor-element elementor-element-2ad85a4 elementor-widget elementor-widget-heading\" data-id=\"2ad85a4\" data-element_type=\"widget\" data-e-type=\"widget\" data-widget_type=\"heading.default\">\n\t\t\t\t<div class=\"elementor-widget-container\">\n\t\t\t\t\t<h3 class=\"elementor-heading-title elementor-size-default\">3. Forskuddsbetalinger<\/h3>\t\t\t\t<\/div>\n\t\t\t\t<\/div>\n\t\t\t\t<div class=\"elementor-element elementor-element-60c419b elementor-widget elementor-widget-text-editor\" data-id=\"60c419b\" data-element_type=\"widget\" data-e-type=\"widget\" data-widget_type=\"text-editor.default\">\n\t\t\t\t<div class=\"elementor-widget-container\">\n\t\t\t\t\t\t\t\t\t<ol>\n<li>ETB fungerer som formidler av innl\u00f8sningsavtaler i forbindelse med forskuddsbetalinger. Dette inneb\u00e6rer at ETB tilbyr en plattform der kunden kan administrere sine forskuddsbetalinger og reservasjoner, mens betalingene behandles gjennom kundens egen innl\u00f8sningsavtale. <\/li>\n<li>Alle forskuddsbetalinger belastes med et gebyr p\u00e5 1,6 %.<\/li>\n<li>Det er Kundens ansvar \u00e5 s\u00f8rge for at alle forskuddsbetalinger er korrekt utf\u00f8rt og at de har mottatt betaling fra sine gjester f\u00f8r gjestene innl\u00f8ser betalingen. ETB tilbyr verkt\u00f8y og st\u00f8tte for \u00e5 lette denne prosessen, men kan ikke holdes ansvarlig for eventuelle feil eller mangler i forbindelse med betalingene. ETB p\u00e5tar seg derfor ikke ansvar for den faktiske gjennomf\u00f8ringen av betalingene.  <\/li>\n<\/ol>\n\t\t\t\t\t\t\t\t<\/div>\n\t\t\t\t<\/div>\n\t\t\t\t<div class=\"elementor-element elementor-element-2a8f96d elementor-widget elementor-widget-heading\" data-id=\"2a8f96d\" data-element_type=\"widget\" data-e-type=\"widget\" data-widget_type=\"heading.default\">\n\t\t\t\t<div class=\"elementor-widget-container\">\n\t\t\t\t\t<h3 class=\"elementor-heading-title elementor-size-default\">4. Avslutning<\/h3>\t\t\t\t<\/div>\n\t\t\t\t<\/div>\n\t\t\t\t<div class=\"elementor-element elementor-element-76ce07e elementor-widget elementor-widget-text-editor\" data-id=\"76ce07e\" data-element_type=\"widget\" data-e-type=\"widget\" data-widget_type=\"text-editor.default\">\n\t\t\t\t<div class=\"elementor-widget-container\">\n\t\t\t\t\t\t\t\t\t<ol>\n<li>Abonnementet kan avsluttes n\u00e5r som helst til slutten av den gjeldende abonnementsperioden. Dette kan gj\u00f8res ved \u00e5 klikke p\u00e5 &#8220;Stopp abonnement&#8221; under &#8220;Innstillinger&#8221; &gt; &#8220;Abonnement&#8221;. <\/li>\n<li>SMS-saldoen kan ikke refunderes.<\/li>\n<\/ol>\n\t\t\t\t\t\t\t\t<\/div>\n\t\t\t\t<\/div>\n\t\t\t\t<div class=\"elementor-element elementor-element-eafbbf2 elementor-widget elementor-widget-heading\" data-id=\"eafbbf2\" data-element_type=\"widget\" data-e-type=\"widget\" data-widget_type=\"heading.default\">\n\t\t\t\t<div class=\"elementor-widget-container\">\n\t\t\t\t\t<h3 class=\"elementor-heading-title elementor-size-default\">5. Drift, sikkerhetskopiering og ansvarsfraskrivelse<\/h3>\t\t\t\t<\/div>\n\t\t\t\t<\/div>\n\t\t\t\t<div class=\"elementor-element elementor-element-2b6ef21 elementor-widget elementor-widget-text-editor\" data-id=\"2b6ef21\" data-element_type=\"widget\" data-e-type=\"widget\" data-widget_type=\"text-editor.default\">\n\t\t\t\t<div class=\"elementor-widget-container\">\n\t\t\t\t\t\t\t\t\t<ol>\n<li>Det tas daglig sikkerhetskopier av alle data til en ekstern server for \u00e5 gjenopprette bestillinger og andre data opp til den siste sikkerhetskopien. Serverne er plassert i et toppsikret serverrom for \u00e5 sikre h\u00f8y driftssikkerhet og oppetid. <\/li>\n<li>ETB kan ikke holdes \u00f8konomisk ansvarlig for tap av data, nedetid eller andre indirekte tap for\u00e5rsaket av server- eller nettverksfeil osv.<\/li>\n<li>ETB fraskriver seg ethvert ansvar for eventuelle feil eller mangler ved gjennomf\u00f8ringen av forskuddsbetalinger. Det er til enhver tid kundens ansvar \u00e5 s\u00f8rge for at forskuddsbetalinger er korrekt utf\u00f8rt og at de har mottatt betaling fra sine gjester f\u00f8r gjestene innl\u00f8ser betalingen. Se ogs\u00e5 punkt 3.3.  <\/li>\n<li>ETB kan ikke holdes ansvarlig for tap eller skade som oppst\u00e5r som f\u00f8lge av uautorisert tilgang til eller bruk av kundens data.<\/li>\n<li>ETB er ikke ansvarlig for tap eller skade som oppst\u00e5r som f\u00f8lge av kundens manglende overholdelse av gjeldende lover eller forskrifter.<\/li>\n<li>ETB fraskriver seg ethvert ansvar for tap eller skade som oppst\u00e5r som f\u00f8lge av force majeure-hendelser, inkludert, men ikke begrenset til, naturkatastrofer, krig, terrorhandlinger, streik, pandemier eller andre hendelser utenfor ETBs rimelige kontroll.<\/li>\n<li>ETB kan ikke holdes ansvarlig for tap eller skade som oppst\u00e5r som f\u00f8lge av feil eller mangler i tredjeparts programvare eller tjenester som ETB bruker i forbindelse med driften av easyTable.<\/li>\n<li>ETB er ikke ansvarlig for indirekte tap, f\u00f8lgeskader, tap av inntekter, tap av data eller andre former for \u00f8konomisk tap som kunden kan lide som f\u00f8lge av bruk av easyTable.<\/li>\n<li>Kunden er ansvarlig for at alle brukere av easyTable overholder gjeldende vilk\u00e5r og betingelser, og ETB fraskriver seg ethvert ansvar for tap eller skade som oppst\u00e5r som f\u00f8lge av brukerens handlinger eller unnlatelser.<\/li>\n<\/ol>\n\t\t\t\t\t\t\t\t<\/div>\n\t\t\t\t<\/div>\n\t\t\t\t<div class=\"elementor-element elementor-element-f01f013 elementor-widget elementor-widget-heading\" data-id=\"f01f013\" data-element_type=\"widget\" data-e-type=\"widget\" data-widget_type=\"heading.default\">\n\t\t\t\t<div class=\"elementor-widget-container\">\n\t\t\t\t\t<h3 class=\"elementor-heading-title elementor-size-default\">6. Personopplysninger<\/h3>\t\t\t\t<\/div>\n\t\t\t\t<\/div>\n\t\t\t\t<div class=\"elementor-element elementor-element-dc2f857 elementor-widget elementor-widget-text-editor\" data-id=\"dc2f857\" data-element_type=\"widget\" data-e-type=\"widget\" data-widget_type=\"text-editor.default\">\n\t\t\t\t<div class=\"elementor-widget-container\">\n\t\t\t\t\t\t\t\t\t<ol>\n<li>Som f\u00f8lge av kravet om databehandleravtale i forordning (EU) 2016\/679 av 27. april 2016 (&#8220;General Data Protection Regulation&#8221; \/ &#8220;GDPR&#8221;), utgj\u00f8r lenken nedenfor en tilleggsavtale, &#8220;Databehandleravtalen&#8221;, i forhold til disse generelle vilk\u00e5rene og betingelsene. Databehandleravtale: <a style=\"color: #bf2b1f; text-decoration: underline;\" href=\"https:\/\/book.easytable.com\/easyTable-DPA.pdf\">easyTable-DPA.pdf<\/a> <\/li>\n<\/ol>\n\t\t\t\t\t\t\t\t<\/div>\n\t\t\t\t<\/div>\n\t\t\t\t<div class=\"elementor-element elementor-element-eb6069a elementor-widget elementor-widget-heading\" data-id=\"eb6069a\" data-element_type=\"widget\" data-e-type=\"widget\" data-widget_type=\"heading.default\">\n\t\t\t\t<div class=\"elementor-widget-container\">\n\t\t\t\t\t<h3 class=\"elementor-heading-title elementor-size-default\">7. Lovvalg og jurisdiksjon<\/h3>\t\t\t\t<\/div>\n\t\t\t\t<\/div>\n\t\t\t\t<div class=\"elementor-element elementor-element-f9aa552 elementor-widget elementor-widget-text-editor\" data-id=\"f9aa552\" data-element_type=\"widget\" data-e-type=\"widget\" data-widget_type=\"text-editor.default\">\n\t\t\t\t<div class=\"elementor-widget-container\">\n\t\t\t\t\t\t\t\t\t<ol>\n<li>Eventuelle s\u00f8ksm\u00e5l, rettssaker eller andre tvister mot ETB skal anlegges ved K\u00f8benhavns Byret, Danmark, i henhold til dansk lov.<\/li>\n<\/ol>\n\t\t\t\t\t\t\t\t<\/div>\n\t\t\t\t<\/div>\n\t\t\t\t\t<\/div>\n\t\t\t\t<\/div>\n\t\t\t\t<\/div>\n\t\t","protected":false},"excerpt":{"rendered":"<p>Generelle vilk\u00e5r og betingelser Versjon 3.0 (2024-10-30) Hvis du har sp\u00f8rsm\u00e5l om vilk\u00e5rene nedenfor, kan du kontakte oss p\u00e5 info@easytable.com. 1. Abonnement easyTableBooking ApS (heretter kalt ETB) er et selskap som tilbyr &#8220;easyTable&#8221; til andre virksomheter (heretter kalt Kunden), som er et abonnementsbasert system for h\u00e5ndtering av online reservasjoner. After the free trial period, the [&hellip;]<\/p>\n","protected":false},"author":1,"featured_media":0,"parent":0,"menu_order":0,"comment_status":"closed","ping_status":"closed","template":"","meta":{"inline_featured_image":false,"footnotes":""},"class_list":["post-6141","page","type-page","status-publish","hentry"],"yoast_head":"<!-- This site is optimized with the Yoast SEO plugin v27.4 - https:\/\/yoast.com\/product\/yoast-seo-wordpress\/ -->\n<title>Generelle vilk\u00e5r og betingelser - easyTable<\/title>\n<meta name=\"robots\" content=\"index, follow, max-snippet:-1, max-image-preview:large, max-video-preview:-1\" \/>\n<link rel=\"canonical\" href=\"https:\/\/easytable.com\/no\/generelle-vilkar-og-betingelser\/\" \/>\n<meta property=\"og:locale\" content=\"nb_NO\" \/>\n<meta property=\"og:type\" content=\"article\" \/>\n<meta property=\"og:title\" content=\"Generelle vilk\u00e5r og betingelser - easyTable\" \/>\n<meta property=\"og:description\" content=\"Generelle vilk\u00e5r og betingelser Versjon 3.0 (2024-10-30) Hvis du har sp\u00f8rsm\u00e5l om vilk\u00e5rene nedenfor, kan du kontakte oss p\u00e5 info@easytable.com. 1. Abonnement easyTableBooking ApS (heretter kalt ETB) er et selskap som tilbyr &#8220;easyTable&#8221; til andre virksomheter (heretter kalt Kunden), som er et abonnementsbasert system for h\u00e5ndtering av online reservasjoner. After the free trial period, the [&hellip;]\" \/>\n<meta property=\"og:url\" content=\"https:\/\/easytable.com\/no\/generelle-vilkar-og-betingelser\/\" \/>\n<meta property=\"og:site_name\" content=\"easyTable\" \/>\n<meta property=\"article:modified_time\" content=\"2024-10-30T15:22:14+00:00\" \/>\n<meta name=\"twitter:card\" content=\"summary_large_image\" \/>\n<meta name=\"twitter:label1\" content=\"Ansl. lesetid\" \/>\n\t<meta name=\"twitter:data1\" content=\"4 minutter\" \/>\n<script type=\"application\/ld+json\" class=\"yoast-schema-graph\">{\"@context\":\"https:\\\/\\\/schema.org\",\"@graph\":[{\"@type\":\"WebPage\",\"@id\":\"https:\\\/\\\/easytable.com\\\/no\\\/generelle-vilkar-og-betingelser\\\/\",\"url\":\"https:\\\/\\\/easytable.com\\\/no\\\/generelle-vilkar-og-betingelser\\\/\",\"name\":\"Generelle vilk\u00e5r og betingelser - easyTable\",\"isPartOf\":{\"@id\":\"https:\\\/\\\/easytable.com\\\/no\\\/#website\"},\"datePublished\":\"2024-10-30T13:48:37+00:00\",\"dateModified\":\"2024-10-30T15:22:14+00:00\",\"breadcrumb\":{\"@id\":\"https:\\\/\\\/easytable.com\\\/no\\\/generelle-vilkar-og-betingelser\\\/#breadcrumb\"},\"inLanguage\":\"nb-NO\",\"potentialAction\":[{\"@type\":\"ReadAction\",\"target\":[\"https:\\\/\\\/easytable.com\\\/no\\\/generelle-vilkar-og-betingelser\\\/\"]}]},{\"@type\":\"BreadcrumbList\",\"@id\":\"https:\\\/\\\/easytable.com\\\/no\\\/generelle-vilkar-og-betingelser\\\/#breadcrumb\",\"itemListElement\":[{\"@type\":\"ListItem\",\"position\":1,\"name\":\"Home\",\"item\":\"https:\\\/\\\/easytable.com\\\/no\\\/forsiden\\\/\"},{\"@type\":\"ListItem\",\"position\":2,\"name\":\"Generelle vilk\u00e5r og betingelser\"}]},{\"@type\":\"WebSite\",\"@id\":\"https:\\\/\\\/easytable.com\\\/no\\\/#website\",\"url\":\"https:\\\/\\\/easytable.com\\\/no\\\/\",\"name\":\"easyTable.com\",\"description\":\"\",\"publisher\":{\"@id\":\"https:\\\/\\\/easytable.com\\\/no\\\/#organization\"},\"potentialAction\":[{\"@type\":\"SearchAction\",\"target\":{\"@type\":\"EntryPoint\",\"urlTemplate\":\"https:\\\/\\\/easytable.com\\\/no\\\/?s={search_term_string}\"},\"query-input\":{\"@type\":\"PropertyValueSpecification\",\"valueRequired\":true,\"valueName\":\"search_term_string\"}}],\"inLanguage\":\"nb-NO\"},{\"@type\":\"Organization\",\"@id\":\"https:\\\/\\\/easytable.com\\\/no\\\/#organization\",\"name\":\"easyTable\",\"url\":\"https:\\\/\\\/easytable.com\\\/no\\\/\",\"logo\":{\"@type\":\"ImageObject\",\"inLanguage\":\"nb-NO\",\"@id\":\"https:\\\/\\\/easytable.com\\\/no\\\/#\\\/schema\\\/logo\\\/image\\\/\",\"url\":\"https:\\\/\\\/easytable.com\\\/wp-content\\\/uploads\\\/2024\\\/02\\\/Logo-ETB.svg\",\"contentUrl\":\"https:\\\/\\\/easytable.com\\\/wp-content\\\/uploads\\\/2024\\\/02\\\/Logo-ETB.svg\",\"width\":153,\"height\":34,\"caption\":\"easyTable\"},\"image\":{\"@id\":\"https:\\\/\\\/easytable.com\\\/no\\\/#\\\/schema\\\/logo\\\/image\\\/\"}}]}<\/script>\n<!-- \/ Yoast SEO plugin. -->","yoast_head_json":{"title":"Generelle vilk\u00e5r og betingelser - easyTable","robots":{"index":"index","follow":"follow","max-snippet":"max-snippet:-1","max-image-preview":"max-image-preview:large","max-video-preview":"max-video-preview:-1"},"canonical":"https:\/\/easytable.com\/no\/generelle-vilkar-og-betingelser\/","og_locale":"nb_NO","og_type":"article","og_title":"Generelle vilk\u00e5r og betingelser - easyTable","og_description":"Generelle vilk\u00e5r og betingelser Versjon 3.0 (2024-10-30) Hvis du har sp\u00f8rsm\u00e5l om vilk\u00e5rene nedenfor, kan du kontakte oss p\u00e5 info@easytable.com. 1. Abonnement easyTableBooking ApS (heretter kalt ETB) er et selskap som tilbyr &#8220;easyTable&#8221; til andre virksomheter (heretter kalt Kunden), som er et abonnementsbasert system for h\u00e5ndtering av online reservasjoner. After the free trial period, the [&hellip;]","og_url":"https:\/\/easytable.com\/no\/generelle-vilkar-og-betingelser\/","og_site_name":"easyTable","article_modified_time":"2024-10-30T15:22:14+00:00","twitter_card":"summary_large_image","twitter_misc":{"Ansl. lesetid":"4 minutter"},"schema":{"@context":"https:\/\/schema.org","@graph":[{"@type":"WebPage","@id":"https:\/\/easytable.com\/no\/generelle-vilkar-og-betingelser\/","url":"https:\/\/easytable.com\/no\/generelle-vilkar-og-betingelser\/","name":"Generelle vilk\u00e5r og betingelser - easyTable","isPartOf":{"@id":"https:\/\/easytable.com\/no\/#website"},"datePublished":"2024-10-30T13:48:37+00:00","dateModified":"2024-10-30T15:22:14+00:00","breadcrumb":{"@id":"https:\/\/easytable.com\/no\/generelle-vilkar-og-betingelser\/#breadcrumb"},"inLanguage":"nb-NO","potentialAction":[{"@type":"ReadAction","target":["https:\/\/easytable.com\/no\/generelle-vilkar-og-betingelser\/"]}]},{"@type":"BreadcrumbList","@id":"https:\/\/easytable.com\/no\/generelle-vilkar-og-betingelser\/#breadcrumb","itemListElement":[{"@type":"ListItem","position":1,"name":"Home","item":"https:\/\/easytable.com\/no\/forsiden\/"},{"@type":"ListItem","position":2,"name":"Generelle vilk\u00e5r og betingelser"}]},{"@type":"WebSite","@id":"https:\/\/easytable.com\/no\/#website","url":"https:\/\/easytable.com\/no\/","name":"easyTable.com","description":"","publisher":{"@id":"https:\/\/easytable.com\/no\/#organization"},"potentialAction":[{"@type":"SearchAction","target":{"@type":"EntryPoint","urlTemplate":"https:\/\/easytable.com\/no\/?s={search_term_string}"},"query-input":{"@type":"PropertyValueSpecification","valueRequired":true,"valueName":"search_term_string"}}],"inLanguage":"nb-NO"},{"@type":"Organization","@id":"https:\/\/easytable.com\/no\/#organization","name":"easyTable","url":"https:\/\/easytable.com\/no\/","logo":{"@type":"ImageObject","inLanguage":"nb-NO","@id":"https:\/\/easytable.com\/no\/#\/schema\/logo\/image\/","url":"https:\/\/easytable.com\/wp-content\/uploads\/2024\/02\/Logo-ETB.svg","contentUrl":"https:\/\/easytable.com\/wp-content\/uploads\/2024\/02\/Logo-ETB.svg","width":153,"height":34,"caption":"easyTable"},"image":{"@id":"https:\/\/easytable.com\/no\/#\/schema\/logo\/image\/"}}]}},"_links":{"self":[{"href":"https:\/\/easytable.com\/no\/wp-json\/wp\/v2\/pages\/6141","targetHints":{"allow":["GET"]}}],"collection":[{"href":"https:\/\/easytable.com\/no\/wp-json\/wp\/v2\/pages"}],"about":[{"href":"https:\/\/easytable.com\/no\/wp-json\/wp\/v2\/types\/page"}],"author":[{"embeddable":true,"href":"https:\/\/easytable.com\/no\/wp-json\/wp\/v2\/users\/1"}],"replies":[{"embeddable":true,"href":"https:\/\/easytable.com\/no\/wp-json\/wp\/v2\/comments?post=6141"}],"version-history":[{"count":1,"href":"https:\/\/easytable.com\/no\/wp-json\/wp\/v2\/pages\/6141\/revisions"}],"predecessor-version":[{"id":6142,"href":"https:\/\/easytable.com\/no\/wp-json\/wp\/v2\/pages\/6141\/revisions\/6142"}],"wp:attachment":[{"href":"https:\/\/easytable.com\/no\/wp-json\/wp\/v2\/media?parent=6141"}],"curies":[{"name":"wp","href":"https:\/\/api.w.org\/{rel}","templated":true}]}}