{"id":4026,"date":"2024-05-16T11:04:35","date_gmt":"2024-05-16T11:04:35","guid":{"rendered":"https:\/\/easytable.com\/onboarding-bekreftet\/"},"modified":"2024-05-30T11:43:00","modified_gmt":"2024-05-30T11:43:00","slug":"onboarding-bekreftet","status":"publish","type":"page","link":"https:\/\/easytable.com\/no\/onboarding-bekreftet\/","title":{"rendered":"Onboarding bekreftet"},"content":{"rendered":"\t\t<div data-elementor-type=\"wp-page\" data-elementor-id=\"4026\" class=\"elementor elementor-4026 elementor-2440\" data-elementor-post-type=\"page\">\n\t\t\t\t<div class=\"elementor-element elementor-element-725dfa7 e-flex e-con-boxed e-con e-parent\" data-id=\"725dfa7\" data-element_type=\"container\" data-e-type=\"container\">\n\t\t\t\t\t<div class=\"e-con-inner\">\n\t\t\t\t<div class=\"elementor-element elementor-element-70bad70 elementor-widget elementor-widget-heading\" data-id=\"70bad70\" data-element_type=\"widget\" data-e-type=\"widget\" data-widget_type=\"heading.default\">\n\t\t\t\t<div class=\"elementor-widget-container\">\n\t\t\t\t\t<h2 class=\"elementor-heading-title elementor-size-default\">Onboarding vellykket booket<\/h2>\t\t\t\t<\/div>\n\t\t\t\t<\/div>\n\t\t\t\t<div class=\"elementor-element elementor-element-7463771 elementor-widget elementor-widget-text-editor\" data-id=\"7463771\" data-element_type=\"widget\" data-e-type=\"widget\" data-widget_type=\"text-editor.default\">\n\t\t\t\t<div class=\"elementor-widget-container\">\n\t\t\t\t\t\t\t\t\t<p class=\"has-text-align-center\">Takk for din interesse for easyTableBooking.<\/p>\n<p class=\"has-text-align-center\">Du vil om kort tid motta en bekreftelse p\u00e5 e-post sammen med en lenke til m\u00f8tet v\u00e5rt.<\/p>\n<p class=\"has-text-align-center\">Hvis du har noen sp\u00f8rsm\u00e5l f\u00f8r m\u00f8tet, ikke n\u00f8l med \u00e5 kontakte oss!<\/p>\n<p><strong>VIKTIG: <\/strong>Hvis du av en eller annen grunn ikke kan komme, kan du avtale ny tid ved \u00e5 bruke lenken i e-postbekreftelsen.<\/p>\n\t\t\t\t\t\t\t\t<\/div>\n\t\t\t\t<\/div>\n\t\t\t\t\t<\/div>\n\t\t\t\t<\/div>\n\t\t\t\t<\/div>\n\t\t","protected":false},"excerpt":{"rendered":"<p>Onboarding vellykket booket Takk for din interesse for easyTableBooking. Du vil om kort tid motta en bekreftelse p\u00e5 e-post sammen med en lenke til m\u00f8tet v\u00e5rt. Hvis du har noen sp\u00f8rsm\u00e5l f\u00f8r m\u00f8tet, ikke n\u00f8l med \u00e5 kontakte oss! VIKTIG: Hvis du av en eller annen grunn ikke kan komme, kan du avtale ny tid [&hellip;]<\/p>\n","protected":false},"author":1,"featured_media":0,"parent":0,"menu_order":0,"comment_status":"closed","ping_status":"closed","template":"","meta":{"inline_featured_image":false,"footnotes":""},"class_list":["post-4026","page","type-page","status-publish","hentry"],"yoast_head":"<!-- This site is optimized with the Yoast SEO plugin v27.5 - https:\/\/yoast.com\/product\/yoast-seo-wordpress\/ -->\n<title>Onboarding bekreftet - easyTable<\/title>\n<meta name=\"robots\" content=\"index, follow, max-snippet:-1, max-image-preview:large, max-video-preview:-1\" \/>\n<link rel=\"canonical\" href=\"https:\/\/easytable.com\/no\/onboarding-bekreftet\/\" \/>\n<meta property=\"og:locale\" content=\"nb_NO\" \/>\n<meta property=\"og:type\" content=\"article\" \/>\n<meta property=\"og:title\" content=\"Onboarding bekreftet - easyTable\" \/>\n<meta property=\"og:description\" content=\"Onboarding vellykket booket Takk for din interesse for easyTableBooking. Du vil om kort tid motta en bekreftelse p\u00e5 e-post sammen med en lenke til m\u00f8tet v\u00e5rt. Hvis du har noen sp\u00f8rsm\u00e5l f\u00f8r m\u00f8tet, ikke n\u00f8l med \u00e5 kontakte oss! VIKTIG: Hvis du av en eller annen grunn ikke kan komme, kan du avtale ny tid [&hellip;]\" \/>\n<meta property=\"og:url\" content=\"https:\/\/easytable.com\/no\/onboarding-bekreftet\/\" \/>\n<meta property=\"og:site_name\" content=\"easyTable\" \/>\n<meta property=\"article:modified_time\" content=\"2024-05-30T11:43:00+00:00\" \/>\n<meta name=\"twitter:card\" content=\"summary_large_image\" \/>\n<script type=\"application\/ld+json\" class=\"yoast-schema-graph\">{\"@context\":\"https:\\\/\\\/schema.org\",\"@graph\":[{\"@type\":\"WebPage\",\"@id\":\"https:\\\/\\\/easytable.com\\\/no\\\/onboarding-bekreftet\\\/\",\"url\":\"https:\\\/\\\/easytable.com\\\/no\\\/onboarding-bekreftet\\\/\",\"name\":\"Onboarding bekreftet - easyTable\",\"isPartOf\":{\"@id\":\"https:\\\/\\\/easytable.com\\\/no\\\/#website\"},\"datePublished\":\"2024-05-16T11:04:35+00:00\",\"dateModified\":\"2024-05-30T11:43:00+00:00\",\"breadcrumb\":{\"@id\":\"https:\\\/\\\/easytable.com\\\/no\\\/onboarding-bekreftet\\\/#breadcrumb\"},\"inLanguage\":\"nb-NO\",\"potentialAction\":[{\"@type\":\"ReadAction\",\"target\":[\"https:\\\/\\\/easytable.com\\\/no\\\/onboarding-bekreftet\\\/\"]}]},{\"@type\":\"BreadcrumbList\",\"@id\":\"https:\\\/\\\/easytable.com\\\/no\\\/onboarding-bekreftet\\\/#breadcrumb\",\"itemListElement\":[{\"@type\":\"ListItem\",\"position\":1,\"name\":\"Home\",\"item\":\"https:\\\/\\\/easytable.com\\\/no\\\/forsiden\\\/\"},{\"@type\":\"ListItem\",\"position\":2,\"name\":\"Onboarding bekreftet\"}]},{\"@type\":\"WebSite\",\"@id\":\"https:\\\/\\\/easytable.com\\\/no\\\/#website\",\"url\":\"https:\\\/\\\/easytable.com\\\/no\\\/\",\"name\":\"easyTable.com\",\"description\":\"\",\"publisher\":{\"@id\":\"https:\\\/\\\/easytable.com\\\/no\\\/#organization\"},\"potentialAction\":[{\"@type\":\"SearchAction\",\"target\":{\"@type\":\"EntryPoint\",\"urlTemplate\":\"https:\\\/\\\/easytable.com\\\/no\\\/?s={search_term_string}\"},\"query-input\":{\"@type\":\"PropertyValueSpecification\",\"valueRequired\":true,\"valueName\":\"search_term_string\"}}],\"inLanguage\":\"nb-NO\"},{\"@type\":\"Organization\",\"@id\":\"https:\\\/\\\/easytable.com\\\/no\\\/#organization\",\"name\":\"easyTable\",\"url\":\"https:\\\/\\\/easytable.com\\\/no\\\/\",\"logo\":{\"@type\":\"ImageObject\",\"inLanguage\":\"nb-NO\",\"@id\":\"https:\\\/\\\/easytable.com\\\/no\\\/#\\\/schema\\\/logo\\\/image\\\/\",\"url\":\"https:\\\/\\\/easytable.com\\\/wp-content\\\/uploads\\\/2024\\\/02\\\/Logo-ETB.svg\",\"contentUrl\":\"https:\\\/\\\/easytable.com\\\/wp-content\\\/uploads\\\/2024\\\/02\\\/Logo-ETB.svg\",\"width\":153,\"height\":34,\"caption\":\"easyTable\"},\"image\":{\"@id\":\"https:\\\/\\\/easytable.com\\\/no\\\/#\\\/schema\\\/logo\\\/image\\\/\"}}]}<\/script>\n<!-- \/ Yoast SEO plugin. -->","yoast_head_json":{"title":"Onboarding bekreftet - easyTable","robots":{"index":"index","follow":"follow","max-snippet":"max-snippet:-1","max-image-preview":"max-image-preview:large","max-video-preview":"max-video-preview:-1"},"canonical":"https:\/\/easytable.com\/no\/onboarding-bekreftet\/","og_locale":"nb_NO","og_type":"article","og_title":"Onboarding bekreftet - easyTable","og_description":"Onboarding vellykket booket Takk for din interesse for easyTableBooking. Du vil om kort tid motta en bekreftelse p\u00e5 e-post sammen med en lenke til m\u00f8tet v\u00e5rt. Hvis du har noen sp\u00f8rsm\u00e5l f\u00f8r m\u00f8tet, ikke n\u00f8l med \u00e5 kontakte oss! VIKTIG: Hvis du av en eller annen grunn ikke kan komme, kan du avtale ny tid [&hellip;]","og_url":"https:\/\/easytable.com\/no\/onboarding-bekreftet\/","og_site_name":"easyTable","article_modified_time":"2024-05-30T11:43:00+00:00","twitter_card":"summary_large_image","schema":{"@context":"https:\/\/schema.org","@graph":[{"@type":"WebPage","@id":"https:\/\/easytable.com\/no\/onboarding-bekreftet\/","url":"https:\/\/easytable.com\/no\/onboarding-bekreftet\/","name":"Onboarding bekreftet - easyTable","isPartOf":{"@id":"https:\/\/easytable.com\/no\/#website"},"datePublished":"2024-05-16T11:04:35+00:00","dateModified":"2024-05-30T11:43:00+00:00","breadcrumb":{"@id":"https:\/\/easytable.com\/no\/onboarding-bekreftet\/#breadcrumb"},"inLanguage":"nb-NO","potentialAction":[{"@type":"ReadAction","target":["https:\/\/easytable.com\/no\/onboarding-bekreftet\/"]}]},{"@type":"BreadcrumbList","@id":"https:\/\/easytable.com\/no\/onboarding-bekreftet\/#breadcrumb","itemListElement":[{"@type":"ListItem","position":1,"name":"Home","item":"https:\/\/easytable.com\/no\/forsiden\/"},{"@type":"ListItem","position":2,"name":"Onboarding bekreftet"}]},{"@type":"WebSite","@id":"https:\/\/easytable.com\/no\/#website","url":"https:\/\/easytable.com\/no\/","name":"easyTable.com","description":"","publisher":{"@id":"https:\/\/easytable.com\/no\/#organization"},"potentialAction":[{"@type":"SearchAction","target":{"@type":"EntryPoint","urlTemplate":"https:\/\/easytable.com\/no\/?s={search_term_string}"},"query-input":{"@type":"PropertyValueSpecification","valueRequired":true,"valueName":"search_term_string"}}],"inLanguage":"nb-NO"},{"@type":"Organization","@id":"https:\/\/easytable.com\/no\/#organization","name":"easyTable","url":"https:\/\/easytable.com\/no\/","logo":{"@type":"ImageObject","inLanguage":"nb-NO","@id":"https:\/\/easytable.com\/no\/#\/schema\/logo\/image\/","url":"https:\/\/easytable.com\/wp-content\/uploads\/2024\/02\/Logo-ETB.svg","contentUrl":"https:\/\/easytable.com\/wp-content\/uploads\/2024\/02\/Logo-ETB.svg","width":153,"height":34,"caption":"easyTable"},"image":{"@id":"https:\/\/easytable.com\/no\/#\/schema\/logo\/image\/"}}]}},"_links":{"self":[{"href":"https:\/\/easytable.com\/no\/wp-json\/wp\/v2\/pages\/4026","targetHints":{"allow":["GET"]}}],"collection":[{"href":"https:\/\/easytable.com\/no\/wp-json\/wp\/v2\/pages"}],"about":[{"href":"https:\/\/easytable.com\/no\/wp-json\/wp\/v2\/types\/page"}],"author":[{"embeddable":true,"href":"https:\/\/easytable.com\/no\/wp-json\/wp\/v2\/users\/1"}],"replies":[{"embeddable":true,"href":"https:\/\/easytable.com\/no\/wp-json\/wp\/v2\/comments?post=4026"}],"version-history":[{"count":1,"href":"https:\/\/easytable.com\/no\/wp-json\/wp\/v2\/pages\/4026\/revisions"}],"predecessor-version":[{"id":4027,"href":"https:\/\/easytable.com\/no\/wp-json\/wp\/v2\/pages\/4026\/revisions\/4027"}],"wp:attachment":[{"href":"https:\/\/easytable.com\/no\/wp-json\/wp\/v2\/media?parent=4026"}],"curies":[{"name":"wp","href":"https:\/\/api.w.org\/{rel}","templated":true}]}}