{"id":4014,"date":"2024-03-21T19:43:13","date_gmt":"2024-03-21T19:43:13","guid":{"rendered":"https:\/\/easytable.com\/kom-i-gang-skjema\/"},"modified":"2024-05-30T11:41:54","modified_gmt":"2024-05-30T11:41:54","slug":"kom-i-gang-skjema","status":"publish","type":"page","link":"https:\/\/easytable.com\/no\/kom-i-gang-skjema\/","title":{"rendered":"Kom i gang-skjema"},"content":{"rendered":"\t\t<div data-elementor-type=\"wp-page\" data-elementor-id=\"4014\" class=\"elementor elementor-4014 elementor-1522\" data-elementor-post-type=\"page\">\n\t\t\t\t<div class=\"elementor-element elementor-element-c0b46d0 getstartedform_container e-flex e-con-boxed e-con e-parent\" data-id=\"c0b46d0\" data-element_type=\"container\" data-e-type=\"container\">\n\t\t\t\t\t<div class=\"e-con-inner\">\n\t\t\t\t<div class=\"elementor-element elementor-element-f15e3d4 elementor-widget elementor-widget-heading\" data-id=\"f15e3d4\" data-element_type=\"widget\" data-e-type=\"widget\" data-widget_type=\"heading.default\">\n\t\t\t\t<div class=\"elementor-widget-container\">\n\t\t\t\t\t<div class=\"elementor-heading-title elementor-size-default\">Start reisen din n\u00e5<\/div>\t\t\t\t<\/div>\n\t\t\t\t<\/div>\n\t\t\t\t<div class=\"elementor-element elementor-element-b072429 elementor-widget elementor-widget-text-editor\" data-id=\"b072429\" data-element_type=\"widget\" data-e-type=\"widget\" data-widget_type=\"text-editor.default\">\n\t\t\t\t<div class=\"elementor-widget-container\">\n\t\t\t\t\t\t\t\t\t<p>Opprett kontoen din ved \u00e5 fylle ut feltene nedenfor. Den f\u00f8rste m\u00e5neden er alltid gratis.<\/p>\n\t\t\t\t\t\t\t\t<\/div>\n\t\t\t\t<\/div>\n\t\t\t\t<div class=\"elementor-element elementor-element-589c79a elementor-widget__width-inherit elementor-widget elementor-widget-wpforms\" data-id=\"589c79a\" data-element_type=\"widget\" data-e-type=\"widget\" data-widget_type=\"wpforms.default\">\n\t\t\t\t<div class=\"elementor-widget-container\">\n\t\t\t\t\t<div class=\"wpforms-container wpforms-container-full getstarted wpforms-render-modern\" id=\"wpforms-1479\"><form id=\"wpforms-form-1479\" class=\"wpforms-validate wpforms-form wpforms-ajax-form\" data-formid=\"1479\" method=\"post\" enctype=\"multipart\/form-data\" action=\"\/no\/wp-json\/wp\/v2\/pages\/4014\" data-token=\"f96c45603e9cf3dd13b9b45a50964500\" data-token-time=\"1776379229\"><noscript class=\"wpforms-error-noscript\">Please enable JavaScript in your browser to complete this form.<\/noscript><div id=\"wpforms-error-noscript\" style=\"display: none;\">Please enable JavaScript in your browser to complete this form.<\/div><div class=\"wpforms-field-container\"><div class=\"wpforms-page wpforms-page-1 \" data-page=\"1\"><div id=\"wpforms-1479-field_13-container\" class=\"wpforms-field wpforms-field-pagebreak\" data-field-id=\"13\"><\/div><div id=\"wpforms-1479-field_19-container\" class=\"wpforms-field wpforms-field-email\" data-field-id=\"19\"><label class=\"wpforms-field-label\" for=\"wpforms-1479-field_19\">Din e-post <span class=\"wpforms-required-label\" aria-hidden=\"true\">*<\/span><\/label><input type=\"email\" id=\"wpforms-1479-field_19\" class=\"wpforms-field-large wpforms-field-required\" name=\"wpforms[fields][19]\" spellcheck=\"false\" aria-errormessage=\"wpforms-1479-field_19-error\" required><\/div><div id=\"wpforms-1479-field_11-container\" class=\"wpforms-field wpforms-field-text\" data-field-id=\"11\"><label class=\"wpforms-field-label\" for=\"wpforms-1479-field_11\">Navn p\u00e5 restaurant <span class=\"wpforms-required-label\" aria-hidden=\"true\">*<\/span><\/label><input type=\"text\" id=\"wpforms-1479-field_11\" class=\"wpforms-field-large wpforms-field-required\" name=\"wpforms[fields][11]\" aria-errormessage=\"wpforms-1479-field_11-error\" required><\/div><div id=\"wpforms-1479-field_38-container\" class=\"wpforms-field wpforms-field-checkbox\" data-field-id=\"38\"><fieldset><legend class=\"wpforms-field-label\"> <span class=\"wpforms-required-label\" aria-hidden=\"true\">*<\/span><\/legend><ul id=\"wpforms-1479-field_38\" class=\"wpforms-field-required\"><li class=\"choice-1 depth-1\"><input type=\"checkbox\" id=\"wpforms-1479-field_38_1\" name=\"wpforms[fields][38][]\" value=\"Jeg eier eller driver denne restauranten.\" aria-errormessage=\"wpforms-1479-field_38_1-error\" required ><label class=\"wpforms-field-label-inline\" for=\"wpforms-1479-field_38_1\">Jeg eier eller driver denne restauranten.<\/label><\/li><\/ul><\/fieldset><\/div><div id=\"wpforms-1479-field_21-container\" class=\"wpforms-field wpforms-field-html progress_container\" data-field-id=\"21\"><div id=\"wpforms-1479-field_21\" aria-errormessage=\"wpforms-1479-field_21-error\"><div class=\"progress\">\r\n<div class=\"step1\"><\/div>\r\n<div class=\"step2\"><\/div>\r\n<div class=\"step3\"><\/div>\r\n<\/div>\r\n<div class=\"progress_step\">Trinn 1\/3<\/div><\/div><\/div><div id=\"wpforms-1479-field_27-container\" class=\"wpforms-field wpforms-field-hidden\" data-field-id=\"27\"><input type=\"hidden\" id=\"wpforms-1479-field_27\" name=\"wpforms[fields][27]\" value=\"no\"><\/div><div id=\"wpforms-1479-field_31-container\" class=\"wpforms-field wpforms-field-hidden\" data-field-id=\"31\"><input type=\"hidden\" id=\"wpforms-1479-field_31\" name=\"wpforms[fields][31]\"><\/div><div id=\"wpforms-1479-field_34-container\" class=\"wpforms-field wpforms-field-hidden\" data-field-id=\"34\"><input type=\"hidden\" id=\"wpforms-1479-field_34\" name=\"wpforms[fields][34]\"><\/div><div id=\"wpforms-1479-field_35-container\" class=\"wpforms-field wpforms-field-hidden\" data-field-id=\"35\"><input type=\"hidden\" id=\"wpforms-1479-field_35\" name=\"wpforms[fields][35]\"><\/div><div id=\"wpforms-1479-field_36-container\" class=\"wpforms-field wpforms-field-hidden\" data-field-id=\"36\"><input type=\"hidden\" id=\"wpforms-1479-field_36\" name=\"wpforms[fields][36]\"><\/div><div id=\"wpforms-1479-field_32-container\" class=\"wpforms-field wpforms-field-html\" data-field-id=\"32\"><div id=\"wpforms-1479-field_32\" aria-errormessage=\"wpforms-1479-field_32-error\"><script>if (getCookie(\"referrer_url\")) {\r\n  const referrerField = document.querySelector(\"input[type='hidden'][name='wpforms[fields][31]']\");\r\n  \r\n  if (referrerField) {\r\n    referrerField.value = getCookie(\"referrer_url\");\r\n  }\r\n}\r\nif (getCookie(\"campaignid\")) {\r\n  const campaignidField = document.querySelector(\"input[type='hidden'][name='wpforms[fields][34]']\");\r\n  \r\n  if (campaignidField) {\r\n    campaignidField.value = getCookie(\"campaignid\");\r\n  }\r\n}\r\nif (getCookie(\"adid\")) {\r\n  const adidField = document.querySelector(\"input[type='hidden'][name='wpforms[fields][35]']\");\r\n  \r\n  if (adidField) {\r\n    adidField.value = getCookie(\"adid\");\r\n  }\r\n}\r\nif (getCookie(\"keyword\")) {\r\n  const keywordField = document.querySelector(\"input[type='hidden'][name='wpforms[fields][36]']\");\r\n  \r\n  if (keywordField) {\r\n    keywordField.value = getCookie(\"keyword\");\r\n  }\r\n}\r\n<\/script><\/div><\/div><div id=\"wpforms-1479-field_12-container\" class=\"wpforms-field wpforms-field-pagebreak\" data-field-id=\"12\"><div class=\"wpforms-clear wpforms-pagebreak-center\"><button class=\"wpforms-page-button wpforms-page-next wpforms-disabled\"\n\t\t\t\t\tdata-action=\"next\" data-page=\"1\" data-formid=\"1479\" aria-disabled=\"true\" aria-describedby=\"wpforms-error-noscript\">Neste trinn<\/button><\/div><\/div><\/div><div class=\"wpforms-page wpforms-page-2  \" data-page=\"2\" style=\"display:none;\"><div id=\"wpforms-1479-field_20-container\" class=\"wpforms-field wpforms-field-name\" data-field-id=\"20\"><label class=\"wpforms-field-label\" for=\"wpforms-1479-field_20\">Navn p\u00e5 kontaktperson <span class=\"wpforms-required-label\" aria-hidden=\"true\">*<\/span><\/label><input type=\"text\" id=\"wpforms-1479-field_20\" class=\"wpforms-field-large wpforms-field-required\" name=\"wpforms[fields][20]\" aria-errormessage=\"wpforms-1479-field_20-error\" required><\/div><div id=\"wpforms-1479-field_16-container\" class=\"wpforms-field wpforms-field-phone\" data-field-id=\"16\"><label class=\"wpforms-field-label\" for=\"wpforms-1479-field_16\">Telefonnummer <span class=\"wpforms-required-label\" aria-hidden=\"true\">*<\/span><\/label><input type=\"tel\" id=\"wpforms-1479-field_16\" class=\"wpforms-field-large wpforms-field-required wpforms-smart-phone-field\" data-rule-smart-phone-field=\"true\" name=\"wpforms[fields][16]\" aria-label=\"Telefonnummer\" aria-errormessage=\"wpforms-1479-field_16-error\" required><\/div>\t\t<div id=\"wpforms-1479-field_1-container\"\n\t\t\tclass=\"wpforms-field wpforms-field-text\"\n\t\t\tdata-field-type=\"text\"\n\t\t\tdata-field-id=\"1\"\n\t\t\t>\n\t\t\t<label class=\"wpforms-field-label\" for=\"wpforms-1479-field_1\" >Navn p\u00e5 kontaktperson<\/label>\n\t\t\t<input type=\"text\" id=\"wpforms-1479-field_1\" class=\"wpforms-field-medium\" name=\"wpforms[fields][1]\" >\n\t\t<\/div>\n\t\t<div id=\"wpforms-1479-field_22-container\" class=\"wpforms-field wpforms-field-html progress_container\" data-field-id=\"22\"><div id=\"wpforms-1479-field_22\" aria-errormessage=\"wpforms-1479-field_22-error\"><div class=\"progress\">\r\n<div class=\"step1\"><\/div>\r\n<div class=\"step2\"><\/div>\r\n<div class=\"step3\"><\/div>\r\n<\/div>\r\n<div class=\"progress_step\">Trinn 2\/3<\/div><\/div><\/div><div id=\"wpforms-1479-field_17-container\" class=\"wpforms-field wpforms-field-pagebreak\" data-field-id=\"17\"><div class=\"wpforms-clear wpforms-pagebreak-center\"><button class=\"wpforms-page-button wpforms-page-prev wpforms-disabled\"\n\t\t\t\t\tdata-action=\"prev\" data-page=\"2\" data-formid=\"1479\" aria-disabled=\"true\" aria-describedby=\"wpforms-error-noscript\">Tilbake<\/button><button class=\"wpforms-page-button wpforms-page-next wpforms-disabled\"\n\t\t\t\t\tdata-action=\"next\" data-page=\"2\" data-formid=\"1479\" aria-disabled=\"true\" aria-describedby=\"wpforms-error-noscript\">Neste trinn<\/button><\/div><\/div><\/div><div class=\"wpforms-page wpforms-page-3 last \" data-page=\"3\" style=\"display:none;\"><div id=\"wpforms-1479-field_18-container\" class=\"wpforms-field wpforms-field-password\" data-field-id=\"18\"><fieldset><legend class=\"wpforms-field-label\">Passord <span class=\"wpforms-required-label\" aria-hidden=\"true\">*<\/span><\/legend><div class=\"wpforms-field-row wpforms-field-large\"><div class=\"wpforms-field-row-block wpforms-one-half wpforms-first\"><input type=\"password\" id=\"wpforms-1479-field_18\" class=\"wpforms-field-required wpforms-field-password-primary\" data-rule-password-strength=\"1\" data-password-strength-level=\"3\" name=\"wpforms[fields][18][primary]\" spellcheck=\"false\" aria-errormessage=\"wpforms-1479-field_18-error\" required><label for=\"wpforms-1479-field_18\" class=\"wpforms-field-sublabel after\">Passord<\/label><\/div><div class=\"wpforms-field-row-block wpforms-one-half\"><input type=\"password\" id=\"wpforms-1479-field_18-secondary\" class=\"wpforms-field-password-secondary wpforms-field-required\" data-rule-confirm=\"#wpforms-1479-field_18\" name=\"wpforms[fields][18][secondary]\" spellcheck=\"false\" aria-errormessage=\"wpforms-1479-field_18-secondary-error\" required><label for=\"wpforms-1479-field_18-secondary\" class=\"wpforms-field-sublabel after\">Bekreft passord<\/label><\/div><\/div><\/fieldset><\/div><div id=\"wpforms-1479-field_23-container\" class=\"wpforms-field wpforms-field-html progress_container\" data-field-id=\"23\"><div id=\"wpforms-1479-field_23\" aria-errormessage=\"wpforms-1479-field_23-error\"><div class=\"progress\">\r\n<div class=\"step1\"><\/div>\r\n<div class=\"step2\"><\/div>\r\n<div class=\"step3\"><\/div>\r\n<\/div>\r\n<div class=\"progress_step\">Trinn 3\/3<\/div><\/div><\/div><div id=\"wpforms-1479-field_28-container\" class=\"wpforms-field wpforms-field-hidden\" data-field-id=\"28\"><input type=\"hidden\" id=\"wpforms-1479-field_28\" name=\"wpforms[fields][28]\"><\/div><div id=\"wpforms-1479-field_37-container\" class=\"wpforms-field wpforms-field-hidden\" data-field-id=\"37\"><input type=\"hidden\" id=\"wpforms-1479-field_37\" name=\"wpforms[fields][37]\"><\/div><div id=\"wpforms-1479-field_14-container\" class=\"wpforms-field wpforms-field-pagebreak\" data-field-id=\"14\"><div class=\"wpforms-clear wpforms-pagebreak-center\"><button class=\"wpforms-page-button wpforms-page-prev wpforms-disabled\"\n\t\t\t\t\tdata-action=\"prev\" data-page=\"3\" data-formid=\"1479\" aria-disabled=\"true\" aria-describedby=\"wpforms-error-noscript\">Tilbake<\/button><\/div><\/div><\/div><script>\n\t\t\t\t( function() {\n\t\t\t\t\tconst style = document.createElement( 'style' );\n\t\t\t\t\tstyle.appendChild( document.createTextNode( '#wpforms-1479-field_1-container { position: absolute !important; overflow: hidden !important; display: inline !important; height: 1px !important; width: 1px !important; z-index: -1000 !important; padding: 0 !important; } #wpforms-1479-field_1-container input { visibility: hidden; } #wpforms-conversational-form-page #wpforms-1479-field_1-container label { counter-increment: none; }' ) );\n\t\t\t\t\tdocument.head.appendChild( style );\n\t\t\t\t\tdocument.currentScript?.remove();\n\t\t\t\t} )();\n\t\t\t<\/script><\/div><!-- .wpforms-field-container --><div class=\"wpforms-recaptcha-container wpforms-is-turnstile\" style=\"display:none;\"><div class=\"wpforms-turnstile\" data-sitekey=\"0x4AAAAAAB34Y9hkdvEz0cbp\" data-action=\"FormID-1479\"><\/div><input type=\"text\" name=\"g-recaptcha-hidden\" class=\"wpforms-recaptcha-hidden\" style=\"position:absolute!important;clip:rect(0,0,0,0)!important;height:1px!important;width:1px!important;border:0!important;overflow:hidden!important;padding:0!important;margin:0!important;\" data-rule-turnstile=\"1\"><\/div><div class=\"wpforms-submit-container\" style=\"display:none;\"><input type=\"hidden\" name=\"wpforms[id]\" value=\"1479\"><input type=\"hidden\" name=\"page_title\" value=\"\"><input type=\"hidden\" name=\"page_url\" value=\"https:\/\/easytable.com\/no\/wp-json\/wp\/v2\/pages\/4014\"><input type=\"hidden\" name=\"url_referer\" value=\"\"><button type=\"submit\" name=\"wpforms[submit]\" id=\"wpforms-submit-1479\" class=\"wpforms-submit\" data-alt-text=\"Sender...\" data-submit-text=\"Send inn\" aria-live=\"assertive\" value=\"wpforms-submit\">Send inn<\/button><img decoding=\"async\" src=\"https:\/\/easytable.com\/wp-content\/plugins\/wpforms\/assets\/images\/submit-spin.svg\" class=\"wpforms-submit-spinner\" style=\"display: none;\" width=\"26\" height=\"26\" alt=\"Loading\"><\/div><\/form><\/div>  <!-- .wpforms-container -->\t\t\t\t<\/div>\n\t\t\t\t<\/div>\n\t\t\t\t\t<\/div>\n\t\t\t\t<\/div>\n\t\t\t\t<\/div>\n\t\t","protected":false},"excerpt":{"rendered":"<p>Start reisen din n\u00e5 Opprett kontoen din ved \u00e5 fylle ut feltene nedenfor. Den f\u00f8rste m\u00e5neden er alltid gratis. Please enable JavaScript in your browser to complete this form.Please enable JavaScript in your browser to complete this form.Your email *Restaurant name * Step 1\/3Next stepContact person name *Phone number * Step 2\/3BackNext step Password * [&hellip;]<\/p>\n","protected":false},"author":1,"featured_media":0,"parent":0,"menu_order":0,"comment_status":"closed","ping_status":"closed","template":"","meta":{"inline_featured_image":false,"footnotes":""},"class_list":["post-4014","page","type-page","status-publish","hentry"],"yoast_head":"<!-- This site is optimized with the Yoast SEO plugin v27.4 - https:\/\/yoast.com\/product\/yoast-seo-wordpress\/ -->\n<title>Kom i gang-skjema - easyTable<\/title>\n<meta name=\"robots\" content=\"index, follow, max-snippet:-1, max-image-preview:large, max-video-preview:-1\" \/>\n<link rel=\"canonical\" href=\"https:\/\/easytable.com\/no\/kom-i-gang-skjema\/\" \/>\n<meta property=\"og:locale\" content=\"nb_NO\" \/>\n<meta property=\"og:type\" content=\"article\" \/>\n<meta property=\"og:title\" content=\"Kom i gang-skjema - easyTable\" \/>\n<meta property=\"og:description\" content=\"Start reisen din n\u00e5 Opprett kontoen din ved \u00e5 fylle ut feltene nedenfor. Den f\u00f8rste m\u00e5neden er alltid gratis. Please enable JavaScript in your browser to complete this form.Please enable JavaScript in your browser to complete this form.Your email *Restaurant name * Step 1\/3Next stepContact person name *Phone number * Step 2\/3BackNext step Password * [&hellip;]\" \/>\n<meta property=\"og:url\" content=\"https:\/\/easytable.com\/no\/kom-i-gang-skjema\/\" \/>\n<meta property=\"og:site_name\" content=\"easyTable\" \/>\n<meta property=\"article:modified_time\" content=\"2024-05-30T11:41:54+00:00\" \/>\n<meta property=\"og:image\" content=\"https:\/\/easytable.com\/wp-content\/plugins\/wpforms\/assets\/images\/submit-spin.svg\" \/>\n<meta name=\"twitter:card\" content=\"summary_large_image\" \/>\n<script type=\"application\/ld+json\" class=\"yoast-schema-graph\">{\"@context\":\"https:\\\/\\\/schema.org\",\"@graph\":[{\"@type\":\"WebPage\",\"@id\":\"https:\\\/\\\/easytable.com\\\/no\\\/kom-i-gang-skjema\\\/\",\"url\":\"https:\\\/\\\/easytable.com\\\/no\\\/kom-i-gang-skjema\\\/\",\"name\":\"Kom i gang-skjema - easyTable\",\"isPartOf\":{\"@id\":\"https:\\\/\\\/easytable.com\\\/no\\\/#website\"},\"primaryImageOfPage\":{\"@id\":\"https:\\\/\\\/easytable.com\\\/no\\\/kom-i-gang-skjema\\\/#primaryimage\"},\"image\":{\"@id\":\"https:\\\/\\\/easytable.com\\\/no\\\/kom-i-gang-skjema\\\/#primaryimage\"},\"thumbnailUrl\":\"https:\\\/\\\/easytable.com\\\/wp-content\\\/plugins\\\/wpforms\\\/assets\\\/images\\\/submit-spin.svg\",\"datePublished\":\"2024-03-21T19:43:13+00:00\",\"dateModified\":\"2024-05-30T11:41:54+00:00\",\"breadcrumb\":{\"@id\":\"https:\\\/\\\/easytable.com\\\/no\\\/kom-i-gang-skjema\\\/#breadcrumb\"},\"inLanguage\":\"nb-NO\",\"potentialAction\":[{\"@type\":\"ReadAction\",\"target\":[\"https:\\\/\\\/easytable.com\\\/no\\\/kom-i-gang-skjema\\\/\"]}]},{\"@type\":\"ImageObject\",\"inLanguage\":\"nb-NO\",\"@id\":\"https:\\\/\\\/easytable.com\\\/no\\\/kom-i-gang-skjema\\\/#primaryimage\",\"url\":\"https:\\\/\\\/easytable.com\\\/wp-content\\\/plugins\\\/wpforms\\\/assets\\\/images\\\/submit-spin.svg\",\"contentUrl\":\"https:\\\/\\\/easytable.com\\\/wp-content\\\/plugins\\\/wpforms\\\/assets\\\/images\\\/submit-spin.svg\"},{\"@type\":\"BreadcrumbList\",\"@id\":\"https:\\\/\\\/easytable.com\\\/no\\\/kom-i-gang-skjema\\\/#breadcrumb\",\"itemListElement\":[{\"@type\":\"ListItem\",\"position\":1,\"name\":\"Home\",\"item\":\"https:\\\/\\\/easytable.com\\\/no\\\/forsiden\\\/\"},{\"@type\":\"ListItem\",\"position\":2,\"name\":\"Kom i gang-skjema\"}]},{\"@type\":\"WebSite\",\"@id\":\"https:\\\/\\\/easytable.com\\\/no\\\/#website\",\"url\":\"https:\\\/\\\/easytable.com\\\/no\\\/\",\"name\":\"easyTable.com\",\"description\":\"\",\"publisher\":{\"@id\":\"https:\\\/\\\/easytable.com\\\/no\\\/#organization\"},\"potentialAction\":[{\"@type\":\"SearchAction\",\"target\":{\"@type\":\"EntryPoint\",\"urlTemplate\":\"https:\\\/\\\/easytable.com\\\/no\\\/?s={search_term_string}\"},\"query-input\":{\"@type\":\"PropertyValueSpecification\",\"valueRequired\":true,\"valueName\":\"search_term_string\"}}],\"inLanguage\":\"nb-NO\"},{\"@type\":\"Organization\",\"@id\":\"https:\\\/\\\/easytable.com\\\/no\\\/#organization\",\"name\":\"easyTable\",\"url\":\"https:\\\/\\\/easytable.com\\\/no\\\/\",\"logo\":{\"@type\":\"ImageObject\",\"inLanguage\":\"nb-NO\",\"@id\":\"https:\\\/\\\/easytable.com\\\/no\\\/#\\\/schema\\\/logo\\\/image\\\/\",\"url\":\"https:\\\/\\\/easytable.com\\\/wp-content\\\/uploads\\\/2024\\\/02\\\/Logo-ETB.svg\",\"contentUrl\":\"https:\\\/\\\/easytable.com\\\/wp-content\\\/uploads\\\/2024\\\/02\\\/Logo-ETB.svg\",\"width\":153,\"height\":34,\"caption\":\"easyTable\"},\"image\":{\"@id\":\"https:\\\/\\\/easytable.com\\\/no\\\/#\\\/schema\\\/logo\\\/image\\\/\"}}]}<\/script>\n<!-- \/ Yoast SEO plugin. -->","yoast_head_json":{"title":"Kom i gang-skjema - easyTable","robots":{"index":"index","follow":"follow","max-snippet":"max-snippet:-1","max-image-preview":"max-image-preview:large","max-video-preview":"max-video-preview:-1"},"canonical":"https:\/\/easytable.com\/no\/kom-i-gang-skjema\/","og_locale":"nb_NO","og_type":"article","og_title":"Kom i gang-skjema - easyTable","og_description":"Start reisen din n\u00e5 Opprett kontoen din ved \u00e5 fylle ut feltene nedenfor. Den f\u00f8rste m\u00e5neden er alltid gratis. Please enable JavaScript in your browser to complete this form.Please enable JavaScript in your browser to complete this form.Your email *Restaurant name * Step 1\/3Next stepContact person name *Phone number * Step 2\/3BackNext step Password * [&hellip;]","og_url":"https:\/\/easytable.com\/no\/kom-i-gang-skjema\/","og_site_name":"easyTable","article_modified_time":"2024-05-30T11:41:54+00:00","og_image":[{"url":"https:\/\/easytable.com\/wp-content\/plugins\/wpforms\/assets\/images\/submit-spin.svg","type":"","width":"","height":""}],"twitter_card":"summary_large_image","schema":{"@context":"https:\/\/schema.org","@graph":[{"@type":"WebPage","@id":"https:\/\/easytable.com\/no\/kom-i-gang-skjema\/","url":"https:\/\/easytable.com\/no\/kom-i-gang-skjema\/","name":"Kom i gang-skjema - easyTable","isPartOf":{"@id":"https:\/\/easytable.com\/no\/#website"},"primaryImageOfPage":{"@id":"https:\/\/easytable.com\/no\/kom-i-gang-skjema\/#primaryimage"},"image":{"@id":"https:\/\/easytable.com\/no\/kom-i-gang-skjema\/#primaryimage"},"thumbnailUrl":"https:\/\/easytable.com\/wp-content\/plugins\/wpforms\/assets\/images\/submit-spin.svg","datePublished":"2024-03-21T19:43:13+00:00","dateModified":"2024-05-30T11:41:54+00:00","breadcrumb":{"@id":"https:\/\/easytable.com\/no\/kom-i-gang-skjema\/#breadcrumb"},"inLanguage":"nb-NO","potentialAction":[{"@type":"ReadAction","target":["https:\/\/easytable.com\/no\/kom-i-gang-skjema\/"]}]},{"@type":"ImageObject","inLanguage":"nb-NO","@id":"https:\/\/easytable.com\/no\/kom-i-gang-skjema\/#primaryimage","url":"https:\/\/easytable.com\/wp-content\/plugins\/wpforms\/assets\/images\/submit-spin.svg","contentUrl":"https:\/\/easytable.com\/wp-content\/plugins\/wpforms\/assets\/images\/submit-spin.svg"},{"@type":"BreadcrumbList","@id":"https:\/\/easytable.com\/no\/kom-i-gang-skjema\/#breadcrumb","itemListElement":[{"@type":"ListItem","position":1,"name":"Home","item":"https:\/\/easytable.com\/no\/forsiden\/"},{"@type":"ListItem","position":2,"name":"Kom i gang-skjema"}]},{"@type":"WebSite","@id":"https:\/\/easytable.com\/no\/#website","url":"https:\/\/easytable.com\/no\/","name":"easyTable.com","description":"","publisher":{"@id":"https:\/\/easytable.com\/no\/#organization"},"potentialAction":[{"@type":"SearchAction","target":{"@type":"EntryPoint","urlTemplate":"https:\/\/easytable.com\/no\/?s={search_term_string}"},"query-input":{"@type":"PropertyValueSpecification","valueRequired":true,"valueName":"search_term_string"}}],"inLanguage":"nb-NO"},{"@type":"Organization","@id":"https:\/\/easytable.com\/no\/#organization","name":"easyTable","url":"https:\/\/easytable.com\/no\/","logo":{"@type":"ImageObject","inLanguage":"nb-NO","@id":"https:\/\/easytable.com\/no\/#\/schema\/logo\/image\/","url":"https:\/\/easytable.com\/wp-content\/uploads\/2024\/02\/Logo-ETB.svg","contentUrl":"https:\/\/easytable.com\/wp-content\/uploads\/2024\/02\/Logo-ETB.svg","width":153,"height":34,"caption":"easyTable"},"image":{"@id":"https:\/\/easytable.com\/no\/#\/schema\/logo\/image\/"}}]}},"_links":{"self":[{"href":"https:\/\/easytable.com\/no\/wp-json\/wp\/v2\/pages\/4014","targetHints":{"allow":["GET"]}}],"collection":[{"href":"https:\/\/easytable.com\/no\/wp-json\/wp\/v2\/pages"}],"about":[{"href":"https:\/\/easytable.com\/no\/wp-json\/wp\/v2\/types\/page"}],"author":[{"embeddable":true,"href":"https:\/\/easytable.com\/no\/wp-json\/wp\/v2\/users\/1"}],"replies":[{"embeddable":true,"href":"https:\/\/easytable.com\/no\/wp-json\/wp\/v2\/comments?post=4014"}],"version-history":[{"count":1,"href":"https:\/\/easytable.com\/no\/wp-json\/wp\/v2\/pages\/4014\/revisions"}],"predecessor-version":[{"id":4015,"href":"https:\/\/easytable.com\/no\/wp-json\/wp\/v2\/pages\/4014\/revisions\/4015"}],"wp:attachment":[{"href":"https:\/\/easytable.com\/no\/wp-json\/wp\/v2\/media?parent=4014"}],"curies":[{"name":"wp","href":"https:\/\/api.w.org\/{rel}","templated":true}]}}