{"id":3414,"date":"2024-05-29T11:04:00","date_gmt":"2024-05-29T11:04:00","guid":{"rendered":"https:\/\/easytable.com\/karriere\/"},"modified":"2025-06-25T11:47:15","modified_gmt":"2025-06-25T11:47:15","slug":"karriere","status":"publish","type":"page","link":"https:\/\/easytable.com\/no\/karriere\/","title":{"rendered":"Karriere"},"content":{"rendered":"\t\t<div data-elementor-type=\"wp-page\" data-elementor-id=\"3414\" class=\"elementor elementor-3414 elementor-2675\" data-elementor-post-type=\"page\">\n\t\t\t\t<div class=\"elementor-element elementor-element-389eb12 e-flex e-con-boxed e-con e-parent\" data-id=\"389eb12\" data-element_type=\"container\" data-e-type=\"container\">\n\t\t\t\t\t<div class=\"e-con-inner\">\n\t\t\t\t<div class=\"elementor-element elementor-element-d393e96 elementor-widget elementor-widget-heading\" data-id=\"d393e96\" data-element_type=\"widget\" data-e-type=\"widget\" data-widget_type=\"heading.default\">\n\t\t\t\t<div class=\"elementor-widget-container\">\n\t\t\t\t\t<h2 class=\"elementor-heading-title elementor-size-default\">Utforsk aktuelle jobbmuligheter<\/h2>\t\t\t\t<\/div>\n\t\t\t\t<\/div>\n\t\t\t\t<div class=\"elementor-element elementor-element-1531420 elementor-widget elementor-widget-text-editor\" data-id=\"1531420\" data-element_type=\"widget\" data-e-type=\"widget\" data-widget_type=\"text-editor.default\">\n\t\t\t\t<div class=\"elementor-widget-container\">\n\t\t\t\t\t\t\t\t\t<p>Her kan du se hvilke stillinger vi har ledige for \u00f8yeblikket. Oppdag de siste ledige stillingene og finn din neste karrieremulighet med easyTable.<\/p>\t\t\t\t\t\t\t\t<\/div>\n\t\t\t\t<\/div>\n\t\t\t\t<div class=\"elementor-element elementor-element-a7169c3 elementor-align-start elementor-widget__width-initial elementor-icon-list--layout-traditional elementor-list-item-link-full_width elementor-widget elementor-widget-icon-list\" data-id=\"a7169c3\" data-element_type=\"widget\" data-e-type=\"widget\" data-widget_type=\"icon-list.default\">\n\t\t\t\t<div class=\"elementor-widget-container\">\n\t\t\t\t\t\t\t<ul class=\"elementor-icon-list-items\">\n\t\t\t\t\t\t\t<li class=\"elementor-icon-list-item\">\n\t\t\t\t\t\t\t\t\t\t\t<a href=\"https:\/\/easytable.com\/wp-content\/uploads\/2024\/12\/AGENTUR-JOB.pdf\" target=\"_blank\" rel=\"nofollow\">\n\n\t\t\t\t\t\t\t\t\t\t\t\t<span class=\"elementor-icon-list-icon\">\n\t\t\t\t\t\t\t<svg aria-hidden=\"true\" class=\"e-font-icon-svg e-far-bookmark\" viewBox=\"0 0 384 512\" xmlns=\"http:\/\/www.w3.org\/2000\/svg\"><path d=\"M336 0H48C21.49 0 0 21.49 0 48v464l192-112 192 112V48c0-26.51-21.49-48-48-48zm0 428.43l-144-84-144 84V54a6 6 0 0 1 6-6h276c3.314 0 6 2.683 6 5.996V428.43z\"><\/path><\/svg>\t\t\t\t\t\t<\/span>\n\t\t\t\t\t\t\t\t\t\t<span class=\"elementor-icon-list-text\">Byr\u00e5eier - Direkte salg<\/span>\n\t\t\t\t\t\t\t\t\t\t\t<\/a>\n\t\t\t\t\t\t\t\t\t<\/li>\n\t\t\t\t\t\t<\/ul>\n\t\t\t\t\t\t<\/div>\n\t\t\t\t<\/div>\n\t\t\t\t\t<\/div>\n\t\t\t\t<\/div>\n\t\t<div class=\"elementor-element elementor-element-c874e80 e-con-full e-flex e-con e-parent\" data-id=\"c874e80\" data-element_type=\"container\" data-e-type=\"container\">\n\t\t\t\t<div class=\"elementor-element elementor-element-4086a13 elementor-widget elementor-widget-template\" data-id=\"4086a13\" data-element_type=\"widget\" data-e-type=\"widget\" data-widget_type=\"template.default\">\n\t\t\t\t<div class=\"elementor-widget-container\">\n\t\t\t\t\t\t\t<div class=\"elementor-template\">\n\t\t\t\t\t<div data-elementor-type=\"container\" data-elementor-id=\"4228\" class=\"elementor elementor-4228 elementor-2687 elementor-2687\" data-elementor-post-type=\"elementor_library\">\n\t\t\t\t<div class=\"elementor-element elementor-element-44d7ef75 e-flex e-con-boxed e-con e-parent\" data-id=\"44d7ef75\" data-element_type=\"container\" data-e-type=\"container\">\n\t\t\t\t\t<div class=\"e-con-inner\">\n\t\t<div class=\"elementor-element elementor-element-5a7d21f6 e-con-full e-flex e-con e-child\" data-id=\"5a7d21f6\" data-element_type=\"container\" data-e-type=\"container\" data-settings=\"{&quot;background_background&quot;:&quot;classic&quot;}\">\n\t\t<div class=\"elementor-element elementor-element-646e3781 e-flex e-con-boxed e-con e-child\" data-id=\"646e3781\" data-element_type=\"container\" data-e-type=\"container\">\n\t\t\t\t\t<div class=\"e-con-inner\">\n\t\t<div class=\"elementor-element elementor-element-1625a2c2 e-flex e-con-boxed e-con e-child\" data-id=\"1625a2c2\" data-element_type=\"container\" data-e-type=\"container\">\n\t\t\t\t\t<div class=\"e-con-inner\">\n\t\t\t\t<div class=\"elementor-element elementor-element-37278ee9 elementor-widget elementor-widget-heading\" data-id=\"37278ee9\" data-element_type=\"widget\" data-e-type=\"widget\" data-widget_type=\"heading.default\">\n\t\t\t\t<div class=\"elementor-widget-container\">\n\t\t\t\t\t<p class=\"elementor-heading-title elementor-size-default\"><a href=\"https:\/\/fatdaves.se\/\" target=\"_blank\" rel=\"nofollow\">Fat Dave's<\/a><\/p>\t\t\t\t<\/div>\n\t\t\t\t<\/div>\n\t\t\t\t<div class=\"elementor-element elementor-element-615e2b7d elementor-widget elementor-widget-heading\" data-id=\"615e2b7d\" data-element_type=\"widget\" data-e-type=\"widget\" data-widget_type=\"heading.default\">\n\t\t\t\t<div class=\"elementor-widget-container\">\n\t\t\t\t\t<p class=\"elementor-heading-title elementor-size-default\">Malm\u00f6, Sverige<\/p>\t\t\t\t<\/div>\n\t\t\t\t<\/div>\n\t\t\t\t\t<\/div>\n\t\t\t\t<\/div>\n\t\t\t\t<div class=\"elementor-element elementor-element-7ad0ecb7 elementor-widget elementor-widget-image\" data-id=\"7ad0ecb7\" data-element_type=\"widget\" data-e-type=\"widget\" data-widget_type=\"image.default\">\n\t\t\t\t<div class=\"elementor-widget-container\">\n\t\t\t\t\t\t\t\t\t\t\t\t\t\t\t<img fetchpriority=\"high\" decoding=\"async\" width=\"794\" height=\"1024\" src=\"https:\/\/easytable.com\/wp-content\/uploads\/2024\/02\/Vector.svg\" class=\"attachment-large size-large wp-image-45\" alt=\"\" \/>\t\t\t\t\t\t\t\t\t\t\t\t\t\t\t<\/div>\n\t\t\t\t<\/div>\n\t\t\t\t\t<\/div>\n\t\t\t\t<\/div>\n\t\t\t\t<\/div>\n\t\t<div class=\"elementor-element elementor-element-74ba2c52 e-con-full e-flex e-con e-child\" data-id=\"74ba2c52\" data-element_type=\"container\" data-e-type=\"container\">\n\t\t<div class=\"elementor-element elementor-element-75bae392 e-flex e-con-boxed e-con e-child\" data-id=\"75bae392\" data-element_type=\"container\" data-e-type=\"container\">\n\t\t\t\t\t<div class=\"e-con-inner\">\n\t\t\t\t<div class=\"elementor-element elementor-element-7150556e elementor-widget elementor-widget-heading\" data-id=\"7150556e\" data-element_type=\"widget\" data-e-type=\"widget\" data-widget_type=\"heading.default\">\n\t\t\t\t<div class=\"elementor-widget-container\">\n\t\t\t\t\t<h2 class=\"elementor-heading-title elementor-size-default\">easyTable oppdraget<\/h2>\t\t\t\t<\/div>\n\t\t\t\t<\/div>\n\t\t\t\t<div class=\"elementor-element elementor-element-1a0ea9fb elementor-widget elementor-widget-text-editor\" data-id=\"1a0ea9fb\" data-element_type=\"widget\" data-e-type=\"widget\" data-widget_type=\"text-editor.default\">\n\t\t\t\t<div class=\"elementor-widget-container\">\n\t\t\t\t\t\t\t\t\t<p>Helt fra begynnelsen har filosofien v\u00e5r v\u00e6rt \u00e5 tilby et bookingsystem som er enkelt \u00e5 bruke og rimelig. I takt med at vi har vokst, har v\u00e5rt engasjement for \u00e5 tilby markedets beste bookingl\u00f8sning bare blitt sterkere. Vi tror p\u00e5 \u00e5 levere en \u00e5pen og transparent l\u00f8sning som eliminerer lange bindingstider, skjulte gebyrer og provisjoner &#8211; ett bookingsystem til \u00e9n fast og rettferdig pris.<\/p>\n<p>\u00c5 tilby markedets beste bookingsystem handler imidlertid om mer enn bare produktet. \u00c5 v\u00e6re best betyr \u00e5 tilby omfattende kundest\u00f8tte gjennom hele reisen. Vi s\u00f8rger for en smidig overgang uten ekstra kostnader, fra f\u00f8rste oppsett til integrering og oppl\u00e6ring av ansatte. Og hvis du skulle f\u00e5 et problem, kan du v\u00e6re trygg p\u00e5 at det alltid vil v\u00e6re noen som er klare til \u00e5 hjelpe deg, uansett hvor du befinner deg.<\/p>\n<p>Denne kombinasjonen av en helhetlig servicetiln\u00e6rming og et robust system gj\u00f8r det mulig for oss \u00e5 oppfylle oppdraget v\u00e5rt &#8211; bedre booking for bedre forretning.<\/p>\n\t\t\t\t\t\t\t\t<\/div>\n\t\t\t\t<\/div>\n\t\t\t\t\t<\/div>\n\t\t\t\t<\/div>\n\t\t\t\t<\/div>\n\t\t\t\t\t<\/div>\n\t\t\t\t<\/div>\n\t\t\t\t<\/div>\n\t\t\t\t<\/div>\n\t\t\t\t\t\t<\/div>\n\t\t\t\t<\/div>\n\t\t\t\t<\/div>\n\t\t\t\t<\/div>\n\t\t","protected":false},"excerpt":{"rendered":"<p>Utforsk aktuelle jobbmuligheter Her kan du se hvilke stillinger vi har ledige for \u00f8yeblikket. Oppdag de siste ledige stillingene og finn din neste karrieremulighet med easyTable. Byr\u00e5eier &#8211; Direkte salg<\/p>\n","protected":false},"author":1,"featured_media":0,"parent":0,"menu_order":0,"comment_status":"closed","ping_status":"closed","template":"","meta":{"inline_featured_image":false,"footnotes":""},"class_list":["post-3414","page","type-page","status-publish","hentry"],"yoast_head":"<!-- This site is optimized with the Yoast SEO plugin v27.3 - https:\/\/yoast.com\/product\/yoast-seo-wordpress\/ -->\n<title>Karriere - easyTable<\/title>\n<meta name=\"robots\" content=\"index, follow, max-snippet:-1, max-image-preview:large, max-video-preview:-1\" \/>\n<link rel=\"canonical\" href=\"https:\/\/easytable.com\/no\/karriere\/\" \/>\n<meta property=\"og:locale\" content=\"nb_NO\" \/>\n<meta property=\"og:type\" content=\"article\" \/>\n<meta property=\"og:title\" content=\"Karriere - easyTable\" \/>\n<meta property=\"og:description\" content=\"Utforsk aktuelle jobbmuligheter Her kan du se hvilke stillinger vi har ledige for \u00f8yeblikket. Oppdag de siste ledige stillingene og finn din neste karrieremulighet med easyTable. Byr\u00e5eier &#8211; Direkte salg\" \/>\n<meta property=\"og:url\" content=\"https:\/\/easytable.com\/no\/karriere\/\" \/>\n<meta property=\"og:site_name\" content=\"easyTable\" \/>\n<meta property=\"article:modified_time\" content=\"2025-06-25T11:47:15+00:00\" \/>\n<meta name=\"twitter:card\" content=\"summary_large_image\" \/>\n<script type=\"application\/ld+json\" class=\"yoast-schema-graph\">{\"@context\":\"https:\\\/\\\/schema.org\",\"@graph\":[{\"@type\":\"WebPage\",\"@id\":\"https:\\\/\\\/easytable.com\\\/no\\\/karriere\\\/\",\"url\":\"https:\\\/\\\/easytable.com\\\/no\\\/karriere\\\/\",\"name\":\"Karriere - easyTable\",\"isPartOf\":{\"@id\":\"https:\\\/\\\/easytable.com\\\/no\\\/#website\"},\"datePublished\":\"2024-05-29T11:04:00+00:00\",\"dateModified\":\"2025-06-25T11:47:15+00:00\",\"breadcrumb\":{\"@id\":\"https:\\\/\\\/easytable.com\\\/no\\\/karriere\\\/#breadcrumb\"},\"inLanguage\":\"nb-NO\",\"potentialAction\":[{\"@type\":\"ReadAction\",\"target\":[\"https:\\\/\\\/easytable.com\\\/no\\\/karriere\\\/\"]}]},{\"@type\":\"BreadcrumbList\",\"@id\":\"https:\\\/\\\/easytable.com\\\/no\\\/karriere\\\/#breadcrumb\",\"itemListElement\":[{\"@type\":\"ListItem\",\"position\":1,\"name\":\"Home\",\"item\":\"https:\\\/\\\/easytable.com\\\/no\\\/\"},{\"@type\":\"ListItem\",\"position\":2,\"name\":\"Karriere\"}]},{\"@type\":\"WebSite\",\"@id\":\"https:\\\/\\\/easytable.com\\\/no\\\/#website\",\"url\":\"https:\\\/\\\/easytable.com\\\/no\\\/\",\"name\":\"easyTable.com\",\"description\":\"\",\"publisher\":{\"@id\":\"https:\\\/\\\/easytable.com\\\/no\\\/#organization\"},\"potentialAction\":[{\"@type\":\"SearchAction\",\"target\":{\"@type\":\"EntryPoint\",\"urlTemplate\":\"https:\\\/\\\/easytable.com\\\/no\\\/?s={search_term_string}\"},\"query-input\":{\"@type\":\"PropertyValueSpecification\",\"valueRequired\":true,\"valueName\":\"search_term_string\"}}],\"inLanguage\":\"nb-NO\"},{\"@type\":\"Organization\",\"@id\":\"https:\\\/\\\/easytable.com\\\/no\\\/#organization\",\"name\":\"easyTable\",\"url\":\"https:\\\/\\\/easytable.com\\\/no\\\/\",\"logo\":{\"@type\":\"ImageObject\",\"inLanguage\":\"nb-NO\",\"@id\":\"https:\\\/\\\/easytable.com\\\/no\\\/#\\\/schema\\\/logo\\\/image\\\/\",\"url\":\"https:\\\/\\\/easytable.com\\\/wp-content\\\/uploads\\\/2024\\\/02\\\/Logo-ETB.svg\",\"contentUrl\":\"https:\\\/\\\/easytable.com\\\/wp-content\\\/uploads\\\/2024\\\/02\\\/Logo-ETB.svg\",\"width\":153,\"height\":34,\"caption\":\"easyTable\"},\"image\":{\"@id\":\"https:\\\/\\\/easytable.com\\\/no\\\/#\\\/schema\\\/logo\\\/image\\\/\"}}]}<\/script>\n<!-- \/ Yoast SEO plugin. -->","yoast_head_json":{"title":"Karriere - easyTable","robots":{"index":"index","follow":"follow","max-snippet":"max-snippet:-1","max-image-preview":"max-image-preview:large","max-video-preview":"max-video-preview:-1"},"canonical":"https:\/\/easytable.com\/no\/karriere\/","og_locale":"nb_NO","og_type":"article","og_title":"Karriere - easyTable","og_description":"Utforsk aktuelle jobbmuligheter Her kan du se hvilke stillinger vi har ledige for \u00f8yeblikket. Oppdag de siste ledige stillingene og finn din neste karrieremulighet med easyTable. Byr\u00e5eier &#8211; Direkte salg","og_url":"https:\/\/easytable.com\/no\/karriere\/","og_site_name":"easyTable","article_modified_time":"2025-06-25T11:47:15+00:00","twitter_card":"summary_large_image","schema":{"@context":"https:\/\/schema.org","@graph":[{"@type":"WebPage","@id":"https:\/\/easytable.com\/no\/karriere\/","url":"https:\/\/easytable.com\/no\/karriere\/","name":"Karriere - easyTable","isPartOf":{"@id":"https:\/\/easytable.com\/no\/#website"},"datePublished":"2024-05-29T11:04:00+00:00","dateModified":"2025-06-25T11:47:15+00:00","breadcrumb":{"@id":"https:\/\/easytable.com\/no\/karriere\/#breadcrumb"},"inLanguage":"nb-NO","potentialAction":[{"@type":"ReadAction","target":["https:\/\/easytable.com\/no\/karriere\/"]}]},{"@type":"BreadcrumbList","@id":"https:\/\/easytable.com\/no\/karriere\/#breadcrumb","itemListElement":[{"@type":"ListItem","position":1,"name":"Home","item":"https:\/\/easytable.com\/no\/"},{"@type":"ListItem","position":2,"name":"Karriere"}]},{"@type":"WebSite","@id":"https:\/\/easytable.com\/no\/#website","url":"https:\/\/easytable.com\/no\/","name":"easyTable.com","description":"","publisher":{"@id":"https:\/\/easytable.com\/no\/#organization"},"potentialAction":[{"@type":"SearchAction","target":{"@type":"EntryPoint","urlTemplate":"https:\/\/easytable.com\/no\/?s={search_term_string}"},"query-input":{"@type":"PropertyValueSpecification","valueRequired":true,"valueName":"search_term_string"}}],"inLanguage":"nb-NO"},{"@type":"Organization","@id":"https:\/\/easytable.com\/no\/#organization","name":"easyTable","url":"https:\/\/easytable.com\/no\/","logo":{"@type":"ImageObject","inLanguage":"nb-NO","@id":"https:\/\/easytable.com\/no\/#\/schema\/logo\/image\/","url":"https:\/\/easytable.com\/wp-content\/uploads\/2024\/02\/Logo-ETB.svg","contentUrl":"https:\/\/easytable.com\/wp-content\/uploads\/2024\/02\/Logo-ETB.svg","width":153,"height":34,"caption":"easyTable"},"image":{"@id":"https:\/\/easytable.com\/no\/#\/schema\/logo\/image\/"}}]}},"_links":{"self":[{"href":"https:\/\/easytable.com\/no\/wp-json\/wp\/v2\/pages\/3414","targetHints":{"allow":["GET"]}}],"collection":[{"href":"https:\/\/easytable.com\/no\/wp-json\/wp\/v2\/pages"}],"about":[{"href":"https:\/\/easytable.com\/no\/wp-json\/wp\/v2\/types\/page"}],"author":[{"embeddable":true,"href":"https:\/\/easytable.com\/no\/wp-json\/wp\/v2\/users\/1"}],"replies":[{"embeddable":true,"href":"https:\/\/easytable.com\/no\/wp-json\/wp\/v2\/comments?post=3414"}],"version-history":[{"count":3,"href":"https:\/\/easytable.com\/no\/wp-json\/wp\/v2\/pages\/3414\/revisions"}],"predecessor-version":[{"id":8184,"href":"https:\/\/easytable.com\/no\/wp-json\/wp\/v2\/pages\/3414\/revisions\/8184"}],"wp:attachment":[{"href":"https:\/\/easytable.com\/no\/wp-json\/wp\/v2\/media?parent=3414"}],"curies":[{"name":"wp","href":"https:\/\/api.w.org\/{rel}","templated":true}]}}