{"id":3408,"date":"2024-05-29T11:04:00","date_gmt":"2024-05-29T11:04:00","guid":{"rendered":"https:\/\/easytable.com\/carriere\/"},"modified":"2026-03-26T09:09:36","modified_gmt":"2026-03-26T09:09:36","slug":"carriere","status":"publish","type":"page","link":"https:\/\/easytable.com\/nl\/carriere\/","title":{"rendered":"Carri\u00e8re"},"content":{"rendered":"\t\t<div data-elementor-type=\"wp-page\" data-elementor-id=\"3408\" class=\"elementor elementor-3408 elementor-2675\" data-elementor-post-type=\"page\">\n\t\t\t\t<div class=\"elementor-element elementor-element-389eb12 e-flex e-con-boxed e-con e-parent\" data-id=\"389eb12\" data-element_type=\"container\" data-e-type=\"container\">\n\t\t\t\t\t<div class=\"e-con-inner\">\n\t\t\t\t<div class=\"elementor-element elementor-element-d393e96 elementor-widget elementor-widget-heading\" data-id=\"d393e96\" data-element_type=\"widget\" data-e-type=\"widget\" data-widget_type=\"heading.default\">\n\t\t\t\t<div class=\"elementor-widget-container\">\n\t\t\t\t\t<h2 class=\"elementor-heading-title elementor-size-default\">Bekijk de huidige vacatures<\/h2>\t\t\t\t<\/div>\n\t\t\t\t<\/div>\n\t\t\t\t<div class=\"elementor-element elementor-element-1531420 elementor-widget elementor-widget-text-editor\" data-id=\"1531420\" data-element_type=\"widget\" data-e-type=\"widget\" data-widget_type=\"text-editor.default\">\n\t\t\t\t<div class=\"elementor-widget-container\">\n\t\t\t\t\t\t\t\t\t<p>Hier kun je onze vacatures bekijken. Ontdek de nieuwste vacatures en vind uw volgende carri\u00e8rekans met easyTable. <\/p>\t\t\t\t\t\t\t\t<\/div>\n\t\t\t\t<\/div>\n\t\t\t\t<div class=\"elementor-element elementor-element-a7169c3 elementor-align-start elementor-widget__width-initial elementor-icon-list--layout-traditional elementor-list-item-link-full_width elementor-widget elementor-widget-icon-list\" data-id=\"a7169c3\" data-element_type=\"widget\" data-e-type=\"widget\" data-widget_type=\"icon-list.default\">\n\t\t\t\t<div class=\"elementor-widget-container\">\n\t\t\t\t\t\t\t<ul class=\"elementor-icon-list-items\">\n\t\t\t\t\t\t\t<li class=\"elementor-icon-list-item\">\n\t\t\t\t\t\t\t\t\t\t\t<a href=\"https:\/\/easytable.com\/wp-content\/uploads\/2024\/12\/AGENTUR-JOB.pdf\" target=\"_blank\" rel=\"nofollow\">\n\n\t\t\t\t\t\t\t\t\t\t\t\t<span class=\"elementor-icon-list-icon\">\n\t\t\t\t\t\t\t<svg aria-hidden=\"true\" class=\"e-font-icon-svg e-far-bookmark\" viewBox=\"0 0 384 512\" xmlns=\"http:\/\/www.w3.org\/2000\/svg\"><path d=\"M336 0H48C21.49 0 0 21.49 0 48v464l192-112 192 112V48c0-26.51-21.49-48-48-48zm0 428.43l-144-84-144 84V54a6 6 0 0 1 6-6h276c3.314 0 6 2.683 6 5.996V428.43z\"><\/path><\/svg>\t\t\t\t\t\t<\/span>\n\t\t\t\t\t\t\t\t\t\t<span class=\"elementor-icon-list-text\">Agentschap Eigenaar - Directe Verkoop<\/span>\n\t\t\t\t\t\t\t\t\t\t\t<\/a>\n\t\t\t\t\t\t\t\t\t<\/li>\n\t\t\t\t\t\t<\/ul>\n\t\t\t\t\t\t<\/div>\n\t\t\t\t<\/div>\n\t\t\t\t\t<\/div>\n\t\t\t\t<\/div>\n\t\t<div class=\"elementor-element elementor-element-c874e80 e-con-full e-flex e-con e-parent\" data-id=\"c874e80\" data-element_type=\"container\" data-e-type=\"container\">\n\t\t\t\t<div class=\"elementor-element elementor-element-4086a13 elementor-widget elementor-widget-template\" data-id=\"4086a13\" data-element_type=\"widget\" data-e-type=\"widget\" data-widget_type=\"template.default\">\n\t\t\t\t<div class=\"elementor-widget-container\">\n\t\t\t\t\t\t\t<div class=\"elementor-template\">\n\t\t\t\t\t<div data-elementor-type=\"container\" data-elementor-id=\"4224\" class=\"elementor elementor-4224 elementor-2687 elementor-2687\" data-elementor-post-type=\"elementor_library\">\n\t\t\t\t<div class=\"elementor-element elementor-element-44d7ef75 e-flex e-con-boxed e-con e-parent\" data-id=\"44d7ef75\" data-element_type=\"container\" data-e-type=\"container\">\n\t\t\t\t\t<div class=\"e-con-inner\">\n\t\t<div class=\"elementor-element elementor-element-5a7d21f6 e-con-full e-flex e-con e-child\" data-id=\"5a7d21f6\" data-element_type=\"container\" data-e-type=\"container\" data-settings=\"{&quot;background_background&quot;:&quot;classic&quot;}\">\n\t\t<div class=\"elementor-element elementor-element-646e3781 e-flex e-con-boxed e-con e-child\" data-id=\"646e3781\" data-element_type=\"container\" data-e-type=\"container\">\n\t\t\t\t\t<div class=\"e-con-inner\">\n\t\t<div class=\"elementor-element elementor-element-1625a2c2 e-flex e-con-boxed e-con e-child\" data-id=\"1625a2c2\" data-element_type=\"container\" data-e-type=\"container\">\n\t\t\t\t\t<div class=\"e-con-inner\">\n\t\t\t\t<div class=\"elementor-element elementor-element-37278ee9 elementor-widget elementor-widget-heading\" data-id=\"37278ee9\" data-element_type=\"widget\" data-e-type=\"widget\" data-widget_type=\"heading.default\">\n\t\t\t\t<div class=\"elementor-widget-container\">\n\t\t\t\t\t<p class=\"elementor-heading-title elementor-size-default\"><a href=\"https:\/\/fatdaves.se\/\" target=\"_blank\" rel=\"nofollow\">Fat Dave's<\/a><\/p>\t\t\t\t<\/div>\n\t\t\t\t<\/div>\n\t\t\t\t<div class=\"elementor-element elementor-element-615e2b7d elementor-widget elementor-widget-heading\" data-id=\"615e2b7d\" data-element_type=\"widget\" data-e-type=\"widget\" data-widget_type=\"heading.default\">\n\t\t\t\t<div class=\"elementor-widget-container\">\n\t\t\t\t\t<p class=\"elementor-heading-title elementor-size-default\">Malm\u00f6, Zweden<\/p>\t\t\t\t<\/div>\n\t\t\t\t<\/div>\n\t\t\t\t\t<\/div>\n\t\t\t\t<\/div>\n\t\t\t\t<div class=\"elementor-element elementor-element-7ad0ecb7 elementor-widget elementor-widget-image\" data-id=\"7ad0ecb7\" data-element_type=\"widget\" data-e-type=\"widget\" data-widget_type=\"image.default\">\n\t\t\t\t<div class=\"elementor-widget-container\">\n\t\t\t\t\t\t\t\t\t\t\t\t\t\t\t<img fetchpriority=\"high\" decoding=\"async\" width=\"794\" height=\"1024\" src=\"https:\/\/easytable.com\/wp-content\/uploads\/2024\/02\/Vector.svg\" class=\"attachment-large size-large wp-image-45\" alt=\"\" \/>\t\t\t\t\t\t\t\t\t\t\t\t\t\t\t<\/div>\n\t\t\t\t<\/div>\n\t\t\t\t\t<\/div>\n\t\t\t\t<\/div>\n\t\t\t\t<\/div>\n\t\t<div class=\"elementor-element elementor-element-74ba2c52 e-con-full e-flex e-con e-child\" data-id=\"74ba2c52\" data-element_type=\"container\" data-e-type=\"container\">\n\t\t<div class=\"elementor-element elementor-element-75bae392 e-flex e-con-boxed e-con e-child\" data-id=\"75bae392\" data-element_type=\"container\" data-e-type=\"container\">\n\t\t\t\t\t<div class=\"e-con-inner\">\n\t\t\t\t<div class=\"elementor-element elementor-element-7150556e elementor-widget elementor-widget-heading\" data-id=\"7150556e\" data-element_type=\"widget\" data-e-type=\"widget\" data-widget_type=\"heading.default\">\n\t\t\t\t<div class=\"elementor-widget-container\">\n\t\t\t\t\t<h2 class=\"elementor-heading-title elementor-size-default\">De missie van easyTable<\/h2>\t\t\t\t<\/div>\n\t\t\t\t<\/div>\n\t\t\t\t<div class=\"elementor-element elementor-element-1a0ea9fb elementor-widget elementor-widget-text-editor\" data-id=\"1a0ea9fb\" data-element_type=\"widget\" data-e-type=\"widget\" data-widget_type=\"text-editor.default\">\n\t\t\t\t<div class=\"elementor-widget-container\">\n\t\t\t\t\t\t\t\t\t<p>Vanaf het begin is het onze filosofie geweest om een boekingssysteem aan te bieden dat gemakkelijk te gebruiken en betaalbaar is. Naarmate we zijn gegroeid, is onze toewijding om de beste boekingsoplossing op de markt te bieden alleen maar sterker geworden. Wij geloven in het leveren van een open en transparante oplossing die lange lock-in periodes, verborgen kosten en commissies elimineert &#8211; \u00e9\u00e9n boekingssysteem voor \u00e9\u00e9n vaste en eerlijke prijs.<\/p>\n<p>Het beste boekingssysteem op de markt aanbieden gaat echter verder dan alleen het product. Om echt de beste te zijn, moet je uitgebreide klantenondersteuning bieden tijdens je hele reis. Vanaf de eerste installatie, integratie en training van het personeel zorgen we voor een soepele overgang zonder extra kosten. En als je later een probleem hebt, kun je er zeker van zijn dat er altijd iemand klaarstaat om je te helpen, waar je ook bent.<\/p>\n<p>Deze combinatie van een holistische servicebenadering en een robuust systeem stelt ons in staat om onze missie waar te maken &#8211; betere boekingen voor betere zaken.<\/p>\n\t\t\t\t\t\t\t\t<\/div>\n\t\t\t\t<\/div>\n\t\t\t\t\t<\/div>\n\t\t\t\t<\/div>\n\t\t\t\t<\/div>\n\t\t\t\t\t<\/div>\n\t\t\t\t<\/div>\n\t\t\t\t<\/div>\n\t\t\t\t<\/div>\n\t\t\t\t\t\t<\/div>\n\t\t\t\t<\/div>\n\t\t\t\t<\/div>\n\t\t\t\t<\/div>\n\t\t","protected":false},"excerpt":{"rendered":"<p>Bekijk de huidige vacatures Hier kun je onze vacatures bekijken. Ontdek de nieuwste vacatures en vind uw volgende carri\u00e8rekans met easyTable. Agentschap Eigenaar &#8211; Directe Verkoop<\/p>\n","protected":false},"author":1,"featured_media":0,"parent":0,"menu_order":0,"comment_status":"closed","ping_status":"closed","template":"","meta":{"inline_featured_image":false,"footnotes":""},"class_list":["post-3408","page","type-page","status-publish","hentry"],"yoast_head":"<!-- This site is optimized with the Yoast SEO plugin v27.4 - https:\/\/yoast.com\/product\/yoast-seo-wordpress\/ -->\n<title>Carri\u00e8re - easyTable<\/title>\n<meta name=\"robots\" content=\"index, follow, max-snippet:-1, max-image-preview:large, max-video-preview:-1\" \/>\n<link rel=\"canonical\" href=\"https:\/\/easytable.com\/nl\/carriere\/\" \/>\n<meta property=\"og:locale\" content=\"nl_NL\" \/>\n<meta property=\"og:type\" content=\"article\" \/>\n<meta property=\"og:title\" content=\"Carri\u00e8re - easyTable\" \/>\n<meta property=\"og:description\" content=\"Bekijk de huidige vacatures Hier kun je onze vacatures bekijken. Ontdek de nieuwste vacatures en vind uw volgende carri\u00e8rekans met easyTable. Agentschap Eigenaar &#8211; Directe Verkoop\" \/>\n<meta property=\"og:url\" content=\"https:\/\/easytable.com\/nl\/carriere\/\" \/>\n<meta property=\"og:site_name\" content=\"easyTable\" \/>\n<meta property=\"article:modified_time\" content=\"2026-03-26T09:09:36+00:00\" \/>\n<meta name=\"twitter:card\" content=\"summary_large_image\" \/>\n<script type=\"application\/ld+json\" class=\"yoast-schema-graph\">{\"@context\":\"https:\\\/\\\/schema.org\",\"@graph\":[{\"@type\":\"WebPage\",\"@id\":\"https:\\\/\\\/easytable.com\\\/nl\\\/carriere\\\/\",\"url\":\"https:\\\/\\\/easytable.com\\\/nl\\\/carriere\\\/\",\"name\":\"Carri\u00e8re - easyTable\",\"isPartOf\":{\"@id\":\"https:\\\/\\\/easytable.com\\\/nl\\\/#website\"},\"datePublished\":\"2024-05-29T11:04:00+00:00\",\"dateModified\":\"2026-03-26T09:09:36+00:00\",\"breadcrumb\":{\"@id\":\"https:\\\/\\\/easytable.com\\\/nl\\\/carriere\\\/#breadcrumb\"},\"inLanguage\":\"nl-NL\",\"potentialAction\":[{\"@type\":\"ReadAction\",\"target\":[\"https:\\\/\\\/easytable.com\\\/nl\\\/carriere\\\/\"]}]},{\"@type\":\"BreadcrumbList\",\"@id\":\"https:\\\/\\\/easytable.com\\\/nl\\\/carriere\\\/#breadcrumb\",\"itemListElement\":[{\"@type\":\"ListItem\",\"position\":1,\"name\":\"Home\",\"item\":\"https:\\\/\\\/easytable.com\\\/nl\\\/\"},{\"@type\":\"ListItem\",\"position\":2,\"name\":\"Carri\u00e8re\"}]},{\"@type\":\"WebSite\",\"@id\":\"https:\\\/\\\/easytable.com\\\/nl\\\/#website\",\"url\":\"https:\\\/\\\/easytable.com\\\/nl\\\/\",\"name\":\"easyTable.com\",\"description\":\"\",\"publisher\":{\"@id\":\"https:\\\/\\\/easytable.com\\\/nl\\\/#organization\"},\"potentialAction\":[{\"@type\":\"SearchAction\",\"target\":{\"@type\":\"EntryPoint\",\"urlTemplate\":\"https:\\\/\\\/easytable.com\\\/nl\\\/?s={search_term_string}\"},\"query-input\":{\"@type\":\"PropertyValueSpecification\",\"valueRequired\":true,\"valueName\":\"search_term_string\"}}],\"inLanguage\":\"nl-NL\"},{\"@type\":\"Organization\",\"@id\":\"https:\\\/\\\/easytable.com\\\/nl\\\/#organization\",\"name\":\"easyTable\",\"url\":\"https:\\\/\\\/easytable.com\\\/nl\\\/\",\"logo\":{\"@type\":\"ImageObject\",\"inLanguage\":\"nl-NL\",\"@id\":\"https:\\\/\\\/easytable.com\\\/nl\\\/#\\\/schema\\\/logo\\\/image\\\/\",\"url\":\"https:\\\/\\\/easytable.com\\\/wp-content\\\/uploads\\\/2024\\\/02\\\/Logo-ETB.svg\",\"contentUrl\":\"https:\\\/\\\/easytable.com\\\/wp-content\\\/uploads\\\/2024\\\/02\\\/Logo-ETB.svg\",\"width\":153,\"height\":34,\"caption\":\"easyTable\"},\"image\":{\"@id\":\"https:\\\/\\\/easytable.com\\\/nl\\\/#\\\/schema\\\/logo\\\/image\\\/\"}}]}<\/script>\n<!-- \/ Yoast SEO plugin. -->","yoast_head_json":{"title":"Carri\u00e8re - easyTable","robots":{"index":"index","follow":"follow","max-snippet":"max-snippet:-1","max-image-preview":"max-image-preview:large","max-video-preview":"max-video-preview:-1"},"canonical":"https:\/\/easytable.com\/nl\/carriere\/","og_locale":"nl_NL","og_type":"article","og_title":"Carri\u00e8re - easyTable","og_description":"Bekijk de huidige vacatures Hier kun je onze vacatures bekijken. Ontdek de nieuwste vacatures en vind uw volgende carri\u00e8rekans met easyTable. Agentschap Eigenaar &#8211; Directe Verkoop","og_url":"https:\/\/easytable.com\/nl\/carriere\/","og_site_name":"easyTable","article_modified_time":"2026-03-26T09:09:36+00:00","twitter_card":"summary_large_image","schema":{"@context":"https:\/\/schema.org","@graph":[{"@type":"WebPage","@id":"https:\/\/easytable.com\/nl\/carriere\/","url":"https:\/\/easytable.com\/nl\/carriere\/","name":"Carri\u00e8re - easyTable","isPartOf":{"@id":"https:\/\/easytable.com\/nl\/#website"},"datePublished":"2024-05-29T11:04:00+00:00","dateModified":"2026-03-26T09:09:36+00:00","breadcrumb":{"@id":"https:\/\/easytable.com\/nl\/carriere\/#breadcrumb"},"inLanguage":"nl-NL","potentialAction":[{"@type":"ReadAction","target":["https:\/\/easytable.com\/nl\/carriere\/"]}]},{"@type":"BreadcrumbList","@id":"https:\/\/easytable.com\/nl\/carriere\/#breadcrumb","itemListElement":[{"@type":"ListItem","position":1,"name":"Home","item":"https:\/\/easytable.com\/nl\/"},{"@type":"ListItem","position":2,"name":"Carri\u00e8re"}]},{"@type":"WebSite","@id":"https:\/\/easytable.com\/nl\/#website","url":"https:\/\/easytable.com\/nl\/","name":"easyTable.com","description":"","publisher":{"@id":"https:\/\/easytable.com\/nl\/#organization"},"potentialAction":[{"@type":"SearchAction","target":{"@type":"EntryPoint","urlTemplate":"https:\/\/easytable.com\/nl\/?s={search_term_string}"},"query-input":{"@type":"PropertyValueSpecification","valueRequired":true,"valueName":"search_term_string"}}],"inLanguage":"nl-NL"},{"@type":"Organization","@id":"https:\/\/easytable.com\/nl\/#organization","name":"easyTable","url":"https:\/\/easytable.com\/nl\/","logo":{"@type":"ImageObject","inLanguage":"nl-NL","@id":"https:\/\/easytable.com\/nl\/#\/schema\/logo\/image\/","url":"https:\/\/easytable.com\/wp-content\/uploads\/2024\/02\/Logo-ETB.svg","contentUrl":"https:\/\/easytable.com\/wp-content\/uploads\/2024\/02\/Logo-ETB.svg","width":153,"height":34,"caption":"easyTable"},"image":{"@id":"https:\/\/easytable.com\/nl\/#\/schema\/logo\/image\/"}}]}},"_links":{"self":[{"href":"https:\/\/easytable.com\/nl\/wp-json\/wp\/v2\/pages\/3408","targetHints":{"allow":["GET"]}}],"collection":[{"href":"https:\/\/easytable.com\/nl\/wp-json\/wp\/v2\/pages"}],"about":[{"href":"https:\/\/easytable.com\/nl\/wp-json\/wp\/v2\/types\/page"}],"author":[{"embeddable":true,"href":"https:\/\/easytable.com\/nl\/wp-json\/wp\/v2\/users\/1"}],"replies":[{"embeddable":true,"href":"https:\/\/easytable.com\/nl\/wp-json\/wp\/v2\/comments?post=3408"}],"version-history":[{"count":3,"href":"https:\/\/easytable.com\/nl\/wp-json\/wp\/v2\/pages\/3408\/revisions"}],"predecessor-version":[{"id":9904,"href":"https:\/\/easytable.com\/nl\/wp-json\/wp\/v2\/pages\/3408\/revisions\/9904"}],"wp:attachment":[{"href":"https:\/\/easytable.com\/nl\/wp-json\/wp\/v2\/media?parent=3408"}],"curies":[{"name":"wp","href":"https:\/\/api.w.org\/{rel}","templated":true}]}}