{"id":6137,"date":"2024-10-30T13:48:37","date_gmt":"2024-10-30T13:48:37","guid":{"rendered":"https:\/\/easytable.com\/conditions-generales-dutilisation\/"},"modified":"2024-10-30T15:13:05","modified_gmt":"2024-10-30T15:13:05","slug":"conditions-generales-dutilisation","status":"publish","type":"page","link":"https:\/\/easytable.com\/fr\/conditions-generales-dutilisation\/","title":{"rendered":"Conditions g\u00e9n\u00e9rales d&rsquo;utilisation"},"content":{"rendered":"\t\t<div data-elementor-type=\"wp-page\" data-elementor-id=\"6137\" class=\"elementor elementor-6137 elementor-6101\" data-elementor-post-type=\"page\">\n\t\t\t\t<div class=\"elementor-element elementor-element-22a02c1 e-flex e-con-boxed e-con e-parent\" data-id=\"22a02c1\" data-element_type=\"container\" data-e-type=\"container\">\n\t\t\t\t\t<div class=\"e-con-inner\">\n\t\t\t\t<div class=\"elementor-element elementor-element-2661661 elementor-widget elementor-widget-heading\" data-id=\"2661661\" data-element_type=\"widget\" data-e-type=\"widget\" data-widget_type=\"heading.default\">\n\t\t\t\t<div class=\"elementor-widget-container\">\n\t\t\t\t\t<h2 class=\"elementor-heading-title elementor-size-default\">Conditions g\u00e9n\u00e9rales d'utilisation<\/h2>\t\t\t\t<\/div>\n\t\t\t\t<\/div>\n\t\t\t\t<div class=\"elementor-element elementor-element-61cff11 elementor-widget elementor-widget-text-editor\" data-id=\"61cff11\" data-element_type=\"widget\" data-e-type=\"widget\" data-widget_type=\"text-editor.default\">\n\t\t\t\t<div class=\"elementor-widget-container\">\n\t\t\t\t\t\t\t\t\t<p>Version 3.0 (2024-10-30)<\/p>\n<p>Si vous avez des questions concernant les conditions ci-dessous, veuillez nous contacter \u00e0 l&rsquo;adresse <a style=\"color: #bf2b1f; text-decoration: underline;\" href=\"mailto:info@easytable.com\">info@easytable.com<\/a>.<\/p>\n\t\t\t\t\t\t\t\t<\/div>\n\t\t\t\t<\/div>\n\t\t\t\t<div class=\"elementor-element elementor-element-de0c8fb elementor-widget elementor-widget-heading\" data-id=\"de0c8fb\" data-element_type=\"widget\" data-e-type=\"widget\" data-widget_type=\"heading.default\">\n\t\t\t\t<div class=\"elementor-widget-container\">\n\t\t\t\t\t<h3 class=\"elementor-heading-title elementor-size-default\">1. Abonnement<\/h3>\t\t\t\t<\/div>\n\t\t\t\t<\/div>\n\t\t\t\t<div class=\"elementor-element elementor-element-e7246dc elementor-widget elementor-widget-text-editor\" data-id=\"e7246dc\" data-element_type=\"widget\" data-e-type=\"widget\" data-widget_type=\"text-editor.default\">\n\t\t\t\t<div class=\"elementor-widget-container\">\n\t\t\t\t\t\t\t\t\t<ol>\n<li>easyTableBooking ApS (ci-apr\u00e8s d\u00e9nomm\u00e9e ETB) est une soci\u00e9t\u00e9 qui propose \u00ab\u00a0easyTable\u00a0\u00bb \u00e0 d&rsquo;autres entreprises (ci-apr\u00e8s d\u00e9nomm\u00e9es le client), un syst\u00e8me de gestion des r\u00e9servations en ligne bas\u00e9 sur un abonnement.<\/li>\n<li>Apr\u00e8s la p\u00e9riode d&rsquo;essai gratuite, l&rsquo;abonnement peut \u00eatre prolong\u00e9 en effectuant les \u00e9tapes 1, 2 et 3 dans easyTable sous \u00ab\u00a0Configurations\u00a0\u00bb &gt; \u00ab\u00a0Abonnement\u00a0\u00bb.<\/li>\n<li>L&rsquo;abonnement sera automatiquement renouvel\u00e9 \u00e0 la fin de la p\u00e9riode en cours, \u00e0 moins qu&rsquo;il n&rsquo;ait \u00e9t\u00e9 r\u00e9sili\u00e9 au pr\u00e9alable.<\/li>\n<li>En cas de modification des pr\u00e9sentes conditions g\u00e9n\u00e9rales, le client en sera inform\u00e9 \u00e0 l&rsquo;adresse \u00e9lectronique indiqu\u00e9e sous \u00ab\u00a0Configurations\u00a0\u00bb &gt; \u00ab\u00a0G\u00e9n\u00e9ral\u00a0\u00bb.<\/li>\n<li>Les prix sont toujours ceux indiqu\u00e9s sur le site www.easytable.com.<\/li>\n<li>Les informations relatives aux cartes de cr\u00e9dit et les paiements sont g\u00e9r\u00e9s par Stripe.com.<\/li>\n<li>Les factures sont envoy\u00e9es par courrier \u00e9lectronique. Il incombe au client de s&rsquo;assurer que l&rsquo;adresse \u00e9lectronique est fonctionnelle et correctement indiqu\u00e9e sous \u00ab\u00a0Configurations\u00a0\u00bb &gt; \u00ab\u00a0Abonnement\u00a0\u00bb &gt; \u00ab\u00a0D\u00e9tails de facturation\u00a0\u00bb. <\/li>\n<li>Si le client dispose d&rsquo;un d\u00e9lai de pr\u00e9avis pour un syst\u00e8me de r\u00e9servation correspondant lorsqu&rsquo;il passe \u00e0 easyTable, il sera exempt\u00e9 de payer les frais d&rsquo;abonnement \u00e0 l&rsquo;ETB pendant cette p\u00e9riode. Pour en b\u00e9n\u00e9ficier, le client doit imm\u00e9diatement r\u00e9silier son abonnement existant s&rsquo;il ne l&rsquo;a pas encore \u00e9t\u00e9 et, au plus tard 7 jours avant la fin de sa p\u00e9riode d&rsquo;essai gratuite aupr\u00e8s de l&rsquo;ETB, il doit : \n<ol>\n<li>Compl\u00e9tez les \u00e9tapes 1, 2 et 3 dans easyTable sous \u00ab\u00a0Configurations\u00a0\u00bb &gt; \u00ab\u00a0Abonnement\u00a0\u00bb.<\/li>\n<li>Envoyez la documentation \u00e0&nbsp;<a style=\"color: #bf2b1f; text-decoration: underline;\" href=\"mailto:info@easytable.com\">info@easytable.com<\/a> confirmant leur obligation de payer pour le syst\u00e8me de r\u00e9servation existant et pr\u00e9cisant la date de fin de la p\u00e9riode d&rsquo;engagement. L&rsquo;ETB d\u00e9termine si la documentation est valable et suffisante. <\/li>\n<\/ol>\n<\/li>\n<\/ol>\t\t\t\t\t\t\t\t<\/div>\n\t\t\t\t<\/div>\n\t\t\t\t<div class=\"elementor-element elementor-element-abcb069 elementor-widget elementor-widget-heading\" data-id=\"abcb069\" data-element_type=\"widget\" data-e-type=\"widget\" data-widget_type=\"heading.default\">\n\t\t\t\t<div class=\"elementor-widget-container\">\n\t\t\t\t\t<h3 class=\"elementor-heading-title elementor-size-default\">2. Recharge SMS<\/h3>\t\t\t\t<\/div>\n\t\t\t\t<\/div>\n\t\t\t\t<div class=\"elementor-element elementor-element-cbfcfb2 elementor-widget elementor-widget-text-editor\" data-id=\"cbfcfb2\" data-element_type=\"widget\" data-e-type=\"widget\" data-widget_type=\"text-editor.default\">\n\t\t\t\t<div class=\"elementor-widget-container\">\n\t\t\t\t\t\t\t\t\t<ol>\n<li>Le rechargement du solde du SMS se fait \u00e0 l&rsquo;aide de la carte de cr\u00e9dit attribu\u00e9e.<\/li>\n<li>Un rechargement manuel ou automatique peut \u00eatre effectu\u00e9 avant que le solde n&rsquo;atteigne z\u00e9ro.<\/li>\n<li>Les notifications par SMS ne seront envoy\u00e9es que si le solde de SMS est suffisant.<\/li>\n<\/ol>\n\t\t\t\t\t\t\t\t<\/div>\n\t\t\t\t<\/div>\n\t\t\t\t<div class=\"elementor-element elementor-element-2ad85a4 elementor-widget elementor-widget-heading\" data-id=\"2ad85a4\" data-element_type=\"widget\" data-e-type=\"widget\" data-widget_type=\"heading.default\">\n\t\t\t\t<div class=\"elementor-widget-container\">\n\t\t\t\t\t<h3 class=\"elementor-heading-title elementor-size-default\">3. Paiements anticip\u00e9s<\/h3>\t\t\t\t<\/div>\n\t\t\t\t<\/div>\n\t\t\t\t<div class=\"elementor-element elementor-element-60c419b elementor-widget elementor-widget-text-editor\" data-id=\"60c419b\" data-element_type=\"widget\" data-e-type=\"widget\" data-widget_type=\"text-editor.default\">\n\t\t\t\t<div class=\"elementor-widget-container\">\n\t\t\t\t\t\t\t\t\t<ol>\n<li>L&rsquo;ETB agit en tant qu&rsquo;interm\u00e9diaire pour les accords de rachat en relation avec les pr\u00e9paiements. Cela signifie que l&rsquo;ETB fournit une plateforme sur laquelle le client peut g\u00e9rer ses pr\u00e9paiements et ses r\u00e9servations, tandis que les paiements sont trait\u00e9s par le biais du propre accord de rachat du client. <\/li>\n<li>Une commission de service de 1,6 % est pr\u00e9lev\u00e9e sur tous les paiements anticip\u00e9s.<\/li>\n<li>Il incombe au client de s&rsquo;assurer que tous les pr\u00e9paiements sont correctement ex\u00e9cut\u00e9s et qu&rsquo;il a re\u00e7u le paiement de ses h\u00f4tes avant que ces derniers n&rsquo;encaissent le paiement. L&rsquo;ETB fournit des outils et un soutien pour faciliter ce processus, mais ne peut \u00eatre tenu responsable de toute erreur ou omission en rapport avec les paiements. Par cons\u00e9quent, l&rsquo;ETB n&rsquo;assume pas la responsabilit\u00e9 de l&rsquo;ex\u00e9cution effective des paiements.  <\/li>\n<\/ol>\n\t\t\t\t\t\t\t\t<\/div>\n\t\t\t\t<\/div>\n\t\t\t\t<div class=\"elementor-element elementor-element-2a8f96d elementor-widget elementor-widget-heading\" data-id=\"2a8f96d\" data-element_type=\"widget\" data-e-type=\"widget\" data-widget_type=\"heading.default\">\n\t\t\t\t<div class=\"elementor-widget-container\">\n\t\t\t\t\t<h3 class=\"elementor-heading-title elementor-size-default\">4. R\u00e9siliation<\/h3>\t\t\t\t<\/div>\n\t\t\t\t<\/div>\n\t\t\t\t<div class=\"elementor-element elementor-element-76ce07e elementor-widget elementor-widget-text-editor\" data-id=\"76ce07e\" data-element_type=\"widget\" data-e-type=\"widget\" data-widget_type=\"text-editor.default\">\n\t\t\t\t<div class=\"elementor-widget-container\">\n\t\t\t\t\t\t\t\t\t<ol>\n<li>L&rsquo;abonnement peut \u00eatre r\u00e9sili\u00e9 \u00e0 tout moment jusqu&rsquo;\u00e0 la fin de la p\u00e9riode d&rsquo;abonnement en cours. Pour ce faire, cliquez sur \u00ab\u00a0Se d\u00e9sabonner\u00a0\u00bb sous \u00ab\u00a0Configurations\u00a0\u00bb &gt; \u00ab\u00a0Abonnement\u00a0\u00bb. <\/li>\n<li>Le solde du SMS n&rsquo;est pas remboursable.<\/li>\n<\/ol>\n\t\t\t\t\t\t\t\t<\/div>\n\t\t\t\t<\/div>\n\t\t\t\t<div class=\"elementor-element elementor-element-eafbbf2 elementor-widget elementor-widget-heading\" data-id=\"eafbbf2\" data-element_type=\"widget\" data-e-type=\"widget\" data-widget_type=\"heading.default\">\n\t\t\t\t<div class=\"elementor-widget-container\">\n\t\t\t\t\t<h3 class=\"elementor-heading-title elementor-size-default\">5. Fonctionnement, sauvegarde et exclusion de responsabilit\u00e9<\/h3>\t\t\t\t<\/div>\n\t\t\t\t<\/div>\n\t\t\t\t<div class=\"elementor-element elementor-element-2b6ef21 elementor-widget elementor-widget-text-editor\" data-id=\"2b6ef21\" data-element_type=\"widget\" data-e-type=\"widget\" data-widget_type=\"text-editor.default\">\n\t\t\t\t<div class=\"elementor-widget-container\">\n\t\t\t\t\t\t\t\t\t<ol>\n<li>Des sauvegardes quotidiennes de toutes les donn\u00e9es sont effectu\u00e9es sur un serveur externe afin de restaurer les r\u00e9servations et autres donn\u00e9es jusqu&rsquo;\u00e0 la derni\u00e8re sauvegarde. Les serveurs sont situ\u00e9s dans une salle de serveurs hautement s\u00e9curis\u00e9e afin de garantir une fiabilit\u00e9 op\u00e9rationnelle et un temps de disponibilit\u00e9 \u00e9lev\u00e9s. <\/li>\n<li>L&rsquo;ETB ne peut \u00eatre tenu financi\u00e8rement responsable des pertes de donn\u00e9es, des temps d&rsquo;arr\u00eat ou de toute autre perte indirecte caus\u00e9e par des pannes de serveur ou de r\u00e9seau, etc.<\/li>\n<li>L&rsquo;ETB d\u00e9cline toute responsabilit\u00e9 en cas d&rsquo;erreur ou d&rsquo;omission dans l&rsquo;ex\u00e9cution des pr\u00e9paiements. Il incombe au client de s&rsquo;assurer \u00e0 tout moment que les pr\u00e9paiements sont effectu\u00e9s correctement et qu&rsquo;il a re\u00e7u le paiement de ses h\u00f4tes avant que ceux-ci ne l&rsquo;encaissent. Voir \u00e9galement le point 3.3.  <\/li>\n<li>L&rsquo;ETB ne peut \u00eatre tenu responsable de toute perte ou de tout dommage r\u00e9sultant d&rsquo;un acc\u00e8s non autoris\u00e9 aux donn\u00e9es du client ou de leur utilisation.<\/li>\n<li>L&rsquo;ETB n&rsquo;est pas responsable des pertes ou dommages r\u00e9sultant du non-respect par le client des lois ou r\u00e8glements applicables.<\/li>\n<li>L&rsquo;ETB d\u00e9cline toute responsabilit\u00e9 pour les pertes ou dommages r\u00e9sultant d&rsquo;\u00e9v\u00e9nements de force majeure, y compris, mais sans s&rsquo;y limiter, les catastrophes naturelles, la guerre, les actes de terrorisme, les gr\u00e8ves, les pand\u00e9mies ou d&rsquo;autres \u00e9v\u00e9nements \u00e9chappant au contr\u00f4le raisonnable de l&rsquo;ETB.<\/li>\n<li>L&rsquo;ETB ne peut \u00eatre tenu responsable de toute perte ou dommage r\u00e9sultant d&rsquo;erreurs ou d&rsquo;omissions dans les logiciels ou services de tiers que l&rsquo;ETB utilise dans le cadre de l&rsquo;exploitation d&rsquo;easyTable.<\/li>\n<li>ETB n&rsquo;est pas responsable des pertes indirectes, des dommages cons\u00e9cutifs, des pertes de revenus, des pertes de donn\u00e9es ou d&rsquo;autres formes de pertes \u00e9conomiques que le client pourrait subir suite \u00e0 l&rsquo;utilisation d&rsquo;easyTable.<\/li>\n<li>Le client est tenu de s&rsquo;assurer que tous les utilisateurs d&rsquo;easyTable respectent les conditions g\u00e9n\u00e9rales applicables, et l&rsquo;ETB d\u00e9cline toute responsabilit\u00e9 en cas de perte ou de dommage r\u00e9sultant des actions ou des omissions de l&rsquo;utilisateur.<\/li>\n<\/ol>\n\t\t\t\t\t\t\t\t<\/div>\n\t\t\t\t<\/div>\n\t\t\t\t<div class=\"elementor-element elementor-element-f01f013 elementor-widget elementor-widget-heading\" data-id=\"f01f013\" data-element_type=\"widget\" data-e-type=\"widget\" data-widget_type=\"heading.default\">\n\t\t\t\t<div class=\"elementor-widget-container\">\n\t\t\t\t\t<h3 class=\"elementor-heading-title elementor-size-default\">6. Donn\u00e9es \u00e0 caract\u00e8re personnel<\/h3>\t\t\t\t<\/div>\n\t\t\t\t<\/div>\n\t\t\t\t<div class=\"elementor-element elementor-element-dc2f857 elementor-widget elementor-widget-text-editor\" data-id=\"dc2f857\" data-element_type=\"widget\" data-e-type=\"widget\" data-widget_type=\"text-editor.default\">\n\t\t\t\t<div class=\"elementor-widget-container\">\n\t\t\t\t\t\t\t\t\t<ol>\n<li>Suite \u00e0 l&rsquo;exigence d&rsquo;un accord de traitement des donn\u00e9es dans le R\u00e8glement (UE) 2016\/679 du 27 avril 2016 (\u00ab\u00a0R\u00e8glement g\u00e9n\u00e9ral sur la protection des donn\u00e9es\u00a0\u00bb \/ \u00ab\u00a0RGPD\u00a0\u00bb), le lien ci-dessous constitue un accord suppl\u00e9mentaire, l'\u00a0\u00bbAccord de traitement des donn\u00e9es\u00a0\u00bb, en relation avec les pr\u00e9sentes conditions g\u00e9n\u00e9rales. Accord sur le traitement des donn\u00e9es : <a style=\"color: #bf2b1f; text-decoration: underline;\" href=\"https:\/\/book.easytable.com\/easyTable-DPA.pdf\">easyTable-DPA.pdf<\/a> <\/li>\n<\/ol>\n\t\t\t\t\t\t\t\t<\/div>\n\t\t\t\t<\/div>\n\t\t\t\t<div class=\"elementor-element elementor-element-eb6069a elementor-widget elementor-widget-heading\" data-id=\"eb6069a\" data-element_type=\"widget\" data-e-type=\"widget\" data-widget_type=\"heading.default\">\n\t\t\t\t<div class=\"elementor-widget-container\">\n\t\t\t\t\t<h3 class=\"elementor-heading-title elementor-size-default\">7. Choix de la loi et de la juridiction<\/h3>\t\t\t\t<\/div>\n\t\t\t\t<\/div>\n\t\t\t\t<div class=\"elementor-element elementor-element-f9aa552 elementor-widget elementor-widget-text-editor\" data-id=\"f9aa552\" data-element_type=\"widget\" data-e-type=\"widget\" data-widget_type=\"text-editor.default\">\n\t\t\t\t<div class=\"elementor-widget-container\">\n\t\t\t\t\t\t\t\t\t<ol>\n<li>Toute action en justice, tout proc\u00e8s ou tout autre litige intent\u00e9 contre l&rsquo;ETB doit \u00eatre d\u00e9pos\u00e9 aupr\u00e8s du tribunal de la ville de Copenhague, au Danemark, conform\u00e9ment \u00e0 la l\u00e9gislation danoise.<\/li>\n<\/ol>\n\t\t\t\t\t\t\t\t<\/div>\n\t\t\t\t<\/div>\n\t\t\t\t\t<\/div>\n\t\t\t\t<\/div>\n\t\t\t\t<\/div>\n\t\t","protected":false},"excerpt":{"rendered":"<p>Conditions g\u00e9n\u00e9rales d&rsquo;utilisation Version 3.0 (2024-10-30) Si vous avez des questions concernant les conditions ci-dessous, veuillez nous contacter \u00e0 l&rsquo;adresse info@easytable.com. 1. Abonnement easyTableBooking ApS (ci-apr\u00e8s d\u00e9nomm\u00e9e ETB) est une soci\u00e9t\u00e9 qui propose \u00ab\u00a0easyTable\u00a0\u00bb \u00e0 d&rsquo;autres entreprises (ci-apr\u00e8s d\u00e9nomm\u00e9es le client), un syst\u00e8me de gestion des r\u00e9servations en ligne bas\u00e9 sur un abonnement. Apr\u00e8s la [&hellip;]<\/p>\n","protected":false},"author":1,"featured_media":0,"parent":0,"menu_order":0,"comment_status":"closed","ping_status":"closed","template":"","meta":{"inline_featured_image":false,"footnotes":""},"class_list":["post-6137","page","type-page","status-publish","hentry"],"yoast_head":"<!-- This site is optimized with the Yoast SEO plugin v27.5 - https:\/\/yoast.com\/product\/yoast-seo-wordpress\/ -->\n<title>Conditions g\u00e9n\u00e9rales d&#039;utilisation - easyTable<\/title>\n<meta name=\"robots\" content=\"index, follow, max-snippet:-1, max-image-preview:large, max-video-preview:-1\" \/>\n<link rel=\"canonical\" href=\"https:\/\/easytable.com\/fr\/conditions-generales-dutilisation\/\" \/>\n<meta property=\"og:locale\" content=\"fr_FR\" \/>\n<meta property=\"og:type\" content=\"article\" \/>\n<meta property=\"og:title\" content=\"Conditions g\u00e9n\u00e9rales d&#039;utilisation - easyTable\" \/>\n<meta property=\"og:description\" content=\"Conditions g\u00e9n\u00e9rales d&rsquo;utilisation Version 3.0 (2024-10-30) Si vous avez des questions concernant les conditions ci-dessous, veuillez nous contacter \u00e0 l&rsquo;adresse info@easytable.com. 1. Abonnement easyTableBooking ApS (ci-apr\u00e8s d\u00e9nomm\u00e9e ETB) est une soci\u00e9t\u00e9 qui propose \u00ab\u00a0easyTable\u00a0\u00bb \u00e0 d&rsquo;autres entreprises (ci-apr\u00e8s d\u00e9nomm\u00e9es le client), un syst\u00e8me de gestion des r\u00e9servations en ligne bas\u00e9 sur un abonnement. Apr\u00e8s la [&hellip;]\" \/>\n<meta property=\"og:url\" content=\"https:\/\/easytable.com\/fr\/conditions-generales-dutilisation\/\" \/>\n<meta property=\"og:site_name\" content=\"easyTable\" \/>\n<meta property=\"article:modified_time\" content=\"2024-10-30T15:13:05+00:00\" \/>\n<meta name=\"twitter:card\" content=\"summary_large_image\" \/>\n<meta name=\"twitter:label1\" content=\"Dur\u00e9e de lecture estim\u00e9e\" \/>\n\t<meta name=\"twitter:data1\" content=\"5 minutes\" \/>\n<script type=\"application\/ld+json\" class=\"yoast-schema-graph\">{\"@context\":\"https:\\\/\\\/schema.org\",\"@graph\":[{\"@type\":\"WebPage\",\"@id\":\"https:\\\/\\\/easytable.com\\\/fr\\\/conditions-generales-dutilisation\\\/\",\"url\":\"https:\\\/\\\/easytable.com\\\/fr\\\/conditions-generales-dutilisation\\\/\",\"name\":\"Conditions g\u00e9n\u00e9rales d'utilisation - easyTable\",\"isPartOf\":{\"@id\":\"https:\\\/\\\/easytable.com\\\/fr\\\/#website\"},\"datePublished\":\"2024-10-30T13:48:37+00:00\",\"dateModified\":\"2024-10-30T15:13:05+00:00\",\"breadcrumb\":{\"@id\":\"https:\\\/\\\/easytable.com\\\/fr\\\/conditions-generales-dutilisation\\\/#breadcrumb\"},\"inLanguage\":\"fr-FR\",\"potentialAction\":[{\"@type\":\"ReadAction\",\"target\":[\"https:\\\/\\\/easytable.com\\\/fr\\\/conditions-generales-dutilisation\\\/\"]}]},{\"@type\":\"BreadcrumbList\",\"@id\":\"https:\\\/\\\/easytable.com\\\/fr\\\/conditions-generales-dutilisation\\\/#breadcrumb\",\"itemListElement\":[{\"@type\":\"ListItem\",\"position\":1,\"name\":\"Home\",\"item\":\"https:\\\/\\\/easytable.com\\\/fr\\\/page-daccueil\\\/\"},{\"@type\":\"ListItem\",\"position\":2,\"name\":\"Conditions g\u00e9n\u00e9rales d&rsquo;utilisation\"}]},{\"@type\":\"WebSite\",\"@id\":\"https:\\\/\\\/easytable.com\\\/fr\\\/#website\",\"url\":\"https:\\\/\\\/easytable.com\\\/fr\\\/\",\"name\":\"easyTable.com\",\"description\":\"\",\"publisher\":{\"@id\":\"https:\\\/\\\/easytable.com\\\/fr\\\/#organization\"},\"potentialAction\":[{\"@type\":\"SearchAction\",\"target\":{\"@type\":\"EntryPoint\",\"urlTemplate\":\"https:\\\/\\\/easytable.com\\\/fr\\\/?s={search_term_string}\"},\"query-input\":{\"@type\":\"PropertyValueSpecification\",\"valueRequired\":true,\"valueName\":\"search_term_string\"}}],\"inLanguage\":\"fr-FR\"},{\"@type\":\"Organization\",\"@id\":\"https:\\\/\\\/easytable.com\\\/fr\\\/#organization\",\"name\":\"easyTable\",\"url\":\"https:\\\/\\\/easytable.com\\\/fr\\\/\",\"logo\":{\"@type\":\"ImageObject\",\"inLanguage\":\"fr-FR\",\"@id\":\"https:\\\/\\\/easytable.com\\\/fr\\\/#\\\/schema\\\/logo\\\/image\\\/\",\"url\":\"https:\\\/\\\/easytable.com\\\/wp-content\\\/uploads\\\/2024\\\/02\\\/Logo-ETB.svg\",\"contentUrl\":\"https:\\\/\\\/easytable.com\\\/wp-content\\\/uploads\\\/2024\\\/02\\\/Logo-ETB.svg\",\"width\":153,\"height\":34,\"caption\":\"easyTable\"},\"image\":{\"@id\":\"https:\\\/\\\/easytable.com\\\/fr\\\/#\\\/schema\\\/logo\\\/image\\\/\"}}]}<\/script>\n<!-- \/ Yoast SEO plugin. -->","yoast_head_json":{"title":"Conditions g\u00e9n\u00e9rales d'utilisation - easyTable","robots":{"index":"index","follow":"follow","max-snippet":"max-snippet:-1","max-image-preview":"max-image-preview:large","max-video-preview":"max-video-preview:-1"},"canonical":"https:\/\/easytable.com\/fr\/conditions-generales-dutilisation\/","og_locale":"fr_FR","og_type":"article","og_title":"Conditions g\u00e9n\u00e9rales d'utilisation - easyTable","og_description":"Conditions g\u00e9n\u00e9rales d&rsquo;utilisation Version 3.0 (2024-10-30) Si vous avez des questions concernant les conditions ci-dessous, veuillez nous contacter \u00e0 l&rsquo;adresse info@easytable.com. 1. Abonnement easyTableBooking ApS (ci-apr\u00e8s d\u00e9nomm\u00e9e ETB) est une soci\u00e9t\u00e9 qui propose \u00ab\u00a0easyTable\u00a0\u00bb \u00e0 d&rsquo;autres entreprises (ci-apr\u00e8s d\u00e9nomm\u00e9es le client), un syst\u00e8me de gestion des r\u00e9servations en ligne bas\u00e9 sur un abonnement. Apr\u00e8s la [&hellip;]","og_url":"https:\/\/easytable.com\/fr\/conditions-generales-dutilisation\/","og_site_name":"easyTable","article_modified_time":"2024-10-30T15:13:05+00:00","twitter_card":"summary_large_image","twitter_misc":{"Dur\u00e9e de lecture estim\u00e9e":"5 minutes"},"schema":{"@context":"https:\/\/schema.org","@graph":[{"@type":"WebPage","@id":"https:\/\/easytable.com\/fr\/conditions-generales-dutilisation\/","url":"https:\/\/easytable.com\/fr\/conditions-generales-dutilisation\/","name":"Conditions g\u00e9n\u00e9rales d'utilisation - easyTable","isPartOf":{"@id":"https:\/\/easytable.com\/fr\/#website"},"datePublished":"2024-10-30T13:48:37+00:00","dateModified":"2024-10-30T15:13:05+00:00","breadcrumb":{"@id":"https:\/\/easytable.com\/fr\/conditions-generales-dutilisation\/#breadcrumb"},"inLanguage":"fr-FR","potentialAction":[{"@type":"ReadAction","target":["https:\/\/easytable.com\/fr\/conditions-generales-dutilisation\/"]}]},{"@type":"BreadcrumbList","@id":"https:\/\/easytable.com\/fr\/conditions-generales-dutilisation\/#breadcrumb","itemListElement":[{"@type":"ListItem","position":1,"name":"Home","item":"https:\/\/easytable.com\/fr\/page-daccueil\/"},{"@type":"ListItem","position":2,"name":"Conditions g\u00e9n\u00e9rales d&rsquo;utilisation"}]},{"@type":"WebSite","@id":"https:\/\/easytable.com\/fr\/#website","url":"https:\/\/easytable.com\/fr\/","name":"easyTable.com","description":"","publisher":{"@id":"https:\/\/easytable.com\/fr\/#organization"},"potentialAction":[{"@type":"SearchAction","target":{"@type":"EntryPoint","urlTemplate":"https:\/\/easytable.com\/fr\/?s={search_term_string}"},"query-input":{"@type":"PropertyValueSpecification","valueRequired":true,"valueName":"search_term_string"}}],"inLanguage":"fr-FR"},{"@type":"Organization","@id":"https:\/\/easytable.com\/fr\/#organization","name":"easyTable","url":"https:\/\/easytable.com\/fr\/","logo":{"@type":"ImageObject","inLanguage":"fr-FR","@id":"https:\/\/easytable.com\/fr\/#\/schema\/logo\/image\/","url":"https:\/\/easytable.com\/wp-content\/uploads\/2024\/02\/Logo-ETB.svg","contentUrl":"https:\/\/easytable.com\/wp-content\/uploads\/2024\/02\/Logo-ETB.svg","width":153,"height":34,"caption":"easyTable"},"image":{"@id":"https:\/\/easytable.com\/fr\/#\/schema\/logo\/image\/"}}]}},"_links":{"self":[{"href":"https:\/\/easytable.com\/fr\/wp-json\/wp\/v2\/pages\/6137","targetHints":{"allow":["GET"]}}],"collection":[{"href":"https:\/\/easytable.com\/fr\/wp-json\/wp\/v2\/pages"}],"about":[{"href":"https:\/\/easytable.com\/fr\/wp-json\/wp\/v2\/types\/page"}],"author":[{"embeddable":true,"href":"https:\/\/easytable.com\/fr\/wp-json\/wp\/v2\/users\/1"}],"replies":[{"embeddable":true,"href":"https:\/\/easytable.com\/fr\/wp-json\/wp\/v2\/comments?post=6137"}],"version-history":[{"count":1,"href":"https:\/\/easytable.com\/fr\/wp-json\/wp\/v2\/pages\/6137\/revisions"}],"predecessor-version":[{"id":6138,"href":"https:\/\/easytable.com\/fr\/wp-json\/wp\/v2\/pages\/6137\/revisions\/6138"}],"wp:attachment":[{"href":"https:\/\/easytable.com\/fr\/wp-json\/wp\/v2\/media?parent=6137"}],"curies":[{"name":"wp","href":"https:\/\/api.w.org\/{rel}","templated":true}]}}