{"id":3479,"date":"2024-03-14T14:17:04","date_gmt":"2024-03-14T14:17:04","guid":{"rendered":"https:\/\/easytable.com\/contact\/"},"modified":"2026-03-26T09:08:33","modified_gmt":"2026-03-26T09:08:33","slug":"contact","status":"publish","type":"page","link":"https:\/\/easytable.com\/fr\/contact\/","title":{"rendered":"Contact"},"content":{"rendered":"\t\t<div data-elementor-type=\"wp-page\" data-elementor-id=\"3479\" class=\"elementor elementor-3479 elementor-1162\" data-elementor-post-type=\"page\">\n\t\t\t\t<div class=\"elementor-element elementor-element-2fa5857 e-flex e-con-boxed e-con e-parent\" data-id=\"2fa5857\" data-element_type=\"container\" data-e-type=\"container\" data-settings=\"{&quot;background_background&quot;:&quot;classic&quot;}\">\n\t\t\t\t\t<div class=\"e-con-inner\">\n\t\t<div class=\"elementor-element elementor-element-161d991 e-con-full e-flex e-con e-child\" data-id=\"161d991\" data-element_type=\"container\" data-e-type=\"container\">\n\t\t\t\t<div class=\"elementor-element elementor-element-d754436 elementor-widget elementor-widget-heading\" data-id=\"d754436\" data-element_type=\"widget\" data-e-type=\"widget\" data-widget_type=\"heading.default\">\n\t\t\t\t<div class=\"elementor-widget-container\">\n\t\t\t\t\t<h1 class=\"elementor-heading-title elementor-size-default\">Contactez-nous \ud83d\udc4b<\/h1>\t\t\t\t<\/div>\n\t\t\t\t<\/div>\n\t\t\t\t<div class=\"elementor-element elementor-element-7595ac4 elementor-widget elementor-widget-text-editor\" data-id=\"7595ac4\" data-element_type=\"widget\" data-e-type=\"widget\" data-widget_type=\"text-editor.default\">\n\t\t\t\t<div class=\"elementor-widget-container\">\n\t\t\t\t\t\t\t\t\t<p>Parlez \u00e0 une personne r\u00e9elle, que ce soit par courrier \u00e9lectronique ou par t\u00e9l\u00e9phone.  <br>Nous sommes toujours l\u00e0, pr\u00eats \u00e0 vous aider.<\/p>\t\t\t\t\t\t\t\t<\/div>\n\t\t\t\t<\/div>\n\t\t\t\t<\/div>\n\t\t\t\t\t<\/div>\n\t\t\t\t<\/div>\n\t\t<div class=\"elementor-element elementor-element-9f5f2be e-flex e-con-boxed e-con e-parent\" data-id=\"9f5f2be\" data-element_type=\"container\" data-e-type=\"container\" id=\"contactBoxes\" data-settings=\"{&quot;background_background&quot;:&quot;classic&quot;}\">\n\t\t\t\t\t<div class=\"e-con-inner\">\n\t\t<div class=\"elementor-element elementor-element-1f98b3f e-flex e-con-boxed e-con e-child\" data-id=\"1f98b3f\" data-element_type=\"container\" data-e-type=\"container\">\n\t\t\t\t\t<div class=\"e-con-inner\">\n\t\t<div class=\"elementor-element elementor-element-fbe3788 e-flex e-con-boxed e-con e-child\" data-id=\"fbe3788\" data-element_type=\"container\" data-e-type=\"container\" data-settings=\"{&quot;background_background&quot;:&quot;classic&quot;}\">\n\t\t\t\t\t<div class=\"e-con-inner\">\n\t\t<div class=\"elementor-element elementor-element-fc13f51 e-flex e-con-boxed e-con e-child\" data-id=\"fc13f51\" data-element_type=\"container\" data-e-type=\"container\">\n\t\t\t\t\t<div class=\"e-con-inner\">\n\t\t\t\t<div class=\"elementor-element elementor-element-673b7ac elementor-widget elementor-widget-image\" data-id=\"673b7ac\" data-element_type=\"widget\" data-e-type=\"widget\" data-widget_type=\"image.default\">\n\t\t\t\t<div class=\"elementor-widget-container\">\n\t\t\t\t\t\t\t\t\t\t\t\t\t\t\t<img fetchpriority=\"high\" decoding=\"async\" width=\"800\" height=\"800\" src=\"https:\/\/easytable.com\/wp-content\/uploads\/2024\/03\/ico-contact-call.svg\" class=\"attachment-large size-large wp-image-3480\" alt=\"\" \/>\t\t\t\t\t\t\t\t\t\t\t\t\t\t\t<\/div>\n\t\t\t\t<\/div>\n\t\t\t\t<div class=\"elementor-element elementor-element-0998e07 elementor-widget elementor-widget-heading\" data-id=\"0998e07\" data-element_type=\"widget\" data-e-type=\"widget\" data-widget_type=\"heading.default\">\n\t\t\t\t<div class=\"elementor-widget-container\">\n\t\t\t\t\t<h3 class=\"elementor-heading-title elementor-size-default\">Appelez-nous<\/h3>\t\t\t\t<\/div>\n\t\t\t\t<\/div>\n\t\t\t\t\t<\/div>\n\t\t\t\t<\/div>\n\t\t\t\t<div class=\"elementor-element elementor-element-2767eab elementor-widget elementor-widget-text-editor\" data-id=\"2767eab\" data-element_type=\"widget\" data-e-type=\"widget\" data-widget_type=\"text-editor.default\">\n\t\t\t\t<div class=\"elementor-widget-container\">\n\t\t\t\t\t\t\t\t\t<p>US <a style=\"color: #bf2b1f; text-decoration: underline;\" href=\"tel:+16468786860\">+1 646 878 6860<\/a><br>UK <a style=\"color: #bf2b1f; text-decoration: underline;\" href=\"tel:+443308081717\">+44 330 808 1717<\/a><\/p>\t\t\t\t\t\t\t\t<\/div>\n\t\t\t\t<\/div>\n\t\t<div class=\"elementor-element elementor-element-c13a144 e-flex e-con-boxed e-con e-child\" data-id=\"c13a144\" data-element_type=\"container\" data-e-type=\"container\">\n\t\t\t\t\t<div class=\"e-con-inner\">\n\t\t\t\t<div class=\"elementor-element elementor-element-1c142dd elementor-widget elementor-widget-heading\" data-id=\"1c142dd\" data-element_type=\"widget\" data-e-type=\"widget\" data-widget_type=\"heading.default\">\n\t\t\t\t<div class=\"elementor-widget-container\">\n\t\t\t\t\t<p class=\"elementor-heading-title elementor-size-default\">Heures d'ouverture :<\/p>\t\t\t\t<\/div>\n\t\t\t\t<\/div>\n\t\t<div class=\"elementor-element elementor-element-7c0a053 e-flex e-con-boxed e-con e-child\" data-id=\"7c0a053\" data-element_type=\"container\" data-e-type=\"container\">\n\t\t\t\t\t<div class=\"e-con-inner\">\n\t\t<div class=\"elementor-element elementor-element-50ef37c e-flex e-con-boxed e-con e-child\" data-id=\"50ef37c\" data-element_type=\"container\" data-e-type=\"container\">\n\t\t\t\t\t<div class=\"e-con-inner\">\n\t\t\t\t<div class=\"elementor-element elementor-element-535e7ed elementor-widget elementor-widget-heading\" data-id=\"535e7ed\" data-element_type=\"widget\" data-e-type=\"widget\" data-widget_type=\"heading.default\">\n\t\t\t\t<div class=\"elementor-widget-container\">\n\t\t\t\t\t<p class=\"elementor-heading-title elementor-size-default\">Du lundi au vendredi:<\/p>\t\t\t\t<\/div>\n\t\t\t\t<\/div>\n\t\t\t\t<div class=\"elementor-element elementor-element-26628ce elementor-widget elementor-widget-heading\" data-id=\"26628ce\" data-element_type=\"widget\" data-e-type=\"widget\" data-widget_type=\"heading.default\">\n\t\t\t\t<div class=\"elementor-widget-container\">\n\t\t\t\t\t<p class=\"elementor-heading-title elementor-size-default\">8H00 - 16H00<\/p>\t\t\t\t<\/div>\n\t\t\t\t<\/div>\n\t\t\t\t\t<\/div>\n\t\t\t\t<\/div>\n\t\t<div class=\"elementor-element elementor-element-ca5c9ea e-con-full e-flex e-con e-child\" data-id=\"ca5c9ea\" data-element_type=\"container\" data-e-type=\"container\">\n\t\t\t\t<div class=\"elementor-element elementor-element-b2090c7 elementor-widget elementor-widget-heading\" data-id=\"b2090c7\" data-element_type=\"widget\" data-e-type=\"widget\" data-widget_type=\"heading.default\">\n\t\t\t\t<div class=\"elementor-widget-container\">\n\t\t\t\t\t<p class=\"elementor-heading-title elementor-size-default\">Samedi et dimanche:<\/p>\t\t\t\t<\/div>\n\t\t\t\t<\/div>\n\t\t\t\t<div class=\"elementor-element elementor-element-3f10108 elementor-widget elementor-widget-heading\" data-id=\"3f10108\" data-element_type=\"widget\" data-e-type=\"widget\" data-widget_type=\"heading.default\">\n\t\t\t\t<div class=\"elementor-widget-container\">\n\t\t\t\t\t<p class=\"elementor-heading-title elementor-size-default\">Ferm\u00e9<\/p>\t\t\t\t<\/div>\n\t\t\t\t<\/div>\n\t\t\t\t<\/div>\n\t\t\t\t\t<\/div>\n\t\t\t\t<\/div>\n\t\t<div class=\"elementor-element elementor-element-34a4c2a e-flex e-con-boxed e-con e-child\" data-id=\"34a4c2a\" data-element_type=\"container\" data-e-type=\"container\">\n\t\t\t\t\t<div class=\"e-con-inner\">\n\t\t\t\t<div class=\"elementor-element elementor-element-ffdb022 elementor-widget elementor-widget-heading\" data-id=\"ffdb022\" data-element_type=\"widget\" data-e-type=\"widget\" data-widget_type=\"heading.default\">\n\t\t\t\t<div class=\"elementor-widget-container\">\n\t\t\t\t\t<p class=\"elementor-heading-title elementor-size-default\">GMT +2<\/p>\t\t\t\t<\/div>\n\t\t\t\t<\/div>\n\t\t\t\t\t<\/div>\n\t\t\t\t<\/div>\n\t\t\t\t\t<\/div>\n\t\t\t\t<\/div>\n\t\t\t\t\t<\/div>\n\t\t\t\t<\/div>\n\t\t<div class=\"elementor-element elementor-element-686c6b6 e-flex e-con-boxed e-con e-child\" data-id=\"686c6b6\" data-element_type=\"container\" data-e-type=\"container\" data-settings=\"{&quot;background_background&quot;:&quot;classic&quot;}\">\n\t\t\t\t\t<div class=\"e-con-inner\">\n\t\t<div class=\"elementor-element elementor-element-7d90ecc e-flex e-con-boxed e-con e-child\" data-id=\"7d90ecc\" data-element_type=\"container\" data-e-type=\"container\">\n\t\t\t\t\t<div class=\"e-con-inner\">\n\t\t\t\t<div class=\"elementor-element elementor-element-60b094e elementor-widget elementor-widget-image\" data-id=\"60b094e\" data-element_type=\"widget\" data-e-type=\"widget\" data-widget_type=\"image.default\">\n\t\t\t\t<div class=\"elementor-widget-container\">\n\t\t\t\t\t\t\t\t\t\t\t\t\t\t\t<img decoding=\"async\" width=\"800\" height=\"832\" src=\"https:\/\/easytable.com\/wp-content\/uploads\/2024\/03\/ico-contact-send.svg\" class=\"attachment-large size-large wp-image-3482\" alt=\"\" \/>\t\t\t\t\t\t\t\t\t\t\t\t\t\t\t<\/div>\n\t\t\t\t<\/div>\n\t\t\t\t<div class=\"elementor-element elementor-element-35dd0e5 elementor-widget elementor-widget-heading\" data-id=\"35dd0e5\" data-element_type=\"widget\" data-e-type=\"widget\" data-widget_type=\"heading.default\">\n\t\t\t\t<div class=\"elementor-widget-container\">\n\t\t\t\t\t<h3 class=\"elementor-heading-title elementor-size-default\">Envoyez-nous un courriel<\/h3>\t\t\t\t<\/div>\n\t\t\t\t<\/div>\n\t\t\t\t\t<\/div>\n\t\t\t\t<\/div>\n\t\t\t\t<div class=\"elementor-element elementor-element-1c359eb elementor-widget elementor-widget-text-editor\" data-id=\"1c359eb\" data-element_type=\"widget\" data-e-type=\"widget\" data-widget_type=\"text-editor.default\">\n\t\t\t\t<div class=\"elementor-widget-container\">\n\t\t\t\t\t\t\t\t\t<p>Envoyez-nous un courriel et notre \u00e9quipe d&#8217;assistance vous r\u00e9pondra dans les 24 heures en semaine.<\/p><p><a style=\"color: #bf2b1f; text-decoration: underline;\" href=\"mailto:info@easytable.com\">info@easytable.com<\/a><\/p>\t\t\t\t\t\t\t\t<\/div>\n\t\t\t\t<\/div>\n\t\t\t\t\t<\/div>\n\t\t\t\t<\/div>\n\t\t<div class=\"elementor-element elementor-element-1a7bccf e-flex e-con-boxed e-con e-child\" data-id=\"1a7bccf\" data-element_type=\"container\" data-e-type=\"container\" data-settings=\"{&quot;background_background&quot;:&quot;classic&quot;}\">\n\t\t\t\t\t<div class=\"e-con-inner\">\n\t\t<div class=\"elementor-element elementor-element-3887728 e-flex e-con-boxed e-con e-child\" data-id=\"3887728\" data-element_type=\"container\" data-e-type=\"container\">\n\t\t\t\t\t<div class=\"e-con-inner\">\n\t\t\t\t<div class=\"elementor-element elementor-element-e869599 elementor-widget elementor-widget-image\" data-id=\"e869599\" data-element_type=\"widget\" data-e-type=\"widget\" data-widget_type=\"image.default\">\n\t\t\t\t<div class=\"elementor-widget-container\">\n\t\t\t\t\t\t\t\t\t\t\t\t\t\t\t<img decoding=\"async\" width=\"800\" height=\"770\" src=\"https:\/\/easytable.com\/wp-content\/uploads\/2024\/03\/ico-contact-getCall.svg\" class=\"attachment-large size-large wp-image-3481\" alt=\"\" \/>\t\t\t\t\t\t\t\t\t\t\t\t\t\t\t<\/div>\n\t\t\t\t<\/div>\n\t\t\t\t<div class=\"elementor-element elementor-element-6e705b7 elementor-widget elementor-widget-heading\" data-id=\"6e705b7\" data-element_type=\"widget\" data-e-type=\"widget\" data-widget_type=\"heading.default\">\n\t\t\t\t<div class=\"elementor-widget-container\">\n\t\t\t\t\t<h3 class=\"elementor-heading-title elementor-size-default\">Obtenir un appel<\/h3>\t\t\t\t<\/div>\n\t\t\t\t<\/div>\n\t\t\t\t\t<\/div>\n\t\t\t\t<\/div>\n\t\t\t\t<div class=\"elementor-element elementor-element-77f3dbe elementor-widget elementor-widget-text-editor\" data-id=\"77f3dbe\" data-element_type=\"widget\" data-e-type=\"widget\" data-widget_type=\"text-editor.default\">\n\t\t\t\t<div class=\"elementor-widget-container\">\n\t\t\t\t\t\t\t\t\t<p><a style=\"color: #bf2b1f; text-decoration: underline;\" href=\"#elementor-action%3Aaction%3Dpopup%3Aopen%26settings%3DeyJpZCI6MTgxMywidG9nZ2xlIjpmYWxzZX0%3D\">Laissez-nous vos coordonn\u00e9es<\/a> et un membre de notre \u00e9quipe vous rappellera dans les 24 heures en semaine.<\/p>\t\t\t\t\t\t\t\t<\/div>\n\t\t\t\t<\/div>\n\t\t\t\t\t<\/div>\n\t\t\t\t<\/div>\n\t\t\t\t\t<\/div>\n\t\t\t\t<\/div>\n\t\t\t\t\t<\/div>\n\t\t\t\t<\/div>\n\t\t<div class=\"elementor-element elementor-element-5cf132d e-flex e-con-boxed e-con e-parent\" data-id=\"5cf132d\" data-element_type=\"container\" data-e-type=\"container\" data-settings=\"{&quot;background_background&quot;:&quot;classic&quot;}\">\n\t\t\t\t\t<div class=\"e-con-inner\">\n\t\t<div class=\"elementor-element elementor-element-7439384 e-con-full e-flex e-con e-child\" data-id=\"7439384\" data-element_type=\"container\" data-e-type=\"container\">\n\t\t\t\t<div class=\"elementor-element elementor-element-e5eff0e elementor-widget elementor-widget-text-editor\" data-id=\"e5eff0e\" data-element_type=\"widget\" data-e-type=\"widget\" data-widget_type=\"text-editor.default\">\n\t\t\t\t<div class=\"elementor-widget-container\">\n\t\t\t\t\t\t\t\t\t<p>Si vous cherchez plus d&#8217;informations sur l&#8217;utilisation d&#8217;easyTable, vous pouvez acc\u00e9der \u00e0 notre support et \u00e0 notre base de connaissances en cliquant sur le lien ci-dessous.<\/p>\t\t\t\t\t\t\t\t<\/div>\n\t\t\t\t<\/div>\n\t\t\t\t<div class=\"elementor-element elementor-element-e2d5eca elementor-mobile-align-justify elementor-widget-mobile__width-inherit btn-black elementor-align-center elementor-widget elementor-widget-button\" data-id=\"e2d5eca\" data-element_type=\"widget\" data-e-type=\"widget\" data-widget_type=\"button.default\">\n\t\t\t\t<div class=\"elementor-widget-container\">\n\t\t\t\t\t\t\t\t\t<div class=\"elementor-button-wrapper\">\n\t\t\t\t\t<a class=\"elementor-button elementor-button-link elementor-size-sm\" href=\"https:\/\/help.easytablebooking.com\/\" target=\"_blank\">\n\t\t\t\t\t\t<span class=\"elementor-button-content-wrapper\">\n\t\t\t\t\t\t\t\t\t<span class=\"elementor-button-text\">Support et base de connaissances<\/span>\n\t\t\t\t\t<\/span>\n\t\t\t\t\t<\/a>\n\t\t\t\t<\/div>\n\t\t\t\t\t\t\t\t<\/div>\n\t\t\t\t<\/div>\n\t\t\t\t<\/div>\n\t\t<div class=\"elementor-element elementor-element-d03f474 e-flex e-con-boxed e-con e-child\" data-id=\"d03f474\" data-element_type=\"container\" data-e-type=\"container\">\n\t\t\t\t\t<div class=\"e-con-inner\">\n\t\t<div class=\"elementor-element elementor-element-54ff2bf e-flex e-con-boxed e-con e-child\" data-id=\"54ff2bf\" data-element_type=\"container\" data-e-type=\"container\" data-settings=\"{&quot;background_background&quot;:&quot;classic&quot;}\">\n\t\t\t\t\t<div class=\"e-con-inner\">\n\t\t\t\t<div class=\"elementor-element elementor-element-2915cce elementor-widget__width-inherit google-maps-kontakt elementor-widget elementor-widget-html\" data-id=\"2915cce\" data-element_type=\"widget\" data-e-type=\"widget\" data-widget_type=\"html.default\">\n\t\t\t\t<div class=\"elementor-widget-container\">\n\t\t\t\t\t<iframe src=\"https:\/\/www.google.com\/maps\/embed?pb=!1m18!1m12!1m3!1d128087.20680465769!2d12.617333296749814!3d55.6586627267286!2m3!1f0!2f0!3f0!3m2!1i1024!2i768!4f13.1!3m3!1m2!1s0x465254bbef89bfed%3A0x172a48b9163de76a!2seasyTableBooking!5e0!3m2!1sen!2sdk!4v1710427433662!5m2!1sen!2sdk\" width=\"600\" height=\"420\" style=\"border:0;\" border-radius=\"10px;\" allowfullscreen=\"\" loading=\"lazy\" referrerpolicy=\"no-referrer-when-downgrade\"><\/iframe>\t\t\t\t<\/div>\n\t\t\t\t<\/div>\n\t\t\t\t<div class=\"elementor-element elementor-element-483689b elementor-widget elementor-widget-text-editor\" data-id=\"483689b\" data-element_type=\"widget\" data-e-type=\"widget\" data-widget_type=\"text-editor.default\">\n\t\t\t\t<div class=\"elementor-widget-container\">\n\t\t\t\t\t\t\t\t\t<p>Oerestads Boulevard 67<br>2300 Copenhague<br>Danemark<\/p>\t\t\t\t\t\t\t\t<\/div>\n\t\t\t\t<\/div>\n\t\t\t\t\t<\/div>\n\t\t\t\t<\/div>\n\t\t\t\t\t<\/div>\n\t\t\t\t<\/div>\n\t\t\t\t\t<\/div>\n\t\t\t\t<\/div>\n\t\t\t\t<\/div>\n\t\t","protected":false},"excerpt":{"rendered":"<p>Contactez-nous \ud83d\udc4b Parlez \u00e0 une personne r\u00e9elle, que ce soit par courrier \u00e9lectronique ou par t\u00e9l\u00e9phone. Nous sommes toujours l\u00e0, pr\u00eats \u00e0 vous aider. Appelez-nous US +1 646 878 6860UK +44 330 808 1717 Heures d&#8217;ouverture : Du lundi au vendredi: 8H00 &#8211; 16H00 Samedi et dimanche: Ferm\u00e9 GMT +2 Envoyez-nous un courriel Envoyez-nous un [&hellip;]<\/p>\n","protected":false},"author":1,"featured_media":0,"parent":0,"menu_order":0,"comment_status":"closed","ping_status":"closed","template":"","meta":{"inline_featured_image":false,"footnotes":""},"class_list":["post-3479","page","type-page","status-publish","hentry"],"yoast_head":"<!-- This site is optimized with the Yoast SEO plugin v27.4 - https:\/\/yoast.com\/product\/yoast-seo-wordpress\/ -->\n<title>Contact - easyTable<\/title>\n<meta name=\"robots\" content=\"index, follow, max-snippet:-1, max-image-preview:large, max-video-preview:-1\" \/>\n<link rel=\"canonical\" href=\"https:\/\/easytable.com\/fr\/contact\/\" \/>\n<meta property=\"og:locale\" content=\"fr_FR\" \/>\n<meta property=\"og:type\" content=\"article\" \/>\n<meta property=\"og:title\" content=\"Contact - easyTable\" \/>\n<meta property=\"og:description\" content=\"Contactez-nous \ud83d\udc4b Parlez \u00e0 une personne r\u00e9elle, que ce soit par courrier \u00e9lectronique ou par t\u00e9l\u00e9phone. Nous sommes toujours l\u00e0, pr\u00eats \u00e0 vous aider. Appelez-nous US +1 646 878 6860UK +44 330 808 1717 Heures d&#8217;ouverture : Du lundi au vendredi: 8H00 &#8211; 16H00 Samedi et dimanche: Ferm\u00e9 GMT +2 Envoyez-nous un courriel Envoyez-nous un [&hellip;]\" \/>\n<meta property=\"og:url\" content=\"https:\/\/easytable.com\/fr\/contact\/\" \/>\n<meta property=\"og:site_name\" content=\"easyTable\" \/>\n<meta property=\"article:modified_time\" content=\"2026-03-26T09:08:33+00:00\" \/>\n<meta name=\"twitter:card\" content=\"summary_large_image\" \/>\n<meta name=\"twitter:label1\" content=\"Dur\u00e9e de lecture estim\u00e9e\" \/>\n\t<meta name=\"twitter:data1\" content=\"2 minutes\" \/>\n<script type=\"application\/ld+json\" class=\"yoast-schema-graph\">{\"@context\":\"https:\\\/\\\/schema.org\",\"@graph\":[{\"@type\":\"WebPage\",\"@id\":\"https:\\\/\\\/easytable.com\\\/fr\\\/contact\\\/\",\"url\":\"https:\\\/\\\/easytable.com\\\/fr\\\/contact\\\/\",\"name\":\"Contact - easyTable\",\"isPartOf\":{\"@id\":\"https:\\\/\\\/easytable.com\\\/fr\\\/#website\"},\"primaryImageOfPage\":{\"@id\":\"https:\\\/\\\/easytable.com\\\/fr\\\/contact\\\/#primaryimage\"},\"image\":{\"@id\":\"https:\\\/\\\/easytable.com\\\/fr\\\/contact\\\/#primaryimage\"},\"thumbnailUrl\":\"https:\\\/\\\/easytable.com\\\/wp-content\\\/uploads\\\/2024\\\/03\\\/ico-contact-call.svg\",\"datePublished\":\"2024-03-14T14:17:04+00:00\",\"dateModified\":\"2026-03-26T09:08:33+00:00\",\"breadcrumb\":{\"@id\":\"https:\\\/\\\/easytable.com\\\/fr\\\/contact\\\/#breadcrumb\"},\"inLanguage\":\"fr-FR\",\"potentialAction\":[{\"@type\":\"ReadAction\",\"target\":[\"https:\\\/\\\/easytable.com\\\/fr\\\/contact\\\/\"]}]},{\"@type\":\"ImageObject\",\"inLanguage\":\"fr-FR\",\"@id\":\"https:\\\/\\\/easytable.com\\\/fr\\\/contact\\\/#primaryimage\",\"url\":\"https:\\\/\\\/easytable.com\\\/wp-content\\\/uploads\\\/2024\\\/03\\\/ico-contact-call.svg\",\"contentUrl\":\"https:\\\/\\\/easytable.com\\\/wp-content\\\/uploads\\\/2024\\\/03\\\/ico-contact-call.svg\"},{\"@type\":\"BreadcrumbList\",\"@id\":\"https:\\\/\\\/easytable.com\\\/fr\\\/contact\\\/#breadcrumb\",\"itemListElement\":[{\"@type\":\"ListItem\",\"position\":1,\"name\":\"Home\",\"item\":\"https:\\\/\\\/easytable.com\\\/fr\\\/page-daccueil\\\/\"},{\"@type\":\"ListItem\",\"position\":2,\"name\":\"Contact\"}]},{\"@type\":\"WebSite\",\"@id\":\"https:\\\/\\\/easytable.com\\\/fr\\\/#website\",\"url\":\"https:\\\/\\\/easytable.com\\\/fr\\\/\",\"name\":\"easyTable.com\",\"description\":\"\",\"publisher\":{\"@id\":\"https:\\\/\\\/easytable.com\\\/fr\\\/#organization\"},\"potentialAction\":[{\"@type\":\"SearchAction\",\"target\":{\"@type\":\"EntryPoint\",\"urlTemplate\":\"https:\\\/\\\/easytable.com\\\/fr\\\/?s={search_term_string}\"},\"query-input\":{\"@type\":\"PropertyValueSpecification\",\"valueRequired\":true,\"valueName\":\"search_term_string\"}}],\"inLanguage\":\"fr-FR\"},{\"@type\":\"Organization\",\"@id\":\"https:\\\/\\\/easytable.com\\\/fr\\\/#organization\",\"name\":\"easyTable\",\"url\":\"https:\\\/\\\/easytable.com\\\/fr\\\/\",\"logo\":{\"@type\":\"ImageObject\",\"inLanguage\":\"fr-FR\",\"@id\":\"https:\\\/\\\/easytable.com\\\/fr\\\/#\\\/schema\\\/logo\\\/image\\\/\",\"url\":\"https:\\\/\\\/easytable.com\\\/wp-content\\\/uploads\\\/2024\\\/02\\\/Logo-ETB.svg\",\"contentUrl\":\"https:\\\/\\\/easytable.com\\\/wp-content\\\/uploads\\\/2024\\\/02\\\/Logo-ETB.svg\",\"width\":153,\"height\":34,\"caption\":\"easyTable\"},\"image\":{\"@id\":\"https:\\\/\\\/easytable.com\\\/fr\\\/#\\\/schema\\\/logo\\\/image\\\/\"}}]}<\/script>\n<!-- \/ Yoast SEO plugin. -->","yoast_head_json":{"title":"Contact - easyTable","robots":{"index":"index","follow":"follow","max-snippet":"max-snippet:-1","max-image-preview":"max-image-preview:large","max-video-preview":"max-video-preview:-1"},"canonical":"https:\/\/easytable.com\/fr\/contact\/","og_locale":"fr_FR","og_type":"article","og_title":"Contact - easyTable","og_description":"Contactez-nous \ud83d\udc4b Parlez \u00e0 une personne r\u00e9elle, que ce soit par courrier \u00e9lectronique ou par t\u00e9l\u00e9phone. Nous sommes toujours l\u00e0, pr\u00eats \u00e0 vous aider. Appelez-nous US +1 646 878 6860UK +44 330 808 1717 Heures d&#8217;ouverture : Du lundi au vendredi: 8H00 &#8211; 16H00 Samedi et dimanche: Ferm\u00e9 GMT +2 Envoyez-nous un courriel Envoyez-nous un [&hellip;]","og_url":"https:\/\/easytable.com\/fr\/contact\/","og_site_name":"easyTable","article_modified_time":"2026-03-26T09:08:33+00:00","twitter_card":"summary_large_image","twitter_misc":{"Dur\u00e9e de lecture estim\u00e9e":"2 minutes"},"schema":{"@context":"https:\/\/schema.org","@graph":[{"@type":"WebPage","@id":"https:\/\/easytable.com\/fr\/contact\/","url":"https:\/\/easytable.com\/fr\/contact\/","name":"Contact - easyTable","isPartOf":{"@id":"https:\/\/easytable.com\/fr\/#website"},"primaryImageOfPage":{"@id":"https:\/\/easytable.com\/fr\/contact\/#primaryimage"},"image":{"@id":"https:\/\/easytable.com\/fr\/contact\/#primaryimage"},"thumbnailUrl":"https:\/\/easytable.com\/wp-content\/uploads\/2024\/03\/ico-contact-call.svg","datePublished":"2024-03-14T14:17:04+00:00","dateModified":"2026-03-26T09:08:33+00:00","breadcrumb":{"@id":"https:\/\/easytable.com\/fr\/contact\/#breadcrumb"},"inLanguage":"fr-FR","potentialAction":[{"@type":"ReadAction","target":["https:\/\/easytable.com\/fr\/contact\/"]}]},{"@type":"ImageObject","inLanguage":"fr-FR","@id":"https:\/\/easytable.com\/fr\/contact\/#primaryimage","url":"https:\/\/easytable.com\/wp-content\/uploads\/2024\/03\/ico-contact-call.svg","contentUrl":"https:\/\/easytable.com\/wp-content\/uploads\/2024\/03\/ico-contact-call.svg"},{"@type":"BreadcrumbList","@id":"https:\/\/easytable.com\/fr\/contact\/#breadcrumb","itemListElement":[{"@type":"ListItem","position":1,"name":"Home","item":"https:\/\/easytable.com\/fr\/page-daccueil\/"},{"@type":"ListItem","position":2,"name":"Contact"}]},{"@type":"WebSite","@id":"https:\/\/easytable.com\/fr\/#website","url":"https:\/\/easytable.com\/fr\/","name":"easyTable.com","description":"","publisher":{"@id":"https:\/\/easytable.com\/fr\/#organization"},"potentialAction":[{"@type":"SearchAction","target":{"@type":"EntryPoint","urlTemplate":"https:\/\/easytable.com\/fr\/?s={search_term_string}"},"query-input":{"@type":"PropertyValueSpecification","valueRequired":true,"valueName":"search_term_string"}}],"inLanguage":"fr-FR"},{"@type":"Organization","@id":"https:\/\/easytable.com\/fr\/#organization","name":"easyTable","url":"https:\/\/easytable.com\/fr\/","logo":{"@type":"ImageObject","inLanguage":"fr-FR","@id":"https:\/\/easytable.com\/fr\/#\/schema\/logo\/image\/","url":"https:\/\/easytable.com\/wp-content\/uploads\/2024\/02\/Logo-ETB.svg","contentUrl":"https:\/\/easytable.com\/wp-content\/uploads\/2024\/02\/Logo-ETB.svg","width":153,"height":34,"caption":"easyTable"},"image":{"@id":"https:\/\/easytable.com\/fr\/#\/schema\/logo\/image\/"}}]}},"_links":{"self":[{"href":"https:\/\/easytable.com\/fr\/wp-json\/wp\/v2\/pages\/3479","targetHints":{"allow":["GET"]}}],"collection":[{"href":"https:\/\/easytable.com\/fr\/wp-json\/wp\/v2\/pages"}],"about":[{"href":"https:\/\/easytable.com\/fr\/wp-json\/wp\/v2\/types\/page"}],"author":[{"embeddable":true,"href":"https:\/\/easytable.com\/fr\/wp-json\/wp\/v2\/users\/1"}],"replies":[{"embeddable":true,"href":"https:\/\/easytable.com\/fr\/wp-json\/wp\/v2\/comments?post=3479"}],"version-history":[{"count":15,"href":"https:\/\/easytable.com\/fr\/wp-json\/wp\/v2\/pages\/3479\/revisions"}],"predecessor-version":[{"id":9596,"href":"https:\/\/easytable.com\/fr\/wp-json\/wp\/v2\/pages\/3479\/revisions\/9596"}],"wp:attachment":[{"href":"https:\/\/easytable.com\/fr\/wp-json\/wp\/v2\/media?parent=3479"}],"curies":[{"name":"wp","href":"https:\/\/api.w.org\/{rel}","templated":true}]}}