{"id":9586,"date":"2024-05-15T06:37:26","date_gmt":"2024-05-15T06:37:26","guid":{"rendered":"https:\/\/easytable.com\/demo-vahvistettu\/"},"modified":"2026-03-26T09:08:16","modified_gmt":"2026-03-26T09:08:16","slug":"demo-vahvistettu","status":"publish","type":"page","link":"https:\/\/easytable.com\/fi\/demo-vahvistettu\/","title":{"rendered":"Demo vahvistettu"},"content":{"rendered":"\t\t<div data-elementor-type=\"wp-page\" data-elementor-id=\"9586\" class=\"elementor elementor-9586 elementor-2126\" data-elementor-post-type=\"page\">\n\t\t\t\t<div class=\"elementor-element elementor-element-268cf1d e-flex e-con-boxed e-con e-parent\" data-id=\"268cf1d\" data-element_type=\"container\" data-e-type=\"container\">\n\t\t\t\t\t<div class=\"e-con-inner\">\n\t\t\t\t<div class=\"elementor-element elementor-element-02ff76f elementor-widget elementor-widget-heading\" data-id=\"02ff76f\" data-element_type=\"widget\" data-e-type=\"widget\" data-widget_type=\"heading.default\">\n\t\t\t\t<div class=\"elementor-widget-container\">\n\t\t\t\t\t<h2 class=\"elementor-heading-title elementor-size-default\">Esittely onnistuneesti varattu<\/h2>\t\t\t\t<\/div>\n\t\t\t\t<\/div>\n\t\t\t\t<div class=\"elementor-element elementor-element-a2763cb elementor-widget elementor-widget-text-editor\" data-id=\"a2763cb\" data-element_type=\"widget\" data-e-type=\"widget\" data-widget_type=\"text-editor.default\">\n\t\t\t\t<div class=\"elementor-widget-container\">\n\t\t\t\t\t\t\t\t\t<p class=\"has-text-align-center\">Kiitos kiinnostuksestasi easyTablea kohtaan.<\/p><p class=\"has-text-align-center\">Saat pian vahvistuss\u00e4hk\u00f6postin ja linkin kokoukseen.<\/p><p class=\"has-text-align-center\">Jos sinulla on kysytt\u00e4v\u00e4\u00e4 ennen kokoustamme, \u00e4l\u00e4 ep\u00e4r\u00f6i ottaa meihin yhteytt\u00e4!<\/p><p><strong>T\u00c4RKE\u00c4\u00c4: <\/strong>Jos et jostain syyst\u00e4 p\u00e4\u00e4se paikalle, sovi tapaaminen uudelleen s\u00e4hk\u00f6postivahvistuksessa olevan linkin kautta.<\/p>\t\t\t\t\t\t\t\t<\/div>\n\t\t\t\t<\/div>\n\t\t\t\t\t<\/div>\n\t\t\t\t<\/div>\n\t\t\t\t<\/div>\n\t\t","protected":false},"excerpt":{"rendered":"<p>Esittely onnistuneesti varattu Kiitos kiinnostuksestasi easyTablea kohtaan. Saat pian vahvistuss\u00e4hk\u00f6postin ja linkin kokoukseen. Jos sinulla on kysytt\u00e4v\u00e4\u00e4 ennen kokoustamme, \u00e4l\u00e4 ep\u00e4r\u00f6i ottaa meihin yhteytt\u00e4! T\u00c4RKE\u00c4\u00c4: Jos et jostain syyst\u00e4 p\u00e4\u00e4se paikalle, sovi tapaaminen uudelleen s\u00e4hk\u00f6postivahvistuksessa olevan linkin kautta.<\/p>\n","protected":false},"author":1,"featured_media":0,"parent":0,"menu_order":0,"comment_status":"closed","ping_status":"closed","template":"","meta":{"inline_featured_image":false,"footnotes":""},"class_list":["post-9586","page","type-page","status-publish","hentry"],"yoast_head":"<!-- This site is optimized with the Yoast SEO plugin v27.3 - https:\/\/yoast.com\/product\/yoast-seo-wordpress\/ -->\n<title>Demo vahvistettu - easyTable<\/title>\n<meta name=\"robots\" content=\"index, follow, max-snippet:-1, max-image-preview:large, max-video-preview:-1\" \/>\n<link rel=\"canonical\" href=\"https:\/\/easytable.com\/fi\/demo-vahvistettu\/\" \/>\n<meta property=\"og:locale\" content=\"fi_FI\" \/>\n<meta property=\"og:type\" content=\"article\" \/>\n<meta property=\"og:title\" content=\"Demo vahvistettu - easyTable\" \/>\n<meta property=\"og:description\" content=\"Esittely onnistuneesti varattu Kiitos kiinnostuksestasi easyTablea kohtaan. Saat pian vahvistuss\u00e4hk\u00f6postin ja linkin kokoukseen. Jos sinulla on kysytt\u00e4v\u00e4\u00e4 ennen kokoustamme, \u00e4l\u00e4 ep\u00e4r\u00f6i ottaa meihin yhteytt\u00e4! T\u00c4RKE\u00c4\u00c4: Jos et jostain syyst\u00e4 p\u00e4\u00e4se paikalle, sovi tapaaminen uudelleen s\u00e4hk\u00f6postivahvistuksessa olevan linkin kautta.\" \/>\n<meta property=\"og:url\" content=\"https:\/\/easytable.com\/fi\/demo-vahvistettu\/\" \/>\n<meta property=\"og:site_name\" content=\"easyTable\" \/>\n<meta property=\"article:modified_time\" content=\"2026-03-26T09:08:16+00:00\" \/>\n<meta name=\"twitter:card\" content=\"summary_large_image\" \/>\n<script type=\"application\/ld+json\" class=\"yoast-schema-graph\">{\"@context\":\"https:\\\/\\\/schema.org\",\"@graph\":[{\"@type\":\"WebPage\",\"@id\":\"https:\\\/\\\/easytable.com\\\/fi\\\/demo-vahvistettu\\\/\",\"url\":\"https:\\\/\\\/easytable.com\\\/fi\\\/demo-vahvistettu\\\/\",\"name\":\"Demo vahvistettu - easyTable\",\"isPartOf\":{\"@id\":\"https:\\\/\\\/easytable.com\\\/fi\\\/#website\"},\"datePublished\":\"2024-05-15T06:37:26+00:00\",\"dateModified\":\"2026-03-26T09:08:16+00:00\",\"breadcrumb\":{\"@id\":\"https:\\\/\\\/easytable.com\\\/fi\\\/demo-vahvistettu\\\/#breadcrumb\"},\"inLanguage\":\"fi\",\"potentialAction\":[{\"@type\":\"ReadAction\",\"target\":[\"https:\\\/\\\/easytable.com\\\/fi\\\/demo-vahvistettu\\\/\"]}]},{\"@type\":\"BreadcrumbList\",\"@id\":\"https:\\\/\\\/easytable.com\\\/fi\\\/demo-vahvistettu\\\/#breadcrumb\",\"itemListElement\":[{\"@type\":\"ListItem\",\"position\":1,\"name\":\"Home\",\"item\":\"https:\\\/\\\/easytable.com\\\/fi\\\/\"},{\"@type\":\"ListItem\",\"position\":2,\"name\":\"Demo vahvistettu\"}]},{\"@type\":\"WebSite\",\"@id\":\"https:\\\/\\\/easytable.com\\\/fi\\\/#website\",\"url\":\"https:\\\/\\\/easytable.com\\\/fi\\\/\",\"name\":\"easyTable.com\",\"description\":\"\",\"publisher\":{\"@id\":\"https:\\\/\\\/easytable.com\\\/fi\\\/#organization\"},\"potentialAction\":[{\"@type\":\"SearchAction\",\"target\":{\"@type\":\"EntryPoint\",\"urlTemplate\":\"https:\\\/\\\/easytable.com\\\/fi\\\/?s={search_term_string}\"},\"query-input\":{\"@type\":\"PropertyValueSpecification\",\"valueRequired\":true,\"valueName\":\"search_term_string\"}}],\"inLanguage\":\"fi\"},{\"@type\":\"Organization\",\"@id\":\"https:\\\/\\\/easytable.com\\\/fi\\\/#organization\",\"name\":\"easyTable\",\"url\":\"https:\\\/\\\/easytable.com\\\/fi\\\/\",\"logo\":{\"@type\":\"ImageObject\",\"inLanguage\":\"fi\",\"@id\":\"https:\\\/\\\/easytable.com\\\/fi\\\/#\\\/schema\\\/logo\\\/image\\\/\",\"url\":\"https:\\\/\\\/easytable.com\\\/wp-content\\\/uploads\\\/2024\\\/02\\\/Logo-ETB.svg\",\"contentUrl\":\"https:\\\/\\\/easytable.com\\\/wp-content\\\/uploads\\\/2024\\\/02\\\/Logo-ETB.svg\",\"width\":153,\"height\":34,\"caption\":\"easyTable\"},\"image\":{\"@id\":\"https:\\\/\\\/easytable.com\\\/fi\\\/#\\\/schema\\\/logo\\\/image\\\/\"}}]}<\/script>\n<!-- \/ Yoast SEO plugin. -->","yoast_head_json":{"title":"Demo vahvistettu - easyTable","robots":{"index":"index","follow":"follow","max-snippet":"max-snippet:-1","max-image-preview":"max-image-preview:large","max-video-preview":"max-video-preview:-1"},"canonical":"https:\/\/easytable.com\/fi\/demo-vahvistettu\/","og_locale":"fi_FI","og_type":"article","og_title":"Demo vahvistettu - easyTable","og_description":"Esittely onnistuneesti varattu Kiitos kiinnostuksestasi easyTablea kohtaan. Saat pian vahvistuss\u00e4hk\u00f6postin ja linkin kokoukseen. Jos sinulla on kysytt\u00e4v\u00e4\u00e4 ennen kokoustamme, \u00e4l\u00e4 ep\u00e4r\u00f6i ottaa meihin yhteytt\u00e4! T\u00c4RKE\u00c4\u00c4: Jos et jostain syyst\u00e4 p\u00e4\u00e4se paikalle, sovi tapaaminen uudelleen s\u00e4hk\u00f6postivahvistuksessa olevan linkin kautta.","og_url":"https:\/\/easytable.com\/fi\/demo-vahvistettu\/","og_site_name":"easyTable","article_modified_time":"2026-03-26T09:08:16+00:00","twitter_card":"summary_large_image","schema":{"@context":"https:\/\/schema.org","@graph":[{"@type":"WebPage","@id":"https:\/\/easytable.com\/fi\/demo-vahvistettu\/","url":"https:\/\/easytable.com\/fi\/demo-vahvistettu\/","name":"Demo vahvistettu - easyTable","isPartOf":{"@id":"https:\/\/easytable.com\/fi\/#website"},"datePublished":"2024-05-15T06:37:26+00:00","dateModified":"2026-03-26T09:08:16+00:00","breadcrumb":{"@id":"https:\/\/easytable.com\/fi\/demo-vahvistettu\/#breadcrumb"},"inLanguage":"fi","potentialAction":[{"@type":"ReadAction","target":["https:\/\/easytable.com\/fi\/demo-vahvistettu\/"]}]},{"@type":"BreadcrumbList","@id":"https:\/\/easytable.com\/fi\/demo-vahvistettu\/#breadcrumb","itemListElement":[{"@type":"ListItem","position":1,"name":"Home","item":"https:\/\/easytable.com\/fi\/"},{"@type":"ListItem","position":2,"name":"Demo vahvistettu"}]},{"@type":"WebSite","@id":"https:\/\/easytable.com\/fi\/#website","url":"https:\/\/easytable.com\/fi\/","name":"easyTable.com","description":"","publisher":{"@id":"https:\/\/easytable.com\/fi\/#organization"},"potentialAction":[{"@type":"SearchAction","target":{"@type":"EntryPoint","urlTemplate":"https:\/\/easytable.com\/fi\/?s={search_term_string}"},"query-input":{"@type":"PropertyValueSpecification","valueRequired":true,"valueName":"search_term_string"}}],"inLanguage":"fi"},{"@type":"Organization","@id":"https:\/\/easytable.com\/fi\/#organization","name":"easyTable","url":"https:\/\/easytable.com\/fi\/","logo":{"@type":"ImageObject","inLanguage":"fi","@id":"https:\/\/easytable.com\/fi\/#\/schema\/logo\/image\/","url":"https:\/\/easytable.com\/wp-content\/uploads\/2024\/02\/Logo-ETB.svg","contentUrl":"https:\/\/easytable.com\/wp-content\/uploads\/2024\/02\/Logo-ETB.svg","width":153,"height":34,"caption":"easyTable"},"image":{"@id":"https:\/\/easytable.com\/fi\/#\/schema\/logo\/image\/"}}]}},"_links":{"self":[{"href":"https:\/\/easytable.com\/fi\/wp-json\/wp\/v2\/pages\/9586","targetHints":{"allow":["GET"]}}],"collection":[{"href":"https:\/\/easytable.com\/fi\/wp-json\/wp\/v2\/pages"}],"about":[{"href":"https:\/\/easytable.com\/fi\/wp-json\/wp\/v2\/types\/page"}],"author":[{"embeddable":true,"href":"https:\/\/easytable.com\/fi\/wp-json\/wp\/v2\/users\/1"}],"replies":[{"embeddable":true,"href":"https:\/\/easytable.com\/fi\/wp-json\/wp\/v2\/comments?post=9586"}],"version-history":[{"count":1,"href":"https:\/\/easytable.com\/fi\/wp-json\/wp\/v2\/pages\/9586\/revisions"}],"predecessor-version":[{"id":9587,"href":"https:\/\/easytable.com\/fi\/wp-json\/wp\/v2\/pages\/9586\/revisions\/9587"}],"wp:attachment":[{"href":"https:\/\/easytable.com\/fi\/wp-json\/wp\/v2\/media?parent=9586"}],"curies":[{"name":"wp","href":"https:\/\/api.w.org\/{rel}","templated":true}]}}