{"id":9496,"date":"2024-10-30T13:48:37","date_gmt":"2024-10-30T13:48:37","guid":{"rendered":"https:\/\/easytable.com\/yleiset-ehdot\/"},"modified":"2026-03-26T08:52:03","modified_gmt":"2026-03-26T08:52:03","slug":"yleiset-ehdot","status":"publish","type":"page","link":"https:\/\/easytable.com\/fi\/yleiset-ehdot\/","title":{"rendered":"Yleiset ehdot"},"content":{"rendered":"\t\t<div data-elementor-type=\"wp-page\" data-elementor-id=\"9496\" class=\"elementor elementor-9496 elementor-6101\" data-elementor-post-type=\"page\">\n\t\t\t\t<div class=\"elementor-element elementor-element-22a02c1 e-flex e-con-boxed e-con e-parent\" data-id=\"22a02c1\" data-element_type=\"container\" data-e-type=\"container\">\n\t\t\t\t\t<div class=\"e-con-inner\">\n\t\t\t\t<div class=\"elementor-element elementor-element-2661661 elementor-widget elementor-widget-heading\" data-id=\"2661661\" data-element_type=\"widget\" data-e-type=\"widget\" data-widget_type=\"heading.default\">\n\t\t\t\t<div class=\"elementor-widget-container\">\n\t\t\t\t\t<h2 class=\"elementor-heading-title elementor-size-default\">Yleiset ehdot<\/h2>\t\t\t\t<\/div>\n\t\t\t\t<\/div>\n\t\t\t\t<div class=\"elementor-element elementor-element-61cff11 elementor-widget elementor-widget-text-editor\" data-id=\"61cff11\" data-element_type=\"widget\" data-e-type=\"widget\" data-widget_type=\"text-editor.default\">\n\t\t\t\t<div class=\"elementor-widget-container\">\n\t\t\t\t\t\t\t\t\t<p>Versio 3.0 (2024-10-30)<\/p><p>Jos sinulla on kysytt\u00e4v\u00e4\u00e4 alla olevista ehdoista, ota yhteytt\u00e4 osoitteeseen <a style=\"color: #bf2b1f; text-decoration: underline;\" href=\"mailto:info@easytable.com\">info@easytable.com.<\/a><\/p>\t\t\t\t\t\t\t\t<\/div>\n\t\t\t\t<\/div>\n\t\t\t\t<div class=\"elementor-element elementor-element-de0c8fb elementor-widget elementor-widget-heading\" data-id=\"de0c8fb\" data-element_type=\"widget\" data-e-type=\"widget\" data-widget_type=\"heading.default\">\n\t\t\t\t<div class=\"elementor-widget-container\">\n\t\t\t\t\t<h3 class=\"elementor-heading-title elementor-size-default\">1. Tilaus<\/h3>\t\t\t\t<\/div>\n\t\t\t\t<\/div>\n\t\t\t\t<div class=\"elementor-element elementor-element-e7246dc elementor-widget elementor-widget-text-editor\" data-id=\"e7246dc\" data-element_type=\"widget\" data-e-type=\"widget\" data-widget_type=\"text-editor.default\">\n\t\t\t\t<div class=\"elementor-widget-container\">\n\t\t\t\t\t\t\t\t\t<ol>\n<li>easyTableBooking ApS (j\u00e4ljemp\u00e4n\u00e4 &#8217;ETB&#8217;) on yritys, joka tarjoaa muille yrityksille (j\u00e4ljemp\u00e4n\u00e4 &#8217;asiakas&#8217;) easyTable-j\u00e4rjestelm\u00e4\u00e4, joka on tilauspohjainen j\u00e4rjestelm\u00e4 online-varausten hallintaan.<\/li>\n<li>Ilmaisen kokeilujakson j\u00e4lkeen tilausta voidaan jatkaa suorittamalla vaiheet 1, 2 ja 3 easyTablen kohdassa &#8221;Asetukset&#8221; &gt; &#8221;Tilaus&#8221;.<\/li>\n<li>Tilaus uusiutuu automaattisesti kuluvan kauden lopussa, ellei sit\u00e4 ole irtisanottu etuk\u00e4teen.<\/li>\n<li>Jos n\u00e4it\u00e4 yleisi\u00e4 ehtoja muutetaan, asiakkaalle ilmoitetaan asiasta kohdassa &#8221;Asetukset&#8221; &gt; &#8221;Yleist\u00e4&#8221; ilmoitettuun s\u00e4hk\u00f6postiosoitteeseen.<\/li>\n<li>Hinnat ovat aina osoitteessa www.easytable.com ilmoitettujen hintojen mukaisia.<\/li>\n<li>Luottokorttitiedot ja maksut hoitaa Stripe.com.<\/li>\n<li>Laskut l\u00e4hetet\u00e4\u00e4n s\u00e4hk\u00f6postitse. Asiakkaan vastuulla on varmistaa, ett\u00e4 s\u00e4hk\u00f6postiosoite on toimiva ja oikein annettu kohdassa &#8221;Asetukset&#8221; &gt; &#8221;Tilaus&#8221; &gt; &#8221;Laskutustiedot&#8221;. <\/li>\n<li>Jos asiakkaalla on easyTableen siirtyess\u00e4\u00e4n vastaavaa varausj\u00e4rjestelm\u00e4\u00e4 koskeva irtisanomisaika, asiakas vapautetaan ETB:n tilausmaksun maksamisesta t\u00e4m\u00e4n ajanjakson aikana. Hy\u00f6dynt\u00e4\u00e4kseen t\u00e4t\u00e4 mahdollisuutta asiakkaan on v\u00e4litt\u00f6m\u00e4sti irtisanottava nykyinen tilauksensa, jos sit\u00e4 ei ole viel\u00e4 irtisanottu, ja viimeist\u00e4\u00e4n 7 p\u00e4iv\u00e4\u00e4 ennen ETB:n ilmaisen kokeilujakson p\u00e4\u00e4ttymist\u00e4 h\u00e4nen on: \n<ol>\n<li>Suorita vaiheet 1, 2 ja 3 easyTablen kohdassa &#8221;Asetukset&#8221; &gt; &#8221;Tilaus&#8221;.<\/li>\n<li>L\u00e4het\u00e4 asiakirjat osoitteeseen&nbsp;<a style=\"color: #bf2b1f; text-decoration: underline;\" href=\"mailto:info@easytable.com\">info@easytable.com<\/a>, jossa vahvistetaan niiden velvollisuus maksaa nykyisest\u00e4 varausj\u00e4rjestelm\u00e4st\u00e4 ja t\u00e4smennet\u00e4\u00e4n sitovan ajanjakson p\u00e4\u00e4ttymisp\u00e4iv\u00e4. ETB m\u00e4\u00e4ritt\u00e4\u00e4, ovatko asiakirjat p\u00e4tevi\u00e4 ja riitt\u00e4vi\u00e4. <\/li>\n<\/ol>\n<\/li>\n<\/ol>\t\t\t\t\t\t\t\t<\/div>\n\t\t\t\t<\/div>\n\t\t\t\t<div class=\"elementor-element elementor-element-abcb069 elementor-widget elementor-widget-heading\" data-id=\"abcb069\" data-element_type=\"widget\" data-e-type=\"widget\" data-widget_type=\"heading.default\">\n\t\t\t\t<div class=\"elementor-widget-container\">\n\t\t\t\t\t<h3 class=\"elementor-heading-title elementor-size-default\">2. SMS-lis\u00e4ys<\/h3>\t\t\t\t<\/div>\n\t\t\t\t<\/div>\n\t\t\t\t<div class=\"elementor-element elementor-element-cbfcfb2 elementor-widget elementor-widget-text-editor\" data-id=\"cbfcfb2\" data-element_type=\"widget\" data-e-type=\"widget\" data-widget_type=\"text-editor.default\">\n\t\t\t\t<div class=\"elementor-widget-container\">\n\t\t\t\t\t\t\t\t\t<ol><li>Tekstiviestien saldon t\u00e4ydent\u00e4minen tapahtuu osoitetulla luottokortilla.<\/li><li>Saldoa voidaan t\u00e4ydent\u00e4\u00e4 manuaalisesti tai automaattisesti ennen kuin saldo on nolla.<\/li><li>Tekstiviesti-ilmoitukset l\u00e4hetet\u00e4\u00e4n vain, jos tekstiviestisaldo on riitt\u00e4v\u00e4.<\/li><\/ol>\t\t\t\t\t\t\t\t<\/div>\n\t\t\t\t<\/div>\n\t\t\t\t<div class=\"elementor-element elementor-element-2ad85a4 elementor-widget elementor-widget-heading\" data-id=\"2ad85a4\" data-element_type=\"widget\" data-e-type=\"widget\" data-widget_type=\"heading.default\">\n\t\t\t\t<div class=\"elementor-widget-container\">\n\t\t\t\t\t<h3 class=\"elementor-heading-title elementor-size-default\">3. Ennakkomaksut<\/h3>\t\t\t\t<\/div>\n\t\t\t\t<\/div>\n\t\t\t\t<div class=\"elementor-element elementor-element-60c419b elementor-widget elementor-widget-text-editor\" data-id=\"60c419b\" data-element_type=\"widget\" data-e-type=\"widget\" data-widget_type=\"text-editor.default\">\n\t\t\t\t<div class=\"elementor-widget-container\">\n\t\t\t\t\t\t\t\t\t<ol><li>ETB toimii lunastussopimusten v\u00e4litt\u00e4j\u00e4n\u00e4 ennakkomaksujen yhteydess\u00e4. T\u00e4m\u00e4 tarkoittaa sit\u00e4, ett\u00e4 ETB tarjoaa alustan, jolla asiakas voi hallinnoida ennakkomaksujaan ja varauksiaan, kun taas maksut k\u00e4sitell\u00e4\u00e4n asiakkaan oman lunastussopimuksen kautta. <\/li><li>Kaikista ennakkomaksuista perit\u00e4\u00e4n 1,6 % palvelumaksu.<\/li><li>Asiakkaan vastuulla on varmistaa, ett\u00e4 kaikki ennakkomaksut on suoritettu oikein ja ett\u00e4 h\u00e4n on saanut maksun vierailtaan ennen kuin vieraat lunastavat maksun. ETB tarjoaa ty\u00f6kaluja ja tukea t\u00e4m\u00e4n prosessin helpottamiseksi, mutta se ei ole vastuussa maksujen yhteydess\u00e4 tapahtuvista virheist\u00e4 tai laiminly\u00f6nneist\u00e4. N\u00e4in ollen ETB ei ota vastuuta maksujen todellisesta suorittamisesta.  <\/li><\/ol>\t\t\t\t\t\t\t\t<\/div>\n\t\t\t\t<\/div>\n\t\t\t\t<div class=\"elementor-element elementor-element-2a8f96d elementor-widget elementor-widget-heading\" data-id=\"2a8f96d\" data-element_type=\"widget\" data-e-type=\"widget\" data-widget_type=\"heading.default\">\n\t\t\t\t<div class=\"elementor-widget-container\">\n\t\t\t\t\t<h3 class=\"elementor-heading-title elementor-size-default\">4. Lopetus<\/h3>\t\t\t\t<\/div>\n\t\t\t\t<\/div>\n\t\t\t\t<div class=\"elementor-element elementor-element-76ce07e elementor-widget elementor-widget-text-editor\" data-id=\"76ce07e\" data-element_type=\"widget\" data-e-type=\"widget\" data-widget_type=\"text-editor.default\">\n\t\t\t\t<div class=\"elementor-widget-container\">\n\t\t\t\t\t\t\t\t\t<ol><li>Tilaus voidaan irtisanoa milloin tahansa nykyisen tilauskauden loppuun menness\u00e4. T\u00e4m\u00e4 voidaan tehd\u00e4 klikkaamalla &#8221;Peruuta tilaus&#8221; kohdassa &#8221;Asetukset&#8221; &gt; &#8221;Tilaus&#8221;. <\/li><li>SMS-saldoa ei palauteta.<\/li><\/ol>\t\t\t\t\t\t\t\t<\/div>\n\t\t\t\t<\/div>\n\t\t\t\t<div class=\"elementor-element elementor-element-eafbbf2 elementor-widget elementor-widget-heading\" data-id=\"eafbbf2\" data-element_type=\"widget\" data-e-type=\"widget\" data-widget_type=\"heading.default\">\n\t\t\t\t<div class=\"elementor-widget-container\">\n\t\t\t\t\t<h3 class=\"elementor-heading-title elementor-size-default\">5. Toiminta, varmuuskopiointi ja vastuuvapauslauseke<\/h3>\t\t\t\t<\/div>\n\t\t\t\t<\/div>\n\t\t\t\t<div class=\"elementor-element elementor-element-2b6ef21 elementor-widget elementor-widget-text-editor\" data-id=\"2b6ef21\" data-element_type=\"widget\" data-e-type=\"widget\" data-widget_type=\"text-editor.default\">\n\t\t\t\t<div class=\"elementor-widget-container\">\n\t\t\t\t\t\t\t\t\t<ol><li>Kaikista tiedoista tehd\u00e4\u00e4n p\u00e4ivitt\u00e4in varmuuskopiot ulkoiselle palvelimelle, jotta varaukset ja muut tiedot voidaan palauttaa viimeisimp\u00e4\u00e4n varmuuskopioon asti. Palvelimet sijaitsevat huipputurvallisessa palvelinhuoneessa, jotta varmistetaan korkea toimintavarmuus ja k\u00e4ytett\u00e4vyys. <\/li><li>ETB:t\u00e4 ei voida pit\u00e4\u00e4 taloudellisesti vastuullisena palvelimen tai verkon h\u00e4iri\u00f6iden yms. aiheuttamista tietojen menetyksist\u00e4, k\u00e4ytt\u00f6katkoksista tai muista ep\u00e4suorista menetyksist\u00e4.<\/li><li>ETB ei vastaa mist\u00e4\u00e4n virheist\u00e4 tai laiminly\u00f6nneist\u00e4 ennakkomaksujen suorittamisessa. Asiakkaan vastuulla on aina varmistaa, ett\u00e4 ennakkomaksut on suoritettu oikein ja ett\u00e4 h\u00e4n on saanut maksun vierailtaan ennen kuin vieraat lunastavat maksun. Katso my\u00f6s kohta 3.3.  <\/li><li>ETB:t\u00e4 ei voida pit\u00e4\u00e4 vastuullisena mist\u00e4\u00e4n menetyksist\u00e4 tai vahingoista, jotka johtuvat asiakkaan tietojen luvattomasta p\u00e4\u00e4syst\u00e4 tai k\u00e4yt\u00f6st\u00e4.<\/li><li>ETB ei ole vastuussa mist\u00e4\u00e4n menetyksist\u00e4 tai vahingoista, jotka johtuvat siit\u00e4, ett\u00e4 asiakas ei noudata sovellettavia lakeja tai m\u00e4\u00e4r\u00e4yksi\u00e4.<\/li><li>ETB ei vastaa mist\u00e4\u00e4n ylivoimaisesta esteest\u00e4 johtuvista menetyksist\u00e4 tai vahingoista, mukaan lukien mutta ei rajoittuen luonnonkatastrofeihin, sotaan, terroritekoihin, lakkoihin, pandemioihin tai muihin tapahtumiin, jotka eiv\u00e4t ole ETB:n kohtuullisessa m\u00e4\u00e4rin hallittavissa.<\/li><li>ETB:t\u00e4 ei voida pit\u00e4\u00e4 vastuullisena mist\u00e4\u00e4n menetyksist\u00e4 tai vahingoista, jotka johtuvat virheist\u00e4 tai puutteista kolmansien osapuolten ohjelmistoissa tai palveluissa, joita ETB k\u00e4ytt\u00e4\u00e4 easyTable-ohjelman toiminnan yhteydess\u00e4.<\/li><li>ETB ei ole vastuussa ep\u00e4suorista menetyksist\u00e4, v\u00e4lillisist\u00e4 vahingoista, tulojen menetyksest\u00e4, tietojen menetyksest\u00e4 tai muista taloudellisista menetyksist\u00e4, joita asiakas voi k\u00e4rsi\u00e4 easyTable-ohjelman k\u00e4yt\u00f6n seurauksena.<\/li><li>Asiakas on vastuussa siit\u00e4, ett\u00e4 kaikki easyTablen k\u00e4ytt\u00e4j\u00e4t noudattavat sovellettavia ehtoja, ja ETB ei vastaa mist\u00e4\u00e4n k\u00e4ytt\u00e4j\u00e4n toimista tai laiminly\u00f6nneist\u00e4 johtuvista menetyksist\u00e4 tai vahingoista.<\/li><\/ol>\t\t\t\t\t\t\t\t<\/div>\n\t\t\t\t<\/div>\n\t\t\t\t<div class=\"elementor-element elementor-element-f01f013 elementor-widget elementor-widget-heading\" data-id=\"f01f013\" data-element_type=\"widget\" data-e-type=\"widget\" data-widget_type=\"heading.default\">\n\t\t\t\t<div class=\"elementor-widget-container\">\n\t\t\t\t\t<h3 class=\"elementor-heading-title elementor-size-default\">6. Henkil\u00f6tiedot<\/h3>\t\t\t\t<\/div>\n\t\t\t\t<\/div>\n\t\t\t\t<div class=\"elementor-element elementor-element-dc2f857 elementor-widget elementor-widget-text-editor\" data-id=\"dc2f857\" data-element_type=\"widget\" data-e-type=\"widget\" data-widget_type=\"text-editor.default\">\n\t\t\t\t<div class=\"elementor-widget-container\">\n\t\t\t\t\t\t\t\t\t<ol><li>Koska 27. huhtikuuta 2016 annetussa asetuksessa (EU) 2016\/679 (&#8221;yleinen tietosuoja-asetus&#8221; \/ &#8221;GDPR&#8221;) edellytet\u00e4\u00e4n tietojenk\u00e4sittelysopimusta, alla oleva linkki muodostaa lis\u00e4sopimuksen, &#8221;tietojenk\u00e4sittelysopimuksen&#8221;, n\u00e4ihin yleisiin k\u00e4ytt\u00f6ehtoihin n\u00e4hden. Tietojenk\u00e4sittelysopimus: <a style=\"color: #bf2b1f; text-decoration: underline;\" href=\"https:\/\/book.easytable.com\/easyTable-DPA.pdf\">easyTable-DPA.pdf<\/a> <\/li><\/ol>\t\t\t\t\t\t\t\t<\/div>\n\t\t\t\t<\/div>\n\t\t\t\t<div class=\"elementor-element elementor-element-eb6069a elementor-widget elementor-widget-heading\" data-id=\"eb6069a\" data-element_type=\"widget\" data-e-type=\"widget\" data-widget_type=\"heading.default\">\n\t\t\t\t<div class=\"elementor-widget-container\">\n\t\t\t\t\t<h3 class=\"elementor-heading-title elementor-size-default\">7. Lainvalinta ja toimivalta<\/h3>\t\t\t\t<\/div>\n\t\t\t\t<\/div>\n\t\t\t\t<div class=\"elementor-element elementor-element-f9aa552 elementor-widget elementor-widget-text-editor\" data-id=\"f9aa552\" data-element_type=\"widget\" data-e-type=\"widget\" data-widget_type=\"text-editor.default\">\n\t\t\t\t<div class=\"elementor-widget-container\">\n\t\t\t\t\t\t\t\t\t<ol><li>Kaikki ETB:t\u00e4 vastaan nostetut kanteet, oikeudenk\u00e4ynnit tai muut riidat on nostettava K\u00f6\u00f6penhaminan kaupungin tuomioistuimessa Tanskassa Tanskan lain mukaisesti.<\/li><\/ol>\t\t\t\t\t\t\t\t<\/div>\n\t\t\t\t<\/div>\n\t\t\t\t\t<\/div>\n\t\t\t\t<\/div>\n\t\t\t\t<\/div>\n\t\t","protected":false},"excerpt":{"rendered":"<p>Yleiset ehdot Versio 3.0 (2024-10-30) Jos sinulla on kysytt\u00e4v\u00e4\u00e4 alla olevista ehdoista, ota yhteytt\u00e4 osoitteeseen info@easytable.com. 1. Tilaus easyTableBooking ApS (j\u00e4ljemp\u00e4n\u00e4 &#8217;ETB&#8217;) on yritys, joka tarjoaa muille yrityksille (j\u00e4ljemp\u00e4n\u00e4 &#8217;asiakas&#8217;) easyTable-j\u00e4rjestelm\u00e4\u00e4, joka on tilauspohjainen j\u00e4rjestelm\u00e4 online-varausten hallintaan. Ilmaisen kokeilujakson j\u00e4lkeen tilausta voidaan jatkaa suorittamalla vaiheet 1, 2 ja 3 easyTablen kohdassa &#8221;Asetukset&#8221; &gt; &#8221;Tilaus&#8221;. Tilaus [&hellip;]<\/p>\n","protected":false},"author":1,"featured_media":0,"parent":0,"menu_order":0,"comment_status":"closed","ping_status":"closed","template":"","meta":{"inline_featured_image":false,"footnotes":""},"class_list":["post-9496","page","type-page","status-publish","hentry"],"yoast_head":"<!-- This site is optimized with the Yoast SEO plugin v27.5 - https:\/\/yoast.com\/product\/yoast-seo-wordpress\/ -->\n<title>Yleiset ehdot - easyTable<\/title>\n<meta name=\"robots\" content=\"index, follow, max-snippet:-1, max-image-preview:large, max-video-preview:-1\" \/>\n<link rel=\"canonical\" href=\"https:\/\/easytable.com\/fi\/yleiset-ehdot\/\" \/>\n<meta property=\"og:locale\" content=\"fi_FI\" \/>\n<meta property=\"og:type\" content=\"article\" \/>\n<meta property=\"og:title\" content=\"Yleiset ehdot - easyTable\" \/>\n<meta property=\"og:description\" content=\"Yleiset ehdot Versio 3.0 (2024-10-30) Jos sinulla on kysytt\u00e4v\u00e4\u00e4 alla olevista ehdoista, ota yhteytt\u00e4 osoitteeseen info@easytable.com. 1. Tilaus easyTableBooking ApS (j\u00e4ljemp\u00e4n\u00e4 &#8217;ETB&#8217;) on yritys, joka tarjoaa muille yrityksille (j\u00e4ljemp\u00e4n\u00e4 &#8217;asiakas&#8217;) easyTable-j\u00e4rjestelm\u00e4\u00e4, joka on tilauspohjainen j\u00e4rjestelm\u00e4 online-varausten hallintaan. Ilmaisen kokeilujakson j\u00e4lkeen tilausta voidaan jatkaa suorittamalla vaiheet 1, 2 ja 3 easyTablen kohdassa &#8221;Asetukset&#8221; &gt; &#8221;Tilaus&#8221;. Tilaus [&hellip;]\" \/>\n<meta property=\"og:url\" content=\"https:\/\/easytable.com\/fi\/yleiset-ehdot\/\" \/>\n<meta property=\"og:site_name\" content=\"easyTable\" \/>\n<meta property=\"article:modified_time\" content=\"2026-03-26T08:52:03+00:00\" \/>\n<meta name=\"twitter:card\" content=\"summary_large_image\" \/>\n<meta name=\"twitter:label1\" content=\"Arvioitu lukuaika\" \/>\n\t<meta name=\"twitter:data1\" content=\"4 minuuttia\" \/>\n<script type=\"application\/ld+json\" class=\"yoast-schema-graph\">{\"@context\":\"https:\\\/\\\/schema.org\",\"@graph\":[{\"@type\":\"WebPage\",\"@id\":\"https:\\\/\\\/easytable.com\\\/fi\\\/yleiset-ehdot\\\/\",\"url\":\"https:\\\/\\\/easytable.com\\\/fi\\\/yleiset-ehdot\\\/\",\"name\":\"Yleiset ehdot - easyTable\",\"isPartOf\":{\"@id\":\"https:\\\/\\\/easytable.com\\\/fi\\\/#website\"},\"datePublished\":\"2024-10-30T13:48:37+00:00\",\"dateModified\":\"2026-03-26T08:52:03+00:00\",\"breadcrumb\":{\"@id\":\"https:\\\/\\\/easytable.com\\\/fi\\\/yleiset-ehdot\\\/#breadcrumb\"},\"inLanguage\":\"fi\",\"potentialAction\":[{\"@type\":\"ReadAction\",\"target\":[\"https:\\\/\\\/easytable.com\\\/fi\\\/yleiset-ehdot\\\/\"]}]},{\"@type\":\"BreadcrumbList\",\"@id\":\"https:\\\/\\\/easytable.com\\\/fi\\\/yleiset-ehdot\\\/#breadcrumb\",\"itemListElement\":[{\"@type\":\"ListItem\",\"position\":1,\"name\":\"Home\",\"item\":\"https:\\\/\\\/easytable.com\\\/fi\\\/etusivu\\\/\"},{\"@type\":\"ListItem\",\"position\":2,\"name\":\"Yleiset ehdot\"}]},{\"@type\":\"WebSite\",\"@id\":\"https:\\\/\\\/easytable.com\\\/fi\\\/#website\",\"url\":\"https:\\\/\\\/easytable.com\\\/fi\\\/\",\"name\":\"easyTable.com\",\"description\":\"\",\"publisher\":{\"@id\":\"https:\\\/\\\/easytable.com\\\/fi\\\/#organization\"},\"potentialAction\":[{\"@type\":\"SearchAction\",\"target\":{\"@type\":\"EntryPoint\",\"urlTemplate\":\"https:\\\/\\\/easytable.com\\\/fi\\\/?s={search_term_string}\"},\"query-input\":{\"@type\":\"PropertyValueSpecification\",\"valueRequired\":true,\"valueName\":\"search_term_string\"}}],\"inLanguage\":\"fi\"},{\"@type\":\"Organization\",\"@id\":\"https:\\\/\\\/easytable.com\\\/fi\\\/#organization\",\"name\":\"easyTable\",\"url\":\"https:\\\/\\\/easytable.com\\\/fi\\\/\",\"logo\":{\"@type\":\"ImageObject\",\"inLanguage\":\"fi\",\"@id\":\"https:\\\/\\\/easytable.com\\\/fi\\\/#\\\/schema\\\/logo\\\/image\\\/\",\"url\":\"https:\\\/\\\/easytable.com\\\/wp-content\\\/uploads\\\/2024\\\/02\\\/Logo-ETB.svg\",\"contentUrl\":\"https:\\\/\\\/easytable.com\\\/wp-content\\\/uploads\\\/2024\\\/02\\\/Logo-ETB.svg\",\"width\":153,\"height\":34,\"caption\":\"easyTable\"},\"image\":{\"@id\":\"https:\\\/\\\/easytable.com\\\/fi\\\/#\\\/schema\\\/logo\\\/image\\\/\"}}]}<\/script>\n<!-- \/ Yoast SEO plugin. -->","yoast_head_json":{"title":"Yleiset ehdot - easyTable","robots":{"index":"index","follow":"follow","max-snippet":"max-snippet:-1","max-image-preview":"max-image-preview:large","max-video-preview":"max-video-preview:-1"},"canonical":"https:\/\/easytable.com\/fi\/yleiset-ehdot\/","og_locale":"fi_FI","og_type":"article","og_title":"Yleiset ehdot - easyTable","og_description":"Yleiset ehdot Versio 3.0 (2024-10-30) Jos sinulla on kysytt\u00e4v\u00e4\u00e4 alla olevista ehdoista, ota yhteytt\u00e4 osoitteeseen info@easytable.com. 1. Tilaus easyTableBooking ApS (j\u00e4ljemp\u00e4n\u00e4 &#8217;ETB&#8217;) on yritys, joka tarjoaa muille yrityksille (j\u00e4ljemp\u00e4n\u00e4 &#8217;asiakas&#8217;) easyTable-j\u00e4rjestelm\u00e4\u00e4, joka on tilauspohjainen j\u00e4rjestelm\u00e4 online-varausten hallintaan. Ilmaisen kokeilujakson j\u00e4lkeen tilausta voidaan jatkaa suorittamalla vaiheet 1, 2 ja 3 easyTablen kohdassa &#8221;Asetukset&#8221; &gt; &#8221;Tilaus&#8221;. Tilaus [&hellip;]","og_url":"https:\/\/easytable.com\/fi\/yleiset-ehdot\/","og_site_name":"easyTable","article_modified_time":"2026-03-26T08:52:03+00:00","twitter_card":"summary_large_image","twitter_misc":{"Arvioitu lukuaika":"4 minuuttia"},"schema":{"@context":"https:\/\/schema.org","@graph":[{"@type":"WebPage","@id":"https:\/\/easytable.com\/fi\/yleiset-ehdot\/","url":"https:\/\/easytable.com\/fi\/yleiset-ehdot\/","name":"Yleiset ehdot - easyTable","isPartOf":{"@id":"https:\/\/easytable.com\/fi\/#website"},"datePublished":"2024-10-30T13:48:37+00:00","dateModified":"2026-03-26T08:52:03+00:00","breadcrumb":{"@id":"https:\/\/easytable.com\/fi\/yleiset-ehdot\/#breadcrumb"},"inLanguage":"fi","potentialAction":[{"@type":"ReadAction","target":["https:\/\/easytable.com\/fi\/yleiset-ehdot\/"]}]},{"@type":"BreadcrumbList","@id":"https:\/\/easytable.com\/fi\/yleiset-ehdot\/#breadcrumb","itemListElement":[{"@type":"ListItem","position":1,"name":"Home","item":"https:\/\/easytable.com\/fi\/etusivu\/"},{"@type":"ListItem","position":2,"name":"Yleiset ehdot"}]},{"@type":"WebSite","@id":"https:\/\/easytable.com\/fi\/#website","url":"https:\/\/easytable.com\/fi\/","name":"easyTable.com","description":"","publisher":{"@id":"https:\/\/easytable.com\/fi\/#organization"},"potentialAction":[{"@type":"SearchAction","target":{"@type":"EntryPoint","urlTemplate":"https:\/\/easytable.com\/fi\/?s={search_term_string}"},"query-input":{"@type":"PropertyValueSpecification","valueRequired":true,"valueName":"search_term_string"}}],"inLanguage":"fi"},{"@type":"Organization","@id":"https:\/\/easytable.com\/fi\/#organization","name":"easyTable","url":"https:\/\/easytable.com\/fi\/","logo":{"@type":"ImageObject","inLanguage":"fi","@id":"https:\/\/easytable.com\/fi\/#\/schema\/logo\/image\/","url":"https:\/\/easytable.com\/wp-content\/uploads\/2024\/02\/Logo-ETB.svg","contentUrl":"https:\/\/easytable.com\/wp-content\/uploads\/2024\/02\/Logo-ETB.svg","width":153,"height":34,"caption":"easyTable"},"image":{"@id":"https:\/\/easytable.com\/fi\/#\/schema\/logo\/image\/"}}]}},"_links":{"self":[{"href":"https:\/\/easytable.com\/fi\/wp-json\/wp\/v2\/pages\/9496","targetHints":{"allow":["GET"]}}],"collection":[{"href":"https:\/\/easytable.com\/fi\/wp-json\/wp\/v2\/pages"}],"about":[{"href":"https:\/\/easytable.com\/fi\/wp-json\/wp\/v2\/types\/page"}],"author":[{"embeddable":true,"href":"https:\/\/easytable.com\/fi\/wp-json\/wp\/v2\/users\/1"}],"replies":[{"embeddable":true,"href":"https:\/\/easytable.com\/fi\/wp-json\/wp\/v2\/comments?post=9496"}],"version-history":[{"count":1,"href":"https:\/\/easytable.com\/fi\/wp-json\/wp\/v2\/pages\/9496\/revisions"}],"predecessor-version":[{"id":9497,"href":"https:\/\/easytable.com\/fi\/wp-json\/wp\/v2\/pages\/9496\/revisions\/9497"}],"wp:attachment":[{"href":"https:\/\/easytable.com\/fi\/wp-json\/wp\/v2\/media?parent=9496"}],"curies":[{"name":"wp","href":"https:\/\/api.w.org\/{rel}","templated":true}]}}