{"id":6143,"date":"2024-10-30T13:48:37","date_gmt":"2024-10-30T13:48:37","guid":{"rendered":"https:\/\/easytable.com\/condiciones-generales\/"},"modified":"2024-10-30T15:23:51","modified_gmt":"2024-10-30T15:23:51","slug":"condiciones-generales","status":"publish","type":"page","link":"https:\/\/easytable.com\/es\/condiciones-generales\/","title":{"rendered":"Condiciones generales"},"content":{"rendered":"\t\t<div data-elementor-type=\"wp-page\" data-elementor-id=\"6143\" class=\"elementor elementor-6143 elementor-6101\" data-elementor-post-type=\"page\">\n\t\t\t\t<div class=\"elementor-element elementor-element-22a02c1 e-flex e-con-boxed e-con e-parent\" data-id=\"22a02c1\" data-element_type=\"container\" data-e-type=\"container\">\n\t\t\t\t\t<div class=\"e-con-inner\">\n\t\t\t\t<div class=\"elementor-element elementor-element-2661661 elementor-widget elementor-widget-heading\" data-id=\"2661661\" data-element_type=\"widget\" data-e-type=\"widget\" data-widget_type=\"heading.default\">\n\t\t\t\t<div class=\"elementor-widget-container\">\n\t\t\t\t\t<h2 class=\"elementor-heading-title elementor-size-default\">Condiciones generales<\/h2>\t\t\t\t<\/div>\n\t\t\t\t<\/div>\n\t\t\t\t<div class=\"elementor-element elementor-element-61cff11 elementor-widget elementor-widget-text-editor\" data-id=\"61cff11\" data-element_type=\"widget\" data-e-type=\"widget\" data-widget_type=\"text-editor.default\">\n\t\t\t\t<div class=\"elementor-widget-container\">\n\t\t\t\t\t\t\t\t\t<p>Versi\u00f3n 3.0 (2024-10-30)<\/p>\n<p>Si tienes alguna pregunta sobre las condiciones que figuran a continuaci\u00f3n, ponte en contacto con nosotros en <a style=\"color: #bf2b1f; text-decoration: underline;\" href=\"mailto:info@easytable.com\">info@easytable.com.<\/a><\/p>\n\t\t\t\t\t\t\t\t<\/div>\n\t\t\t\t<\/div>\n\t\t\t\t<div class=\"elementor-element elementor-element-de0c8fb elementor-widget elementor-widget-heading\" data-id=\"de0c8fb\" data-element_type=\"widget\" data-e-type=\"widget\" data-widget_type=\"heading.default\">\n\t\t\t\t<div class=\"elementor-widget-container\">\n\t\t\t\t\t<h3 class=\"elementor-heading-title elementor-size-default\">1. Suscripci\u00f3n<\/h3>\t\t\t\t<\/div>\n\t\t\t\t<\/div>\n\t\t\t\t<div class=\"elementor-element elementor-element-e7246dc elementor-widget elementor-widget-text-editor\" data-id=\"e7246dc\" data-element_type=\"widget\" data-e-type=\"widget\" data-widget_type=\"text-editor.default\">\n\t\t\t\t<div class=\"elementor-widget-container\">\n\t\t\t\t\t\t\t\t\t<ol>\n<li>easyTableBooking ApS (en lo sucesivo, ETB) es una empresa que ofrece \u00abeasyTable\u00bb a otras empresas (en lo sucesivo, el Cliente), que es un sistema basado en suscripci\u00f3n para gestionar reservas online.<\/li>\n<li>Tras el periodo de prueba gratuito, la suscripci\u00f3n puede ampliarse completando los pasos 1, 2 y 3 en easyTable, en \u00abConfiguraci\u00f3n\u00bb &gt; \u00abSuscripci\u00f3n\u00bb.<\/li>\n<li>La suscripci\u00f3n se renovar\u00e1 autom\u00e1ticamente al final del periodo actual, a menos que se haya cancelado previamente.<\/li>\n<li>Si se modifican estas Condiciones Generales, se informar\u00e1 al Cliente en la direcci\u00f3n de correo electr\u00f3nico especificada en \u00abConfiguraci\u00f3n\u00bb &gt; \u00abGeneral\u00bb.<\/li>\n<li>Los precios son siempre los indicados en www.easytable.com.<\/li>\n<li>La informaci\u00f3n de las tarjetas de cr\u00e9dito y los pagos son gestionados por Stripe.com.<\/li>\n<li>Las facturas se enviar\u00e1n por correo electr\u00f3nico. Es responsabilidad del Cliente asegurarse de que la direcci\u00f3n de correo electr\u00f3nico es funcional y est\u00e1 correctamente proporcionada en \u00abConfiguraci\u00f3n\u00bb &gt; \u00abSuscripci\u00f3n\u00bb &gt; \u00abDetalles de facturaci\u00f3n\u00bb. <\/li>\n<li>Si el Cliente dispone de un periodo de preaviso para un sistema de reservas correspondiente al cambiar a easyTable, el Cliente estar\u00e1 exento de pagar la cuota de suscripci\u00f3n a ETB durante este periodo. Para beneficiarse de ello, el Cliente deber\u00e1 cancelar inmediatamente su suscripci\u00f3n existente si a\u00fan no se ha cancelado, y a m\u00e1s tardar 7 d\u00edas antes de que finalice su periodo de prueba gratuito con ETB, deber\u00e1: \n<ol>\n<li>Completa los pasos 1, 2 y 3 en easyTable en \u00abConfiguraci\u00f3n\u00bb &gt; \u00abSuscripci\u00f3n\u00bb.<\/li>\n<li>Env\u00eda la documentaci\u00f3n a&nbsp;<a style=\"color: #bf2b1f; text-decoration: underline;\" href=\"mailto:info@easytable.com\">info@easytable.com<\/a> confirmando su obligaci\u00f3n de pagar por el sistema de reservas existente y especificando la fecha de finalizaci\u00f3n del per\u00edodo vinculante. ETB determina si la documentaci\u00f3n es v\u00e1lida y suficiente. <\/li>\n<\/ol>\n<\/li>\n<\/ol>\t\t\t\t\t\t\t\t<\/div>\n\t\t\t\t<\/div>\n\t\t\t\t<div class=\"elementor-element elementor-element-abcb069 elementor-widget elementor-widget-heading\" data-id=\"abcb069\" data-element_type=\"widget\" data-e-type=\"widget\" data-widget_type=\"heading.default\">\n\t\t\t\t<div class=\"elementor-widget-container\">\n\t\t\t\t\t<h3 class=\"elementor-heading-title elementor-size-default\">2. Recarga de SMS<\/h3>\t\t\t\t<\/div>\n\t\t\t\t<\/div>\n\t\t\t\t<div class=\"elementor-element elementor-element-cbfcfb2 elementor-widget elementor-widget-text-editor\" data-id=\"cbfcfb2\" data-element_type=\"widget\" data-e-type=\"widget\" data-widget_type=\"text-editor.default\">\n\t\t\t\t<div class=\"elementor-widget-container\">\n\t\t\t\t\t\t\t\t\t<ol>\n<li>La recarga del saldo SMS se realiza utilizando la tarjeta de cr\u00e9dito asignada.<\/li>\n<li>Se puede realizar una recarga manual o autom\u00e1tica antes de que el saldo llegue a cero.<\/li>\n<li>Las notificaciones por SMS s\u00f3lo se enviar\u00e1n si hay saldo suficiente de SMS.<\/li>\n<\/ol>\n\t\t\t\t\t\t\t\t<\/div>\n\t\t\t\t<\/div>\n\t\t\t\t<div class=\"elementor-element elementor-element-2ad85a4 elementor-widget elementor-widget-heading\" data-id=\"2ad85a4\" data-element_type=\"widget\" data-e-type=\"widget\" data-widget_type=\"heading.default\">\n\t\t\t\t<div class=\"elementor-widget-container\">\n\t\t\t\t\t<h3 class=\"elementor-heading-title elementor-size-default\">3. Pagos anticipados<\/h3>\t\t\t\t<\/div>\n\t\t\t\t<\/div>\n\t\t\t\t<div class=\"elementor-element elementor-element-60c419b elementor-widget elementor-widget-text-editor\" data-id=\"60c419b\" data-element_type=\"widget\" data-e-type=\"widget\" data-widget_type=\"text-editor.default\">\n\t\t\t\t<div class=\"elementor-widget-container\">\n\t\t\t\t\t\t\t\t\t<ol>\n<li>ETB act\u00faa como intermediario de los acuerdos de canje en relaci\u00f3n con los pagos anticipados. Esto implica que ETB proporciona una plataforma en la que el Cliente puede gestionar sus prepagos y reservas, mientras que los pagos se procesan a trav\u00e9s del propio acuerdo de canje del Cliente. <\/li>\n<li>Se aplica una comisi\u00f3n de servicio del 1,6% a todos los pagos por adelantado.<\/li>\n<li>Es responsabilidad del Cliente asegurarse de que todos los pagos anticipados se ejecutan correctamente y de que ha recibido el pago de sus hu\u00e9spedes antes de que \u00e9stos lo canjeen. ETB proporciona herramientas y apoyo para facilitar este proceso, pero no se hace responsable de ning\u00fan error u omisi\u00f3n en relaci\u00f3n con los pagos. Por lo tanto, ETB no asume responsabilidad alguna por la ejecuci\u00f3n real de los pagos.  <\/li>\n<\/ol>\n\t\t\t\t\t\t\t\t<\/div>\n\t\t\t\t<\/div>\n\t\t\t\t<div class=\"elementor-element elementor-element-2a8f96d elementor-widget elementor-widget-heading\" data-id=\"2a8f96d\" data-element_type=\"widget\" data-e-type=\"widget\" data-widget_type=\"heading.default\">\n\t\t\t\t<div class=\"elementor-widget-container\">\n\t\t\t\t\t<h3 class=\"elementor-heading-title elementor-size-default\">4. Terminaci\u00f3n<\/h3>\t\t\t\t<\/div>\n\t\t\t\t<\/div>\n\t\t\t\t<div class=\"elementor-element elementor-element-76ce07e elementor-widget elementor-widget-text-editor\" data-id=\"76ce07e\" data-element_type=\"widget\" data-e-type=\"widget\" data-widget_type=\"text-editor.default\">\n\t\t\t\t<div class=\"elementor-widget-container\">\n\t\t\t\t\t\t\t\t\t<ol>\n<li>La suscripci\u00f3n se puede cancelar en cualquier momento hasta el final del periodo de suscripci\u00f3n actual. Para ello, haz clic en \u00abDesuscribirse\u00bb en \u00abConfiguraci\u00f3n\u00bb &gt; \u00abSuscripci\u00f3n\u00bb. <\/li>\n<li>El saldo del SMS no es reembolsable.<\/li>\n<\/ol>\n\t\t\t\t\t\t\t\t<\/div>\n\t\t\t\t<\/div>\n\t\t\t\t<div class=\"elementor-element elementor-element-eafbbf2 elementor-widget elementor-widget-heading\" data-id=\"eafbbf2\" data-element_type=\"widget\" data-e-type=\"widget\" data-widget_type=\"heading.default\">\n\t\t\t\t<div class=\"elementor-widget-container\">\n\t\t\t\t\t<h3 class=\"elementor-heading-title elementor-size-default\">5. Funcionamiento, copia de seguridad y exenci\u00f3n de responsabilidad<\/h3>\t\t\t\t<\/div>\n\t\t\t\t<\/div>\n\t\t\t\t<div class=\"elementor-element elementor-element-2b6ef21 elementor-widget elementor-widget-text-editor\" data-id=\"2b6ef21\" data-element_type=\"widget\" data-e-type=\"widget\" data-widget_type=\"text-editor.default\">\n\t\t\t\t<div class=\"elementor-widget-container\">\n\t\t\t\t\t\t\t\t\t<ol>\n<li>Se realizan copias de seguridad diarias de todos los datos en un servidor externo para restaurar las reservas y otros datos hasta la \u00faltima copia de seguridad. Los servidores est\u00e1n ubicados en una sala de servidores de m\u00e1xima seguridad para garantizar una alta fiabilidad operativa y tiempo de actividad. <\/li>\n<li>ETB no se hace responsable econ\u00f3micamente de la p\u00e9rdida de datos, tiempo de inactividad o cualquier otra p\u00e9rdida indirecta causada por fallos del servidor o de la red, etc.<\/li>\n<li>ETB declina toda responsabilidad por errores u omisiones en la ejecuci\u00f3n de los pagos anticipados. Es responsabilidad del cliente asegurarse en todo momento de que los pagos anticipados se ejecutan correctamente y de que ha recibido el pago de sus invitados antes de que \u00e9stos lo canjeen. V\u00e9ase tambi\u00e9n la secci\u00f3n 3.3.  <\/li>\n<li>ETB no se hace responsable de las p\u00e9rdidas o da\u00f1os derivados del acceso o uso no autorizado de los datos del cliente.<\/li>\n<li>ETB no se hace responsable de ninguna p\u00e9rdida o da\u00f1o derivado del incumplimiento por parte del cliente de las leyes o reglamentos aplicables.<\/li>\n<li>ETB declina toda responsabilidad por p\u00e9rdidas o da\u00f1os derivados de acontecimientos de fuerza mayor, incluidos, entre otros, desastres naturales, guerras, actos de terrorismo, huelgas, pandemias u otros acontecimientos que escapen al control razonable de ETB.<\/li>\n<li>ETB no se hace responsable de las p\u00e9rdidas o da\u00f1os derivados de errores u omisiones en software o servicios de terceros que ETB utilice en relaci\u00f3n con el funcionamiento de easyTable.<\/li>\n<li>ETB no se hace responsable de p\u00e9rdidas indirectas, da\u00f1os consecuentes, p\u00e9rdida de ingresos, p\u00e9rdida de datos u otras formas de p\u00e9rdida econ\u00f3mica que el cliente pueda sufrir como consecuencia del uso de easyTable.<\/li>\n<li>El cliente es responsable de que todos los usuarios de easyTable cumplan las condiciones aplicables, y ETB declina toda responsabilidad por p\u00e9rdidas o da\u00f1os derivados de las acciones u omisiones del usuario.<\/li>\n<\/ol>\n\t\t\t\t\t\t\t\t<\/div>\n\t\t\t\t<\/div>\n\t\t\t\t<div class=\"elementor-element elementor-element-f01f013 elementor-widget elementor-widget-heading\" data-id=\"f01f013\" data-element_type=\"widget\" data-e-type=\"widget\" data-widget_type=\"heading.default\">\n\t\t\t\t<div class=\"elementor-widget-container\">\n\t\t\t\t\t<h3 class=\"elementor-heading-title elementor-size-default\">6. Datos personales<\/h3>\t\t\t\t<\/div>\n\t\t\t\t<\/div>\n\t\t\t\t<div class=\"elementor-element elementor-element-dc2f857 elementor-widget elementor-widget-text-editor\" data-id=\"dc2f857\" data-element_type=\"widget\" data-e-type=\"widget\" data-widget_type=\"text-editor.default\">\n\t\t\t\t<div class=\"elementor-widget-container\">\n\t\t\t\t\t\t\t\t\t<ol>\n<li>A ra\u00edz de la exigencia de un acuerdo de procesamiento de datos en el Reglamento (UE) 2016\/679 de 27 de abril de 2016 (\u00abReglamento General de Protecci\u00f3n de Datos\u00bb \/ \u00abRGPD\u00bb), el enlace que aparece a continuaci\u00f3n constituye un acuerdo adicional, el \u00abAcuerdo de Procesamiento de Datos\u00bb, en relaci\u00f3n con estas condiciones generales. Acuerdo de Procesamiento de Datos: <a style=\"color: #bf2b1f; text-decoration: underline;\" href=\"https:\/\/book.easytable.com\/easyTable-DPA.pdf\">easyTable-DPA.pdf<\/a> <\/li>\n<\/ol>\n\t\t\t\t\t\t\t\t<\/div>\n\t\t\t\t<\/div>\n\t\t\t\t<div class=\"elementor-element elementor-element-eb6069a elementor-widget elementor-widget-heading\" data-id=\"eb6069a\" data-element_type=\"widget\" data-e-type=\"widget\" data-widget_type=\"heading.default\">\n\t\t\t\t<div class=\"elementor-widget-container\">\n\t\t\t\t\t<h3 class=\"elementor-heading-title elementor-size-default\">7. Elecci\u00f3n de la ley y jurisdicci\u00f3n<\/h3>\t\t\t\t<\/div>\n\t\t\t\t<\/div>\n\t\t\t\t<div class=\"elementor-element elementor-element-f9aa552 elementor-widget elementor-widget-text-editor\" data-id=\"f9aa552\" data-element_type=\"widget\" data-e-type=\"widget\" data-widget_type=\"text-editor.default\">\n\t\t\t\t<div class=\"elementor-widget-container\">\n\t\t\t\t\t\t\t\t\t<ol>\n<li>Cualquier acci\u00f3n legal, pleito u otro litigio contra ETB deber\u00e1 presentarse ante el Tribunal Municipal de Copenhague, Dinamarca, de acuerdo con la legislaci\u00f3n danesa.<\/li>\n<\/ol>\n\t\t\t\t\t\t\t\t<\/div>\n\t\t\t\t<\/div>\n\t\t\t\t\t<\/div>\n\t\t\t\t<\/div>\n\t\t\t\t<\/div>\n\t\t","protected":false},"excerpt":{"rendered":"<p>Condiciones generales Versi\u00f3n 3.0 (2024-10-30) Si tienes alguna pregunta sobre las condiciones que figuran a continuaci\u00f3n, ponte en contacto con nosotros en info@easytable.com. 1. Suscripci\u00f3n easyTableBooking ApS (en lo sucesivo, ETB) es una empresa que ofrece \u00abeasyTable\u00bb a otras empresas (en lo sucesivo, el Cliente), que es un sistema basado en suscripci\u00f3n para gestionar reservas [&hellip;]<\/p>\n","protected":false},"author":1,"featured_media":0,"parent":0,"menu_order":0,"comment_status":"closed","ping_status":"closed","template":"","meta":{"inline_featured_image":false,"footnotes":""},"class_list":["post-6143","page","type-page","status-publish","hentry"],"yoast_head":"<!-- This site is optimized with the Yoast SEO plugin v27.5 - https:\/\/yoast.com\/product\/yoast-seo-wordpress\/ -->\n<title>Condiciones generales - easyTable<\/title>\n<meta name=\"robots\" content=\"index, follow, max-snippet:-1, max-image-preview:large, max-video-preview:-1\" \/>\n<link rel=\"canonical\" href=\"https:\/\/easytable.com\/es\/condiciones-generales\/\" \/>\n<meta property=\"og:locale\" content=\"es_ES\" \/>\n<meta property=\"og:type\" content=\"article\" \/>\n<meta property=\"og:title\" content=\"Condiciones generales - easyTable\" \/>\n<meta property=\"og:description\" content=\"Condiciones generales Versi\u00f3n 3.0 (2024-10-30) Si tienes alguna pregunta sobre las condiciones que figuran a continuaci\u00f3n, ponte en contacto con nosotros en info@easytable.com. 1. Suscripci\u00f3n easyTableBooking ApS (en lo sucesivo, ETB) es una empresa que ofrece \u00abeasyTable\u00bb a otras empresas (en lo sucesivo, el Cliente), que es un sistema basado en suscripci\u00f3n para gestionar reservas [&hellip;]\" \/>\n<meta property=\"og:url\" content=\"https:\/\/easytable.com\/es\/condiciones-generales\/\" \/>\n<meta property=\"og:site_name\" content=\"easyTable\" \/>\n<meta property=\"article:modified_time\" content=\"2024-10-30T15:23:51+00:00\" \/>\n<meta name=\"twitter:card\" content=\"summary_large_image\" \/>\n<meta name=\"twitter:label1\" content=\"Tiempo de lectura\" \/>\n\t<meta name=\"twitter:data1\" content=\"5 minutos\" \/>\n<script type=\"application\/ld+json\" class=\"yoast-schema-graph\">{\"@context\":\"https:\\\/\\\/schema.org\",\"@graph\":[{\"@type\":\"WebPage\",\"@id\":\"https:\\\/\\\/easytable.com\\\/es\\\/condiciones-generales\\\/\",\"url\":\"https:\\\/\\\/easytable.com\\\/es\\\/condiciones-generales\\\/\",\"name\":\"Condiciones generales - easyTable\",\"isPartOf\":{\"@id\":\"https:\\\/\\\/easytable.com\\\/es\\\/#website\"},\"datePublished\":\"2024-10-30T13:48:37+00:00\",\"dateModified\":\"2024-10-30T15:23:51+00:00\",\"breadcrumb\":{\"@id\":\"https:\\\/\\\/easytable.com\\\/es\\\/condiciones-generales\\\/#breadcrumb\"},\"inLanguage\":\"es\",\"potentialAction\":[{\"@type\":\"ReadAction\",\"target\":[\"https:\\\/\\\/easytable.com\\\/es\\\/condiciones-generales\\\/\"]}]},{\"@type\":\"BreadcrumbList\",\"@id\":\"https:\\\/\\\/easytable.com\\\/es\\\/condiciones-generales\\\/#breadcrumb\",\"itemListElement\":[{\"@type\":\"ListItem\",\"position\":1,\"name\":\"Home\",\"item\":\"https:\\\/\\\/easytable.com\\\/es\\\/portada\\\/\"},{\"@type\":\"ListItem\",\"position\":2,\"name\":\"Condiciones generales\"}]},{\"@type\":\"WebSite\",\"@id\":\"https:\\\/\\\/easytable.com\\\/es\\\/#website\",\"url\":\"https:\\\/\\\/easytable.com\\\/es\\\/\",\"name\":\"easyTable.com\",\"description\":\"\",\"publisher\":{\"@id\":\"https:\\\/\\\/easytable.com\\\/es\\\/#organization\"},\"potentialAction\":[{\"@type\":\"SearchAction\",\"target\":{\"@type\":\"EntryPoint\",\"urlTemplate\":\"https:\\\/\\\/easytable.com\\\/es\\\/?s={search_term_string}\"},\"query-input\":{\"@type\":\"PropertyValueSpecification\",\"valueRequired\":true,\"valueName\":\"search_term_string\"}}],\"inLanguage\":\"es\"},{\"@type\":\"Organization\",\"@id\":\"https:\\\/\\\/easytable.com\\\/es\\\/#organization\",\"name\":\"easyTable\",\"url\":\"https:\\\/\\\/easytable.com\\\/es\\\/\",\"logo\":{\"@type\":\"ImageObject\",\"inLanguage\":\"es\",\"@id\":\"https:\\\/\\\/easytable.com\\\/es\\\/#\\\/schema\\\/logo\\\/image\\\/\",\"url\":\"https:\\\/\\\/easytable.com\\\/wp-content\\\/uploads\\\/2024\\\/02\\\/Logo-ETB.svg\",\"contentUrl\":\"https:\\\/\\\/easytable.com\\\/wp-content\\\/uploads\\\/2024\\\/02\\\/Logo-ETB.svg\",\"width\":153,\"height\":34,\"caption\":\"easyTable\"},\"image\":{\"@id\":\"https:\\\/\\\/easytable.com\\\/es\\\/#\\\/schema\\\/logo\\\/image\\\/\"}}]}<\/script>\n<!-- \/ Yoast SEO plugin. -->","yoast_head_json":{"title":"Condiciones generales - easyTable","robots":{"index":"index","follow":"follow","max-snippet":"max-snippet:-1","max-image-preview":"max-image-preview:large","max-video-preview":"max-video-preview:-1"},"canonical":"https:\/\/easytable.com\/es\/condiciones-generales\/","og_locale":"es_ES","og_type":"article","og_title":"Condiciones generales - easyTable","og_description":"Condiciones generales Versi\u00f3n 3.0 (2024-10-30) Si tienes alguna pregunta sobre las condiciones que figuran a continuaci\u00f3n, ponte en contacto con nosotros en info@easytable.com. 1. Suscripci\u00f3n easyTableBooking ApS (en lo sucesivo, ETB) es una empresa que ofrece \u00abeasyTable\u00bb a otras empresas (en lo sucesivo, el Cliente), que es un sistema basado en suscripci\u00f3n para gestionar reservas [&hellip;]","og_url":"https:\/\/easytable.com\/es\/condiciones-generales\/","og_site_name":"easyTable","article_modified_time":"2024-10-30T15:23:51+00:00","twitter_card":"summary_large_image","twitter_misc":{"Tiempo de lectura":"5 minutos"},"schema":{"@context":"https:\/\/schema.org","@graph":[{"@type":"WebPage","@id":"https:\/\/easytable.com\/es\/condiciones-generales\/","url":"https:\/\/easytable.com\/es\/condiciones-generales\/","name":"Condiciones generales - easyTable","isPartOf":{"@id":"https:\/\/easytable.com\/es\/#website"},"datePublished":"2024-10-30T13:48:37+00:00","dateModified":"2024-10-30T15:23:51+00:00","breadcrumb":{"@id":"https:\/\/easytable.com\/es\/condiciones-generales\/#breadcrumb"},"inLanguage":"es","potentialAction":[{"@type":"ReadAction","target":["https:\/\/easytable.com\/es\/condiciones-generales\/"]}]},{"@type":"BreadcrumbList","@id":"https:\/\/easytable.com\/es\/condiciones-generales\/#breadcrumb","itemListElement":[{"@type":"ListItem","position":1,"name":"Home","item":"https:\/\/easytable.com\/es\/portada\/"},{"@type":"ListItem","position":2,"name":"Condiciones generales"}]},{"@type":"WebSite","@id":"https:\/\/easytable.com\/es\/#website","url":"https:\/\/easytable.com\/es\/","name":"easyTable.com","description":"","publisher":{"@id":"https:\/\/easytable.com\/es\/#organization"},"potentialAction":[{"@type":"SearchAction","target":{"@type":"EntryPoint","urlTemplate":"https:\/\/easytable.com\/es\/?s={search_term_string}"},"query-input":{"@type":"PropertyValueSpecification","valueRequired":true,"valueName":"search_term_string"}}],"inLanguage":"es"},{"@type":"Organization","@id":"https:\/\/easytable.com\/es\/#organization","name":"easyTable","url":"https:\/\/easytable.com\/es\/","logo":{"@type":"ImageObject","inLanguage":"es","@id":"https:\/\/easytable.com\/es\/#\/schema\/logo\/image\/","url":"https:\/\/easytable.com\/wp-content\/uploads\/2024\/02\/Logo-ETB.svg","contentUrl":"https:\/\/easytable.com\/wp-content\/uploads\/2024\/02\/Logo-ETB.svg","width":153,"height":34,"caption":"easyTable"},"image":{"@id":"https:\/\/easytable.com\/es\/#\/schema\/logo\/image\/"}}]}},"_links":{"self":[{"href":"https:\/\/easytable.com\/es\/wp-json\/wp\/v2\/pages\/6143","targetHints":{"allow":["GET"]}}],"collection":[{"href":"https:\/\/easytable.com\/es\/wp-json\/wp\/v2\/pages"}],"about":[{"href":"https:\/\/easytable.com\/es\/wp-json\/wp\/v2\/types\/page"}],"author":[{"embeddable":true,"href":"https:\/\/easytable.com\/es\/wp-json\/wp\/v2\/users\/1"}],"replies":[{"embeddable":true,"href":"https:\/\/easytable.com\/es\/wp-json\/wp\/v2\/comments?post=6143"}],"version-history":[{"count":1,"href":"https:\/\/easytable.com\/es\/wp-json\/wp\/v2\/pages\/6143\/revisions"}],"predecessor-version":[{"id":6144,"href":"https:\/\/easytable.com\/es\/wp-json\/wp\/v2\/pages\/6143\/revisions\/6144"}],"wp:attachment":[{"href":"https:\/\/easytable.com\/es\/wp-json\/wp\/v2\/media?parent=6143"}],"curies":[{"name":"wp","href":"https:\/\/api.w.org\/{rel}","templated":true}]}}