{"id":4028,"date":"2024-05-16T11:04:35","date_gmt":"2024-05-16T11:04:35","guid":{"rendered":"https:\/\/easytable.com\/incorporacion-confirmada\/"},"modified":"2024-05-30T11:43:12","modified_gmt":"2024-05-30T11:43:12","slug":"incorporacion-confirmada","status":"publish","type":"page","link":"https:\/\/easytable.com\/es\/incorporacion-confirmada\/","title":{"rendered":"Incorporaci\u00f3n confirmada"},"content":{"rendered":"\t\t<div data-elementor-type=\"wp-page\" data-elementor-id=\"4028\" class=\"elementor elementor-4028 elementor-2440\" data-elementor-post-type=\"page\">\n\t\t\t\t<div class=\"elementor-element elementor-element-725dfa7 e-flex e-con-boxed e-con e-parent\" data-id=\"725dfa7\" data-element_type=\"container\" data-e-type=\"container\">\n\t\t\t\t\t<div class=\"e-con-inner\">\n\t\t\t\t<div class=\"elementor-element elementor-element-70bad70 elementor-widget elementor-widget-heading\" data-id=\"70bad70\" data-element_type=\"widget\" data-e-type=\"widget\" data-widget_type=\"heading.default\">\n\t\t\t\t<div class=\"elementor-widget-container\">\n\t\t\t\t\t<h2 class=\"elementor-heading-title elementor-size-default\">Incorporaci\u00f3n reservada con \u00e9xito<\/h2>\t\t\t\t<\/div>\n\t\t\t\t<\/div>\n\t\t\t\t<div class=\"elementor-element elementor-element-7463771 elementor-widget elementor-widget-text-editor\" data-id=\"7463771\" data-element_type=\"widget\" data-e-type=\"widget\" data-widget_type=\"text-editor.default\">\n\t\t\t\t<div class=\"elementor-widget-container\">\n\t\t\t\t\t\t\t\t\t<p class=\"has-text-align-center\">Gracias por tu inter\u00e9s en easyTableBooking.<\/p>\n<p class=\"has-text-align-center\">En breve recibir\u00e1s un correo electr\u00f3nico de confirmaci\u00f3n junto con el enlace a nuestra reuni\u00f3n.<\/p>\n<p class=\"has-text-align-center\">Si tienes alguna pregunta antes de nuestra reuni\u00f3n, \u00a1no dudes en ponerte en contacto con nosotros!<\/p>\n<p><strong>IMPORTANTE: <\/strong>Si por alguna raz\u00f3n no puedes venir, por favor, cambia la fecha utilizando el enlace que encontrar\u00e1s en el correo electr\u00f3nico de confirmaci\u00f3n.<\/p>\n\t\t\t\t\t\t\t\t<\/div>\n\t\t\t\t<\/div>\n\t\t\t\t\t<\/div>\n\t\t\t\t<\/div>\n\t\t\t\t<\/div>\n\t\t","protected":false},"excerpt":{"rendered":"<p>Incorporaci\u00f3n reservada con \u00e9xito Gracias por tu inter\u00e9s en easyTableBooking. En breve recibir\u00e1s un correo electr\u00f3nico de confirmaci\u00f3n junto con el enlace a nuestra reuni\u00f3n. Si tienes alguna pregunta antes de nuestra reuni\u00f3n, \u00a1no dudes en ponerte en contacto con nosotros! IMPORTANTE: Si por alguna raz\u00f3n no puedes venir, por favor, cambia la fecha utilizando [&hellip;]<\/p>\n","protected":false},"author":1,"featured_media":0,"parent":0,"menu_order":0,"comment_status":"closed","ping_status":"closed","template":"","meta":{"inline_featured_image":false,"footnotes":""},"class_list":["post-4028","page","type-page","status-publish","hentry"],"yoast_head":"<!-- This site is optimized with the Yoast SEO plugin v27.4 - https:\/\/yoast.com\/product\/yoast-seo-wordpress\/ -->\n<title>Incorporaci\u00f3n confirmada - easyTable<\/title>\n<meta name=\"robots\" content=\"index, follow, max-snippet:-1, max-image-preview:large, max-video-preview:-1\" \/>\n<link rel=\"canonical\" href=\"https:\/\/easytable.com\/es\/incorporacion-confirmada\/\" \/>\n<meta property=\"og:locale\" content=\"es_ES\" \/>\n<meta property=\"og:type\" content=\"article\" \/>\n<meta property=\"og:title\" content=\"Incorporaci\u00f3n confirmada - easyTable\" \/>\n<meta property=\"og:description\" content=\"Incorporaci\u00f3n reservada con \u00e9xito Gracias por tu inter\u00e9s en easyTableBooking. En breve recibir\u00e1s un correo electr\u00f3nico de confirmaci\u00f3n junto con el enlace a nuestra reuni\u00f3n. Si tienes alguna pregunta antes de nuestra reuni\u00f3n, \u00a1no dudes en ponerte en contacto con nosotros! IMPORTANTE: Si por alguna raz\u00f3n no puedes venir, por favor, cambia la fecha utilizando [&hellip;]\" \/>\n<meta property=\"og:url\" content=\"https:\/\/easytable.com\/es\/incorporacion-confirmada\/\" \/>\n<meta property=\"og:site_name\" content=\"easyTable\" \/>\n<meta property=\"article:modified_time\" content=\"2024-05-30T11:43:12+00:00\" \/>\n<meta name=\"twitter:card\" content=\"summary_large_image\" \/>\n<script type=\"application\/ld+json\" class=\"yoast-schema-graph\">{\"@context\":\"https:\\\/\\\/schema.org\",\"@graph\":[{\"@type\":\"WebPage\",\"@id\":\"https:\\\/\\\/easytable.com\\\/es\\\/incorporacion-confirmada\\\/\",\"url\":\"https:\\\/\\\/easytable.com\\\/es\\\/incorporacion-confirmada\\\/\",\"name\":\"Incorporaci\u00f3n confirmada - easyTable\",\"isPartOf\":{\"@id\":\"https:\\\/\\\/easytable.com\\\/es\\\/#website\"},\"datePublished\":\"2024-05-16T11:04:35+00:00\",\"dateModified\":\"2024-05-30T11:43:12+00:00\",\"breadcrumb\":{\"@id\":\"https:\\\/\\\/easytable.com\\\/es\\\/incorporacion-confirmada\\\/#breadcrumb\"},\"inLanguage\":\"es\",\"potentialAction\":[{\"@type\":\"ReadAction\",\"target\":[\"https:\\\/\\\/easytable.com\\\/es\\\/incorporacion-confirmada\\\/\"]}]},{\"@type\":\"BreadcrumbList\",\"@id\":\"https:\\\/\\\/easytable.com\\\/es\\\/incorporacion-confirmada\\\/#breadcrumb\",\"itemListElement\":[{\"@type\":\"ListItem\",\"position\":1,\"name\":\"Home\",\"item\":\"https:\\\/\\\/easytable.com\\\/es\\\/portada\\\/\"},{\"@type\":\"ListItem\",\"position\":2,\"name\":\"Incorporaci\u00f3n confirmada\"}]},{\"@type\":\"WebSite\",\"@id\":\"https:\\\/\\\/easytable.com\\\/es\\\/#website\",\"url\":\"https:\\\/\\\/easytable.com\\\/es\\\/\",\"name\":\"easyTable.com\",\"description\":\"\",\"publisher\":{\"@id\":\"https:\\\/\\\/easytable.com\\\/es\\\/#organization\"},\"potentialAction\":[{\"@type\":\"SearchAction\",\"target\":{\"@type\":\"EntryPoint\",\"urlTemplate\":\"https:\\\/\\\/easytable.com\\\/es\\\/?s={search_term_string}\"},\"query-input\":{\"@type\":\"PropertyValueSpecification\",\"valueRequired\":true,\"valueName\":\"search_term_string\"}}],\"inLanguage\":\"es\"},{\"@type\":\"Organization\",\"@id\":\"https:\\\/\\\/easytable.com\\\/es\\\/#organization\",\"name\":\"easyTable\",\"url\":\"https:\\\/\\\/easytable.com\\\/es\\\/\",\"logo\":{\"@type\":\"ImageObject\",\"inLanguage\":\"es\",\"@id\":\"https:\\\/\\\/easytable.com\\\/es\\\/#\\\/schema\\\/logo\\\/image\\\/\",\"url\":\"https:\\\/\\\/easytable.com\\\/wp-content\\\/uploads\\\/2024\\\/02\\\/Logo-ETB.svg\",\"contentUrl\":\"https:\\\/\\\/easytable.com\\\/wp-content\\\/uploads\\\/2024\\\/02\\\/Logo-ETB.svg\",\"width\":153,\"height\":34,\"caption\":\"easyTable\"},\"image\":{\"@id\":\"https:\\\/\\\/easytable.com\\\/es\\\/#\\\/schema\\\/logo\\\/image\\\/\"}}]}<\/script>\n<!-- \/ Yoast SEO plugin. -->","yoast_head_json":{"title":"Incorporaci\u00f3n confirmada - easyTable","robots":{"index":"index","follow":"follow","max-snippet":"max-snippet:-1","max-image-preview":"max-image-preview:large","max-video-preview":"max-video-preview:-1"},"canonical":"https:\/\/easytable.com\/es\/incorporacion-confirmada\/","og_locale":"es_ES","og_type":"article","og_title":"Incorporaci\u00f3n confirmada - easyTable","og_description":"Incorporaci\u00f3n reservada con \u00e9xito Gracias por tu inter\u00e9s en easyTableBooking. En breve recibir\u00e1s un correo electr\u00f3nico de confirmaci\u00f3n junto con el enlace a nuestra reuni\u00f3n. Si tienes alguna pregunta antes de nuestra reuni\u00f3n, \u00a1no dudes en ponerte en contacto con nosotros! IMPORTANTE: Si por alguna raz\u00f3n no puedes venir, por favor, cambia la fecha utilizando [&hellip;]","og_url":"https:\/\/easytable.com\/es\/incorporacion-confirmada\/","og_site_name":"easyTable","article_modified_time":"2024-05-30T11:43:12+00:00","twitter_card":"summary_large_image","schema":{"@context":"https:\/\/schema.org","@graph":[{"@type":"WebPage","@id":"https:\/\/easytable.com\/es\/incorporacion-confirmada\/","url":"https:\/\/easytable.com\/es\/incorporacion-confirmada\/","name":"Incorporaci\u00f3n confirmada - easyTable","isPartOf":{"@id":"https:\/\/easytable.com\/es\/#website"},"datePublished":"2024-05-16T11:04:35+00:00","dateModified":"2024-05-30T11:43:12+00:00","breadcrumb":{"@id":"https:\/\/easytable.com\/es\/incorporacion-confirmada\/#breadcrumb"},"inLanguage":"es","potentialAction":[{"@type":"ReadAction","target":["https:\/\/easytable.com\/es\/incorporacion-confirmada\/"]}]},{"@type":"BreadcrumbList","@id":"https:\/\/easytable.com\/es\/incorporacion-confirmada\/#breadcrumb","itemListElement":[{"@type":"ListItem","position":1,"name":"Home","item":"https:\/\/easytable.com\/es\/portada\/"},{"@type":"ListItem","position":2,"name":"Incorporaci\u00f3n confirmada"}]},{"@type":"WebSite","@id":"https:\/\/easytable.com\/es\/#website","url":"https:\/\/easytable.com\/es\/","name":"easyTable.com","description":"","publisher":{"@id":"https:\/\/easytable.com\/es\/#organization"},"potentialAction":[{"@type":"SearchAction","target":{"@type":"EntryPoint","urlTemplate":"https:\/\/easytable.com\/es\/?s={search_term_string}"},"query-input":{"@type":"PropertyValueSpecification","valueRequired":true,"valueName":"search_term_string"}}],"inLanguage":"es"},{"@type":"Organization","@id":"https:\/\/easytable.com\/es\/#organization","name":"easyTable","url":"https:\/\/easytable.com\/es\/","logo":{"@type":"ImageObject","inLanguage":"es","@id":"https:\/\/easytable.com\/es\/#\/schema\/logo\/image\/","url":"https:\/\/easytable.com\/wp-content\/uploads\/2024\/02\/Logo-ETB.svg","contentUrl":"https:\/\/easytable.com\/wp-content\/uploads\/2024\/02\/Logo-ETB.svg","width":153,"height":34,"caption":"easyTable"},"image":{"@id":"https:\/\/easytable.com\/es\/#\/schema\/logo\/image\/"}}]}},"_links":{"self":[{"href":"https:\/\/easytable.com\/es\/wp-json\/wp\/v2\/pages\/4028","targetHints":{"allow":["GET"]}}],"collection":[{"href":"https:\/\/easytable.com\/es\/wp-json\/wp\/v2\/pages"}],"about":[{"href":"https:\/\/easytable.com\/es\/wp-json\/wp\/v2\/types\/page"}],"author":[{"embeddable":true,"href":"https:\/\/easytable.com\/es\/wp-json\/wp\/v2\/users\/1"}],"replies":[{"embeddable":true,"href":"https:\/\/easytable.com\/es\/wp-json\/wp\/v2\/comments?post=4028"}],"version-history":[{"count":1,"href":"https:\/\/easytable.com\/es\/wp-json\/wp\/v2\/pages\/4028\/revisions"}],"predecessor-version":[{"id":4029,"href":"https:\/\/easytable.com\/es\/wp-json\/wp\/v2\/pages\/4028\/revisions\/4029"}],"wp:attachment":[{"href":"https:\/\/easytable.com\/es\/wp-json\/wp\/v2\/media?parent=4028"}],"curies":[{"name":"wp","href":"https:\/\/api.w.org\/{rel}","templated":true}]}}