{"id":4024,"date":"2024-05-16T11:04:35","date_gmt":"2024-05-16T11:04:35","guid":{"rendered":"https:\/\/easytable.com\/onboarding-bestaetigt\/"},"modified":"2024-05-30T11:42:45","modified_gmt":"2024-05-30T11:42:45","slug":"onboarding-bestaetigt","status":"publish","type":"page","link":"https:\/\/easytable.com\/de\/onboarding-bestaetigt\/","title":{"rendered":"Onboarding best\u00e4tigt"},"content":{"rendered":"\t\t<div data-elementor-type=\"wp-page\" data-elementor-id=\"4024\" class=\"elementor elementor-4024 elementor-2440\" data-elementor-post-type=\"page\">\n\t\t\t\t<div class=\"elementor-element elementor-element-725dfa7 e-flex e-con-boxed e-con e-parent\" data-id=\"725dfa7\" data-element_type=\"container\" data-e-type=\"container\">\n\t\t\t\t\t<div class=\"e-con-inner\">\n\t\t\t\t<div class=\"elementor-element elementor-element-70bad70 elementor-widget elementor-widget-heading\" data-id=\"70bad70\" data-element_type=\"widget\" data-e-type=\"widget\" data-widget_type=\"heading.default\">\n\t\t\t\t<div class=\"elementor-widget-container\">\n\t\t\t\t\t<h2 class=\"elementor-heading-title elementor-size-default\">Onboarding erfolgreich gebucht<\/h2>\t\t\t\t<\/div>\n\t\t\t\t<\/div>\n\t\t\t\t<div class=\"elementor-element elementor-element-7463771 elementor-widget elementor-widget-text-editor\" data-id=\"7463771\" data-element_type=\"widget\" data-e-type=\"widget\" data-widget_type=\"text-editor.default\">\n\t\t\t\t<div class=\"elementor-widget-container\">\n\t\t\t\t\t\t\t\t\t<p class=\"has-text-align-center\">Vielen Dank f\u00fcr Ihr Interesse an easyTableBooking.<\/p>\n<p class=\"has-text-align-center\">Sie werden in K\u00fcrze eine Best\u00e4tigungs-E-Mail mit dem Link zu unserem Treffen erhalten.<\/p>\n<p class=\"has-text-align-center\">Wenn Sie vor unserem Treffen Fragen haben, z\u00f6gern Sie bitte nicht, uns zu kontaktieren!<\/p>\n<p><strong>WICHTIG: <\/strong>Wenn Sie aus irgendeinem Grund nicht kommen k\u00f6nnen, verschieben Sie den Termin bitte \u00fcber den Link in der Best\u00e4tigungsmail.<\/p>\n\t\t\t\t\t\t\t\t<\/div>\n\t\t\t\t<\/div>\n\t\t\t\t\t<\/div>\n\t\t\t\t<\/div>\n\t\t\t\t<\/div>\n\t\t","protected":false},"excerpt":{"rendered":"<p>Onboarding erfolgreich gebucht Vielen Dank f\u00fcr Ihr Interesse an easyTableBooking. Sie werden in K\u00fcrze eine Best\u00e4tigungs-E-Mail mit dem Link zu unserem Treffen erhalten. Wenn Sie vor unserem Treffen Fragen haben, z\u00f6gern Sie bitte nicht, uns zu kontaktieren! WICHTIG: Wenn Sie aus irgendeinem Grund nicht kommen k\u00f6nnen, verschieben Sie den Termin bitte \u00fcber den Link in [&hellip;]<\/p>\n","protected":false},"author":1,"featured_media":0,"parent":0,"menu_order":0,"comment_status":"closed","ping_status":"closed","template":"","meta":{"inline_featured_image":false,"footnotes":""},"class_list":["post-4024","page","type-page","status-publish","hentry"],"yoast_head":"<!-- This site is optimized with the Yoast SEO plugin v27.4 - https:\/\/yoast.com\/product\/yoast-seo-wordpress\/ -->\n<title>Onboarding best\u00e4tigt - easyTable<\/title>\n<meta name=\"robots\" content=\"index, follow, max-snippet:-1, max-image-preview:large, max-video-preview:-1\" \/>\n<link rel=\"canonical\" href=\"https:\/\/easytable.com\/de\/onboarding-bestaetigt\/\" \/>\n<meta property=\"og:locale\" content=\"de_DE\" \/>\n<meta property=\"og:type\" content=\"article\" \/>\n<meta property=\"og:title\" content=\"Onboarding best\u00e4tigt - easyTable\" \/>\n<meta property=\"og:description\" content=\"Onboarding erfolgreich gebucht Vielen Dank f\u00fcr Ihr Interesse an easyTableBooking. Sie werden in K\u00fcrze eine Best\u00e4tigungs-E-Mail mit dem Link zu unserem Treffen erhalten. Wenn Sie vor unserem Treffen Fragen haben, z\u00f6gern Sie bitte nicht, uns zu kontaktieren! WICHTIG: Wenn Sie aus irgendeinem Grund nicht kommen k\u00f6nnen, verschieben Sie den Termin bitte \u00fcber den Link in [&hellip;]\" \/>\n<meta property=\"og:url\" content=\"https:\/\/easytable.com\/de\/onboarding-bestaetigt\/\" \/>\n<meta property=\"og:site_name\" content=\"easyTable\" \/>\n<meta property=\"article:modified_time\" content=\"2024-05-30T11:42:45+00:00\" \/>\n<meta name=\"twitter:card\" content=\"summary_large_image\" \/>\n<script type=\"application\/ld+json\" class=\"yoast-schema-graph\">{\"@context\":\"https:\\\/\\\/schema.org\",\"@graph\":[{\"@type\":\"WebPage\",\"@id\":\"https:\\\/\\\/easytable.com\\\/de\\\/onboarding-bestaetigt\\\/\",\"url\":\"https:\\\/\\\/easytable.com\\\/de\\\/onboarding-bestaetigt\\\/\",\"name\":\"Onboarding best\u00e4tigt - easyTable\",\"isPartOf\":{\"@id\":\"https:\\\/\\\/easytable.com\\\/de\\\/#website\"},\"datePublished\":\"2024-05-16T11:04:35+00:00\",\"dateModified\":\"2024-05-30T11:42:45+00:00\",\"breadcrumb\":{\"@id\":\"https:\\\/\\\/easytable.com\\\/de\\\/onboarding-bestaetigt\\\/#breadcrumb\"},\"inLanguage\":\"de\",\"potentialAction\":[{\"@type\":\"ReadAction\",\"target\":[\"https:\\\/\\\/easytable.com\\\/de\\\/onboarding-bestaetigt\\\/\"]}]},{\"@type\":\"BreadcrumbList\",\"@id\":\"https:\\\/\\\/easytable.com\\\/de\\\/onboarding-bestaetigt\\\/#breadcrumb\",\"itemListElement\":[{\"@type\":\"ListItem\",\"position\":1,\"name\":\"Home\",\"item\":\"https:\\\/\\\/easytable.com\\\/de\\\/titelseite\\\/\"},{\"@type\":\"ListItem\",\"position\":2,\"name\":\"Onboarding best\u00e4tigt\"}]},{\"@type\":\"WebSite\",\"@id\":\"https:\\\/\\\/easytable.com\\\/de\\\/#website\",\"url\":\"https:\\\/\\\/easytable.com\\\/de\\\/\",\"name\":\"easyTable.com\",\"description\":\"\",\"publisher\":{\"@id\":\"https:\\\/\\\/easytable.com\\\/de\\\/#organization\"},\"potentialAction\":[{\"@type\":\"SearchAction\",\"target\":{\"@type\":\"EntryPoint\",\"urlTemplate\":\"https:\\\/\\\/easytable.com\\\/de\\\/?s={search_term_string}\"},\"query-input\":{\"@type\":\"PropertyValueSpecification\",\"valueRequired\":true,\"valueName\":\"search_term_string\"}}],\"inLanguage\":\"de\"},{\"@type\":\"Organization\",\"@id\":\"https:\\\/\\\/easytable.com\\\/de\\\/#organization\",\"name\":\"easyTable\",\"url\":\"https:\\\/\\\/easytable.com\\\/de\\\/\",\"logo\":{\"@type\":\"ImageObject\",\"inLanguage\":\"de\",\"@id\":\"https:\\\/\\\/easytable.com\\\/de\\\/#\\\/schema\\\/logo\\\/image\\\/\",\"url\":\"https:\\\/\\\/easytable.com\\\/wp-content\\\/uploads\\\/2024\\\/02\\\/Logo-ETB.svg\",\"contentUrl\":\"https:\\\/\\\/easytable.com\\\/wp-content\\\/uploads\\\/2024\\\/02\\\/Logo-ETB.svg\",\"width\":153,\"height\":34,\"caption\":\"easyTable\"},\"image\":{\"@id\":\"https:\\\/\\\/easytable.com\\\/de\\\/#\\\/schema\\\/logo\\\/image\\\/\"}}]}<\/script>\n<!-- \/ Yoast SEO plugin. -->","yoast_head_json":{"title":"Onboarding best\u00e4tigt - easyTable","robots":{"index":"index","follow":"follow","max-snippet":"max-snippet:-1","max-image-preview":"max-image-preview:large","max-video-preview":"max-video-preview:-1"},"canonical":"https:\/\/easytable.com\/de\/onboarding-bestaetigt\/","og_locale":"de_DE","og_type":"article","og_title":"Onboarding best\u00e4tigt - easyTable","og_description":"Onboarding erfolgreich gebucht Vielen Dank f\u00fcr Ihr Interesse an easyTableBooking. Sie werden in K\u00fcrze eine Best\u00e4tigungs-E-Mail mit dem Link zu unserem Treffen erhalten. Wenn Sie vor unserem Treffen Fragen haben, z\u00f6gern Sie bitte nicht, uns zu kontaktieren! WICHTIG: Wenn Sie aus irgendeinem Grund nicht kommen k\u00f6nnen, verschieben Sie den Termin bitte \u00fcber den Link in [&hellip;]","og_url":"https:\/\/easytable.com\/de\/onboarding-bestaetigt\/","og_site_name":"easyTable","article_modified_time":"2024-05-30T11:42:45+00:00","twitter_card":"summary_large_image","schema":{"@context":"https:\/\/schema.org","@graph":[{"@type":"WebPage","@id":"https:\/\/easytable.com\/de\/onboarding-bestaetigt\/","url":"https:\/\/easytable.com\/de\/onboarding-bestaetigt\/","name":"Onboarding best\u00e4tigt - easyTable","isPartOf":{"@id":"https:\/\/easytable.com\/de\/#website"},"datePublished":"2024-05-16T11:04:35+00:00","dateModified":"2024-05-30T11:42:45+00:00","breadcrumb":{"@id":"https:\/\/easytable.com\/de\/onboarding-bestaetigt\/#breadcrumb"},"inLanguage":"de","potentialAction":[{"@type":"ReadAction","target":["https:\/\/easytable.com\/de\/onboarding-bestaetigt\/"]}]},{"@type":"BreadcrumbList","@id":"https:\/\/easytable.com\/de\/onboarding-bestaetigt\/#breadcrumb","itemListElement":[{"@type":"ListItem","position":1,"name":"Home","item":"https:\/\/easytable.com\/de\/titelseite\/"},{"@type":"ListItem","position":2,"name":"Onboarding best\u00e4tigt"}]},{"@type":"WebSite","@id":"https:\/\/easytable.com\/de\/#website","url":"https:\/\/easytable.com\/de\/","name":"easyTable.com","description":"","publisher":{"@id":"https:\/\/easytable.com\/de\/#organization"},"potentialAction":[{"@type":"SearchAction","target":{"@type":"EntryPoint","urlTemplate":"https:\/\/easytable.com\/de\/?s={search_term_string}"},"query-input":{"@type":"PropertyValueSpecification","valueRequired":true,"valueName":"search_term_string"}}],"inLanguage":"de"},{"@type":"Organization","@id":"https:\/\/easytable.com\/de\/#organization","name":"easyTable","url":"https:\/\/easytable.com\/de\/","logo":{"@type":"ImageObject","inLanguage":"de","@id":"https:\/\/easytable.com\/de\/#\/schema\/logo\/image\/","url":"https:\/\/easytable.com\/wp-content\/uploads\/2024\/02\/Logo-ETB.svg","contentUrl":"https:\/\/easytable.com\/wp-content\/uploads\/2024\/02\/Logo-ETB.svg","width":153,"height":34,"caption":"easyTable"},"image":{"@id":"https:\/\/easytable.com\/de\/#\/schema\/logo\/image\/"}}]}},"_links":{"self":[{"href":"https:\/\/easytable.com\/de\/wp-json\/wp\/v2\/pages\/4024","targetHints":{"allow":["GET"]}}],"collection":[{"href":"https:\/\/easytable.com\/de\/wp-json\/wp\/v2\/pages"}],"about":[{"href":"https:\/\/easytable.com\/de\/wp-json\/wp\/v2\/types\/page"}],"author":[{"embeddable":true,"href":"https:\/\/easytable.com\/de\/wp-json\/wp\/v2\/users\/1"}],"replies":[{"embeddable":true,"href":"https:\/\/easytable.com\/de\/wp-json\/wp\/v2\/comments?post=4024"}],"version-history":[{"count":1,"href":"https:\/\/easytable.com\/de\/wp-json\/wp\/v2\/pages\/4024\/revisions"}],"predecessor-version":[{"id":4025,"href":"https:\/\/easytable.com\/de\/wp-json\/wp\/v2\/pages\/4024\/revisions\/4025"}],"wp:attachment":[{"href":"https:\/\/easytable.com\/de\/wp-json\/wp\/v2\/media?parent=4024"}],"curies":[{"name":"wp","href":"https:\/\/api.w.org\/{rel}","templated":true}]}}