{"id":3300,"date":"2024-03-13T12:01:23","date_gmt":"2024-03-13T12:01:23","guid":{"rendered":"https:\/\/easytable.com\/loddon-brewery-tap-yard-referenz\/"},"modified":"2026-03-26T09:09:09","modified_gmt":"2026-03-26T09:09:09","slug":"loddon-brewery-tap-yard-referenz","status":"publish","type":"page","link":"https:\/\/easytable.com\/de\/loddon-brewery-tap-yard-referenz\/","title":{"rendered":"Loddon Brewery Tap Yard &#8211; Referenz"},"content":{"rendered":"\t\t<div data-elementor-type=\"wp-page\" data-elementor-id=\"3300\" class=\"elementor elementor-3300 elementor-1122\" data-elementor-post-type=\"page\">\n\t\t\t\t<div class=\"elementor-element elementor-element-2fa5857 e-flex e-con-boxed e-con e-parent\" data-id=\"2fa5857\" data-element_type=\"container\" data-e-type=\"container\" data-settings=\"{&quot;background_background&quot;:&quot;classic&quot;}\">\n\t\t\t\t\t<div class=\"e-con-inner\">\n\t\t<div class=\"elementor-element elementor-element-f905fd0 e-con-full e-flex e-con e-child\" data-id=\"f905fd0\" data-element_type=\"container\" data-e-type=\"container\" data-settings=\"{&quot;background_background&quot;:&quot;classic&quot;}\">\n\t\t<div class=\"elementor-element elementor-element-4257086 e-flex e-con-boxed e-con e-child\" data-id=\"4257086\" data-element_type=\"container\" data-e-type=\"container\">\n\t\t\t\t\t<div class=\"e-con-inner\">\n\t\t<div class=\"elementor-element elementor-element-6abc216 e-flex e-con-boxed e-con e-child\" data-id=\"6abc216\" data-element_type=\"container\" data-e-type=\"container\">\n\t\t\t\t\t<div class=\"e-con-inner\">\n\t\t\t\t<div class=\"elementor-element elementor-element-e7cb231 elementor-widget elementor-widget-heading\" data-id=\"e7cb231\" data-element_type=\"widget\" data-e-type=\"widget\" data-widget_type=\"heading.default\">\n\t\t\t\t<div class=\"elementor-widget-container\">\n\t\t\t\t\t<p class=\"elementor-heading-title elementor-size-default\"><a href=\"https:\/\/loddonbrewery.com\/\" target=\"_blank\" rel=\"nofollow\">Loddon Brewery Tap Yard<\/a><\/p>\t\t\t\t<\/div>\n\t\t\t\t<\/div>\n\t\t\t\t<div class=\"elementor-element elementor-element-f4066c8 elementor-widget elementor-widget-heading\" data-id=\"f4066c8\" data-element_type=\"widget\" data-e-type=\"widget\" data-widget_type=\"heading.default\">\n\t\t\t\t<div class=\"elementor-widget-container\">\n\t\t\t\t\t<p class=\"elementor-heading-title elementor-size-default\">Reading, UK<\/p>\t\t\t\t<\/div>\n\t\t\t\t<\/div>\n\t\t\t\t\t<\/div>\n\t\t\t\t<\/div>\n\t\t\t\t<div class=\"elementor-element elementor-element-d033dcd elementor-widget elementor-widget-image\" data-id=\"d033dcd\" data-element_type=\"widget\" data-e-type=\"widget\" data-widget_type=\"image.default\">\n\t\t\t\t<div class=\"elementor-widget-container\">\n\t\t\t\t\t\t\t\t\t\t\t\t\t\t\t<img fetchpriority=\"high\" decoding=\"async\" width=\"794\" height=\"1024\" src=\"https:\/\/easytable.com\/wp-content\/uploads\/2024\/02\/Vector.svg\" class=\"attachment-large size-large wp-image-45\" alt=\"\" \/>\t\t\t\t\t\t\t\t\t\t\t\t\t\t\t<\/div>\n\t\t\t\t<\/div>\n\t\t\t\t\t<\/div>\n\t\t\t\t<\/div>\n\t\t<div class=\"elementor-element elementor-element-161d991 e-flex e-con-boxed e-con e-child\" data-id=\"161d991\" data-element_type=\"container\" data-e-type=\"container\">\n\t\t\t\t\t<div class=\"e-con-inner\">\n\t\t\t\t<div class=\"elementor-element elementor-element-d754436 elementor-widget elementor-widget-heading\" data-id=\"d754436\" data-element_type=\"widget\" data-e-type=\"widget\" data-widget_type=\"heading.default\">\n\t\t\t\t<div class=\"elementor-widget-container\">\n\t\t\t\t\t<h1 class=\"elementor-heading-title elementor-size-default\">Loddon Brauerei <br>Tap Yard<\/h1>\t\t\t\t<\/div>\n\t\t\t\t<\/div>\n\t\t<div class=\"elementor-element elementor-element-ecfcc14 e-con-full e-flex e-con e-child\" data-id=\"ecfcc14\" data-element_type=\"container\" data-e-type=\"container\">\n\t\t\t\t<div class=\"elementor-element elementor-element-7595ac4 elementor-widget elementor-widget-text-editor\" data-id=\"7595ac4\" data-element_type=\"widget\" data-e-type=\"widget\" data-widget_type=\"text-editor.default\">\n\t\t\t\t<div class=\"elementor-widget-container\">\n\t\t\t\t\t\t\t\t\t<p>Eine sich ver\u00e4ndernde Buchungskultur verlangt nach Online-Buchungen<\/p>\t\t\t\t\t\t\t\t<\/div>\n\t\t\t\t<\/div>\n\t\t\t\t<\/div>\n\t\t<div class=\"elementor-element elementor-element-e31ceb6 e-flex e-con-boxed e-con e-child\" data-id=\"e31ceb6\" data-element_type=\"container\" data-e-type=\"container\">\n\t\t\t\t\t<div class=\"e-con-inner\">\n\t\t\t\t<div class=\"elementor-element elementor-element-6eedf99 hero-btn btn-white elementor-mobile-align-justify elementor-widget-mobile__width-inherit elementor-widget elementor-widget-global elementor-global-4378 elementor-global-73 elementor-widget-button\" data-id=\"6eedf99\" data-element_type=\"widget\" data-e-type=\"widget\" id=\"btn-white\" data-widget_type=\"button.default\">\n\t\t\t\t<div class=\"elementor-widget-container\">\n\t\t\t\t\t\t\t\t\t<div class=\"elementor-button-wrapper\">\n\t\t\t\t\t<a class=\"elementor-button elementor-button-link elementor-size-sm\" href=\"#elementor-action%3Aaction%3Dpopup%3Aopen%26settings%3DeyJpZCI6NDU2MywidG9nZ2xlIjpmYWxzZX0%3D\">\n\t\t\t\t\t\t<span class=\"elementor-button-content-wrapper\">\n\t\t\t\t\t\t\t\t\t<span class=\"elementor-button-text\">Gratis testen<\/span>\n\t\t\t\t\t<\/span>\n\t\t\t\t\t<\/a>\n\t\t\t\t<\/div>\n\t\t\t\t\t\t\t\t<\/div>\n\t\t\t\t<\/div>\n\t\t\t\t<div class=\"elementor-element elementor-element-44570c5 hero-btn btn-white bookdemo elementor-mobile-align-justify elementor-widget-mobile__width-inherit elementor-widget elementor-widget-global elementor-global-4386 elementor-global-70 elementor-widget-button\" data-id=\"44570c5\" data-element_type=\"widget\" data-e-type=\"widget\" id=\"btn-white\" data-widget_type=\"button.default\">\n\t\t\t\t<div class=\"elementor-widget-container\">\n\t\t\t\t\t\t\t\t\t<div class=\"elementor-button-wrapper\">\n\t\t\t\t\t<a class=\"elementor-button elementor-button-link elementor-size-sm\" href=\"#elementor-action%3Aaction%3Dpopup%3Aopen%26settings%3DeyJpZCI6NTEzMywidG9nZ2xlIjpmYWxzZX0%3D\">\n\t\t\t\t\t\t<span class=\"elementor-button-content-wrapper\">\n\t\t\t\t\t\t\t\t\t<span class=\"elementor-button-text\">Kostenlose Demo<\/span>\n\t\t\t\t\t<\/span>\n\t\t\t\t\t<\/a>\n\t\t\t\t<\/div>\n\t\t\t\t\t\t\t\t<\/div>\n\t\t\t\t<\/div>\n\t\t\t\t\t<\/div>\n\t\t\t\t<\/div>\n\t\t\t\t\t<\/div>\n\t\t\t\t<\/div>\n\t\t\t\t<\/div>\n\t\t\t\t\t<\/div>\n\t\t\t\t<\/div>\n\t\t<div class=\"elementor-element elementor-element-874fe52 e-flex e-con-boxed e-con e-parent\" data-id=\"874fe52\" data-element_type=\"container\" data-e-type=\"container\">\n\t\t\t\t\t<div class=\"e-con-inner\">\n\t\t<div class=\"elementor-element elementor-element-ed3afe5 e-con-full e-flex e-con e-child\" data-id=\"ed3afe5\" data-element_type=\"container\" data-e-type=\"container\">\n\t\t<div class=\"elementor-element elementor-element-91423e6 e-flex e-con-boxed e-con e-child\" data-id=\"91423e6\" data-element_type=\"container\" data-e-type=\"container\">\n\t\t\t\t\t<div class=\"e-con-inner\">\n\t\t\t\t<div class=\"elementor-element elementor-element-27b04cb elementor-widget elementor-widget-heading\" data-id=\"27b04cb\" data-element_type=\"widget\" data-e-type=\"widget\" data-widget_type=\"heading.default\">\n\t\t\t\t<div class=\"elementor-widget-container\">\n\t\t\t\t\t<h2 class=\"elementor-heading-title elementor-size-default\">\u00dcber Loddon Brewery Tap Yard<\/h2>\t\t\t\t<\/div>\n\t\t\t\t<\/div>\n\t\t\t\t<div class=\"elementor-element elementor-element-17ca934 elementor-widget elementor-widget-text-editor\" data-id=\"17ca934\" data-element_type=\"widget\" data-e-type=\"widget\" data-widget_type=\"text-editor.default\">\n\t\t\t\t<div class=\"elementor-widget-container\">\n\t\t\t\t\t\t\t\t\t<p>In Gro\u00dfbritannien, eingebettet in die malerische Kulisse der Landschaft von Reading, steht eine preisgekr\u00f6nte Brauerei &#8211; Loddon Brewery Tap Yard. Dieses unabh\u00e4ngige, familiengef\u00fchrte Unternehmen stellt mit viel Herzblut einige der besten Biere der Region her. Ausgestattet mit einem fortschrittlichen 20-Fass-System, das bis zu 30.000 Pints pro Woche herstellen kann, ist der Loddon Brewery Tap Yard nicht nur eine Brauerei, sondern auch ein perfekter Ort, um ein erfrischendes Pint zu genie\u00dfen und ein hervorragendes Street Food zu sich zu nehmen.<\/p>\t\t\t\t\t\t\t\t<\/div>\n\t\t\t\t<\/div>\n\t\t\t\t\t<\/div>\n\t\t\t\t<\/div>\n\t\t\t\t<\/div>\n\t\t<div class=\"elementor-element elementor-element-5f07d0c e-con-full elementor-hidden-mobile e-flex e-con e-child\" data-id=\"5f07d0c\" data-element_type=\"container\" data-e-type=\"container\" data-settings=\"{&quot;background_background&quot;:&quot;classic&quot;}\">\n\t\t\t\t<\/div>\n\t\t\t\t\t<\/div>\n\t\t\t\t<\/div>\n\t\t<div class=\"elementor-element elementor-element-b0a150e e-flex e-con-boxed e-con e-parent\" data-id=\"b0a150e\" data-element_type=\"container\" data-e-type=\"container\">\n\t\t\t\t\t<div class=\"e-con-inner\">\n\t\t<div class=\"elementor-element elementor-element-9f78aca e-con-full e-flex e-con e-child\" data-id=\"9f78aca\" data-element_type=\"container\" data-e-type=\"container\" data-settings=\"{&quot;background_background&quot;:&quot;classic&quot;}\">\n\t\t\t\t<\/div>\n\t\t<div class=\"elementor-element elementor-element-0f98322 e-con-full e-flex e-con e-child\" data-id=\"0f98322\" data-element_type=\"container\" data-e-type=\"container\">\n\t\t<div class=\"elementor-element elementor-element-2d11d52 e-flex e-con-boxed e-con e-child\" data-id=\"2d11d52\" data-element_type=\"container\" data-e-type=\"container\">\n\t\t\t\t\t<div class=\"e-con-inner\">\n\t\t\t\t<div class=\"elementor-element elementor-element-35d9222 elementor-widget elementor-widget-heading\" data-id=\"35d9222\" data-element_type=\"widget\" data-e-type=\"widget\" data-widget_type=\"heading.default\">\n\t\t\t\t<div class=\"elementor-widget-container\">\n\t\t\t\t\t<h2 class=\"elementor-heading-title elementor-size-default\">Anpassung an eine ver\u00e4nderte Buchungskultur<\/h2>\t\t\t\t<\/div>\n\t\t\t\t<\/div>\n\t\t\t\t<div class=\"elementor-element elementor-element-f83a7bc elementor-widget elementor-widget-text-editor\" data-id=\"f83a7bc\" data-element_type=\"widget\" data-e-type=\"widget\" data-widget_type=\"text-editor.default\">\n\t\t\t\t<div class=\"elementor-widget-container\">\n\t\t\t\t\t\t\t\t\t<p>Die Pandemie ver\u00e4nderte die Art und Weise, wie die Loddon Brewery ihre Buchungen handhabte. Die Umstellung von einem begehbaren Veranstaltungsort auf Online-Reservierungen erforderte ein System, das diesen kulturellen Wandel bei den Buchungen bew\u00e4ltigen und gleichzeitig die umfangreichen Sitzordnungen ber\u00fccksichtigen konnte.<\/p>\n<p>Shane Willoughby, der General Manager, sagt, dass die Entscheidung f\u00fcr easyTable nicht nur wegen der wettbewerbsf\u00e4higen Preise gefallen ist. Von allen untersuchten Optionen erwies es sich als das benutzerfreundlichste System. Sein intuitives Design erm\u00f6glicht eine m\u00fchelose Integration in die Abl\u00e4ufe der Brauerei. Shane lobt das System mit den Worten: &#8220;Ich bewerte das System. Ich musste mich noch nie mit dem Support-Team in Verbindung setzen, so einfach ist das. Und das ist gut so.&#8221;<\/p>\n<p>Shane betonte au\u00dferdem, dass die Sitzplatzverwaltungsfunktionen im Backend des Systems einen echten Wendepunkt f\u00fcr die Verbesserung des gesamten Betriebs darstellen. Dadurch kann die Loddon Brewery einen besseren Service bieten und das Buchungsvolumen erh\u00f6hen &#8211; eine echte Win-Win-Situation f\u00fcr diese preisgekr\u00f6nte Schankanlage und Brauerei.<\/p>\t\t\t\t\t\t\t\t<\/div>\n\t\t\t\t<\/div>\n\t\t\t\t\t<\/div>\n\t\t\t\t<\/div>\n\t\t\t\t<\/div>\n\t\t\t\t\t<\/div>\n\t\t\t\t<\/div>\n\t\t<div class=\"elementor-element elementor-element-d069857 e-flex e-con-boxed e-con e-parent\" data-id=\"d069857\" data-element_type=\"container\" data-e-type=\"container\">\n\t\t\t\t\t<div class=\"e-con-inner\">\n\t\t<div class=\"elementor-element elementor-element-109a1f5 e-flex e-con-boxed e-con e-child\" data-id=\"109a1f5\" data-element_type=\"container\" data-e-type=\"container\" data-settings=\"{&quot;background_background&quot;:&quot;classic&quot;}\">\n\t\t\t\t\t<div class=\"e-con-inner\">\n\t\t\t\t<div class=\"elementor-element elementor-element-f5f017d elementor-widget__width-initial elementor-widget elementor-widget-text-editor\" data-id=\"f5f017d\" data-element_type=\"widget\" data-e-type=\"widget\" data-widget_type=\"text-editor.default\">\n\t\t\t\t<div class=\"elementor-widget-container\">\n\t\t\t\t\t\t\t\t\t<p>&#8220;Es ist benutzerfreundlich und preisg\u00fcnstig. Ich finde es toll, dass man ein paar Jahre im Voraus kaufen kann, um einen Rabatt zu erhalten. Es ist einfach ein hervorragendes System.&#8221;<\/p>\t\t\t\t\t\t\t\t<\/div>\n\t\t\t\t<\/div>\n\t\t\t\t<div class=\"elementor-element elementor-element-38ac404 elementor-widget-divider--view-line elementor-widget elementor-widget-divider\" data-id=\"38ac404\" data-element_type=\"widget\" data-e-type=\"widget\" data-widget_type=\"divider.default\">\n\t\t\t\t<div class=\"elementor-widget-container\">\n\t\t\t\t\t\t\t<div class=\"elementor-divider\">\n\t\t\t<span class=\"elementor-divider-separator\">\n\t\t\t\t\t\t<\/span>\n\t\t<\/div>\n\t\t\t\t\t\t<\/div>\n\t\t\t\t<\/div>\n\t\t<div class=\"elementor-element elementor-element-9715eb3 e-flex e-con-boxed e-con e-child\" data-id=\"9715eb3\" data-element_type=\"container\" data-e-type=\"container\">\n\t\t\t\t\t<div class=\"e-con-inner\">\n\t\t\t\t<div class=\"elementor-element elementor-element-0dd0dd0 elementor-widget elementor-widget-heading\" data-id=\"0dd0dd0\" data-element_type=\"widget\" data-e-type=\"widget\" data-widget_type=\"heading.default\">\n\t\t\t\t<div class=\"elementor-widget-container\">\n\t\t\t\t\t<p class=\"elementor-heading-title elementor-size-default\">Shane Willoughby<\/p>\t\t\t\t<\/div>\n\t\t\t\t<\/div>\n\t\t\t\t<div class=\"elementor-element elementor-element-bc9108d elementor-widget__width-initial elementor-widget elementor-widget-heading\" data-id=\"bc9108d\" data-element_type=\"widget\" data-e-type=\"widget\" data-widget_type=\"heading.default\">\n\t\t\t\t<div class=\"elementor-widget-container\">\n\t\t\t\t\t<p class=\"elementor-heading-title elementor-size-default\">General Manager, Loddon Brewery Tap Yard<\/p>\t\t\t\t<\/div>\n\t\t\t\t<\/div>\n\t\t\t\t\t<\/div>\n\t\t\t\t<\/div>\n\t\t\t\t\t<\/div>\n\t\t\t\t<\/div>\n\t\t\t\t\t<\/div>\n\t\t\t\t<\/div>\n\t\t<div class=\"elementor-element elementor-element-6d81c66 e-flex e-con-boxed e-con e-parent\" data-id=\"6d81c66\" data-element_type=\"container\" data-e-type=\"container\">\n\t\t\t\t\t<div class=\"e-con-inner\">\n\t\t\t\t<div class=\"elementor-element elementor-element-95c57a9 elementor-widget elementor-widget-html\" data-id=\"95c57a9\" data-element_type=\"widget\" data-e-type=\"widget\" data-widget_type=\"html.default\">\n\t\t\t\t<div class=\"elementor-widget-container\">\n\t\t\t\t\t\t\t<div data-elementor-type=\"container\" data-elementor-id=\"4585\" class=\"elementor elementor-4585 elementor-1095\" data-elementor-post-type=\"elementor_library\">\n\t\t\t\t<div class=\"elementor-element elementor-element-600c484d e-flex e-con-boxed e-con e-parent\" data-id=\"600c484d\" data-element_type=\"container\" data-e-type=\"container\">\n\t\t\t\t\t<div class=\"e-con-inner\">\n\t\t<div class=\"elementor-element elementor-element-35f0368b e-flex e-con-boxed e-con e-child\" data-id=\"35f0368b\" data-element_type=\"container\" data-e-type=\"container\" data-settings=\"{&quot;background_background&quot;:&quot;classic&quot;}\">\n\t\t\t\t\t<div class=\"e-con-inner\">\n\t\t\t\t<div class=\"elementor-element elementor-element-4a851dec elementor-widget-mobile__width-initial elementor-widget elementor-widget-heading\" data-id=\"4a851dec\" data-element_type=\"widget\" data-e-type=\"widget\" data-widget_type=\"heading.default\">\n\t\t\t\t<div class=\"elementor-widget-container\">\n\t\t\t\t\t<h2 class=\"elementor-heading-title elementor-size-default\">Sind Sie an einem Einstieg interessiert?<\/h2>\t\t\t\t<\/div>\n\t\t\t\t<\/div>\n\t\t\t\t<div class=\"elementor-element elementor-element-10e1887e elementor-mobile-align-justify btn-black elementor-align-center elementor-widget elementor-widget-button\" data-id=\"10e1887e\" data-element_type=\"widget\" data-e-type=\"widget\" data-widget_type=\"button.default\">\n\t\t\t\t<div class=\"elementor-widget-container\">\n\t\t\t\t\t\t\t\t\t<div class=\"elementor-button-wrapper\">\n\t\t\t\t\t<a class=\"elementor-button elementor-button-link elementor-size-sm\" href=\"#elementor-action%3Aaction%3Dpopup%3Aopen%26settings%3DeyJpZCI6NDU2MywidG9nZ2xlIjpmYWxzZX0%3D\">\n\t\t\t\t\t\t<span class=\"elementor-button-content-wrapper\">\n\t\t\t\t\t\t\t\t\t<span class=\"elementor-button-text\">EINEN MONAT KOSTENLOS TESTEN<br>Keine Kreditkarte erforderlich<\/span>\n\t\t\t\t\t<\/span>\n\t\t\t\t\t<\/a>\n\t\t\t\t<\/div>\n\t\t\t\t\t\t\t\t<\/div>\n\t\t\t\t<\/div>\n\t\t\t\t<div class=\"elementor-element elementor-element-2a5061c elementor-widget__width-initial elementor-widget-tablet__width-inherit elementor-widget elementor-widget-text-editor\" data-id=\"2a5061c\" data-element_type=\"widget\" data-e-type=\"widget\" data-widget_type=\"text-editor.default\">\n\t\t\t\t<div class=\"elementor-widget-container\">\n\t\t\t\t\t\t\t\t\t<p>Wir bieten immer eine kostenlose Einf\u00fchrungssitzung an, um Ihnen den bestm\u00f6glichen Start zu erm\u00f6glichen!<\/p>\n\t\t\t\t\t\t\t\t<\/div>\n\t\t\t\t<\/div>\n\t\t\t\t\t<\/div>\n\t\t\t\t<\/div>\n\t\t\t\t\t<\/div>\n\t\t\t\t<\/div>\n\t\t\t\t<\/div>\n\t\t\t\t\t\t<\/div>\n\t\t\t\t<\/div>\n\t\t\t\t\t<\/div>\n\t\t\t\t<\/div>\n\t\t\t\t<\/div>\n\t\t","protected":false},"excerpt":{"rendered":"<p>Loddon Brewery Tap Yard Reading, UK Loddon Brauerei Tap Yard Eine sich ver\u00e4ndernde Buchungskultur verlangt nach Online-Buchungen Start free trial Book a free demo \u00dcber Loddon Brewery Tap Yard In Gro\u00dfbritannien, eingebettet in die malerische Kulisse der Landschaft von Reading, steht eine preisgekr\u00f6nte Brauerei &#8211; Loddon Brewery Tap Yard. Dieses unabh\u00e4ngige, familiengef\u00fchrte Unternehmen stellt mit [&hellip;]<\/p>\n","protected":false},"author":1,"featured_media":0,"parent":0,"menu_order":0,"comment_status":"closed","ping_status":"closed","template":"","meta":{"inline_featured_image":false,"footnotes":""},"class_list":["post-3300","page","type-page","status-publish","hentry"],"yoast_head":"<!-- This site is optimized with the Yoast SEO plugin v27.4 - https:\/\/yoast.com\/product\/yoast-seo-wordpress\/ -->\n<title>Loddon Brewery Tap Yard - Referenz - easyTable<\/title>\n<meta name=\"robots\" content=\"index, follow, max-snippet:-1, max-image-preview:large, max-video-preview:-1\" \/>\n<link rel=\"canonical\" href=\"https:\/\/easytable.com\/de\/loddon-brewery-tap-yard-referenz\/\" \/>\n<meta property=\"og:locale\" content=\"de_DE\" \/>\n<meta property=\"og:type\" content=\"article\" \/>\n<meta property=\"og:title\" content=\"Loddon Brewery Tap Yard - Referenz - easyTable\" \/>\n<meta property=\"og:description\" content=\"Loddon Brewery Tap Yard Reading, UK Loddon Brauerei Tap Yard Eine sich ver\u00e4ndernde Buchungskultur verlangt nach Online-Buchungen Start free trial Book a free demo \u00dcber Loddon Brewery Tap Yard In Gro\u00dfbritannien, eingebettet in die malerische Kulisse der Landschaft von Reading, steht eine preisgekr\u00f6nte Brauerei &#8211; Loddon Brewery Tap Yard. Dieses unabh\u00e4ngige, familiengef\u00fchrte Unternehmen stellt mit [&hellip;]\" \/>\n<meta property=\"og:url\" content=\"https:\/\/easytable.com\/de\/loddon-brewery-tap-yard-referenz\/\" \/>\n<meta property=\"og:site_name\" content=\"easyTable\" \/>\n<meta property=\"article:modified_time\" content=\"2026-03-26T09:09:09+00:00\" \/>\n<meta name=\"twitter:card\" content=\"summary_large_image\" \/>\n<meta name=\"twitter:label1\" content=\"Gesch\u00e4tzte Lesezeit\" \/>\n\t<meta name=\"twitter:data1\" content=\"2\u00a0Minuten\" \/>\n<script type=\"application\/ld+json\" class=\"yoast-schema-graph\">{\"@context\":\"https:\\\/\\\/schema.org\",\"@graph\":[{\"@type\":\"WebPage\",\"@id\":\"https:\\\/\\\/easytable.com\\\/de\\\/loddon-brewery-tap-yard-referenz\\\/\",\"url\":\"https:\\\/\\\/easytable.com\\\/de\\\/loddon-brewery-tap-yard-referenz\\\/\",\"name\":\"Loddon Brewery Tap Yard - Referenz - easyTable\",\"isPartOf\":{\"@id\":\"https:\\\/\\\/easytable.com\\\/de\\\/#website\"},\"primaryImageOfPage\":{\"@id\":\"https:\\\/\\\/easytable.com\\\/de\\\/loddon-brewery-tap-yard-referenz\\\/#primaryimage\"},\"image\":{\"@id\":\"https:\\\/\\\/easytable.com\\\/de\\\/loddon-brewery-tap-yard-referenz\\\/#primaryimage\"},\"thumbnailUrl\":\"https:\\\/\\\/easytable.com\\\/wp-content\\\/uploads\\\/2024\\\/02\\\/Vector.svg\",\"datePublished\":\"2024-03-13T12:01:23+00:00\",\"dateModified\":\"2026-03-26T09:09:09+00:00\",\"breadcrumb\":{\"@id\":\"https:\\\/\\\/easytable.com\\\/de\\\/loddon-brewery-tap-yard-referenz\\\/#breadcrumb\"},\"inLanguage\":\"de\",\"potentialAction\":[{\"@type\":\"ReadAction\",\"target\":[\"https:\\\/\\\/easytable.com\\\/de\\\/loddon-brewery-tap-yard-referenz\\\/\"]}]},{\"@type\":\"ImageObject\",\"inLanguage\":\"de\",\"@id\":\"https:\\\/\\\/easytable.com\\\/de\\\/loddon-brewery-tap-yard-referenz\\\/#primaryimage\",\"url\":\"https:\\\/\\\/easytable.com\\\/wp-content\\\/uploads\\\/2024\\\/02\\\/Vector.svg\",\"contentUrl\":\"https:\\\/\\\/easytable.com\\\/wp-content\\\/uploads\\\/2024\\\/02\\\/Vector.svg\"},{\"@type\":\"BreadcrumbList\",\"@id\":\"https:\\\/\\\/easytable.com\\\/de\\\/loddon-brewery-tap-yard-referenz\\\/#breadcrumb\",\"itemListElement\":[{\"@type\":\"ListItem\",\"position\":1,\"name\":\"Home\",\"item\":\"https:\\\/\\\/easytable.com\\\/de\\\/titelseite\\\/\"},{\"@type\":\"ListItem\",\"position\":2,\"name\":\"Loddon Brewery Tap Yard &#8211; Referenz\"}]},{\"@type\":\"WebSite\",\"@id\":\"https:\\\/\\\/easytable.com\\\/de\\\/#website\",\"url\":\"https:\\\/\\\/easytable.com\\\/de\\\/\",\"name\":\"easyTable.com\",\"description\":\"\",\"publisher\":{\"@id\":\"https:\\\/\\\/easytable.com\\\/de\\\/#organization\"},\"potentialAction\":[{\"@type\":\"SearchAction\",\"target\":{\"@type\":\"EntryPoint\",\"urlTemplate\":\"https:\\\/\\\/easytable.com\\\/de\\\/?s={search_term_string}\"},\"query-input\":{\"@type\":\"PropertyValueSpecification\",\"valueRequired\":true,\"valueName\":\"search_term_string\"}}],\"inLanguage\":\"de\"},{\"@type\":\"Organization\",\"@id\":\"https:\\\/\\\/easytable.com\\\/de\\\/#organization\",\"name\":\"easyTable\",\"url\":\"https:\\\/\\\/easytable.com\\\/de\\\/\",\"logo\":{\"@type\":\"ImageObject\",\"inLanguage\":\"de\",\"@id\":\"https:\\\/\\\/easytable.com\\\/de\\\/#\\\/schema\\\/logo\\\/image\\\/\",\"url\":\"https:\\\/\\\/easytable.com\\\/wp-content\\\/uploads\\\/2024\\\/02\\\/Logo-ETB.svg\",\"contentUrl\":\"https:\\\/\\\/easytable.com\\\/wp-content\\\/uploads\\\/2024\\\/02\\\/Logo-ETB.svg\",\"width\":153,\"height\":34,\"caption\":\"easyTable\"},\"image\":{\"@id\":\"https:\\\/\\\/easytable.com\\\/de\\\/#\\\/schema\\\/logo\\\/image\\\/\"}}]}<\/script>\n<!-- \/ Yoast SEO plugin. -->","yoast_head_json":{"title":"Loddon Brewery Tap Yard - Referenz - easyTable","robots":{"index":"index","follow":"follow","max-snippet":"max-snippet:-1","max-image-preview":"max-image-preview:large","max-video-preview":"max-video-preview:-1"},"canonical":"https:\/\/easytable.com\/de\/loddon-brewery-tap-yard-referenz\/","og_locale":"de_DE","og_type":"article","og_title":"Loddon Brewery Tap Yard - Referenz - easyTable","og_description":"Loddon Brewery Tap Yard Reading, UK Loddon Brauerei Tap Yard Eine sich ver\u00e4ndernde Buchungskultur verlangt nach Online-Buchungen Start free trial Book a free demo \u00dcber Loddon Brewery Tap Yard In Gro\u00dfbritannien, eingebettet in die malerische Kulisse der Landschaft von Reading, steht eine preisgekr\u00f6nte Brauerei &#8211; Loddon Brewery Tap Yard. Dieses unabh\u00e4ngige, familiengef\u00fchrte Unternehmen stellt mit [&hellip;]","og_url":"https:\/\/easytable.com\/de\/loddon-brewery-tap-yard-referenz\/","og_site_name":"easyTable","article_modified_time":"2026-03-26T09:09:09+00:00","twitter_card":"summary_large_image","twitter_misc":{"Gesch\u00e4tzte Lesezeit":"2\u00a0Minuten"},"schema":{"@context":"https:\/\/schema.org","@graph":[{"@type":"WebPage","@id":"https:\/\/easytable.com\/de\/loddon-brewery-tap-yard-referenz\/","url":"https:\/\/easytable.com\/de\/loddon-brewery-tap-yard-referenz\/","name":"Loddon Brewery Tap Yard - Referenz - easyTable","isPartOf":{"@id":"https:\/\/easytable.com\/de\/#website"},"primaryImageOfPage":{"@id":"https:\/\/easytable.com\/de\/loddon-brewery-tap-yard-referenz\/#primaryimage"},"image":{"@id":"https:\/\/easytable.com\/de\/loddon-brewery-tap-yard-referenz\/#primaryimage"},"thumbnailUrl":"https:\/\/easytable.com\/wp-content\/uploads\/2024\/02\/Vector.svg","datePublished":"2024-03-13T12:01:23+00:00","dateModified":"2026-03-26T09:09:09+00:00","breadcrumb":{"@id":"https:\/\/easytable.com\/de\/loddon-brewery-tap-yard-referenz\/#breadcrumb"},"inLanguage":"de","potentialAction":[{"@type":"ReadAction","target":["https:\/\/easytable.com\/de\/loddon-brewery-tap-yard-referenz\/"]}]},{"@type":"ImageObject","inLanguage":"de","@id":"https:\/\/easytable.com\/de\/loddon-brewery-tap-yard-referenz\/#primaryimage","url":"https:\/\/easytable.com\/wp-content\/uploads\/2024\/02\/Vector.svg","contentUrl":"https:\/\/easytable.com\/wp-content\/uploads\/2024\/02\/Vector.svg"},{"@type":"BreadcrumbList","@id":"https:\/\/easytable.com\/de\/loddon-brewery-tap-yard-referenz\/#breadcrumb","itemListElement":[{"@type":"ListItem","position":1,"name":"Home","item":"https:\/\/easytable.com\/de\/titelseite\/"},{"@type":"ListItem","position":2,"name":"Loddon Brewery Tap Yard &#8211; Referenz"}]},{"@type":"WebSite","@id":"https:\/\/easytable.com\/de\/#website","url":"https:\/\/easytable.com\/de\/","name":"easyTable.com","description":"","publisher":{"@id":"https:\/\/easytable.com\/de\/#organization"},"potentialAction":[{"@type":"SearchAction","target":{"@type":"EntryPoint","urlTemplate":"https:\/\/easytable.com\/de\/?s={search_term_string}"},"query-input":{"@type":"PropertyValueSpecification","valueRequired":true,"valueName":"search_term_string"}}],"inLanguage":"de"},{"@type":"Organization","@id":"https:\/\/easytable.com\/de\/#organization","name":"easyTable","url":"https:\/\/easytable.com\/de\/","logo":{"@type":"ImageObject","inLanguage":"de","@id":"https:\/\/easytable.com\/de\/#\/schema\/logo\/image\/","url":"https:\/\/easytable.com\/wp-content\/uploads\/2024\/02\/Logo-ETB.svg","contentUrl":"https:\/\/easytable.com\/wp-content\/uploads\/2024\/02\/Logo-ETB.svg","width":153,"height":34,"caption":"easyTable"},"image":{"@id":"https:\/\/easytable.com\/de\/#\/schema\/logo\/image\/"}}]}},"_links":{"self":[{"href":"https:\/\/easytable.com\/de\/wp-json\/wp\/v2\/pages\/3300","targetHints":{"allow":["GET"]}}],"collection":[{"href":"https:\/\/easytable.com\/de\/wp-json\/wp\/v2\/pages"}],"about":[{"href":"https:\/\/easytable.com\/de\/wp-json\/wp\/v2\/types\/page"}],"author":[{"embeddable":true,"href":"https:\/\/easytable.com\/de\/wp-json\/wp\/v2\/users\/1"}],"replies":[{"embeddable":true,"href":"https:\/\/easytable.com\/de\/wp-json\/wp\/v2\/comments?post=3300"}],"version-history":[{"count":2,"href":"https:\/\/easytable.com\/de\/wp-json\/wp\/v2\/pages\/3300\/revisions"}],"predecessor-version":[{"id":9854,"href":"https:\/\/easytable.com\/de\/wp-json\/wp\/v2\/pages\/3300\/revisions\/9854"}],"wp:attachment":[{"href":"https:\/\/easytable.com\/de\/wp-json\/wp\/v2\/media?parent=3300"}],"curies":[{"name":"wp","href":"https:\/\/api.w.org\/{rel}","templated":true}]}}