{"id":6124,"date":"2024-10-30T13:48:37","date_gmt":"2024-10-30T13:48:37","guid":{"rendered":"https:\/\/easytable.com\/generelle-vilkaar-og-betingelser\/"},"modified":"2024-10-30T15:04:45","modified_gmt":"2024-10-30T15:04:45","slug":"generelle-vilkaar-og-betingelser","status":"publish","type":"page","link":"https:\/\/easytable.com\/da\/generelle-vilkaar-og-betingelser\/","title":{"rendered":"Generelle vilk\u00e5r og betingelser"},"content":{"rendered":"\t\t<div data-elementor-type=\"wp-page\" data-elementor-id=\"6124\" class=\"elementor elementor-6124 elementor-6101\" data-elementor-post-type=\"page\">\n\t\t\t\t<div class=\"elementor-element elementor-element-22a02c1 e-flex e-con-boxed e-con e-parent\" data-id=\"22a02c1\" data-element_type=\"container\" data-e-type=\"container\">\n\t\t\t\t\t<div class=\"e-con-inner\">\n\t\t\t\t<div class=\"elementor-element elementor-element-2661661 elementor-widget elementor-widget-heading\" data-id=\"2661661\" data-element_type=\"widget\" data-e-type=\"widget\" data-widget_type=\"heading.default\">\n\t\t\t\t<div class=\"elementor-widget-container\">\n\t\t\t\t\t<h2 class=\"elementor-heading-title elementor-size-default\">Generelle vilk\u00e5r og betingelser<\/h2>\t\t\t\t<\/div>\n\t\t\t\t<\/div>\n\t\t\t\t<div class=\"elementor-element elementor-element-61cff11 elementor-widget elementor-widget-text-editor\" data-id=\"61cff11\" data-element_type=\"widget\" data-e-type=\"widget\" data-widget_type=\"text-editor.default\">\n\t\t\t\t<div class=\"elementor-widget-container\">\n\t\t\t\t\t\t\t\t\t<p>Version 3.0 (2024-10-30)<\/p>\n<p>Hvis du har sp\u00f8rgsm\u00e5l til nedenst\u00e5ende vilk\u00e5r, bedes du kontakte os p\u00e5 <a style=\"color: #bf2b1f; text-decoration: underline;\" href=\"mailto:info@easytable.com\">info@easytable.com.<\/a><\/p>\n\t\t\t\t\t\t\t\t<\/div>\n\t\t\t\t<\/div>\n\t\t\t\t<div class=\"elementor-element elementor-element-de0c8fb elementor-widget elementor-widget-heading\" data-id=\"de0c8fb\" data-element_type=\"widget\" data-e-type=\"widget\" data-widget_type=\"heading.default\">\n\t\t\t\t<div class=\"elementor-widget-container\">\n\t\t\t\t\t<h3 class=\"elementor-heading-title elementor-size-default\">1. Abonnement<\/h3>\t\t\t\t<\/div>\n\t\t\t\t<\/div>\n\t\t\t\t<div class=\"elementor-element elementor-element-e7246dc elementor-widget elementor-widget-text-editor\" data-id=\"e7246dc\" data-element_type=\"widget\" data-e-type=\"widget\" data-widget_type=\"text-editor.default\">\n\t\t\t\t<div class=\"elementor-widget-container\">\n\t\t\t\t\t\t\t\t\t<ol>\n<li>easyTableBooking ApS (i det f\u00f8lgende ben\u00e6vnt ETB) er en virksomhed, der tilbyder &#8220;easyTable&#8221; til andre virksomheder (i det f\u00f8lgende ben\u00e6vnt Kunden), som er et abonnementsbaseret system til h\u00e5ndtering af online-reservationer.<\/li>\n<li>Efter den gratis pr\u00f8veperiode kan abonnementet forl\u00e6nges ved at gennemf\u00f8re trin 1, 2 og 3 i easyTable under &#8220;Ops\u00e6tning&#8221; &gt; &#8220;Abonnement&#8221;.<\/li>\n<li>Abonnementet fornyes automatisk ved udgangen af den aktuelle periode, medmindre det er blevet opsagt forinden.<\/li>\n<li>Hvis disse generelle betingelser \u00e6ndres, vil kunden blive informeret p\u00e5 den e-mailadresse, der er angivet under &#8220;Ops\u00e6tning&#8221; &gt; &#8220;Generelt&#8221;.<\/li>\n<li>Priserne er altid som angivet p\u00e5 www.easytable.com.<\/li>\n<li>Kreditkortoplysninger og betalinger h\u00e5ndteres af Stripe.com.<\/li>\n<li>Fakturaer vil blive sendt via e-mail. Det er kundens ansvar at sikre, at e-mailadressen er funktionel og korrekt angivet under &#8220;Ops\u00e6tning&#8221; &gt; &#8220;Abonnement&#8221; &gt; &#8220;Faktureringsoplysninger&#8221;. <\/li>\n<li>Hvis Kunden har en opsigelsesperiode for et tilsvarende bookingsystem, n\u00e5r han skifter til easyTable, vil Kunden v\u00e6re fritaget for at betale abonnementsgebyr til ETB i denne periode. For at drage fordel af dette skal Kunden straks opsige sit eksisterende abonnement, hvis det ikke allerede er opsagt, og senest 7 dage f\u00f8r afslutningen af deres gratis pr\u00f8veperiode med ETB skal de: \n<ol>\n<li>Udf\u00f8r trin 1, 2 og 3 i easyTable under &#8220;Ops\u00e6tning&#8221; &gt; &#8220;Abonnement&#8221;.<\/li>\n<li>Send dokumentation til&nbsp;<a style=\"color: #bf2b1f; text-decoration: underline;\" href=\"mailto:info@easytable.com\">info@easytable.com,<\/a> der bekr\u00e6fter deres forpligtelse til at betale for det eksisterende bookingsystem og angiver slutdatoen for bindingsperioden. ETB afg\u00f8r, om dokumentationen er gyldig og tilstr\u00e6kkelig. <\/li>\n<\/ol>\n<\/li>\n<\/ol>\t\t\t\t\t\t\t\t<\/div>\n\t\t\t\t<\/div>\n\t\t\t\t<div class=\"elementor-element elementor-element-abcb069 elementor-widget elementor-widget-heading\" data-id=\"abcb069\" data-element_type=\"widget\" data-e-type=\"widget\" data-widget_type=\"heading.default\">\n\t\t\t\t<div class=\"elementor-widget-container\">\n\t\t\t\t\t<h3 class=\"elementor-heading-title elementor-size-default\">2. SMS-opfyldning<\/h3>\t\t\t\t<\/div>\n\t\t\t\t<\/div>\n\t\t\t\t<div class=\"elementor-element elementor-element-cbfcfb2 elementor-widget elementor-widget-text-editor\" data-id=\"cbfcfb2\" data-element_type=\"widget\" data-e-type=\"widget\" data-widget_type=\"text-editor.default\">\n\t\t\t\t<div class=\"elementor-widget-container\">\n\t\t\t\t\t\t\t\t\t<ol>\n<li>Optankning af SMS-saldoen sker ved hj\u00e6lp af det tildelte kreditkort.<\/li>\n<li>Manuel eller automatisk opfyldning kan udf\u00f8res, f\u00f8r saldoen n\u00e5r nul.<\/li>\n<li>SMS-beskeder vil kun blive sendt, hvis der er tilstr\u00e6kkelig SMS-saldo.<\/li>\n<\/ol>\n\t\t\t\t\t\t\t\t<\/div>\n\t\t\t\t<\/div>\n\t\t\t\t<div class=\"elementor-element elementor-element-2ad85a4 elementor-widget elementor-widget-heading\" data-id=\"2ad85a4\" data-element_type=\"widget\" data-e-type=\"widget\" data-widget_type=\"heading.default\">\n\t\t\t\t<div class=\"elementor-widget-container\">\n\t\t\t\t\t<h3 class=\"elementor-heading-title elementor-size-default\">3. Forudbetalinger<\/h3>\t\t\t\t<\/div>\n\t\t\t\t<\/div>\n\t\t\t\t<div class=\"elementor-element elementor-element-60c419b elementor-widget elementor-widget-text-editor\" data-id=\"60c419b\" data-element_type=\"widget\" data-e-type=\"widget\" data-widget_type=\"text-editor.default\">\n\t\t\t\t<div class=\"elementor-widget-container\">\n\t\t\t\t\t\t\t\t\t<ol>\n<li>ETB fungerer som formidler af indl\u00f8sningsaftaler i forbindelse med forudbetalinger. Dette indeb\u00e6rer, at ETB stiller en platform til r\u00e5dighed, hvor Kunden kan administrere sine forudbetalinger og reservationer, mens betalingerne behandles via Kundens egen indl\u00f8sningsaftale. <\/li>\n<li>Der opkr\u00e6ves et servicegebyr p\u00e5 1,6 % p\u00e5 alle forudbetalinger.<\/li>\n<li>Det er Kundens ansvar at sikre, at alle forudbetalinger er korrekt udf\u00f8rt, og at de har modtaget betaling fra deres g\u00e6ster, f\u00f8r g\u00e6sterne indl\u00f8ser betalingen. ETB stiller v\u00e6rkt\u00f8jer og support til r\u00e5dighed for at lette denne proces, men kan ikke holdes ansvarlig for eventuelle fejl eller mangler i forbindelse med betalingerne. Derfor p\u00e5tager ETB sig ikke ansvaret for den faktiske udf\u00f8relse af betalingerne.  <\/li>\n<\/ol>\n\t\t\t\t\t\t\t\t<\/div>\n\t\t\t\t<\/div>\n\t\t\t\t<div class=\"elementor-element elementor-element-2a8f96d elementor-widget elementor-widget-heading\" data-id=\"2a8f96d\" data-element_type=\"widget\" data-e-type=\"widget\" data-widget_type=\"heading.default\">\n\t\t\t\t<div class=\"elementor-widget-container\">\n\t\t\t\t\t<h3 class=\"elementor-heading-title elementor-size-default\">4. Opsigelse<\/h3>\t\t\t\t<\/div>\n\t\t\t\t<\/div>\n\t\t\t\t<div class=\"elementor-element elementor-element-76ce07e elementor-widget elementor-widget-text-editor\" data-id=\"76ce07e\" data-element_type=\"widget\" data-e-type=\"widget\" data-widget_type=\"text-editor.default\">\n\t\t\t\t<div class=\"elementor-widget-container\">\n\t\t\t\t\t\t\t\t\t<ol>\n<li>Abonnementet kan til enhver tid opsiges til udgangen af den aktuelle abonnementsperiode. Dette kan g\u00f8res ved at klikke p\u00e5 &#8220;Stop abonnement&#8221; under &#8220;Ops\u00e6tning&#8221; &gt; &#8220;Abonnement&#8221;. <\/li>\n<li>SMS-restbel\u00f8bet kan ikke refunderes.<\/li>\n<\/ol>\n\t\t\t\t\t\t\t\t<\/div>\n\t\t\t\t<\/div>\n\t\t\t\t<div class=\"elementor-element elementor-element-eafbbf2 elementor-widget elementor-widget-heading\" data-id=\"eafbbf2\" data-element_type=\"widget\" data-e-type=\"widget\" data-widget_type=\"heading.default\">\n\t\t\t\t<div class=\"elementor-widget-container\">\n\t\t\t\t\t<h3 class=\"elementor-heading-title elementor-size-default\">5. Betjening, backup og ansvarsfraskrivelse<\/h3>\t\t\t\t<\/div>\n\t\t\t\t<\/div>\n\t\t\t\t<div class=\"elementor-element elementor-element-2b6ef21 elementor-widget elementor-widget-text-editor\" data-id=\"2b6ef21\" data-element_type=\"widget\" data-e-type=\"widget\" data-widget_type=\"text-editor.default\">\n\t\t\t\t<div class=\"elementor-widget-container\">\n\t\t\t\t\t\t\t\t\t<ol>\n<li>Der tages daglige backups af alle data til en ekstern server for at gendanne bookinger og andre data op til den seneste backup. Serverne er placeret i et topsikret serverrum for at sikre h\u00f8j driftssikkerhed og oppetid. <\/li>\n<li>ETB kan ikke holdes \u00f8konomisk ansvarlig for tab af data, nedetid eller andre indirekte tab for\u00e5rsaget af server- eller netv\u00e6rksfejl osv.<\/li>\n<li>ETB fraskriver sig ethvert ansvar for eventuelle fejl eller udeladelser i forbindelse med gennemf\u00f8relse af forudbetalinger. Det er til enhver tid kundens ansvar at sikre, at forudbetalinger gennemf\u00f8res korrekt, og at de har modtaget betaling fra deres g\u00e6ster, f\u00f8r g\u00e6sterne indl\u00f8ser betalingen. Se ogs\u00e5 afsnit 3.3.  <\/li>\n<li>ETB kan ikke holdes ansvarlig for tab eller skader, der opst\u00e5r som f\u00f8lge af uautoriseret adgang til eller brug af kundens data.<\/li>\n<li>ETB er ikke ansvarlig for tab eller skader, der opst\u00e5r som f\u00f8lge af Kundens manglende overholdelse af g\u00e6ldende love eller regler.<\/li>\n<li>ETB fraskriver sig ethvert ansvar for tab eller skader, der opst\u00e5r som f\u00f8lge af force majeure-begivenheder, herunder men ikke begr\u00e6nset til naturkatastrofer, krig, terrorhandlinger, strejker, pandemier eller andre begivenheder uden for ETB&#8217;s rimelige kontrol.<\/li>\n<li>ETB kan ikke holdes ansvarlig for tab eller skader, der opst\u00e5r som f\u00f8lge af fejl eller udeladelser i tredjepartssoftware eller -tjenester, som ETB bruger i forbindelse med driften af easyTable.<\/li>\n<li>ETB er ikke ansvarlig for indirekte tab, f\u00f8lgeskader, tab af indt\u00e6gter, tab af data eller andre former for \u00f8konomisk tab, som Kunden m\u00e5tte lide som f\u00f8lge af brugen af easyTable.<\/li>\n<li>Kunden er ansvarlig for at sikre, at alle brugere af easyTable overholder de g\u00e6ldende vilk\u00e5r og betingelser, og ETB fraskriver sig ethvert ansvar for tab eller skader, der opst\u00e5r som f\u00f8lge af brugerens handlinger eller undladelser.<\/li>\n<\/ol>\n\t\t\t\t\t\t\t\t<\/div>\n\t\t\t\t<\/div>\n\t\t\t\t<div class=\"elementor-element elementor-element-f01f013 elementor-widget elementor-widget-heading\" data-id=\"f01f013\" data-element_type=\"widget\" data-e-type=\"widget\" data-widget_type=\"heading.default\">\n\t\t\t\t<div class=\"elementor-widget-container\">\n\t\t\t\t\t<h3 class=\"elementor-heading-title elementor-size-default\">6. Personlige data<\/h3>\t\t\t\t<\/div>\n\t\t\t\t<\/div>\n\t\t\t\t<div class=\"elementor-element elementor-element-dc2f857 elementor-widget elementor-widget-text-editor\" data-id=\"dc2f857\" data-element_type=\"widget\" data-e-type=\"widget\" data-widget_type=\"text-editor.default\">\n\t\t\t\t<div class=\"elementor-widget-container\">\n\t\t\t\t\t\t\t\t\t<ol>\n<li>Som f\u00f8lge af kravet om en databehandleraftale i forordning (EU) 2016\/679 af 27. april 2016 (&#8220;generel forordning om databeskyttelse&#8221; \/ &#8220;GDPR&#8221;) udg\u00f8r nedenst\u00e5ende link en yderligere aftale, &#8220;databehandleraftalen&#8221;, i forhold til disse generelle vilk\u00e5r og betingelser. Databehandlingsaftale: <a style=\"color: #bf2b1f; text-decoration: underline;\" href=\"https:\/\/book.easytable.com\/easyTable-DPA.pdf\">easyTable-DPA.pdf<\/a> <\/li>\n<\/ol>\n\t\t\t\t\t\t\t\t<\/div>\n\t\t\t\t<\/div>\n\t\t\t\t<div class=\"elementor-element elementor-element-eb6069a elementor-widget elementor-widget-heading\" data-id=\"eb6069a\" data-element_type=\"widget\" data-e-type=\"widget\" data-widget_type=\"heading.default\">\n\t\t\t\t<div class=\"elementor-widget-container\">\n\t\t\t\t\t<h3 class=\"elementor-heading-title elementor-size-default\">7. Lovvalg og jurisdiktion<\/h3>\t\t\t\t<\/div>\n\t\t\t\t<\/div>\n\t\t\t\t<div class=\"elementor-element elementor-element-f9aa552 elementor-widget elementor-widget-text-editor\" data-id=\"f9aa552\" data-element_type=\"widget\" data-e-type=\"widget\" data-widget_type=\"text-editor.default\">\n\t\t\t\t<div class=\"elementor-widget-container\">\n\t\t\t\t\t\t\t\t\t<ol>\n<li>Eventuelle retssager, s\u00f8gsm\u00e5l eller andre tvister mod ETB skal indgives til K\u00f8benhavns Byret, Danmark i henhold til dansk lov.<\/li>\n<\/ol>\n\t\t\t\t\t\t\t\t<\/div>\n\t\t\t\t<\/div>\n\t\t\t\t\t<\/div>\n\t\t\t\t<\/div>\n\t\t\t\t<\/div>\n\t\t","protected":false},"excerpt":{"rendered":"<p>Generelle vilk\u00e5r og betingelser Version 3.0 (2024-10-30) Hvis du har sp\u00f8rgsm\u00e5l til nedenst\u00e5ende vilk\u00e5r, bedes du kontakte os p\u00e5 info@easytable.com. 1. Abonnement easyTableBooking ApS (i det f\u00f8lgende ben\u00e6vnt ETB) er en virksomhed, der tilbyder &#8220;easyTable&#8221; til andre virksomheder (i det f\u00f8lgende ben\u00e6vnt Kunden), som er et abonnementsbaseret system til h\u00e5ndtering af online-reservationer. Efter den gratis [&hellip;]<\/p>\n","protected":false},"author":1,"featured_media":0,"parent":0,"menu_order":0,"comment_status":"closed","ping_status":"closed","template":"","meta":{"inline_featured_image":false,"footnotes":""},"class_list":["post-6124","page","type-page","status-publish","hentry"],"yoast_head":"<!-- This site is optimized with the Yoast SEO plugin v27.4 - https:\/\/yoast.com\/product\/yoast-seo-wordpress\/ -->\n<title>Generelle vilk\u00e5r og betingelser - easyTable<\/title>\n<meta name=\"robots\" content=\"index, follow, max-snippet:-1, max-image-preview:large, max-video-preview:-1\" \/>\n<link rel=\"canonical\" href=\"https:\/\/easytable.com\/da\/generelle-vilkaar-og-betingelser\/\" \/>\n<meta property=\"og:locale\" content=\"da_DK\" \/>\n<meta property=\"og:type\" content=\"article\" \/>\n<meta property=\"og:title\" content=\"Generelle vilk\u00e5r og betingelser - easyTable\" \/>\n<meta property=\"og:description\" content=\"Generelle vilk\u00e5r og betingelser Version 3.0 (2024-10-30) Hvis du har sp\u00f8rgsm\u00e5l til nedenst\u00e5ende vilk\u00e5r, bedes du kontakte os p\u00e5 info@easytable.com. 1. Abonnement easyTableBooking ApS (i det f\u00f8lgende ben\u00e6vnt ETB) er en virksomhed, der tilbyder &#8220;easyTable&#8221; til andre virksomheder (i det f\u00f8lgende ben\u00e6vnt Kunden), som er et abonnementsbaseret system til h\u00e5ndtering af online-reservationer. Efter den gratis [&hellip;]\" \/>\n<meta property=\"og:url\" content=\"https:\/\/easytable.com\/da\/generelle-vilkaar-og-betingelser\/\" \/>\n<meta property=\"og:site_name\" content=\"easyTable\" \/>\n<meta property=\"article:modified_time\" content=\"2024-10-30T15:04:45+00:00\" \/>\n<meta name=\"twitter:card\" content=\"summary_large_image\" \/>\n<meta name=\"twitter:label1\" content=\"Estimeret l\u00e6setid\" \/>\n\t<meta name=\"twitter:data1\" content=\"4 minutter\" \/>\n<script type=\"application\/ld+json\" class=\"yoast-schema-graph\">{\"@context\":\"https:\\\/\\\/schema.org\",\"@graph\":[{\"@type\":\"WebPage\",\"@id\":\"https:\\\/\\\/easytable.com\\\/da\\\/generelle-vilkaar-og-betingelser\\\/\",\"url\":\"https:\\\/\\\/easytable.com\\\/da\\\/generelle-vilkaar-og-betingelser\\\/\",\"name\":\"Generelle vilk\u00e5r og betingelser - easyTable\",\"isPartOf\":{\"@id\":\"https:\\\/\\\/easytable.com\\\/da\\\/#website\"},\"datePublished\":\"2024-10-30T13:48:37+00:00\",\"dateModified\":\"2024-10-30T15:04:45+00:00\",\"breadcrumb\":{\"@id\":\"https:\\\/\\\/easytable.com\\\/da\\\/generelle-vilkaar-og-betingelser\\\/#breadcrumb\"},\"inLanguage\":\"da-DK\",\"potentialAction\":[{\"@type\":\"ReadAction\",\"target\":[\"https:\\\/\\\/easytable.com\\\/da\\\/generelle-vilkaar-og-betingelser\\\/\"]}]},{\"@type\":\"BreadcrumbList\",\"@id\":\"https:\\\/\\\/easytable.com\\\/da\\\/generelle-vilkaar-og-betingelser\\\/#breadcrumb\",\"itemListElement\":[{\"@type\":\"ListItem\",\"position\":1,\"name\":\"Home\",\"item\":\"https:\\\/\\\/easytable.com\\\/da\\\/\"},{\"@type\":\"ListItem\",\"position\":2,\"name\":\"Generelle vilk\u00e5r og betingelser\"}]},{\"@type\":\"WebSite\",\"@id\":\"https:\\\/\\\/easytable.com\\\/da\\\/#website\",\"url\":\"https:\\\/\\\/easytable.com\\\/da\\\/\",\"name\":\"easyTable.com\",\"description\":\"\",\"publisher\":{\"@id\":\"https:\\\/\\\/easytable.com\\\/da\\\/#organization\"},\"potentialAction\":[{\"@type\":\"SearchAction\",\"target\":{\"@type\":\"EntryPoint\",\"urlTemplate\":\"https:\\\/\\\/easytable.com\\\/da\\\/?s={search_term_string}\"},\"query-input\":{\"@type\":\"PropertyValueSpecification\",\"valueRequired\":true,\"valueName\":\"search_term_string\"}}],\"inLanguage\":\"da-DK\"},{\"@type\":\"Organization\",\"@id\":\"https:\\\/\\\/easytable.com\\\/da\\\/#organization\",\"name\":\"easyTable\",\"url\":\"https:\\\/\\\/easytable.com\\\/da\\\/\",\"logo\":{\"@type\":\"ImageObject\",\"inLanguage\":\"da-DK\",\"@id\":\"https:\\\/\\\/easytable.com\\\/da\\\/#\\\/schema\\\/logo\\\/image\\\/\",\"url\":\"https:\\\/\\\/easytable.com\\\/wp-content\\\/uploads\\\/2024\\\/02\\\/Logo-ETB.svg\",\"contentUrl\":\"https:\\\/\\\/easytable.com\\\/wp-content\\\/uploads\\\/2024\\\/02\\\/Logo-ETB.svg\",\"width\":153,\"height\":34,\"caption\":\"easyTable\"},\"image\":{\"@id\":\"https:\\\/\\\/easytable.com\\\/da\\\/#\\\/schema\\\/logo\\\/image\\\/\"}}]}<\/script>\n<!-- \/ Yoast SEO plugin. -->","yoast_head_json":{"title":"Generelle vilk\u00e5r og betingelser - easyTable","robots":{"index":"index","follow":"follow","max-snippet":"max-snippet:-1","max-image-preview":"max-image-preview:large","max-video-preview":"max-video-preview:-1"},"canonical":"https:\/\/easytable.com\/da\/generelle-vilkaar-og-betingelser\/","og_locale":"da_DK","og_type":"article","og_title":"Generelle vilk\u00e5r og betingelser - easyTable","og_description":"Generelle vilk\u00e5r og betingelser Version 3.0 (2024-10-30) Hvis du har sp\u00f8rgsm\u00e5l til nedenst\u00e5ende vilk\u00e5r, bedes du kontakte os p\u00e5 info@easytable.com. 1. Abonnement easyTableBooking ApS (i det f\u00f8lgende ben\u00e6vnt ETB) er en virksomhed, der tilbyder &#8220;easyTable&#8221; til andre virksomheder (i det f\u00f8lgende ben\u00e6vnt Kunden), som er et abonnementsbaseret system til h\u00e5ndtering af online-reservationer. Efter den gratis [&hellip;]","og_url":"https:\/\/easytable.com\/da\/generelle-vilkaar-og-betingelser\/","og_site_name":"easyTable","article_modified_time":"2024-10-30T15:04:45+00:00","twitter_card":"summary_large_image","twitter_misc":{"Estimeret l\u00e6setid":"4 minutter"},"schema":{"@context":"https:\/\/schema.org","@graph":[{"@type":"WebPage","@id":"https:\/\/easytable.com\/da\/generelle-vilkaar-og-betingelser\/","url":"https:\/\/easytable.com\/da\/generelle-vilkaar-og-betingelser\/","name":"Generelle vilk\u00e5r og betingelser - easyTable","isPartOf":{"@id":"https:\/\/easytable.com\/da\/#website"},"datePublished":"2024-10-30T13:48:37+00:00","dateModified":"2024-10-30T15:04:45+00:00","breadcrumb":{"@id":"https:\/\/easytable.com\/da\/generelle-vilkaar-og-betingelser\/#breadcrumb"},"inLanguage":"da-DK","potentialAction":[{"@type":"ReadAction","target":["https:\/\/easytable.com\/da\/generelle-vilkaar-og-betingelser\/"]}]},{"@type":"BreadcrumbList","@id":"https:\/\/easytable.com\/da\/generelle-vilkaar-og-betingelser\/#breadcrumb","itemListElement":[{"@type":"ListItem","position":1,"name":"Home","item":"https:\/\/easytable.com\/da\/"},{"@type":"ListItem","position":2,"name":"Generelle vilk\u00e5r og betingelser"}]},{"@type":"WebSite","@id":"https:\/\/easytable.com\/da\/#website","url":"https:\/\/easytable.com\/da\/","name":"easyTable.com","description":"","publisher":{"@id":"https:\/\/easytable.com\/da\/#organization"},"potentialAction":[{"@type":"SearchAction","target":{"@type":"EntryPoint","urlTemplate":"https:\/\/easytable.com\/da\/?s={search_term_string}"},"query-input":{"@type":"PropertyValueSpecification","valueRequired":true,"valueName":"search_term_string"}}],"inLanguage":"da-DK"},{"@type":"Organization","@id":"https:\/\/easytable.com\/da\/#organization","name":"easyTable","url":"https:\/\/easytable.com\/da\/","logo":{"@type":"ImageObject","inLanguage":"da-DK","@id":"https:\/\/easytable.com\/da\/#\/schema\/logo\/image\/","url":"https:\/\/easytable.com\/wp-content\/uploads\/2024\/02\/Logo-ETB.svg","contentUrl":"https:\/\/easytable.com\/wp-content\/uploads\/2024\/02\/Logo-ETB.svg","width":153,"height":34,"caption":"easyTable"},"image":{"@id":"https:\/\/easytable.com\/da\/#\/schema\/logo\/image\/"}}]}},"_links":{"self":[{"href":"https:\/\/easytable.com\/da\/wp-json\/wp\/v2\/pages\/6124","targetHints":{"allow":["GET"]}}],"collection":[{"href":"https:\/\/easytable.com\/da\/wp-json\/wp\/v2\/pages"}],"about":[{"href":"https:\/\/easytable.com\/da\/wp-json\/wp\/v2\/types\/page"}],"author":[{"embeddable":true,"href":"https:\/\/easytable.com\/da\/wp-json\/wp\/v2\/users\/1"}],"replies":[{"embeddable":true,"href":"https:\/\/easytable.com\/da\/wp-json\/wp\/v2\/comments?post=6124"}],"version-history":[{"count":3,"href":"https:\/\/easytable.com\/da\/wp-json\/wp\/v2\/pages\/6124\/revisions"}],"predecessor-version":[{"id":6136,"href":"https:\/\/easytable.com\/da\/wp-json\/wp\/v2\/pages\/6124\/revisions\/6136"}],"wp:attachment":[{"href":"https:\/\/easytable.com\/da\/wp-json\/wp\/v2\/media?parent=6124"}],"curies":[{"name":"wp","href":"https:\/\/api.w.org\/{rel}","templated":true}]}}