{"id":2998,"date":"2024-03-13T12:01:23","date_gmt":"2024-03-13T12:01:23","guid":{"rendered":"https:\/\/easytable.com\/loddon-brewery-tap-yard-reference\/"},"modified":"2026-03-26T09:09:09","modified_gmt":"2026-03-26T09:09:09","slug":"loddon-brewery-tap-yard-reference","status":"publish","type":"page","link":"https:\/\/easytable.com\/da\/loddon-brewery-tap-yard-reference\/","title":{"rendered":"Loddon Brewery Tap Yard &#8211; Reference"},"content":{"rendered":"\t\t<div data-elementor-type=\"wp-page\" data-elementor-id=\"2998\" class=\"elementor elementor-2998 elementor-1122\" data-elementor-post-type=\"page\">\n\t\t\t\t<div class=\"elementor-element elementor-element-2fa5857 e-flex e-con-boxed e-con e-parent\" data-id=\"2fa5857\" data-element_type=\"container\" data-e-type=\"container\" data-settings=\"{&quot;background_background&quot;:&quot;classic&quot;}\">\n\t\t\t\t\t<div class=\"e-con-inner\">\n\t\t<div class=\"elementor-element elementor-element-f905fd0 e-con-full e-flex e-con e-child\" data-id=\"f905fd0\" data-element_type=\"container\" data-e-type=\"container\" data-settings=\"{&quot;background_background&quot;:&quot;classic&quot;}\">\n\t\t<div class=\"elementor-element elementor-element-4257086 e-flex e-con-boxed e-con e-child\" data-id=\"4257086\" data-element_type=\"container\" data-e-type=\"container\">\n\t\t\t\t\t<div class=\"e-con-inner\">\n\t\t<div class=\"elementor-element elementor-element-6abc216 e-flex e-con-boxed e-con e-child\" data-id=\"6abc216\" data-element_type=\"container\" data-e-type=\"container\">\n\t\t\t\t\t<div class=\"e-con-inner\">\n\t\t\t\t<div class=\"elementor-element elementor-element-e7cb231 elementor-widget elementor-widget-heading\" data-id=\"e7cb231\" data-element_type=\"widget\" data-e-type=\"widget\" data-widget_type=\"heading.default\">\n\t\t\t\t<div class=\"elementor-widget-container\">\n\t\t\t\t\t<p class=\"elementor-heading-title elementor-size-default\"><a href=\"https:\/\/loddonbrewery.com\/\" target=\"_blank\" rel=\"nofollow\">Loddon Bryggeri Tap Yard<\/a><\/p>\t\t\t\t<\/div>\n\t\t\t\t<\/div>\n\t\t\t\t<div class=\"elementor-element elementor-element-f4066c8 elementor-widget elementor-widget-heading\" data-id=\"f4066c8\" data-element_type=\"widget\" data-e-type=\"widget\" data-widget_type=\"heading.default\">\n\t\t\t\t<div class=\"elementor-widget-container\">\n\t\t\t\t\t<p class=\"elementor-heading-title elementor-size-default\">Reading, Storbritannien<\/p>\t\t\t\t<\/div>\n\t\t\t\t<\/div>\n\t\t\t\t\t<\/div>\n\t\t\t\t<\/div>\n\t\t\t\t<div class=\"elementor-element elementor-element-d033dcd elementor-widget elementor-widget-image\" data-id=\"d033dcd\" data-element_type=\"widget\" data-e-type=\"widget\" data-widget_type=\"image.default\">\n\t\t\t\t<div class=\"elementor-widget-container\">\n\t\t\t\t\t\t\t\t\t\t\t\t\t\t\t<img fetchpriority=\"high\" decoding=\"async\" width=\"794\" height=\"1024\" src=\"https:\/\/easytable.com\/wp-content\/uploads\/2024\/02\/Vector.svg\" class=\"attachment-large size-large wp-image-2772\" alt=\"\" \/>\t\t\t\t\t\t\t\t\t\t\t\t\t\t\t<\/div>\n\t\t\t\t<\/div>\n\t\t\t\t\t<\/div>\n\t\t\t\t<\/div>\n\t\t<div class=\"elementor-element elementor-element-161d991 e-flex e-con-boxed e-con e-child\" data-id=\"161d991\" data-element_type=\"container\" data-e-type=\"container\">\n\t\t\t\t\t<div class=\"e-con-inner\">\n\t\t\t\t<div class=\"elementor-element elementor-element-d754436 elementor-widget elementor-widget-heading\" data-id=\"d754436\" data-element_type=\"widget\" data-e-type=\"widget\" data-widget_type=\"heading.default\">\n\t\t\t\t<div class=\"elementor-widget-container\">\n\t\t\t\t\t<h1 class=\"elementor-heading-title elementor-size-default\">Loddon-bryggeriet <br>Tap Yard<\/h1>\t\t\t\t<\/div>\n\t\t\t\t<\/div>\n\t\t<div class=\"elementor-element elementor-element-ecfcc14 e-con-full e-flex e-con e-child\" data-id=\"ecfcc14\" data-element_type=\"container\" data-e-type=\"container\">\n\t\t\t\t<div class=\"elementor-element elementor-element-7595ac4 elementor-widget elementor-widget-text-editor\" data-id=\"7595ac4\" data-element_type=\"widget\" data-e-type=\"widget\" data-widget_type=\"text-editor.default\">\n\t\t\t\t<div class=\"elementor-widget-container\">\n\t\t\t\t\t\t\t\t\t<p>En skiftende bookingkultur kr\u00e6vede online-booking<\/p>\t\t\t\t\t\t\t\t<\/div>\n\t\t\t\t<\/div>\n\t\t\t\t<\/div>\n\t\t<div class=\"elementor-element elementor-element-e31ceb6 e-flex e-con-boxed e-con e-child\" data-id=\"e31ceb6\" data-element_type=\"container\" data-e-type=\"container\">\n\t\t\t\t\t<div class=\"e-con-inner\">\n\t\t\t\t<div class=\"elementor-element elementor-element-6eedf99 hero-btn btn-white elementor-mobile-align-justify elementor-widget-mobile__width-inherit elementor-widget elementor-widget-global elementor-global-4382 elementor-global-73 elementor-widget-button\" data-id=\"6eedf99\" data-element_type=\"widget\" data-e-type=\"widget\" id=\"btn-white\" data-widget_type=\"button.default\">\n\t\t\t\t<div class=\"elementor-widget-container\">\n\t\t\t\t\t\t\t\t\t<div class=\"elementor-button-wrapper\">\n\t\t\t\t\t<a class=\"elementor-button elementor-button-link elementor-size-sm\" href=\"#elementor-action%3Aaction%3Dpopup%3Aopen%26settings%3DeyJpZCI6NDU0MSwidG9nZ2xlIjpmYWxzZX0%3D\">\n\t\t\t\t\t\t<span class=\"elementor-button-content-wrapper\">\n\t\t\t\t\t\t\t\t\t<span class=\"elementor-button-text\">Start gratis pr\u00f8veperiode<\/span>\n\t\t\t\t\t<\/span>\n\t\t\t\t\t<\/a>\n\t\t\t\t<\/div>\n\t\t\t\t\t\t\t\t<\/div>\n\t\t\t\t<\/div>\n\t\t\t\t<div class=\"elementor-element elementor-element-44570c5 hero-btn btn-white bookdemo elementor-mobile-align-justify elementor-widget-mobile__width-inherit elementor-widget elementor-widget-global elementor-global-4390 elementor-global-70 elementor-widget-button\" data-id=\"44570c5\" data-element_type=\"widget\" data-e-type=\"widget\" id=\"btn-white\" data-widget_type=\"button.default\">\n\t\t\t\t<div class=\"elementor-widget-container\">\n\t\t\t\t\t\t\t\t\t<div class=\"elementor-button-wrapper\">\n\t\t\t\t\t<a class=\"elementor-button elementor-button-link elementor-size-sm\" href=\"#elementor-action%3Aaction%3Dpopup%3Aopen%26settings%3DeyJpZCI6NTEyOSwidG9nZ2xlIjpmYWxzZX0%3D\">\n\t\t\t\t\t\t<span class=\"elementor-button-content-wrapper\">\n\t\t\t\t\t\t\t\t\t<span class=\"elementor-button-text\">Book en gratis demo<\/span>\n\t\t\t\t\t<\/span>\n\t\t\t\t\t<\/a>\n\t\t\t\t<\/div>\n\t\t\t\t\t\t\t\t<\/div>\n\t\t\t\t<\/div>\n\t\t\t\t\t<\/div>\n\t\t\t\t<\/div>\n\t\t\t\t\t<\/div>\n\t\t\t\t<\/div>\n\t\t\t\t<\/div>\n\t\t\t\t\t<\/div>\n\t\t\t\t<\/div>\n\t\t<div class=\"elementor-element elementor-element-874fe52 e-flex e-con-boxed e-con e-parent\" data-id=\"874fe52\" data-element_type=\"container\" data-e-type=\"container\">\n\t\t\t\t\t<div class=\"e-con-inner\">\n\t\t<div class=\"elementor-element elementor-element-ed3afe5 e-con-full e-flex e-con e-child\" data-id=\"ed3afe5\" data-element_type=\"container\" data-e-type=\"container\">\n\t\t<div class=\"elementor-element elementor-element-91423e6 e-flex e-con-boxed e-con e-child\" data-id=\"91423e6\" data-element_type=\"container\" data-e-type=\"container\">\n\t\t\t\t\t<div class=\"e-con-inner\">\n\t\t\t\t<div class=\"elementor-element elementor-element-27b04cb elementor-widget elementor-widget-heading\" data-id=\"27b04cb\" data-element_type=\"widget\" data-e-type=\"widget\" data-widget_type=\"heading.default\">\n\t\t\t\t<div class=\"elementor-widget-container\">\n\t\t\t\t\t<h2 class=\"elementor-heading-title elementor-size-default\">Om Loddon Brewery Tap Yard<\/h2>\t\t\t\t<\/div>\n\t\t\t\t<\/div>\n\t\t\t\t<div class=\"elementor-element elementor-element-17ca934 elementor-widget elementor-widget-text-editor\" data-id=\"17ca934\" data-element_type=\"widget\" data-e-type=\"widget\" data-widget_type=\"text-editor.default\">\n\t\t\t\t<div class=\"elementor-widget-container\">\n\t\t\t\t\t\t\t\t\t<p>I Storbritannien ligger det prisbel\u00f8nnede bryggeri Loddon Brewery Tap Yard i den maleriske kulisse af Readings landskab. Denne uafh\u00e6ngige, familieejede virksomhed l\u00e6gger hele deres hjerte i at fremstille nogle af omr\u00e5dets bedste \u00f8l. Loddon Brewery Tap Yard er udstyret med et avanceret 20-t\u00f8nders system, der kan fremstille op til 30.000 pints om ugen, og det er ikke bare et bryggeri; det er et perfekt sted at nyde en forfriskende pint og fork\u00e6le sig selv med noget fremragende street food.<\/p>\t\t\t\t\t\t\t\t<\/div>\n\t\t\t\t<\/div>\n\t\t\t\t\t<\/div>\n\t\t\t\t<\/div>\n\t\t\t\t<\/div>\n\t\t<div class=\"elementor-element elementor-element-5f07d0c e-con-full elementor-hidden-mobile e-flex e-con e-child\" data-id=\"5f07d0c\" data-element_type=\"container\" data-e-type=\"container\" data-settings=\"{&quot;background_background&quot;:&quot;classic&quot;}\">\n\t\t\t\t<\/div>\n\t\t\t\t\t<\/div>\n\t\t\t\t<\/div>\n\t\t<div class=\"elementor-element elementor-element-b0a150e e-flex e-con-boxed e-con e-parent\" data-id=\"b0a150e\" data-element_type=\"container\" data-e-type=\"container\">\n\t\t\t\t\t<div class=\"e-con-inner\">\n\t\t<div class=\"elementor-element elementor-element-9f78aca e-con-full e-flex e-con e-child\" data-id=\"9f78aca\" data-element_type=\"container\" data-e-type=\"container\" data-settings=\"{&quot;background_background&quot;:&quot;classic&quot;}\">\n\t\t\t\t<\/div>\n\t\t<div class=\"elementor-element elementor-element-0f98322 e-con-full e-flex e-con e-child\" data-id=\"0f98322\" data-element_type=\"container\" data-e-type=\"container\">\n\t\t<div class=\"elementor-element elementor-element-2d11d52 e-flex e-con-boxed e-con e-child\" data-id=\"2d11d52\" data-element_type=\"container\" data-e-type=\"container\">\n\t\t\t\t\t<div class=\"e-con-inner\">\n\t\t\t\t<div class=\"elementor-element elementor-element-35d9222 elementor-widget elementor-widget-heading\" data-id=\"35d9222\" data-element_type=\"widget\" data-e-type=\"widget\" data-widget_type=\"heading.default\">\n\t\t\t\t<div class=\"elementor-widget-container\">\n\t\t\t\t\t<h2 class=\"elementor-heading-title elementor-size-default\">Tilpasning til en skiftende bookingkultur<\/h2>\t\t\t\t<\/div>\n\t\t\t\t<\/div>\n\t\t\t\t<div class=\"elementor-element elementor-element-f83a7bc elementor-widget elementor-widget-text-editor\" data-id=\"f83a7bc\" data-element_type=\"widget\" data-e-type=\"widget\" data-widget_type=\"text-editor.default\">\n\t\t\t\t<div class=\"elementor-widget-container\">\n\t\t\t\t\t\t\t\t\t<p>Pandemien \u00e6ndrede den m\u00e5de, Loddon Brewery h\u00e5ndterede deres bookinger p\u00e5. Da de gik fra et walk-in-sted til online-reservationer, havde de brug for et system, der kunne h\u00e5ndtere dette kulturelle skift i booking og samtidig rumme deres omfattende siddepladser.<\/p>\n<p>Shane Willoughby, General Manager, fort\u00e6ller, at deres valg af easyTable ikke kun skyldtes den konkurrencedygtige pris. Ud af alle de muligheder, der blev unders\u00f8gt, skilte det sig ud som det mest brugervenlige system. Det intuitive design giver mulighed for ubesv\u00e6ret integration i bryggeriets drift. Shane roser systemet og siger: &#8220;Jeg synes, det er et godt system. Jeg har ikke haft brug for at kontakte supportteamet, s\u00e5 nemt er det. Og det er en god ting.&#8221;<\/p>\n<p>Shane understregede desuden, at funktionerne til styring af siddepladser i systemets backend har v\u00e6ret en virkelig game changer for at forbedre deres overordnede drift. Det giver Loddon Brewery mulighed for at yde bedre service og \u00f8ge antallet af bookinger &#8211; en \u00e6gte win-win for denne prisbel\u00f8nnede tapyard og bryggeri.<\/p>\t\t\t\t\t\t\t\t<\/div>\n\t\t\t\t<\/div>\n\t\t\t\t\t<\/div>\n\t\t\t\t<\/div>\n\t\t\t\t<\/div>\n\t\t\t\t\t<\/div>\n\t\t\t\t<\/div>\n\t\t<div class=\"elementor-element elementor-element-d069857 e-flex e-con-boxed e-con e-parent\" data-id=\"d069857\" data-element_type=\"container\" data-e-type=\"container\">\n\t\t\t\t\t<div class=\"e-con-inner\">\n\t\t<div class=\"elementor-element elementor-element-109a1f5 e-flex e-con-boxed e-con e-child\" data-id=\"109a1f5\" data-element_type=\"container\" data-e-type=\"container\" data-settings=\"{&quot;background_background&quot;:&quot;classic&quot;}\">\n\t\t\t\t\t<div class=\"e-con-inner\">\n\t\t\t\t<div class=\"elementor-element elementor-element-f5f017d elementor-widget__width-initial elementor-widget elementor-widget-text-editor\" data-id=\"f5f017d\" data-element_type=\"widget\" data-e-type=\"widget\" data-widget_type=\"text-editor.default\">\n\t\t\t\t<div class=\"elementor-widget-container\">\n\t\t\t\t\t\t\t\t\t<p>&#8220;Det er brugervenligt og konkurrencedygtigt prissat. Jeg elsker, at man kan k\u00f8be et par \u00e5r i forvejen og f\u00e5 rabat. Det er bare et fremragende system.&#8221;<\/p>\t\t\t\t\t\t\t\t<\/div>\n\t\t\t\t<\/div>\n\t\t\t\t<div class=\"elementor-element elementor-element-38ac404 elementor-widget-divider--view-line elementor-widget elementor-widget-divider\" data-id=\"38ac404\" data-element_type=\"widget\" data-e-type=\"widget\" data-widget_type=\"divider.default\">\n\t\t\t\t<div class=\"elementor-widget-container\">\n\t\t\t\t\t\t\t<div class=\"elementor-divider\">\n\t\t\t<span class=\"elementor-divider-separator\">\n\t\t\t\t\t\t<\/span>\n\t\t<\/div>\n\t\t\t\t\t\t<\/div>\n\t\t\t\t<\/div>\n\t\t<div class=\"elementor-element elementor-element-9715eb3 e-flex e-con-boxed e-con e-child\" data-id=\"9715eb3\" data-element_type=\"container\" data-e-type=\"container\">\n\t\t\t\t\t<div class=\"e-con-inner\">\n\t\t\t\t<div class=\"elementor-element elementor-element-0dd0dd0 elementor-widget elementor-widget-heading\" data-id=\"0dd0dd0\" data-element_type=\"widget\" data-e-type=\"widget\" data-widget_type=\"heading.default\">\n\t\t\t\t<div class=\"elementor-widget-container\">\n\t\t\t\t\t<p class=\"elementor-heading-title elementor-size-default\">Shane Willoughby<\/p>\t\t\t\t<\/div>\n\t\t\t\t<\/div>\n\t\t\t\t<div class=\"elementor-element elementor-element-bc9108d elementor-widget__width-initial elementor-widget elementor-widget-heading\" data-id=\"bc9108d\" data-element_type=\"widget\" data-e-type=\"widget\" data-widget_type=\"heading.default\">\n\t\t\t\t<div class=\"elementor-widget-container\">\n\t\t\t\t\t<p class=\"elementor-heading-title elementor-size-default\">Daglig leder, Loddon Brewery Tap Yard<\/p>\t\t\t\t<\/div>\n\t\t\t\t<\/div>\n\t\t\t\t\t<\/div>\n\t\t\t\t<\/div>\n\t\t\t\t\t<\/div>\n\t\t\t\t<\/div>\n\t\t\t\t\t<\/div>\n\t\t\t\t<\/div>\n\t\t<div class=\"elementor-element elementor-element-6d81c66 e-flex e-con-boxed e-con e-parent\" data-id=\"6d81c66\" data-element_type=\"container\" data-e-type=\"container\">\n\t\t\t\t\t<div class=\"e-con-inner\">\n\t\t\t\t<div class=\"elementor-element elementor-element-95c57a9 elementor-widget elementor-widget-html\" data-id=\"95c57a9\" data-element_type=\"widget\" data-e-type=\"widget\" data-widget_type=\"html.default\">\n\t\t\t\t<div class=\"elementor-widget-container\">\n\t\t\t\t\t\t\t<div data-elementor-type=\"container\" data-elementor-id=\"4589\" class=\"elementor elementor-4589 elementor-1095\" data-elementor-post-type=\"elementor_library\">\n\t\t\t\t<div class=\"elementor-element elementor-element-600c484d e-flex e-con-boxed e-con e-parent\" data-id=\"600c484d\" data-element_type=\"container\" data-e-type=\"container\">\n\t\t\t\t\t<div class=\"e-con-inner\">\n\t\t<div class=\"elementor-element elementor-element-35f0368b e-flex e-con-boxed e-con e-child\" data-id=\"35f0368b\" data-element_type=\"container\" data-e-type=\"container\" data-settings=\"{&quot;background_background&quot;:&quot;classic&quot;}\">\n\t\t\t\t\t<div class=\"e-con-inner\">\n\t\t\t\t<div class=\"elementor-element elementor-element-4a851dec elementor-widget-mobile__width-initial elementor-widget elementor-widget-heading\" data-id=\"4a851dec\" data-element_type=\"widget\" data-e-type=\"widget\" data-widget_type=\"heading.default\">\n\t\t\t\t<div class=\"elementor-widget-container\">\n\t\t\t\t\t<h2 class=\"elementor-heading-title elementor-size-default\">Er du interesseret i at komme i gang?<\/h2>\t\t\t\t<\/div>\n\t\t\t\t<\/div>\n\t\t\t\t<div class=\"elementor-element elementor-element-10e1887e elementor-mobile-align-justify btn-black elementor-align-center elementor-widget elementor-widget-button\" data-id=\"10e1887e\" data-element_type=\"widget\" data-e-type=\"widget\" data-widget_type=\"button.default\">\n\t\t\t\t<div class=\"elementor-widget-container\">\n\t\t\t\t\t\t\t\t\t<div class=\"elementor-button-wrapper\">\n\t\t\t\t\t<a class=\"elementor-button elementor-button-link elementor-size-sm\" href=\"#elementor-action%3Aaction%3Dpopup%3Aopen%26settings%3DeyJpZCI6NDU0MSwidG9nZ2xlIjpmYWxzZX0%3D\">\n\t\t\t\t\t\t<span class=\"elementor-button-content-wrapper\">\n\t\t\t\t\t\t\t\t\t<span class=\"elementor-button-text\">PR\u00d8V EN M\u00c5NED GRATIS<br>Intet kreditkort p\u00e5kr\u00e6vet<\/span>\n\t\t\t\t\t<\/span>\n\t\t\t\t\t<\/a>\n\t\t\t\t<\/div>\n\t\t\t\t\t\t\t\t<\/div>\n\t\t\t\t<\/div>\n\t\t\t\t<div class=\"elementor-element elementor-element-2a5061c elementor-widget__width-initial elementor-widget-tablet__width-inherit elementor-widget elementor-widget-text-editor\" data-id=\"2a5061c\" data-element_type=\"widget\" data-e-type=\"widget\" data-widget_type=\"text-editor.default\">\n\t\t\t\t<div class=\"elementor-widget-container\">\n\t\t\t\t\t\t\t\t\t<p>Vi tilbyder altid en gratis onboarding-session for at hj\u00e6lpe dig med at komme i gang p\u00e5 den bedst mulige m\u00e5de!<\/p>\n\t\t\t\t\t\t\t\t<\/div>\n\t\t\t\t<\/div>\n\t\t\t\t\t<\/div>\n\t\t\t\t<\/div>\n\t\t\t\t\t<\/div>\n\t\t\t\t<\/div>\n\t\t\t\t<\/div>\n\t\t\t\t\t\t<\/div>\n\t\t\t\t<\/div>\n\t\t\t\t\t<\/div>\n\t\t\t\t<\/div>\n\t\t\t\t<\/div>\n\t\t","protected":false},"excerpt":{"rendered":"<p>Loddon Bryggeri Tap Yard Reading, Storbritannien Loddon-bryggeriet Tap Yard En skiftende bookingkultur kr\u00e6vede online-booking Start free trial Book a free demo Om Loddon Brewery Tap Yard I Storbritannien ligger det prisbel\u00f8nnede bryggeri Loddon Brewery Tap Yard i den maleriske kulisse af Readings landskab. Denne uafh\u00e6ngige, familieejede virksomhed l\u00e6gger hele deres hjerte i at fremstille nogle [&hellip;]<\/p>\n","protected":false},"author":1,"featured_media":0,"parent":0,"menu_order":0,"comment_status":"closed","ping_status":"closed","template":"","meta":{"inline_featured_image":false,"footnotes":""},"class_list":["post-2998","page","type-page","status-publish","hentry"],"yoast_head":"<!-- This site is optimized with the Yoast SEO plugin v27.4 - https:\/\/yoast.com\/product\/yoast-seo-wordpress\/ -->\n<title>Loddon Brewery Tap Yard - Reference - easyTable<\/title>\n<meta name=\"robots\" content=\"index, follow, max-snippet:-1, max-image-preview:large, max-video-preview:-1\" \/>\n<link rel=\"canonical\" href=\"https:\/\/easytable.com\/da\/loddon-brewery-tap-yard-reference\/\" \/>\n<meta property=\"og:locale\" content=\"da_DK\" \/>\n<meta property=\"og:type\" content=\"article\" \/>\n<meta property=\"og:title\" content=\"Loddon Brewery Tap Yard - Reference - easyTable\" \/>\n<meta property=\"og:description\" content=\"Loddon Bryggeri Tap Yard Reading, Storbritannien Loddon-bryggeriet Tap Yard En skiftende bookingkultur kr\u00e6vede online-booking Start free trial Book a free demo Om Loddon Brewery Tap Yard I Storbritannien ligger det prisbel\u00f8nnede bryggeri Loddon Brewery Tap Yard i den maleriske kulisse af Readings landskab. Denne uafh\u00e6ngige, familieejede virksomhed l\u00e6gger hele deres hjerte i at fremstille nogle [&hellip;]\" \/>\n<meta property=\"og:url\" content=\"https:\/\/easytable.com\/da\/loddon-brewery-tap-yard-reference\/\" \/>\n<meta property=\"og:site_name\" content=\"easyTable\" \/>\n<meta property=\"article:modified_time\" content=\"2026-03-26T09:09:09+00:00\" \/>\n<meta name=\"twitter:card\" content=\"summary_large_image\" \/>\n<meta name=\"twitter:label1\" content=\"Estimeret l\u00e6setid\" \/>\n\t<meta name=\"twitter:data1\" content=\"2 minutter\" \/>\n<script type=\"application\/ld+json\" class=\"yoast-schema-graph\">{\"@context\":\"https:\\\/\\\/schema.org\",\"@graph\":[{\"@type\":\"WebPage\",\"@id\":\"https:\\\/\\\/easytable.com\\\/da\\\/loddon-brewery-tap-yard-reference\\\/\",\"url\":\"https:\\\/\\\/easytable.com\\\/da\\\/loddon-brewery-tap-yard-reference\\\/\",\"name\":\"Loddon Brewery Tap Yard - Reference - easyTable\",\"isPartOf\":{\"@id\":\"https:\\\/\\\/easytable.com\\\/da\\\/#website\"},\"primaryImageOfPage\":{\"@id\":\"https:\\\/\\\/easytable.com\\\/da\\\/loddon-brewery-tap-yard-reference\\\/#primaryimage\"},\"image\":{\"@id\":\"https:\\\/\\\/easytable.com\\\/da\\\/loddon-brewery-tap-yard-reference\\\/#primaryimage\"},\"thumbnailUrl\":\"https:\\\/\\\/easytable.com\\\/wp-content\\\/uploads\\\/2024\\\/02\\\/Vector.svg\",\"datePublished\":\"2024-03-13T12:01:23+00:00\",\"dateModified\":\"2026-03-26T09:09:09+00:00\",\"breadcrumb\":{\"@id\":\"https:\\\/\\\/easytable.com\\\/da\\\/loddon-brewery-tap-yard-reference\\\/#breadcrumb\"},\"inLanguage\":\"da-DK\",\"potentialAction\":[{\"@type\":\"ReadAction\",\"target\":[\"https:\\\/\\\/easytable.com\\\/da\\\/loddon-brewery-tap-yard-reference\\\/\"]}]},{\"@type\":\"ImageObject\",\"inLanguage\":\"da-DK\",\"@id\":\"https:\\\/\\\/easytable.com\\\/da\\\/loddon-brewery-tap-yard-reference\\\/#primaryimage\",\"url\":\"https:\\\/\\\/easytable.com\\\/wp-content\\\/uploads\\\/2024\\\/02\\\/Vector.svg\",\"contentUrl\":\"https:\\\/\\\/easytable.com\\\/wp-content\\\/uploads\\\/2024\\\/02\\\/Vector.svg\"},{\"@type\":\"BreadcrumbList\",\"@id\":\"https:\\\/\\\/easytable.com\\\/da\\\/loddon-brewery-tap-yard-reference\\\/#breadcrumb\",\"itemListElement\":[{\"@type\":\"ListItem\",\"position\":1,\"name\":\"Home\",\"item\":\"https:\\\/\\\/easytable.com\\\/da\\\/\"},{\"@type\":\"ListItem\",\"position\":2,\"name\":\"Loddon Brewery Tap Yard &#8211; Reference\"}]},{\"@type\":\"WebSite\",\"@id\":\"https:\\\/\\\/easytable.com\\\/da\\\/#website\",\"url\":\"https:\\\/\\\/easytable.com\\\/da\\\/\",\"name\":\"easyTable.com\",\"description\":\"\",\"publisher\":{\"@id\":\"https:\\\/\\\/easytable.com\\\/da\\\/#organization\"},\"potentialAction\":[{\"@type\":\"SearchAction\",\"target\":{\"@type\":\"EntryPoint\",\"urlTemplate\":\"https:\\\/\\\/easytable.com\\\/da\\\/?s={search_term_string}\"},\"query-input\":{\"@type\":\"PropertyValueSpecification\",\"valueRequired\":true,\"valueName\":\"search_term_string\"}}],\"inLanguage\":\"da-DK\"},{\"@type\":\"Organization\",\"@id\":\"https:\\\/\\\/easytable.com\\\/da\\\/#organization\",\"name\":\"easyTable\",\"url\":\"https:\\\/\\\/easytable.com\\\/da\\\/\",\"logo\":{\"@type\":\"ImageObject\",\"inLanguage\":\"da-DK\",\"@id\":\"https:\\\/\\\/easytable.com\\\/da\\\/#\\\/schema\\\/logo\\\/image\\\/\",\"url\":\"https:\\\/\\\/easytable.com\\\/wp-content\\\/uploads\\\/2024\\\/02\\\/Logo-ETB.svg\",\"contentUrl\":\"https:\\\/\\\/easytable.com\\\/wp-content\\\/uploads\\\/2024\\\/02\\\/Logo-ETB.svg\",\"width\":153,\"height\":34,\"caption\":\"easyTable\"},\"image\":{\"@id\":\"https:\\\/\\\/easytable.com\\\/da\\\/#\\\/schema\\\/logo\\\/image\\\/\"}}]}<\/script>\n<!-- \/ Yoast SEO plugin. -->","yoast_head_json":{"title":"Loddon Brewery Tap Yard - Reference - easyTable","robots":{"index":"index","follow":"follow","max-snippet":"max-snippet:-1","max-image-preview":"max-image-preview:large","max-video-preview":"max-video-preview:-1"},"canonical":"https:\/\/easytable.com\/da\/loddon-brewery-tap-yard-reference\/","og_locale":"da_DK","og_type":"article","og_title":"Loddon Brewery Tap Yard - Reference - easyTable","og_description":"Loddon Bryggeri Tap Yard Reading, Storbritannien Loddon-bryggeriet Tap Yard En skiftende bookingkultur kr\u00e6vede online-booking Start free trial Book a free demo Om Loddon Brewery Tap Yard I Storbritannien ligger det prisbel\u00f8nnede bryggeri Loddon Brewery Tap Yard i den maleriske kulisse af Readings landskab. Denne uafh\u00e6ngige, familieejede virksomhed l\u00e6gger hele deres hjerte i at fremstille nogle [&hellip;]","og_url":"https:\/\/easytable.com\/da\/loddon-brewery-tap-yard-reference\/","og_site_name":"easyTable","article_modified_time":"2026-03-26T09:09:09+00:00","twitter_card":"summary_large_image","twitter_misc":{"Estimeret l\u00e6setid":"2 minutter"},"schema":{"@context":"https:\/\/schema.org","@graph":[{"@type":"WebPage","@id":"https:\/\/easytable.com\/da\/loddon-brewery-tap-yard-reference\/","url":"https:\/\/easytable.com\/da\/loddon-brewery-tap-yard-reference\/","name":"Loddon Brewery Tap Yard - Reference - easyTable","isPartOf":{"@id":"https:\/\/easytable.com\/da\/#website"},"primaryImageOfPage":{"@id":"https:\/\/easytable.com\/da\/loddon-brewery-tap-yard-reference\/#primaryimage"},"image":{"@id":"https:\/\/easytable.com\/da\/loddon-brewery-tap-yard-reference\/#primaryimage"},"thumbnailUrl":"https:\/\/easytable.com\/wp-content\/uploads\/2024\/02\/Vector.svg","datePublished":"2024-03-13T12:01:23+00:00","dateModified":"2026-03-26T09:09:09+00:00","breadcrumb":{"@id":"https:\/\/easytable.com\/da\/loddon-brewery-tap-yard-reference\/#breadcrumb"},"inLanguage":"da-DK","potentialAction":[{"@type":"ReadAction","target":["https:\/\/easytable.com\/da\/loddon-brewery-tap-yard-reference\/"]}]},{"@type":"ImageObject","inLanguage":"da-DK","@id":"https:\/\/easytable.com\/da\/loddon-brewery-tap-yard-reference\/#primaryimage","url":"https:\/\/easytable.com\/wp-content\/uploads\/2024\/02\/Vector.svg","contentUrl":"https:\/\/easytable.com\/wp-content\/uploads\/2024\/02\/Vector.svg"},{"@type":"BreadcrumbList","@id":"https:\/\/easytable.com\/da\/loddon-brewery-tap-yard-reference\/#breadcrumb","itemListElement":[{"@type":"ListItem","position":1,"name":"Home","item":"https:\/\/easytable.com\/da\/"},{"@type":"ListItem","position":2,"name":"Loddon Brewery Tap Yard &#8211; Reference"}]},{"@type":"WebSite","@id":"https:\/\/easytable.com\/da\/#website","url":"https:\/\/easytable.com\/da\/","name":"easyTable.com","description":"","publisher":{"@id":"https:\/\/easytable.com\/da\/#organization"},"potentialAction":[{"@type":"SearchAction","target":{"@type":"EntryPoint","urlTemplate":"https:\/\/easytable.com\/da\/?s={search_term_string}"},"query-input":{"@type":"PropertyValueSpecification","valueRequired":true,"valueName":"search_term_string"}}],"inLanguage":"da-DK"},{"@type":"Organization","@id":"https:\/\/easytable.com\/da\/#organization","name":"easyTable","url":"https:\/\/easytable.com\/da\/","logo":{"@type":"ImageObject","inLanguage":"da-DK","@id":"https:\/\/easytable.com\/da\/#\/schema\/logo\/image\/","url":"https:\/\/easytable.com\/wp-content\/uploads\/2024\/02\/Logo-ETB.svg","contentUrl":"https:\/\/easytable.com\/wp-content\/uploads\/2024\/02\/Logo-ETB.svg","width":153,"height":34,"caption":"easyTable"},"image":{"@id":"https:\/\/easytable.com\/da\/#\/schema\/logo\/image\/"}}]}},"_links":{"self":[{"href":"https:\/\/easytable.com\/da\/wp-json\/wp\/v2\/pages\/2998","targetHints":{"allow":["GET"]}}],"collection":[{"href":"https:\/\/easytable.com\/da\/wp-json\/wp\/v2\/pages"}],"about":[{"href":"https:\/\/easytable.com\/da\/wp-json\/wp\/v2\/types\/page"}],"author":[{"embeddable":true,"href":"https:\/\/easytable.com\/da\/wp-json\/wp\/v2\/users\/1"}],"replies":[{"embeddable":true,"href":"https:\/\/easytable.com\/da\/wp-json\/wp\/v2\/comments?post=2998"}],"version-history":[{"count":3,"href":"https:\/\/easytable.com\/da\/wp-json\/wp\/v2\/pages\/2998\/revisions"}],"predecessor-version":[{"id":9853,"href":"https:\/\/easytable.com\/da\/wp-json\/wp\/v2\/pages\/2998\/revisions\/9853"}],"wp:attachment":[{"href":"https:\/\/easytable.com\/da\/wp-json\/wp\/v2\/media?parent=2998"}],"curies":[{"name":"wp","href":"https:\/\/api.w.org\/{rel}","templated":true}]}}