{"id":2985,"date":"2024-05-29T11:04:00","date_gmt":"2024-05-29T11:04:00","guid":{"rendered":"https:\/\/easytable.com\/ledige-stillinger\/"},"modified":"2025-06-25T11:47:16","modified_gmt":"2025-06-25T11:47:16","slug":"ledige-stillinger","status":"publish","type":"page","link":"https:\/\/easytable.com\/da\/ledige-stillinger\/","title":{"rendered":"Ledige stillinger"},"content":{"rendered":"\t\t<div data-elementor-type=\"wp-page\" data-elementor-id=\"2985\" class=\"elementor elementor-2985 elementor-2675\" data-elementor-post-type=\"page\">\n\t\t\t\t<div class=\"elementor-element elementor-element-389eb12 e-flex e-con-boxed e-con e-parent\" data-id=\"389eb12\" data-element_type=\"container\" data-e-type=\"container\">\n\t\t\t\t\t<div class=\"e-con-inner\">\n\t\t\t\t<div class=\"elementor-element elementor-element-d393e96 elementor-widget elementor-widget-heading\" data-id=\"d393e96\" data-element_type=\"widget\" data-e-type=\"widget\" data-widget_type=\"heading.default\">\n\t\t\t\t<div class=\"elementor-widget-container\">\n\t\t\t\t\t<h2 class=\"elementor-heading-title elementor-size-default\">Udforsk aktuelle jobmuligheder<\/h2>\t\t\t\t<\/div>\n\t\t\t\t<\/div>\n\t\t\t\t<div class=\"elementor-element elementor-element-1531420 elementor-widget elementor-widget-text-editor\" data-id=\"1531420\" data-element_type=\"widget\" data-e-type=\"widget\" data-widget_type=\"text-editor.default\">\n\t\t\t\t<div class=\"elementor-widget-container\">\n\t\t\t\t\t\t\t\t\t<p>Her kan du se vores aktuelle ledige stillinger. Opdag de seneste jobopslag, og find din n\u00e6ste karrieremulighed med easyTable.<\/p>\t\t\t\t\t\t\t\t<\/div>\n\t\t\t\t<\/div>\n\t\t\t\t<div class=\"elementor-element elementor-element-a7169c3 elementor-align-start elementor-widget__width-initial elementor-icon-list--layout-traditional elementor-list-item-link-full_width elementor-widget elementor-widget-icon-list\" data-id=\"a7169c3\" data-element_type=\"widget\" data-e-type=\"widget\" data-widget_type=\"icon-list.default\">\n\t\t\t\t<div class=\"elementor-widget-container\">\n\t\t\t\t\t\t\t<ul class=\"elementor-icon-list-items\">\n\t\t\t\t\t\t\t<li class=\"elementor-icon-list-item\">\n\t\t\t\t\t\t\t\t\t\t\t<a href=\"https:\/\/easytable.com\/wp-content\/uploads\/2024\/12\/AGENTUR-JOB.pdf\" target=\"_blank\" rel=\"nofollow\">\n\n\t\t\t\t\t\t\t\t\t\t\t\t<span class=\"elementor-icon-list-icon\">\n\t\t\t\t\t\t\t<svg aria-hidden=\"true\" class=\"e-font-icon-svg e-far-bookmark\" viewBox=\"0 0 384 512\" xmlns=\"http:\/\/www.w3.org\/2000\/svg\"><path d=\"M336 0H48C21.49 0 0 21.49 0 48v464l192-112 192 112V48c0-26.51-21.49-48-48-48zm0 428.43l-144-84-144 84V54a6 6 0 0 1 6-6h276c3.314 0 6 2.683 6 5.996V428.43z\"><\/path><\/svg>\t\t\t\t\t\t<\/span>\n\t\t\t\t\t\t\t\t\t\t<span class=\"elementor-icon-list-text\">Agenturejer - direkte salg<\/span>\n\t\t\t\t\t\t\t\t\t\t\t<\/a>\n\t\t\t\t\t\t\t\t\t<\/li>\n\t\t\t\t\t\t<\/ul>\n\t\t\t\t\t\t<\/div>\n\t\t\t\t<\/div>\n\t\t\t\t\t<\/div>\n\t\t\t\t<\/div>\n\t\t<div class=\"elementor-element elementor-element-c874e80 e-con-full e-flex e-con e-parent\" data-id=\"c874e80\" data-element_type=\"container\" data-e-type=\"container\">\n\t\t\t\t<div class=\"elementor-element elementor-element-4086a13 elementor-widget elementor-widget-template\" data-id=\"4086a13\" data-element_type=\"widget\" data-e-type=\"widget\" data-widget_type=\"template.default\">\n\t\t\t\t<div class=\"elementor-widget-container\">\n\t\t\t\t\t\t\t<div class=\"elementor-template\">\n\t\t\t\t\t<div data-elementor-type=\"container\" data-elementor-id=\"4220\" class=\"elementor elementor-4220 elementor-2687 elementor-2687\" data-elementor-post-type=\"elementor_library\">\n\t\t\t\t<div class=\"elementor-element elementor-element-44d7ef75 e-flex e-con-boxed e-con e-parent\" data-id=\"44d7ef75\" data-element_type=\"container\" data-e-type=\"container\">\n\t\t\t\t\t<div class=\"e-con-inner\">\n\t\t<div class=\"elementor-element elementor-element-5a7d21f6 e-con-full e-flex e-con e-child\" data-id=\"5a7d21f6\" data-element_type=\"container\" data-e-type=\"container\" data-settings=\"{&quot;background_background&quot;:&quot;classic&quot;}\">\n\t\t<div class=\"elementor-element elementor-element-646e3781 e-flex e-con-boxed e-con e-child\" data-id=\"646e3781\" data-element_type=\"container\" data-e-type=\"container\">\n\t\t\t\t\t<div class=\"e-con-inner\">\n\t\t<div class=\"elementor-element elementor-element-1625a2c2 e-flex e-con-boxed e-con e-child\" data-id=\"1625a2c2\" data-element_type=\"container\" data-e-type=\"container\">\n\t\t\t\t\t<div class=\"e-con-inner\">\n\t\t\t\t<div class=\"elementor-element elementor-element-37278ee9 elementor-widget elementor-widget-heading\" data-id=\"37278ee9\" data-element_type=\"widget\" data-e-type=\"widget\" data-widget_type=\"heading.default\">\n\t\t\t\t<div class=\"elementor-widget-container\">\n\t\t\t\t\t<p class=\"elementor-heading-title elementor-size-default\"><a href=\"https:\/\/fatdaves.se\/\" target=\"_blank\" rel=\"nofollow\">Fat Dave's<\/a><\/p>\t\t\t\t<\/div>\n\t\t\t\t<\/div>\n\t\t\t\t<div class=\"elementor-element elementor-element-615e2b7d elementor-widget elementor-widget-heading\" data-id=\"615e2b7d\" data-element_type=\"widget\" data-e-type=\"widget\" data-widget_type=\"heading.default\">\n\t\t\t\t<div class=\"elementor-widget-container\">\n\t\t\t\t\t<p class=\"elementor-heading-title elementor-size-default\">Malm\u00f8, Sverige<\/p>\t\t\t\t<\/div>\n\t\t\t\t<\/div>\n\t\t\t\t\t<\/div>\n\t\t\t\t<\/div>\n\t\t\t\t<div class=\"elementor-element elementor-element-7ad0ecb7 elementor-widget elementor-widget-image\" data-id=\"7ad0ecb7\" data-element_type=\"widget\" data-e-type=\"widget\" data-widget_type=\"image.default\">\n\t\t\t\t<div class=\"elementor-widget-container\">\n\t\t\t\t\t\t\t\t\t\t\t\t\t\t\t<img fetchpriority=\"high\" decoding=\"async\" width=\"794\" height=\"1024\" src=\"https:\/\/easytable.com\/wp-content\/uploads\/2024\/02\/Vector.svg\" class=\"attachment-large size-large wp-image-2772\" alt=\"\" \/>\t\t\t\t\t\t\t\t\t\t\t\t\t\t\t<\/div>\n\t\t\t\t<\/div>\n\t\t\t\t\t<\/div>\n\t\t\t\t<\/div>\n\t\t\t\t<\/div>\n\t\t<div class=\"elementor-element elementor-element-74ba2c52 e-con-full e-flex e-con e-child\" data-id=\"74ba2c52\" data-element_type=\"container\" data-e-type=\"container\">\n\t\t<div class=\"elementor-element elementor-element-75bae392 e-flex e-con-boxed e-con e-child\" data-id=\"75bae392\" data-element_type=\"container\" data-e-type=\"container\">\n\t\t\t\t\t<div class=\"e-con-inner\">\n\t\t\t\t<div class=\"elementor-element elementor-element-7150556e elementor-widget elementor-widget-heading\" data-id=\"7150556e\" data-element_type=\"widget\" data-e-type=\"widget\" data-widget_type=\"heading.default\">\n\t\t\t\t<div class=\"elementor-widget-container\">\n\t\t\t\t\t<h2 class=\"elementor-heading-title elementor-size-default\">easyTable missionen<\/h2>\t\t\t\t<\/div>\n\t\t\t\t<\/div>\n\t\t\t\t<div class=\"elementor-element elementor-element-1a0ea9fb elementor-widget elementor-widget-text-editor\" data-id=\"1a0ea9fb\" data-element_type=\"widget\" data-e-type=\"widget\" data-widget_type=\"text-editor.default\">\n\t\t\t\t<div class=\"elementor-widget-container\">\n\t\t\t\t\t\t\t\t\t<p>Fra begyndelsen har vores filosofi v\u00e6ret at tilbyde et bookingsystem, der er nemt at bruge og til at betale. I takt med at vi er vokset, er vores engagement i at levere markedets bedste bookingl\u00f8sning kun blevet st\u00e6rkere. Vi tror p\u00e5 at levere en gennemskuelig l\u00f8sning, der eliminerer lange bindingsperioder, skjulte gebyrer og provisioner &#8211; \u00e9t bookingsystem til \u00e9n fast og fair pris.<\/p>\n<p>Men at tilbyde det bedste bookingsystem p\u00e5 markedet er mere end bare et produkt. At v\u00e6re den bedste betyder at yde omfattende kundesupport under hele rejsen. Fra den f\u00f8rste ops\u00e6tning til integration og uddannelse af personale sikrer vi en smidig overgang uden ekstra omkostninger. Og hvis du f\u00e5r et problem hen ad vejen, kan du v\u00e6re sikker p\u00e5, at der altid vil v\u00e6re nogen klar til at hj\u00e6lpe dig, uanset hvor du er.<\/p>\n<p>Denne kombination af en holistisk servicetilgang og et robust system g\u00f8r det muligt for os at opfylde vores mission &#8211; bedre booking for bedre forretning.<\/p>\n\t\t\t\t\t\t\t\t<\/div>\n\t\t\t\t<\/div>\n\t\t\t\t\t<\/div>\n\t\t\t\t<\/div>\n\t\t\t\t<\/div>\n\t\t\t\t\t<\/div>\n\t\t\t\t<\/div>\n\t\t\t\t<\/div>\n\t\t\t\t<\/div>\n\t\t\t\t\t\t<\/div>\n\t\t\t\t<\/div>\n\t\t\t\t<\/div>\n\t\t\t\t<\/div>\n\t\t","protected":false},"excerpt":{"rendered":"<p>Udforsk aktuelle jobmuligheder Her kan du se vores aktuelle ledige stillinger. Opdag de seneste jobopslag, og find din n\u00e6ste karrieremulighed med easyTable. Agenturejer &#8211; direkte salg<\/p>\n","protected":false},"author":1,"featured_media":0,"parent":0,"menu_order":0,"comment_status":"closed","ping_status":"closed","template":"","meta":{"inline_featured_image":false,"footnotes":""},"class_list":["post-2985","page","type-page","status-publish","hentry"],"yoast_head":"<!-- This site is optimized with the Yoast SEO plugin v27.3 - https:\/\/yoast.com\/product\/yoast-seo-wordpress\/ -->\n<title>Ledige stillinger - easyTable<\/title>\n<meta name=\"robots\" content=\"index, follow, max-snippet:-1, max-image-preview:large, max-video-preview:-1\" \/>\n<link rel=\"canonical\" href=\"https:\/\/easytable.com\/da\/ledige-stillinger\/\" \/>\n<meta property=\"og:locale\" content=\"da_DK\" \/>\n<meta property=\"og:type\" content=\"article\" \/>\n<meta property=\"og:title\" content=\"Ledige stillinger - easyTable\" \/>\n<meta property=\"og:description\" content=\"Udforsk aktuelle jobmuligheder Her kan du se vores aktuelle ledige stillinger. Opdag de seneste jobopslag, og find din n\u00e6ste karrieremulighed med easyTable. Agenturejer &#8211; direkte salg\" \/>\n<meta property=\"og:url\" content=\"https:\/\/easytable.com\/da\/ledige-stillinger\/\" \/>\n<meta property=\"og:site_name\" content=\"easyTable\" \/>\n<meta property=\"article:modified_time\" content=\"2025-06-25T11:47:16+00:00\" \/>\n<meta name=\"twitter:card\" content=\"summary_large_image\" \/>\n<meta name=\"twitter:label1\" content=\"Estimeret l\u00e6setid\" \/>\n\t<meta name=\"twitter:data1\" content=\"3 minutter\" \/>\n<script type=\"application\/ld+json\" class=\"yoast-schema-graph\">{\"@context\":\"https:\\\/\\\/schema.org\",\"@graph\":[{\"@type\":\"WebPage\",\"@id\":\"https:\\\/\\\/easytable.com\\\/da\\\/ledige-stillinger\\\/\",\"url\":\"https:\\\/\\\/easytable.com\\\/da\\\/ledige-stillinger\\\/\",\"name\":\"Ledige stillinger - easyTable\",\"isPartOf\":{\"@id\":\"https:\\\/\\\/easytable.com\\\/da\\\/#website\"},\"datePublished\":\"2024-05-29T11:04:00+00:00\",\"dateModified\":\"2025-06-25T11:47:16+00:00\",\"breadcrumb\":{\"@id\":\"https:\\\/\\\/easytable.com\\\/da\\\/ledige-stillinger\\\/#breadcrumb\"},\"inLanguage\":\"da-DK\",\"potentialAction\":[{\"@type\":\"ReadAction\",\"target\":[\"https:\\\/\\\/easytable.com\\\/da\\\/ledige-stillinger\\\/\"]}]},{\"@type\":\"BreadcrumbList\",\"@id\":\"https:\\\/\\\/easytable.com\\\/da\\\/ledige-stillinger\\\/#breadcrumb\",\"itemListElement\":[{\"@type\":\"ListItem\",\"position\":1,\"name\":\"Home\",\"item\":\"https:\\\/\\\/easytable.com\\\/da\\\/\"},{\"@type\":\"ListItem\",\"position\":2,\"name\":\"Ledige stillinger\"}]},{\"@type\":\"WebSite\",\"@id\":\"https:\\\/\\\/easytable.com\\\/da\\\/#website\",\"url\":\"https:\\\/\\\/easytable.com\\\/da\\\/\",\"name\":\"easyTable.com\",\"description\":\"\",\"publisher\":{\"@id\":\"https:\\\/\\\/easytable.com\\\/da\\\/#organization\"},\"potentialAction\":[{\"@type\":\"SearchAction\",\"target\":{\"@type\":\"EntryPoint\",\"urlTemplate\":\"https:\\\/\\\/easytable.com\\\/da\\\/?s={search_term_string}\"},\"query-input\":{\"@type\":\"PropertyValueSpecification\",\"valueRequired\":true,\"valueName\":\"search_term_string\"}}],\"inLanguage\":\"da-DK\"},{\"@type\":\"Organization\",\"@id\":\"https:\\\/\\\/easytable.com\\\/da\\\/#organization\",\"name\":\"easyTable\",\"url\":\"https:\\\/\\\/easytable.com\\\/da\\\/\",\"logo\":{\"@type\":\"ImageObject\",\"inLanguage\":\"da-DK\",\"@id\":\"https:\\\/\\\/easytable.com\\\/da\\\/#\\\/schema\\\/logo\\\/image\\\/\",\"url\":\"https:\\\/\\\/easytable.com\\\/wp-content\\\/uploads\\\/2024\\\/02\\\/Logo-ETB.svg\",\"contentUrl\":\"https:\\\/\\\/easytable.com\\\/wp-content\\\/uploads\\\/2024\\\/02\\\/Logo-ETB.svg\",\"width\":153,\"height\":34,\"caption\":\"easyTable\"},\"image\":{\"@id\":\"https:\\\/\\\/easytable.com\\\/da\\\/#\\\/schema\\\/logo\\\/image\\\/\"}}]}<\/script>\n<!-- \/ Yoast SEO plugin. -->","yoast_head_json":{"title":"Ledige stillinger - easyTable","robots":{"index":"index","follow":"follow","max-snippet":"max-snippet:-1","max-image-preview":"max-image-preview:large","max-video-preview":"max-video-preview:-1"},"canonical":"https:\/\/easytable.com\/da\/ledige-stillinger\/","og_locale":"da_DK","og_type":"article","og_title":"Ledige stillinger - easyTable","og_description":"Udforsk aktuelle jobmuligheder Her kan du se vores aktuelle ledige stillinger. Opdag de seneste jobopslag, og find din n\u00e6ste karrieremulighed med easyTable. Agenturejer &#8211; direkte salg","og_url":"https:\/\/easytable.com\/da\/ledige-stillinger\/","og_site_name":"easyTable","article_modified_time":"2025-06-25T11:47:16+00:00","twitter_card":"summary_large_image","twitter_misc":{"Estimeret l\u00e6setid":"3 minutter"},"schema":{"@context":"https:\/\/schema.org","@graph":[{"@type":"WebPage","@id":"https:\/\/easytable.com\/da\/ledige-stillinger\/","url":"https:\/\/easytable.com\/da\/ledige-stillinger\/","name":"Ledige stillinger - easyTable","isPartOf":{"@id":"https:\/\/easytable.com\/da\/#website"},"datePublished":"2024-05-29T11:04:00+00:00","dateModified":"2025-06-25T11:47:16+00:00","breadcrumb":{"@id":"https:\/\/easytable.com\/da\/ledige-stillinger\/#breadcrumb"},"inLanguage":"da-DK","potentialAction":[{"@type":"ReadAction","target":["https:\/\/easytable.com\/da\/ledige-stillinger\/"]}]},{"@type":"BreadcrumbList","@id":"https:\/\/easytable.com\/da\/ledige-stillinger\/#breadcrumb","itemListElement":[{"@type":"ListItem","position":1,"name":"Home","item":"https:\/\/easytable.com\/da\/"},{"@type":"ListItem","position":2,"name":"Ledige stillinger"}]},{"@type":"WebSite","@id":"https:\/\/easytable.com\/da\/#website","url":"https:\/\/easytable.com\/da\/","name":"easyTable.com","description":"","publisher":{"@id":"https:\/\/easytable.com\/da\/#organization"},"potentialAction":[{"@type":"SearchAction","target":{"@type":"EntryPoint","urlTemplate":"https:\/\/easytable.com\/da\/?s={search_term_string}"},"query-input":{"@type":"PropertyValueSpecification","valueRequired":true,"valueName":"search_term_string"}}],"inLanguage":"da-DK"},{"@type":"Organization","@id":"https:\/\/easytable.com\/da\/#organization","name":"easyTable","url":"https:\/\/easytable.com\/da\/","logo":{"@type":"ImageObject","inLanguage":"da-DK","@id":"https:\/\/easytable.com\/da\/#\/schema\/logo\/image\/","url":"https:\/\/easytable.com\/wp-content\/uploads\/2024\/02\/Logo-ETB.svg","contentUrl":"https:\/\/easytable.com\/wp-content\/uploads\/2024\/02\/Logo-ETB.svg","width":153,"height":34,"caption":"easyTable"},"image":{"@id":"https:\/\/easytable.com\/da\/#\/schema\/logo\/image\/"}}]}},"_links":{"self":[{"href":"https:\/\/easytable.com\/da\/wp-json\/wp\/v2\/pages\/2985","targetHints":{"allow":["GET"]}}],"collection":[{"href":"https:\/\/easytable.com\/da\/wp-json\/wp\/v2\/pages"}],"about":[{"href":"https:\/\/easytable.com\/da\/wp-json\/wp\/v2\/types\/page"}],"author":[{"embeddable":true,"href":"https:\/\/easytable.com\/da\/wp-json\/wp\/v2\/users\/1"}],"replies":[{"embeddable":true,"href":"https:\/\/easytable.com\/da\/wp-json\/wp\/v2\/comments?post=2985"}],"version-history":[{"count":6,"href":"https:\/\/easytable.com\/da\/wp-json\/wp\/v2\/pages\/2985\/revisions"}],"predecessor-version":[{"id":8186,"href":"https:\/\/easytable.com\/da\/wp-json\/wp\/v2\/pages\/2985\/revisions\/8186"}],"wp:attachment":[{"href":"https:\/\/easytable.com\/da\/wp-json\/wp\/v2\/media?parent=2985"}],"curies":[{"name":"wp","href":"https:\/\/api.w.org\/{rel}","templated":true}]}}